{"id":5513,"date":"2018-06-11T10:13:51","date_gmt":"2018-06-11T08:13:51","guid":{"rendered":"http:\/\/semmelweis.hu\/gytk\/?page_id=5513"},"modified":"2025-11-05T10:14:18","modified_gmt":"2025-11-05T09:14:18","slug":"hatarozatok","status":"publish","type":"page","link":"https:\/\/semmelweis.hu\/gytk\/a-karrol\/kari-tanacs\/hatarozatok\/","title":{"rendered":"Hat\u00e1rozatok"},"content":{"rendered":"<ul style=\"list-style-type: disc\">\n<li><strong>Kari Tan\u00e1cs\u00fcl\u00e9s hat\u00e1rozatai 2025-2026.<\/strong><\/li>\n<li>A 2025-2026-os \u00e9v kari tan\u00e1cs hat\u00e1rozatai megtekinthet\u0151ek <a href=\"https:\/\/semmelweis.hu\/gytk\/a-karrol\/kari-tanacs\/hatarozatok\/kari-tanacs-hatarozatok-2025-2026\/\" target=\"_blank\" rel=\"noopener\">itt<\/a>.<\/li>\n<li><strong>Kari Tan\u00e1cs\u00fcl\u00e9s hat\u00e1rozatai 2024-2025.<\/strong><\/li>\n<li>A 2024-2025-\u00f6s \u00e9v kari tan\u00e1cs hat\u00e1rozatai megtekinthet\u0151ek <a href=\"https:\/\/semmelweis.hu\/gytk\/a-karrol\/kari-tanacs\/hatarozatok\/kari-tanacs-hatarozatok-2024-2025\/\" target=\"_blank\" rel=\"noopener\">itt<\/a>.<\/li>\n<li><strong>Kari Tan\u00e1cs\u00fcl\u00e9s hat\u00e1rozatai 2023-2024.<\/strong><\/li>\n<li>A 2023-2024-es \u00e9v kari tan\u00e1cs hat\u00e1rozatai megtekinthet\u0151k <a href=\"https:\/\/semmelweis.hu\/gytk\/a-karrol\/kari-tanacs\/hatarozatok\/kari-tanacs-hatarozatok-2023-2024\/\" target=\"_blank\" rel=\"noopener\">itt.<\/a><\/li>\n<li><strong>Kari Tan\u00e1cs\u00fcl\u00e9s hat\u00e1rozatai 2022-2023<\/strong><\/li>\n<li>A 2022-2023-as \u00e9v kari tan\u00e1cs hat\u00e1rozatai megtekinthet\u0151k <a href=\"https:\/\/semmelweis.hu\/gytk\/a-karrol\/kari-tanacs\/hatarozatok\/kari-tanacs-hatarozatok-2022-2023\/\" target=\"_blank\" rel=\"noopener\">itt.<\/a><\/li>\n<li><strong>Kari Tan\u00e1cs\u00fcl\u00e9s hat\u00e1rozatai 2021-2022<\/strong><br \/>\nA 2021-2022-es \u00e9v Kari Tan\u00e1cs hat\u00e1rozatai megtekinthet\u0151k <a href=\"https:\/\/semmelweis.hu\/gytk\/a-karrol\/kari-tanacs\/hatarozatok\/kari-tanacs-hatarozatai-2021-2022\/\" target=\"_blank\" rel=\"noopener noreferrer\">itt<\/a><\/li>\n<li><strong>Kari Tan\u00e1cs\u00fcl\u00e9s hat\u00e1rozatai 2020-2021<br \/>\n<\/strong>\u00a0A 2020-2021-es \u00e9v Kari Tan\u00e1cs hat\u00e1rozatai megtekinthet\u0151k <a href=\"https:\/\/semmelweis.hu\/gytk\/a-karrol\/kari-tanacs\/hatarozatok\/kari-tanacsules-hatarozatai-2020-2021\/\" target=\"_blank\" rel=\"noopener noreferrer\">itt<\/a><\/li>\n<li><strong>Kari Tan\u00e1cs\u00fcl\u00e9s hat\u00e1rozatai 2019-2020<br \/>\n<\/strong>A 2019-2020-as \u00e9v Kari Tan\u00e1cs hat\u00e1rozatai megtekinthet\u0151k <a href=\"https:\/\/semmelweis.hu\/gytk\/a-karrol\/kari-tanacs\/hatarozatok\/kari-tanacs-hatarozatai-2019-2020\/\" target=\"_blank\" rel=\"noopener noreferrer\">itt<\/a><\/li>\n<li><strong>Kari Tan\u00e1cs\u00fcl\u00e9s hat\u00e1rozatai 2018-2019.<\/strong><br \/>\nA 2018-2019.-as \u00e9v Kari Tan\u00e1cs hat\u00e1rozatai megtekinthet\u0151k <a href=\"https:\/\/semmelweis.hu\/gytk\/kari-tanacs-2018-2019\/\" target=\"_blank\" rel=\"noopener noreferrer\">itt<\/a>.<\/li>\n<li><strong>Kari Tan\u00e1cs\u00fcl\u00e9s hat\u00e1rozatai 2017-2018.<\/strong><br \/>\nA 2017-2018-as \u00e9v Kari Tan\u00e1cs hat\u00e1rozatai megtekinthet\u0151k <a href=\"https:\/\/semmelweis.hu\/gytk\/files\/2020\/11\/2017-2018_KT_-hat\u00e1rozatok.pdf\" target=\"_blank\" rel=\"noopener noreferrer\">itt.<\/a><\/li>\n<li><strong>Kari Tan\u00e1cs\u00fcl\u00e9s hat\u00e1rozatai 2016-2017.<\/strong><br \/>\nA 2016-2017-es \u00e9v Kari Tan\u00e1cs hat\u00e1rozatai megtekinthet\u0151k <a href=\"https:\/\/semmelweis.hu\/gytk\/files\/2020\/11\/2016-2017_KT_hat\u00e1rozatok.pdf\" target=\"_blank\" rel=\"noopener noreferrer\">itt.<\/a><\/li>\n<li><strong>Kari Tan\u00e1cs\u00fcl\u00e9s hat\u00e1rozatai 2015-2016. <br \/>\n<\/strong>A 2015-2016-os \u00e9v Kari Tan\u00e1cs hat\u00e1rozatai megtekinthet\u0151k<a href=\"https:\/\/semmelweis.hu\/gytk\/files\/2016\/06\/hat%C3%A1roz015_016-v.pdf\" target=\"_blank\" rel=\"noopener noreferrer\">\u00a0itt.<\/a><\/li>\n<li><strong>Kari Tan\u00e1cs\u00fcl\u00e9s hat\u00e1rozatai 2014-2015. <br \/>\n<\/strong>A 2014-2015-\u00f6s \u00e9v Kari Tan\u00e1cs hat\u00e1rozatai megtekinthet\u0151k<a href=\"https:\/\/semmelweis.hu\/gytk\/files\/2016\/05\/hat%C3%A1roz014_015.pdf\" target=\"_blank\" rel=\"noopener noreferrer\"> itt.<\/a><\/li>\n<\/ul>\n","protected":false},"excerpt":{"rendered":"<p>Kari Tan\u00e1cs\u00fcl\u00e9s hat\u00e1rozatai 2025-2026. A 2025-2026-os \u00e9v kari tan\u00e1cs hat\u00e1rozatai megtekinthet\u0151ek <a href=\"https:\/\/semmelweis.hu\/gytk\/a-karrol\/kari-tanacs\/hatarozatok\/kari-tanacs-hatarozatok-2025-2026\/\" target=\"_blank\" rel=\"noopener\">itt<\/a> . Kari Tan\u00e1cs\u00fcl\u00e9s hat\u00e1rozatai 2024-2025. A 2024-2025-\u00f6s \u00e9v kari tan\u00e1cs hat\u00e1rozatai megtekinthet\u0151ek <a href=\"https:\/\/semmelweis.hu\/gytk\/a-karrol\/kari-tanacs\/hatarozatok\/kari-tanacs-hatarozatok-2024-2025\/\" target=\"_blank\" rel=\"noopener\">itt<\/a> . Kari Tan\u00e1cs\u00fcl\u00e9s hat\u00e1rozatai 2023-2024. A 2023-2024-es \u00e9v kari tan\u00e1cs hat\u00e1rozatai megtekinthet\u0151k <a href=\"https:\/\/semmelweis.hu\/gytk\/a-karrol\/kari-tanacs\/hatarozatok\/kari-tanacs-hatarozatok-2023-2024\/\" target=\"_blank\" rel=\"noopener\">itt.<\/a> Kari Tan\u00e1cs\u00fcl\u00e9s hat\u00e1rozatai 2022-2023 A 2022-2023-as \u00e9v kari tan\u00e1cs hat\u00e1rozatai megtekinthet\u0151k <a href=\"https:\/\/semmelweis.hu\/gytk\/a-karrol\/kari-tanacs\/hatarozatok\/kari-tanacs-hatarozatok-2022-2023\/\" target=\"_blank\" rel=\"noopener\">itt.<\/a> Kari Tan\u00e1cs\u00fcl\u00e9s hat\u00e1rozatai 2021-2022 A 2021-2022-es \u00e9v Kari Tan\u00e1cs &hellip;<\/p>\n","protected":false},"author":101025,"featured_media":0,"parent":15,"menu_order":1,"comment_status":"closed","ping_status":"closed","template":"","meta":{"_acf_changed":false,"footnotes":""},"categories":[],"tags":[],"class_list":["post-5513","page","type-page","status-publish","hentry"],"acf":[],"_links":{"self":[{"href":"https:\/\/semmelweis.hu\/gytk\/wp-json\/wp\/v2\/pages\/5513","targetHints":{"allow":["GET"]}}],"collection":[{"href":"https:\/\/semmelweis.hu\/gytk\/wp-json\/wp\/v2\/pages"}],"about":[{"href":"https:\/\/semmelweis.hu\/gytk\/wp-json\/wp\/v2\/types\/page"}],"author":[{"embeddable":true,"href":"https:\/\/semmelweis.hu\/gytk\/wp-json\/wp\/v2\/users\/101025"}],"replies":[{"embeddable":true,"href":"https:\/\/semmelweis.hu\/gytk\/wp-json\/wp\/v2\/comments?post=5513"}],"version-history":[{"count":11,"href":"https:\/\/semmelweis.hu\/gytk\/wp-json\/wp\/v2\/pages\/5513\/revisions"}],"predecessor-version":[{"id":17938,"href":"https:\/\/semmelweis.hu\/gytk\/wp-json\/wp\/v2\/pages\/5513\/revisions\/17938"}],"up":[{"embeddable":true,"href":"https:\/\/semmelweis.hu\/gytk\/wp-json\/wp\/v2\/pages\/15"}],"wp:attachment":[{"href":"https:\/\/semmelweis.hu\/gytk\/wp-json\/wp\/v2\/media?parent=5513"}],"wp:term":[{"taxonomy":"category","embeddable":true,"href":"https:\/\/semmelweis.hu\/gytk\/wp-json\/wp\/v2\/categories?post=5513"},{"taxonomy":"post_tag","embeddable":true,"href":"https:\/\/semmelweis.hu\/gytk\/wp-json\/wp\/v2\/tags?post=5513"}],"curies":[{"name":"wp","href":"https:\/\/api.w.org\/{rel}","templated":true}]}}