{"id":5494,"date":"2018-06-04T13:19:35","date_gmt":"2018-06-04T11:19:35","guid":{"rendered":"http:\/\/semmelweis.hu\/gytk\/?page_id=5494"},"modified":"2021-05-21T16:02:19","modified_gmt":"2021-05-21T14:02:19","slug":"2018-junius-4-i-ules","status":"publish","type":"page","link":"https:\/\/semmelweis.hu\/gytk\/a-karrol\/kari-tanacs\/kari-tanacs-eloterjesztesek\/2018-junius-4-i-ules\/","title":{"rendered":"2018. j\u00fanius 4-i \u00fcl\u00e9s"},"content":{"rendered":"<p style=\"text-align: center\"><strong>Kari Tan\u00e1cs\u00fcl\u00e9s 2018. j\u00fanius 4. (h\u00e9tf\u0151) 10:00 Szen\u00e1tusi terem<\/strong><\/p>\n<p><strong>2 napirendi pont:<\/strong> <br \/>\n<strong>A Gy\u00f3gyszerhat\u00e1stani Int\u00e9zet igazgat\u00f3i megb\u00edz\u00e1s\u00e1ra beny\u00fajtott p\u00e1ly\u00e1zat v\u00e9lem\u00e9nyez\u00e9se<\/strong><\/p>\n<ul>\n<li><a href=\"https:\/\/semmelweis.hu\/gytk\/files\/2018\/05\/Bagdy-Gy\u00f6rgy_MFT-v\u00e9lem\u00e9ny.pdf\" target=\"_blank\" rel=\"noopener noreferrer\">Bagdy Gy\u00f6rgy_MFT v\u00e9lem\u00e9ny<\/a><\/li>\n<li><a href=\"https:\/\/semmelweis.hu\/gytk\/files\/2018\/05\/B\u00edr\u00e1l\u00f3-bizotts\u00e1g-v\u00e9lem\u00e9ny.pdf\" target=\"_blank\" rel=\"noopener noreferrer\">B\u00edr\u00e1l\u00f3 bizotts\u00e1g v\u00e9lem\u00e9ny<\/a><\/li>\n<li><a href=\"https:\/\/semmelweis.hu\/gytk\/files\/2018\/05\/Kib\u0151v\u00edtett-Int\u00e9zeti-tan\u00e1cs\u00fcl\u00e9s-20180425_2a.pdf\" target=\"_blank\" rel=\"noopener noreferrer\">Kib\u0151v\u00edtett Int\u00e9zeti tan\u00e1cs\u00fcl\u00e9s 20180425_2a<\/a><\/li>\n<\/ul>\n<p><strong>3. napirendi pont:<br \/>\n<\/strong> <strong>Javaslat a 2018. \u00e9vi z\u00e1r\u00f3vizsga bizotts\u00e1gok eln\u00f6keinek szem\u00e9ly\u00e9re<\/strong><\/p>\n<ul>\n<li><a href=\"https:\/\/semmelweis.hu\/gytk\/files\/2018\/05\/El\u0151terjeszt\u00e9s-zv-bizotts\u00e1gok-eln\u00f6keinek-szem\u00e9ly\u00e9re.pdf\" target=\"_blank\" rel=\"noopener noreferrer\">El\u0151terjeszt\u00e9s zv bizotts\u00e1gok eln\u00f6keinek szem\u00e9ly\u00e9re<\/a><\/li>\n<\/ul>\n<p><strong>4. napirendi pont:<\/strong> <br \/>\n<strong>A \u201eDoctor Honoris Causa\u201d kit\u00fcntet\u0151 c\u00edm adom\u00e1nyoz\u00e1s\u00e1ra vonatkoz\u00f3 javaslatok v\u00e9lem\u00e9nyez\u00e9se<\/strong><\/p>\n<ul>\n<li><a href=\"https:\/\/semmelweis.hu\/gytk\/files\/2018\/05\/Daan-JA-Crommelin_DHC-Felterjeszt\u00e9s-2018_2.pdf\" target=\"_blank\" rel=\"noopener noreferrer\">Daan-JA-Crommelin_DHC-Felterjeszt\u00e9s-2018_2<\/a><\/li>\n<li><a href=\"https:\/\/semmelweis.hu\/gytk\/files\/2018\/05\/Dr.-Olavi-Pelkonen-felterj_adatlap.pdf\" target=\"_blank\" rel=\"noopener noreferrer\">Dr. Olavi Pelkonen felterj_adatlap<\/a><\/li>\n<\/ul>\n<p>\n<strong>5. napirendi pont:<\/strong> <br \/>\n<strong>A Gy\u00f3gyszer\u00e9sztudom\u00e1nyi Kar Szervezeti \u00e9s M\u0171k\u00f6d\u00e9si Rendj\u00e9nek, valamint a Szen\u00e1tus \u00e1ltal l\u00e9trehozott karon m\u0171k\u00f6d\u0151 \u00e1lland\u00f3 bizotts\u00e1gok \u00fcgyrendjeinek v\u00e9lem\u00e9nyez\u00e9se<\/strong><\/p>\n<ul>\n<li><a href=\"https:\/\/semmelweis.hu\/gytk\/files\/2018\/05\/SE-GYTK-SZMR_01_20180515.pdf\">SE-GYTK-SZMR_01_20180515<\/a><\/li>\n<li><a href=\"https:\/\/semmelweis.hu\/gytk\/files\/2018\/05\/SE-GYTK-SZMR-M01_organogram_2018.pdf\">SE-GYTK-SZMR-M01_organogram_2018<\/a><\/li>\n<li><a href=\"https:\/\/semmelweis.hu\/gytk\/files\/2018\/05\/SE-GYTK-SZMR-M02_ellen\u0151rz\u00e9si_nyomvonal.pdf\" target=\"_blank\" rel=\"noopener noreferrer\">SE-GYTK-SZMR-M02_ellen\u0151rz\u00e9si_nyomvonal<\/a><\/li>\n<li><a href=\"https:\/\/semmelweis.hu\/gytk\/files\/2018\/05\/SE-GYTK-SZMR-M04_KEFB.pdf\" target=\"_blank\" rel=\"noopener noreferrer\">SE-GYTK-SZMR-M04_KEFB<\/a><\/li>\n<li><a href=\"https:\/\/semmelweis.hu\/gytk\/files\/2018\/05\/SE-GYTK-SZMR-M05_K\u00c1B.pdf\" target=\"_blank\" rel=\"noopener noreferrer\">SE-GYTK-SZMR-M05_K\u00c1B<\/a><\/li>\n<li><a href=\"https:\/\/semmelweis.hu\/gytk\/files\/2018\/05\/SE-GYTK-SZMR-M06_TVB.pdf\" target=\"_blank\" rel=\"noopener noreferrer\">SE-GYTK-SZMR-M06_TVB<\/a><\/li>\n<li><a href=\"https:\/\/semmelweis.hu\/gytk\/files\/2018\/05\/SE-GYTK-SZMR-M07_SZEB.pdf\" target=\"_blank\" rel=\"noopener noreferrer\">SE-GYTK-SZMR-M07_SZEB<\/a><\/li>\n<\/ul>\n<p>\n<strong>6. napirendi pont:<\/strong> <br \/>\n<strong>A 2018\/19. tan\u00e9v id\u0151beoszt\u00e1s\u00e1nak elfogad\u00e1sa<\/strong><\/p>\n<ul>\n<li><a href=\"https:\/\/semmelweis.hu\/gytk\/files\/2018\/05\/2018-2019-tan\u00e9v-beoszt\u00e1sa.pdf\" target=\"_blank\" rel=\"noopener noreferrer\">2018-2019 tan\u00e9v beoszt\u00e1sa<\/a><\/li>\n<\/ul>\n<p>\n<strong>7. napirendi pont:<\/strong> <br \/>\n<strong>Javaslat a Gy\u00f3gyszer\u00e9sztudom\u00e1nyi Kar Oktat\u00f3 Gy\u00f3gyszer\u00e9sze \u00e9s T\u00e1rsult Oktat\u00f3ja elismer\u0151 oklevelek adom\u00e1nyoz\u00e1s\u00e1ra<\/strong><\/p>\n<ul>\n<li><a href=\"https:\/\/semmelweis.hu\/gytk\/files\/2018\/05\/Dr.-Csongr\u00e1di-Bal\u00e1zs-oktat\u00f3-gy\u00f3gyszer\u00e9sz.pdf\" target=\"_blank\" rel=\"noopener noreferrer\">Dr. Csongr\u00e1di Bal\u00e1zs oktat\u00f3 gy\u00f3gyszer\u00e9sz<\/a><\/li>\n<li><a href=\"https:\/\/semmelweis.hu\/gytk\/files\/2018\/05\/Dr.-D\u00e9nes-Margit-oktat\u00f3-gy\u00f3gyszer\u00e9sz.pdf\" target=\"_blank\" rel=\"noopener noreferrer\">Dr. D\u00e9nes Margit oktat\u00f3 gy\u00f3gyszer\u00e9sz<\/a><\/li>\n<li><a href=\"https:\/\/semmelweis.hu\/gytk\/files\/2018\/05\/Dr.-Greskovits-D\u00e1vid-oktat\u00f3-gy\u00f3gyszer\u00e9sz.pdf\" target=\"_blank\" rel=\"noopener noreferrer\">Dr. Greskovits D\u00e1vid oktat\u00f3 gy\u00f3gyszer\u00e9sz<\/a><\/li>\n<li><a href=\"https:\/\/semmelweis.hu\/gytk\/files\/2018\/05\/Dr.-Kov\u00e1cs-Krist\u00f3f-oktat\u00f3-gy\u00f3gyszer\u00e9sz.pdf\" target=\"_blank\" rel=\"noopener noreferrer\">Dr. Kov\u00e1cs Krist\u00f3f oktat\u00f3 gy\u00f3gyszer\u00e9sz<\/a><\/li>\n<li><a href=\"https:\/\/semmelweis.hu\/gytk\/files\/2018\/05\/Dr.-Sz\u0171cs-Attila-oktat\u00f3-gy\u00f3gyszer\u00e9sz.pdf\" target=\"_blank\" rel=\"noopener noreferrer\">Dr. Sz\u0171cs Attila oktat\u00f3 gy\u00f3gyszer\u00e9sz<\/a><\/li>\n<li><a href=\"https:\/\/semmelweis.hu\/gytk\/files\/2018\/05\/dr-Finta-Ervin-t\u00e1rsult-oktat\u00f3.pdf\" target=\"_blank\" rel=\"noopener noreferrer\">dr Finta Ervin t\u00e1rsult oktat\u00f3<\/a><\/li>\n<\/ul>\n<p>\n<strong>8. napirendi pont:<\/strong> <br \/>\n<strong>Tant\u00e1rgyi programok j\u00f3v\u00e1hagy\u00e1sa<\/strong><\/p>\n<ul>\n<li><a href=\"https:\/\/semmelweis.hu\/gytk\/files\/2018\/05\/k\u00f6telez\u0151-tant\u00e1rgyak.zip\" target=\"_blank\" rel=\"noopener noreferrer\">k\u00f6telez\u0151 tant\u00e1rgyak<\/a><\/li>\n<li><a href=\"https:\/\/semmelweis.hu\/gytk\/files\/2018\/05\/k\u00f6telez\u0151en-v\u00e1laszhat\u00f3-tant\u00e1rgyak.zip\" target=\"_blank\" rel=\"noopener noreferrer\">k\u00f6telez\u0151en v\u00e1laszhat\u00f3 tant\u00e1rgyak<\/a><\/li>\n<li><a href=\"https:\/\/semmelweis.hu\/gytk\/files\/2018\/05\/szabadon-v\u00e1laszthat\u00f3-tant\u00e1rgyak.zip\" target=\"_blank\" rel=\"noopener noreferrer\">szabadon v\u00e1laszthat\u00f3 tant\u00e1rgyak<\/a><\/li>\n<li><a href=\"https:\/\/semmelweis.hu\/gytk\/files\/2018\/05\/tant\u00e1rgyi-adatlapok-n\u00e9met.zip\" target=\"_blank\" rel=\"noopener noreferrer\">n\u00e9met k\u00f6telez\u0151 tant\u00e1rgyak<\/a><\/li>\n<li><a href=\"https:\/\/semmelweis.hu\/gytk\/files\/2018\/05\/n\u00e9met-v\u00e1laszthat\u00f3.zip\" target=\"_blank\" rel=\"noopener noreferrer\">n\u00e9met v\u00e1laszthat\u00f3 tant\u00e1rgyak<\/a><\/li>\n<li><a href=\"https:\/\/semmelweis.hu\/gytk\/files\/2018\/05\/angol-tant\u00e1rgyi-adatlapok.zip\">angol tant\u00e1rgyi adatlapok<\/a><\/li>\n<\/ul>\n<p>\n<strong>9. napirendi pont:<\/strong> <br \/>\n<strong>Jubileumi d\u00edszoklevelek oda\u00edt\u00e9l\u00e9se<\/strong><\/p>\n<ul>\n<li><a href=\"https:\/\/semmelweis.hu\/gytk\/files\/2018\/05\/Jubileumi-d\u00edszoklevelet-ig\u00e9nyl\u0151k-n\u00e9vsora.pdf\" target=\"_blank\" rel=\"noopener noreferrer\">Jubileumi d\u00edszoklevelet ig\u00e9nyl\u0151k n\u00e9vsora<\/a><\/li>\n<\/ul>\n<p>\n<strong>10. napirendi pont:<\/strong> <br \/>\n<strong>Szakk\u00e9pz\u0151 helyek akkredit\u00e1ci\u00f3s k\u00e9relmeinek v\u00e9lem\u00e9nyez\u00e9se<\/strong><\/p>\n<ul>\n<li><a href=\"https:\/\/semmelweis.hu\/gytk\/files\/2018\/05\/\u00daj-szakk\u00e9pz\u0151-helyek-jegyz\u00e9ke.pdf\" target=\"_blank\" rel=\"noopener noreferrer\">\u00daj szakk\u00e9pz\u0151 helyek jegyz\u00e9ke<\/a><\/li>\n<\/ul>\n","protected":false},"excerpt":{"rendered":"<p>Kari Tan\u00e1cs\u00fcl\u00e9s 2018. j\u00fanius 4. (h\u00e9tf\u0151) 10:00 Szen\u00e1tusi terem 2 napirendi pont: A Gy\u00f3gyszerhat\u00e1stani Int\u00e9zet igazgat\u00f3i megb\u00edz\u00e1s\u00e1ra beny\u00fajtott p\u00e1ly\u00e1zat v\u00e9lem\u00e9nyez\u00e9se <a href=\"https:\/\/semmelweis.hu\/gytk\/files\/2018\/05\/Bagdy-Gy\u00f6rgy_MFT-v\u00e9lem\u00e9ny.pdf\" target=\"_blank\" rel=\"noopener noreferrer\">Bagdy Gy\u00f6rgy_MFT v\u00e9lem\u00e9ny<\/a> <a href=\"https:\/\/semmelweis.hu\/gytk\/files\/2018\/05\/B\u00edr\u00e1l\u00f3-bizotts\u00e1g-v\u00e9lem\u00e9ny.pdf\" target=\"_blank\" rel=\"noopener noreferrer\">B\u00edr\u00e1l\u00f3 bizotts\u00e1g v\u00e9lem\u00e9ny<\/a> <a href=\"https:\/\/semmelweis.hu\/gytk\/files\/2018\/05\/Kib\u0151v\u00edtett-Int\u00e9zeti-tan\u00e1cs\u00fcl\u00e9s-20180425_2a.pdf\" target=\"_blank\" rel=\"noopener noreferrer\">Kib\u0151v\u00edtett Int\u00e9zeti tan\u00e1cs\u00fcl\u00e9s 20180425_2a<\/a> 3. napirendi pont: Javaslat a 2018. \u00e9vi z\u00e1r\u00f3vizsga bizotts\u00e1gok eln\u00f6keinek szem\u00e9ly\u00e9re <a href=\"https:\/\/semmelweis.hu\/gytk\/files\/2018\/05\/El\u0151terjeszt\u00e9s-zv-bizotts\u00e1gok-eln\u00f6keinek-szem\u00e9ly\u00e9re.pdf\" target=\"_blank\" rel=\"noopener noreferrer\">El\u0151terjeszt\u00e9s zv bizotts\u00e1gok eln\u00f6keinek szem\u00e9ly\u00e9re<\/a> 4. napirendi pont: A \u201eDoctor Honoris Causa\u201d kit\u00fcntet\u0151 c\u00edm adom\u00e1nyoz\u00e1s\u00e1ra vonatkoz\u00f3 javaslatok v\u00e9lem\u00e9nyez\u00e9se <a href=\"https:\/\/semmelweis.hu\/gytk\/files\/2018\/05\/Daan-JA-Crommelin_DHC-Felterjeszt\u00e9s-2018_2.pdf\" target=\"_blank\" rel=\"noopener noreferrer\">Daan-JA-Crommelin_DHC-Felterjeszt\u00e9s-2018_2<\/a> <a href=\"https:\/\/semmelweis.hu\/gytk\/files\/2018\/05\/Dr.-Olavi-Pelkonen-felterj_adatlap.pdf\" target=\"_blank\" rel=\"noopener noreferrer\">Dr. Olavi Pelkonen felterj_adatlap<\/a> 5. napirendi pont: A Gy\u00f3gyszer\u00e9sztudom\u00e1nyi Kar Szervezeti \u00e9s M\u0171k\u00f6d\u00e9si Rendj\u00e9nek, valamint &hellip;<\/p>\n","protected":false},"author":101025,"featured_media":0,"parent":5323,"menu_order":1,"comment_status":"closed","ping_status":"closed","template":"","meta":{"_acf_changed":false,"footnotes":""},"categories":[],"tags":[],"class_list":["post-5494","page","type-page","status-publish","hentry"],"acf":[],"_links":{"self":[{"href":"https:\/\/semmelweis.hu\/gytk\/wp-json\/wp\/v2\/pages\/5494","targetHints":{"allow":["GET"]}}],"collection":[{"href":"https:\/\/semmelweis.hu\/gytk\/wp-json\/wp\/v2\/pages"}],"about":[{"href":"https:\/\/semmelweis.hu\/gytk\/wp-json\/wp\/v2\/types\/page"}],"author":[{"embeddable":true,"href":"https:\/\/semmelweis.hu\/gytk\/wp-json\/wp\/v2\/users\/101025"}],"replies":[{"embeddable":true,"href":"https:\/\/semmelweis.hu\/gytk\/wp-json\/wp\/v2\/comments?post=5494"}],"version-history":[{"count":8,"href":"https:\/\/semmelweis.hu\/gytk\/wp-json\/wp\/v2\/pages\/5494\/revisions"}],"predecessor-version":[{"id":11474,"href":"https:\/\/semmelweis.hu\/gytk\/wp-json\/wp\/v2\/pages\/5494\/revisions\/11474"}],"up":[{"embeddable":true,"href":"https:\/\/semmelweis.hu\/gytk\/wp-json\/wp\/v2\/pages\/5323"}],"wp:attachment":[{"href":"https:\/\/semmelweis.hu\/gytk\/wp-json\/wp\/v2\/media?parent=5494"}],"wp:term":[{"taxonomy":"category","embeddable":true,"href":"https:\/\/semmelweis.hu\/gytk\/wp-json\/wp\/v2\/categories?post=5494"},{"taxonomy":"post_tag","embeddable":true,"href":"https:\/\/semmelweis.hu\/gytk\/wp-json\/wp\/v2\/tags?post=5494"}],"curies":[{"name":"wp","href":"https:\/\/api.w.org\/{rel}","templated":true}]}}