{"id":5323,"date":"2018-05-08T11:48:13","date_gmt":"2018-05-08T09:48:13","guid":{"rendered":"http:\/\/semmelweis.hu\/gytk\/?page_id=5323"},"modified":"2026-04-16T14:49:29","modified_gmt":"2026-04-16T12:49:29","slug":"kari-tanacs-eloterjesztesek","status":"publish","type":"page","link":"https:\/\/semmelweis.hu\/gytk\/a-karrol\/kari-tanacs\/kari-tanacs-eloterjesztesek\/","title":{"rendered":"2026. \u00e1prilis 21. Aktu\u00e1lis Kari Tan\u00e1cs \u00fcl\u00e9s"},"content":{"rendered":"<p style=\"text-align: center\"><strong>Kari Tan\u00e1cs\u00fcl\u00e9s 2026. \u00e1prilis 21. 14:30.<\/strong><\/p>\n<p><a href=\"https:\/\/semmelweis.hu\/gytk\/files\/2026\/04\/MEGHIVO.pdf\" target=\"_blank\" rel=\"noopener\">MEGH\u00cdV\u00d3<\/a><\/p>\n<p><strong>3. napirendi pont<\/strong><br \/>\n<a href=\"https:\/\/semmelweis.hu\/gytk\/files\/2026\/04\/KT-Eloterjesztes-a-2027-evi-Professor-Emerita-cim-adomanyozasanak-velemenyezesehez.pdf\" target=\"_blank\" rel=\"noopener\">KT El\u0151terjeszt\u00e9s a 2027. \u00e9vi &#8222;Professor Emerita&#8221; c\u00edm adom\u00e1nyoz\u00e1s\u00e1ra vonatkoz\u00f3 javaslat v\u00e9lem\u00e9nyez\u00e9s\u00e9hez<\/a><\/p>\n<ul>\n<li><a href=\"https:\/\/semmelweis.hu\/gytk\/files\/2026\/04\/3-napirend-2sz-melleklet-Professor-Emerita-javaslat_SZE.pdf\" target=\"_blank\" rel=\"noopener\">3 napirend 2sz mell\u00e9klet Professor Emerita javaslat_SZ\u00c9<\/a><\/li>\n<li><a href=\"https:\/\/semmelweis.hu\/gytk\/files\/2026\/04\/3-napirend-3sz-melleklet-Professor-Emerita-kerdoiv_SZE.pdf\" target=\"_blank\" rel=\"noopener\">3 napirend 3sz mell\u00e9klet Professor Emerita k\u00e9rd\u0151\u00edv_SZ\u00c9<\/a><\/li>\n<\/ul>\n<p><strong>4. napirendi pont<\/strong><\/p>\n<p><a href=\"https:\/\/semmelweis.hu\/gytk\/files\/2026\/04\/KT-Eloterjesztes-a-2026.-evi-zarovizsga-bizottsagok-szemelyi-osszetetelenek-meghatarozasahoz.pdf\" target=\"_blank\" rel=\"noopener\">KT El\u0151terjeszt\u00e9s GYTK KT sz\u00e1m\u00e1ra a 2026 \u00e9vi zv bizotts\u00e1gok szem\u00e9lyi \u00f6sszet\u00e9tel\u00e9nek meghat\u00e1roz\u00e1s\u00e1hoz<\/a><\/p>\n<p><strong>5. napirendi pont<\/strong><\/p>\n<p><a href=\"https:\/\/semmelweis.hu\/gytk\/files\/2026\/04\/KT-Eloterjesztes-a-Plagium-ellenorzesre-valamint-a-mesterseges-intelligencia-rendszerek-es-eszkozok-oktatasban-torteno-alkalmazasarol.pdf\" target=\"_blank\" rel=\"noopener\">KT El\u0151terjeszt\u00e9s a pl\u00e1gium ellen\u0151rz\u00e9s\u00e9re, valamit a mesters\u00e9ges intelligencia rendszerek \u00e9s eszk\u00f6z\u00f6k oktat\u00e1sba t\u00f6rt\u00e9n\u0151 alkalmaz\u00e1s\u00e1r\u00f3l sz\u00f3l\u00f3 kari szab\u00e1lyzat v\u00e9lem\u00e9nyez\u00e9s\u00e9hez<\/a><\/p>\n<ul>\n<li>5napirend 2sz mell\u00e9klet mesters\u00e9ges intelligencia kari szab\u00e1lyzat<\/li>\n<\/ul>\n<p><strong>6. napirendi pont<\/strong><\/p>\n<p>T\u00e1j\u00e9koztat\u00f3 a 2025\/2026. tan\u00e9v 1 f\u00e9l\u00e9v\u00e9nek tanulm\u00e1nyi eredm\u00e9nyeir\u0151l<\/p>\n<ul>\n<li><a href=\"https:\/\/semmelweis.hu\/gytk\/files\/2026\/04\/6-napirend-1a-melleklet-magyar.pdf\" target=\"_blank\" rel=\"noopener\">6 napirend 1a mell\u00e9klet magyar<\/a><\/li>\n<li><a href=\"https:\/\/semmelweis.hu\/gytk\/files\/2026\/04\/6-napirend-1b-melleklet-angol-1.pdf\" target=\"_blank\" rel=\"noopener\">6 napirend 1b mell\u00e9klet angol<\/a><\/li>\n<li><a href=\"https:\/\/semmelweis.hu\/gytk\/files\/2026\/04\/6-napirend-1c-melleklet-nemet.pdf\" target=\"_blank\" rel=\"noopener\">6 napirend 1c mell\u00e9klet n\u00e9met<\/a><\/li>\n<\/ul>\n<p><strong>7. napirendi pont<\/strong><\/p>\n<ul>\n<li><a href=\"https:\/\/semmelweis.hu\/gytk\/files\/2026\/04\/7napirend_melleklet_szakkepzohelyek_20260421.pdf\" target=\"_blank\" rel=\"noopener\">Szakk\u00e9pz\u0151 helyek akkredit\u00e1ci\u00f3s k\u00e9relmeinek v\u00e9lem\u00e9nyez\u00e9se<\/a><\/li>\n<\/ul>\n","protected":false},"excerpt":{"rendered":"<p>Kari Tan\u00e1cs\u00fcl\u00e9s 2026. \u00e1prilis 21. 14:30.<br \/>\n<a href=\"https:\/\/semmelweis.hu\/gytk\/files\/2026\/04\/MEGHIVO.pdf\" target=\"_blank\" rel=\"noopener\">MEGH\u00cdV\u00d3<\/a><br \/>\n3. napirendi pont<br \/>\n<a href=\"https:\/\/semmelweis.hu\/gytk\/files\/2026\/04\/KT-Eloterjesztes-a-2027-evi-Professor-Emerita-cim-adomanyozasanak-velemenyezesehez.pdf\" target=\"_blank\" rel=\"noopener\">KT El\u0151terjeszt\u00e9s a 2027. \u00e9vi &#8222;Professor Emerita&#8221; c\u00edm adom\u00e1nyoz\u00e1s\u00e1ra vonatkoz\u00f3 javaslat v\u00e9lem\u00e9nyez\u00e9s\u00e9hez<\/a><\/p>\n<p><a href=\"https:\/\/semmelweis.hu\/gytk\/files\/2026\/04\/3-napirend-2sz-melleklet-Professor-Emerita-javaslat_SZE.pdf\" target=\"_blank\" rel=\"noopener\">3 napirend 2sz mell\u00e9klet Professor Emerita javaslat_SZ\u00c9<\/a><br \/>\n<a href=\"https:\/\/semmelweis.hu\/gytk\/files\/2026\/04\/3-napirend-3sz-melleklet-Professor-Emerita-kerdoiv_SZE.pdf\" target=\"_blank\" rel=\"noopener\">3 napirend 3sz mell\u00e9klet Professor Emerita k\u00e9rd\u0151\u00edv_SZ\u00c9<\/a><\/p>\n<p>4. napirendi pont<br \/>\n<a href=\"https:\/\/semmelweis.hu\/gytk\/files\/2026\/04\/KT-Eloterjesztes-a-2026.-evi-zarovizsga-bizottsagok-szemelyi-osszetetelenek-meghatarozasahoz.pdf\" target=\"_blank\" rel=\"noopener\">KT El\u0151terjeszt\u00e9s GYTK KT sz\u00e1m\u00e1ra a 2026 \u00e9vi zv bizotts\u00e1gok szem\u00e9lyi \u00f6sszet\u00e9tel\u00e9nek meghat\u00e1roz\u00e1s\u00e1hoz<\/a><br \/>\n5. napirendi pont<br \/>\n<a href=\"https:\/\/semmelweis.hu\/gytk\/files\/2026\/04\/KT-Eloterjesztes-a-Plagium-ellenorzesre-valamint-a-mesterseges-intelligencia-rendszerek-es-eszkozok-oktatasban-torteno-alkalmazasarol.pdf\" target=\"_blank\" rel=\"noopener\">KT El\u0151terjeszt\u00e9s a pl\u00e1gium ellen\u0151rz\u00e9s\u00e9re, valamit a mesters\u00e9ges intelligencia rendszerek \u00e9s eszk\u00f6z\u00f6k oktat\u00e1sba t\u00f6rt\u00e9n\u0151 alkalmaz\u00e1s\u00e1r\u00f3l sz\u00f3l\u00f3 kari szab\u00e1lyzat v\u00e9lem\u00e9nyez\u00e9s\u00e9hez<\/a><\/p>\n<p>5napirend 2sz mell\u00e9klet mesters\u00e9ges intelligencia kari szab\u00e1lyzat<\/p>\n<p>6. napirendi pont<br \/>\nT\u00e1j\u00e9koztat\u00f3 a 2025\/2026. tan\u00e9v 1 f\u00e9l\u00e9v\u00e9nek tanulm\u00e1nyi eredm\u00e9nyeir\u0151l<\/p>\n<p><a href=\"https:\/\/semmelweis.hu\/gytk\/files\/2026\/04\/6-napirend-1a-melleklet-magyar.pdf\" target=\"_blank\" rel=\"noopener\">6 napirend 1a mell\u00e9klet magyar<\/a><br \/>\n<a href=\"https:\/\/semmelweis.hu\/gytk\/files\/2026\/04\/6-napirend-1b-melleklet-angol-1.pdf\" target=\"_blank\" rel=\"noopener\">6 napirend 1b mell\u00e9klet angol<\/a><br \/>\n<a href=\"https:\/\/semmelweis.hu\/gytk\/files\/2026\/04\/6-napirend-1c-melleklet-nemet.pdf\" target=\"_blank\" rel=\"noopener\">6 napirend 1c mell\u00e9klet n\u00e9met<\/a><\/p>\n<p>7. napirendi pont<\/p>\n<p><a href=\"https:\/\/semmelweis.hu\/gytk\/files\/2026\/04\/7napirend_melleklet_szakkepzohelyek_20260421.pdf\" target=\"_blank\" rel=\"noopener\">Szakk\u00e9pz\u0151 helyek akkredit\u00e1ci\u00f3s k\u00e9relmeinek v\u00e9lem\u00e9nyez\u00e9se<\/a><\/p>\n","protected":false},"author":101025,"featured_media":0,"parent":15,"menu_order":2,"comment_status":"closed","ping_status":"closed","template":"","meta":{"_acf_changed":false,"footnotes":""},"categories":[],"tags":[],"class_list":["post-5323","page","type-page","status-publish","hentry"],"acf":[],"_links":{"self":[{"href":"https:\/\/semmelweis.hu\/gytk\/wp-json\/wp\/v2\/pages\/5323","targetHints":{"allow":["GET"]}}],"collection":[{"href":"https:\/\/semmelweis.hu\/gytk\/wp-json\/wp\/v2\/pages"}],"about":[{"href":"https:\/\/semmelweis.hu\/gytk\/wp-json\/wp\/v2\/types\/page"}],"author":[{"embeddable":true,"href":"https:\/\/semmelweis.hu\/gytk\/wp-json\/wp\/v2\/users\/101025"}],"replies":[{"embeddable":true,"href":"https:\/\/semmelweis.hu\/gytk\/wp-json\/wp\/v2\/comments?post=5323"}],"version-history":[{"count":11,"href":"https:\/\/semmelweis.hu\/gytk\/wp-json\/wp\/v2\/pages\/5323\/revisions"}],"predecessor-version":[{"id":18437,"href":"https:\/\/semmelweis.hu\/gytk\/wp-json\/wp\/v2\/pages\/5323\/revisions\/18437"}],"up":[{"embeddable":true,"href":"https:\/\/semmelweis.hu\/gytk\/wp-json\/wp\/v2\/pages\/15"}],"wp:attachment":[{"href":"https:\/\/semmelweis.hu\/gytk\/wp-json\/wp\/v2\/media?parent=5323"}],"wp:term":[{"taxonomy":"category","embeddable":true,"href":"https:\/\/semmelweis.hu\/gytk\/wp-json\/wp\/v2\/categories?post=5323"},{"taxonomy":"post_tag","embeddable":true,"href":"https:\/\/semmelweis.hu\/gytk\/wp-json\/wp\/v2\/tags?post=5323"}],"curies":[{"name":"wp","href":"https:\/\/api.w.org\/{rel}","templated":true}]}}