{"id":336,"date":"2014-02-24T11:29:17","date_gmt":"2014-02-24T11:29:17","guid":{"rendered":"http:\/\/semmelweis.hu\/gytk\/?page_id=336"},"modified":"2023-09-21T14:14:25","modified_gmt":"2023-09-21T12:14:25","slug":"oktatasi-anyagok","status":"publish","type":"page","link":"https:\/\/semmelweis.hu\/gytk\/oktatas\/oktatasi-anyagok\/","title":{"rendered":"Oktat\u00e1si anyagok"},"content":{"rendered":"<h3>A Gy\u00f3gyszer\u00e9sztudom\u00e1nyi Kar Int\u00e9zeteinek gradu\u00e1lis k\u00e9pz\u00e9si anyagai<\/h3>\n<p>Az al\u00e1bb felsorolt f\u00e1jlokban tal\u00e1lhat\u00f3 anyagokat szerz\u0151i jogv\u00e9delem alatt \u00e1ll\u00f3nak tekintj\u00fck, tulajdonjogukat szerz\u0151i \u00e9s egy\u00e9b, idevonatkoz\u00f3 jogszab\u00e1lyok v\u00e9dik, \u00edgy ezeket a munk\u00e1kat kiz\u00e1r\u00f3lag saj\u00e1t k\u00e9pz\u00e9sre lehet felhaszn\u00e1lni. A felsorolt \u00e9s k\u00f6zreadott anyagok szerz\u0151i enged\u00e9ly n\u00e9lk\u00fcli sokszoros\u00edt\u00e1sa, felhaszn\u00e1l\u00e1sa \u00e9s terjeszt\u00e9se nem megengedett!!<\/p>\n<h3>Egyetemi Gy\u00f3gyszert\u00e1r Gy\u00f3gyszer\u00fcgyi Szervez\u00e9si Int\u00e9zet<\/h3>\n<ul>\n<li>Az EGYGYSZI gradu\u00e1lis k\u00e9pz\u00e9si anyagai\u00a0<a href=\"https:\/\/semmelweis.hu\/gyogyszertar\/oktatas\/gradualis-kepzes\/\" target=\"_blank\" rel=\"noopener noreferrer\">ide kattintva<\/a>\u00a0el\u00e9rhet\u0151k.<\/li>\n<\/ul>\n<h3>Farmakogn\u00f3ziai Int\u00e9zet<\/h3>\n<ul>\n<li>Az int\u00e9zet k\u00e9pz\u00e9si anyagai\u00a0<a href=\"https:\/\/semmelweis.hu\/farmakognozia\/oktatas\/\" target=\"_blank\" rel=\"noopener noreferrer\">ide kattintva<\/a>\u00a0el\u00e9rhet\u0151k.<\/li>\n<\/ul>\n<h3>Gy\u00f3gyszer\u00e9szeti Int\u00e9zet<\/h3>\n<ul>\n<li>Az int\u00e9zet k\u00e9pz\u00e9si anyagai\u00a0<a href=\"https:\/\/semmelweis.hu\/gyogyszereszeti-intezet\/oktatas\/\" target=\"_blank\" rel=\"noopener noreferrer\">ide kattintva<\/a> el\u00e9rhet\u0151k.<\/li>\n<\/ul>\n<h3>Gy\u00f3gyszer\u00e9szi K\u00e9mia Int\u00e9zet<\/h3>\n<ul>\n<li>A gradu\u00e1lis k\u00e9pz\u00e9shez, seg\u00e9dletek, oktat\u00e1si anyagok <a href=\"https:\/\/semmelweis.hu\/gyogyszereszi-kemia\/oktatas\/\" target=\"_blank\" rel=\"noopener noreferrer\">ide kattintva<\/a>\u00a0el\u00e9rhet\u0151k.<\/li>\n<\/ul>\n<h3>Gy\u00f3gyszerhat\u00e1stani Int\u00e9zet<\/h3>\n<ul>\n<li>Az int\u00e9zet k\u00e9pz\u00e9si anyagai\u00a0<a href=\"https:\/\/semmelweis.hu\/gyogyszerhatastan\/oktatas\/\" target=\"_blank\" rel=\"noopener noreferrer\">ide kattintva<\/a>\u00a0el\u00e9rhet\u0151k.<\/li>\n<\/ul>\n<h3>Szerves Vegytani Int\u00e9zet<\/h3>\n<ul>\n<li>Az int\u00e9zet honlapj\u00e1n tal\u00e1lhat\u00f3 oktat\u00e1si anyagok <a href=\"https:\/\/semmelweis.hu\/orgchem\/oktatas\/\" target=\"_blank\" rel=\"noopener noreferrer\">ide kattintva<\/a>\u00a0el\u00e9rhet\u0151k.<\/li>\n<\/ul>\n","protected":false},"excerpt":{"rendered":"<p>A Gy\u00f3gyszer\u00e9sztudom\u00e1nyi Kar Int\u00e9zeteinek gradu\u00e1lis k\u00e9pz\u00e9si anyagai Az al\u00e1bb felsorolt f\u00e1jlokban tal\u00e1lhat\u00f3 anyagokat szerz\u0151i jogv\u00e9delem alatt \u00e1ll\u00f3nak tekintj\u00fck, tulajdonjogukat szerz\u0151i \u00e9s egy\u00e9b, idevonatkoz\u00f3 jogszab\u00e1lyok v\u00e9dik, \u00edgy ezeket a munk\u00e1kat kiz\u00e1r\u00f3lag saj\u00e1t k\u00e9pz\u00e9sre lehet felhaszn\u00e1lni. A felsorolt \u00e9s k\u00f6zreadott anyagok szerz\u0151i enged\u00e9ly n\u00e9lk\u00fcli sokszoros\u00edt\u00e1sa, felhaszn\u00e1l\u00e1sa \u00e9s terjeszt\u00e9se nem megengedett!! Egyetemi Gy\u00f3gyszert\u00e1r Gy\u00f3gyszer\u00fcgyi Szervez\u00e9si Int\u00e9zet Az EGYGYSZI &hellip;<\/p>\n","protected":false},"author":12,"featured_media":0,"parent":2088,"menu_order":5,"comment_status":"closed","ping_status":"closed","template":"","meta":{"_acf_changed":false,"footnotes":""},"categories":[],"tags":[],"class_list":["post-336","page","type-page","status-publish","hentry"],"acf":[],"_links":{"self":[{"href":"https:\/\/semmelweis.hu\/gytk\/wp-json\/wp\/v2\/pages\/336","targetHints":{"allow":["GET"]}}],"collection":[{"href":"https:\/\/semmelweis.hu\/gytk\/wp-json\/wp\/v2\/pages"}],"about":[{"href":"https:\/\/semmelweis.hu\/gytk\/wp-json\/wp\/v2\/types\/page"}],"author":[{"embeddable":true,"href":"https:\/\/semmelweis.hu\/gytk\/wp-json\/wp\/v2\/users\/12"}],"replies":[{"embeddable":true,"href":"https:\/\/semmelweis.hu\/gytk\/wp-json\/wp\/v2\/comments?post=336"}],"version-history":[{"count":11,"href":"https:\/\/semmelweis.hu\/gytk\/wp-json\/wp\/v2\/pages\/336\/revisions"}],"predecessor-version":[{"id":14448,"href":"https:\/\/semmelweis.hu\/gytk\/wp-json\/wp\/v2\/pages\/336\/revisions\/14448"}],"up":[{"embeddable":true,"href":"https:\/\/semmelweis.hu\/gytk\/wp-json\/wp\/v2\/pages\/2088"}],"wp:attachment":[{"href":"https:\/\/semmelweis.hu\/gytk\/wp-json\/wp\/v2\/media?parent=336"}],"wp:term":[{"taxonomy":"category","embeddable":true,"href":"https:\/\/semmelweis.hu\/gytk\/wp-json\/wp\/v2\/categories?post=336"},{"taxonomy":"post_tag","embeddable":true,"href":"https:\/\/semmelweis.hu\/gytk\/wp-json\/wp\/v2\/tags?post=336"}],"curies":[{"name":"wp","href":"https:\/\/api.w.org\/{rel}","templated":true}]}}