{"id":3125,"date":"2016-08-23T08:23:43","date_gmt":"2016-08-23T06:23:43","guid":{"rendered":"http:\/\/semmelweis.hu\/gytk\/?page_id=3125"},"modified":"2026-01-19T14:51:10","modified_gmt":"2026-01-19T13:51:10","slug":"letoltheto-nyomtatvanyok","status":"publish","type":"page","link":"https:\/\/semmelweis.hu\/gytk\/oktatas\/letoltheto-nyomtatvanyok\/","title":{"rendered":"Let\u00f6lthet\u0151 nyomtatv\u00e1nyok \u00e9s dokumentumok"},"content":{"rendered":"<p>Az al\u00e1bbi nyomtatv\u00e1nyokat online kit\u00f6lt\u00e9s ut\u00e1n ki kell nyomtatni \u00e9s saj\u00e1t-kez\u0171leg al\u00e1\u00edrni. Az al\u00e1\u00edrt nyomtatv\u00e1nyokat <em>szem\u00e9lyesen<\/em> vagy <em>szkennelve, e-mail \u00fatj\u00e1n<\/em> lehet eljuttatni a <a href=\"https:\/\/semmelweis.hu\/gytk\/elerhetosegek\/\">Tanulm\u00e1nyi Oszt\u00e1ly<\/a> munkat\u00e1rsainak.<\/p>\n<p>&nbsp;<\/p>\n<p><strong>HALLGAT\u00d3I K\u00c9RELMEKKEL<\/strong> KAPCSOLATOS NYOMTATV\u00c1NYOK<\/p>\n<ul>\n<li>K\u00e9relem hallgat\u00f3i <a href=\"https:\/\/semmelweis.hu\/gytk\/files\/2025\/08\/Jogviszony-szuneteltetes.pdf\">jogviszony sz\u00fcneteltet\u00e9s\u00e9re<\/a><\/li>\n<li>K\u00e9relem hallgat\u00f3i <a href=\"https:\/\/semmelweis.hu\/gytk\/files\/2025\/08\/Hallgatoi-jogviszony-torlese.pdf\">jogviszony megsz\u00fcntet\u00e9s\u00e9re<\/a><\/li>\n<li>K\u00e9relem <a href=\"https:\/\/semmelweis.hu\/gytk\/files\/2025\/08\/Utolagos-passziv.pdf\">ut\u00f3lagos passz\u00edv f\u00e9l\u00e9vre<\/a><\/li>\n<li>K\u00e9relem <a href=\"https:\/\/semmelweis.hu\/gytk\/files\/2025\/08\/Vizsga-szorgalmi-idoszakban-VKV.pdf\">szorgalmi id\u0151szakban t\u00f6rt\u00e9n\u0151 vizsg\u00e1hoz<\/a><\/li>\n<li>M\u00e9lt\u00e1nyoss\u00e1gi <a href=\"https:\/\/semmelweis.hu\/gytk\/files\/2025\/08\/Meltanyossag.pdf\">k\u00e9relem (\u00e1ltal\u00e1nos)<\/a><\/li>\n<li>M\u00e9lt\u00e1nyoss\u00e1gi <a href=\"https:\/\/semmelweis.hu\/gytk\/files\/2025\/08\/Meltanyossag-hetedik-vizsga.pdf\">k\u00e9relem hetedik vizsg\u00e1n val\u00f3 r\u00e9szv\u00e9telre<\/a><\/li>\n<li>M\u00e9lt\u00e1nyoss\u00e1gi <a href=\"https:\/\/semmelweis.hu\/gytk\/files\/2026\/01\/Elofeltetel-_-nelkuli-_-targyfelvetel-_-ind-2.pdf\">k\u00e9relem el\u0151k\u00f6vetelm\u00e9ny t\u00e1rgy \u00e9s a r\u00e1\u00e9p\u00fcl\u0151 t\u00e1rgyak p\u00e1rhuzamos felv\u00e9tel\u00e9re<\/a><\/li>\n<li><a href=\"https:\/\/semmelweis.hu\/gytk\/files\/2025\/08\/Atveteli-kerelem.pdf\">\u00c1tv\u00e9teli k\u00e9relem<\/a><\/li>\n<li>K\u00e9relmek tant\u00e1rgy befogad\u00e1sra<\/li>\n<\/ul>\n<p style=\"padding-left: 40px\"><em> Kor\u00e1bbi fels\u0151fok\u00fa tanulm\u00e1nyok sor\u00e1n teljes\u00edtett t\u00e1rgyak befogad\u00e1s\u00e1ra ir\u00e1nyul\u00f3 k\u00e9relem beny\u00fajt\u00e1sa az erre a c\u00e9lra l\u00e9trehozott <strong>online \u0171rlap<\/strong> kit\u00f6lt\u00e9s\u00e9vel \u00e9s <strong>t\u00e1mogat\u00f3 dokumentumok<\/strong> csatol\u00e1s\u00e1val lehets\u00e9ges. Az online \u0171rlap bek\u00fcld\u00e9si hat\u00e1rideje: 2026. febru\u00e1r 6.<\/em><\/p>\n<ul>\n<li style=\"list-style-type: none\">\n<ul>\n<li>K\u00e9relem tant\u00e1rgy befogad\u00e1sra <a href=\"https:\/\/forms.office.com\/e\/UaAEzYXfFK\" target=\"_blank\" rel=\"noopener\">k\u00f6telez\u0151 t\u00e1rgyak<\/a> eset\u00e9ben<\/li>\n<\/ul>\n<\/li>\n<\/ul>\n<ul>\n<li style=\"list-style-type: none\">\n<ul>\n<li>K\u00e9relem tant\u00e1rgy befogad\u00e1sra <a href=\"https:\/\/forms.office.com\/e\/gzxyCZeXzR\" target=\"_blank\" rel=\"noopener\">v\u00e1laszthat\u00f3 t\u00e1rgyak<\/a> eset\u00e9ben<\/li>\n<\/ul>\n<\/li>\n<\/ul>\n<p><strong>\u00d6nk\u00f6lts\u00e9ges k\u00e9pz\u00e9sben r\u00e9sztvev\u0151 hallgat\u00f3knak:<\/strong><\/p>\n<ul>\n<li>K\u00e9relem-\u00f6nk\u00f6lts\u00e9gi d\u00edj <a href=\"https:\/\/semmelweis.hu\/gytk\/files\/2025\/08\/Onkoltseg-mersekles.pdf\">m\u00e9rs\u00e9kl\u00e9s\u00e9re<\/a><\/li>\n<li>K\u00e9relem-\u00f6nk\u00f6lts\u00e9gi d\u00edj <a href=\"https:\/\/semmelweis.hu\/gytk\/files\/2025\/08\/Onkoltseg-reszletfizetes.pdf\">r\u00e9szletfizet\u00e9si kedvezm\u00e9nyre<\/a><\/li>\n<li>K\u00e9relem \u00f6nk\u00f6lts\u00e9ges k\u00e9pz\u00e9sr\u0151l \u00e1llami \u00f6szt\u00f6nd\u00edjas k\u00e9pz\u00e9sre t\u00f6rt\u00e9n\u0151 <a href=\"https:\/\/semmelweis.hu\/gytk\/files\/2025\/08\/Onkoltsegrol-visszasorolas.pdf\">\u00e1tsorol\u00e1sra<\/a><\/li>\n<\/ul>\n<div>\u00a0<\/div>\n<div>\u00a0<\/div>\n<div>\u00a0<\/div>\n<p><strong>DIPLOMAMUNK\u00c1VAL<\/strong> KAPCSOLATOS NYOMTATV\u00c1NYOK<\/p>\n<ul>\n<li>Igazol\u00e1s <a href=\"https:\/\/semmelweis.hu\/gytk\/files\/2025\/08\/Diplomamunka-temavalasztas.pdf\">diplomamunka t\u00e9mav\u00e1laszt\u00e1sr\u00f3l<\/a><\/li>\n<li>Igazol\u00e1s <a href=\"https:\/\/semmelweis.hu\/gytk\/files\/2025\/08\/Diplomamunka-temavalasztas-kulsos-intezmenynel.pdf\">diplomamunka\u00a0t\u00e9mav\u00e1laszt\u00e1sr\u00f3l k\u00fcls\u0151s int\u00e9zm\u00e9ny eset\u00e9n<\/a><\/li>\n<\/ul>\n<p>&nbsp;<\/p>\n<ul>\n<li><a href=\"https:\/\/semmelweis.hu\/gytk\/files\/2025\/08\/Plagium-nyilatkozat.pdf\">Pl\u00e1gium nyilatkozat<\/a><\/li>\n<\/ul>\n<p>&nbsp;<\/p>\n<p><strong>DIPLOMAMUNK\u00c1VAL <\/strong>KAPCSOLATOS K\u00c9RELMEK<\/p>\n<p><strong>Diplomamunka t\u00e9mav\u00e1laszt\u00e1s m\u00f3dos\u00edt\u00e1sa<\/strong><\/p>\n<p style=\"padding-left: 40px\">Diplomamunka <a href=\"https:\/\/semmelweis.hu\/gytk\/files\/2025\/08\/Diploma-tema-modositas-intezeten-belul.pdf\">t\u00e9mav\u00e1laszt\u00e1s m\u00f3dos\u00edt\u00e1sa int\u00e9zeten bel\u00fcl<\/a><br \/>\nDiplomamunka <a href=\"https:\/\/semmelweis.hu\/gytk\/files\/2025\/08\/Diploma-tema-modositas-uj-intezet.pdf\">t\u00e9mav\u00e1laszt\u00e1s\u00a0m\u00f3dos\u00edt\u00e1sa \u00faj int\u00e9zetn\u00e9l<\/a><\/p>\n<div><strong>Diplomamunka k\u00e9sz\u00edt\u00e9s al\u00f3li mentess\u00e9g<\/strong><\/div>\n<div>\u00a0<\/div>\n<div>\n<div style=\"padding-left: 40px\">Diplomamunka k\u00e9sz\u00edt\u00e9s al\u00f3li mentess\u00e9g <a href=\"https:\/\/semmelweis.hu\/gytk\/files\/2025\/08\/Diploma-mentesseg-rektori-palyamunka.pdf\">rektori p\u00e1lyamunka alapj\u00e1n<\/a><\/div>\n<div style=\"padding-left: 40px\">Diplomamunka k\u00e9sz\u00edt\u00e9s\u00a0al\u00f3li mentess\u00e9g <a href=\"https:\/\/semmelweis.hu\/gytk\/files\/2025\/08\/Diploma-mentesseg-tudomanyos-cikk.pdf\">tudom\u00e1nyos cikk alapj\u00e1n<\/a><\/div>\n<\/div>\n<div>\u00a0<\/div>\n<div style=\"padding-left: 40px\">\u00a0<\/div>\n","protected":false},"excerpt":{"rendered":"<p>Az al\u00e1bbi nyomtatv\u00e1nyokat online kit\u00f6lt\u00e9s ut\u00e1n ki kell nyomtatni \u00e9s saj\u00e1t-kez\u0171leg al\u00e1\u00edrni. Az al\u00e1\u00edrt nyomtatv\u00e1nyokat szem\u00e9lyesen vagy szkennelve, e-mail \u00fatj\u00e1n lehet eljuttatni a <a href=\"https:\/\/semmelweis.hu\/gytk\/elerhetosegek\/\">Tanulm\u00e1nyi Oszt\u00e1ly<\/a> munkat\u00e1rsainak. &nbsp; HALLGAT\u00d3I K\u00c9RELMEKKEL KAPCSOLATOS NYOMTATV\u00c1NYOK K\u00e9relem hallgat\u00f3i <a href=\"https:\/\/semmelweis.hu\/gytk\/files\/2025\/08\/Jogviszony-szuneteltetes.pdf\">jogviszony sz\u00fcneteltet\u00e9s\u00e9re<\/a> K\u00e9relem hallgat\u00f3i <a href=\"https:\/\/semmelweis.hu\/gytk\/files\/2025\/08\/Hallgatoi-jogviszony-torlese.pdf\">jogviszony megsz\u00fcntet\u00e9s\u00e9re<\/a> K\u00e9relem <a href=\"https:\/\/semmelweis.hu\/gytk\/files\/2025\/08\/Utolagos-passziv.pdf\">ut\u00f3lagos passz\u00edv f\u00e9l\u00e9vre<\/a> K\u00e9relem <a href=\"https:\/\/semmelweis.hu\/gytk\/files\/2025\/08\/Vizsga-szorgalmi-idoszakban-VKV.pdf\">szorgalmi id\u0151szakban t\u00f6rt\u00e9n\u0151 vizsg\u00e1hoz<\/a> M\u00e9lt\u00e1nyoss\u00e1gi <a href=\"https:\/\/semmelweis.hu\/gytk\/files\/2025\/08\/Meltanyossag.pdf\">k\u00e9relem (\u00e1ltal\u00e1nos)<\/a> M\u00e9lt\u00e1nyoss\u00e1gi <a href=\"https:\/\/semmelweis.hu\/gytk\/files\/2025\/08\/Meltanyossag-hetedik-vizsga.pdf\">k\u00e9relem hetedik vizsg\u00e1n val\u00f3 r\u00e9szv\u00e9telre<\/a> M\u00e9lt\u00e1nyoss\u00e1gi <a href=\"https:\/\/semmelweis.hu\/gytk\/files\/2026\/01\/Elofeltetel-_-nelkuli-_-targyfelvetel-_-ind-2.pdf\">k\u00e9relem el\u0151k\u00f6vetelm\u00e9ny t\u00e1rgy \u00e9s a r\u00e1\u00e9p\u00fcl\u0151 t\u00e1rgyak p\u00e1rhuzamos felv\u00e9tel\u00e9re<\/a> <a href=\"https:\/\/semmelweis.hu\/gytk\/files\/2025\/08\/Atveteli-kerelem.pdf\">\u00c1tv\u00e9teli k\u00e9relem<\/a> K\u00e9relmek tant\u00e1rgy befogad\u00e1sra Kor\u00e1bbi fels\u0151fok\u00fa tanulm\u00e1nyok sor\u00e1n teljes\u00edtett t\u00e1rgyak befogad\u00e1s\u00e1ra ir\u00e1nyul\u00f3 k\u00e9relem beny\u00fajt\u00e1sa az erre a c\u00e9lra &hellip;<\/p>\n","protected":false},"author":101025,"featured_media":0,"parent":2088,"menu_order":11,"comment_status":"closed","ping_status":"closed","template":"","meta":{"_acf_changed":false,"footnotes":""},"categories":[],"tags":[],"class_list":["post-3125","page","type-page","status-publish","hentry"],"acf":[],"_links":{"self":[{"href":"https:\/\/semmelweis.hu\/gytk\/wp-json\/wp\/v2\/pages\/3125","targetHints":{"allow":["GET"]}}],"collection":[{"href":"https:\/\/semmelweis.hu\/gytk\/wp-json\/wp\/v2\/pages"}],"about":[{"href":"https:\/\/semmelweis.hu\/gytk\/wp-json\/wp\/v2\/types\/page"}],"author":[{"embeddable":true,"href":"https:\/\/semmelweis.hu\/gytk\/wp-json\/wp\/v2\/users\/101025"}],"replies":[{"embeddable":true,"href":"https:\/\/semmelweis.hu\/gytk\/wp-json\/wp\/v2\/comments?post=3125"}],"version-history":[{"count":11,"href":"https:\/\/semmelweis.hu\/gytk\/wp-json\/wp\/v2\/pages\/3125\/revisions"}],"predecessor-version":[{"id":18188,"href":"https:\/\/semmelweis.hu\/gytk\/wp-json\/wp\/v2\/pages\/3125\/revisions\/18188"}],"up":[{"embeddable":true,"href":"https:\/\/semmelweis.hu\/gytk\/wp-json\/wp\/v2\/pages\/2088"}],"wp:attachment":[{"href":"https:\/\/semmelweis.hu\/gytk\/wp-json\/wp\/v2\/media?parent=3125"}],"wp:term":[{"taxonomy":"category","embeddable":true,"href":"https:\/\/semmelweis.hu\/gytk\/wp-json\/wp\/v2\/categories?post=3125"},{"taxonomy":"post_tag","embeddable":true,"href":"https:\/\/semmelweis.hu\/gytk\/wp-json\/wp\/v2\/tags?post=3125"}],"curies":[{"name":"wp","href":"https:\/\/api.w.org\/{rel}","templated":true}]}}