{"id":30,"date":"2012-06-12T09:39:49","date_gmt":"2012-06-12T09:39:49","guid":{"rendered":"http:\/\/semmelweis-egyetem.hu\/gytk\/?page_id=30"},"modified":"2023-07-13T09:15:06","modified_gmt":"2023-07-13T07:15:06","slug":"aesculap","status":"publish","type":"page","link":"https:\/\/semmelweis.hu\/gytk\/a-karrol\/alapitvanyok\/aesculap\/","title":{"rendered":"AESCULAP"},"content":{"rendered":"<p>AESCULAP a Gy\u00f3gyszer\u00e9sztudom\u00e1ny\u00e9rt \u00e9s Oktat\u00e1s\u00e9rt Alap\u00edtv\u00e1nyt, a\u00a0F\u0151v\u00e1rosi B\u00edr\u00f3s\u00e1g az 1997. \u00e9vi CLVI. t\u00f6rv\u00e9ny 22.\u00a7 alapj\u00e1n k\u00f6zhaszn\u00fa t\u00e1rsas\u00e1gg\u00e1 nyilv\u00e1n\u00edtotta.<\/p>\n<p>AZ ALAP\u00cdTV\u00c1NY SZ\u00c9KHELYE: 1085. BUDAPEST, \u00dcLL\u0150I \u00daT 26.<\/p>\n<p>Az alap\u00edt\u00f3k az Alap\u00edtv\u00e1ny jav\u00e1ra \u00e1tadott vagyoni erej\u00fckkel hozz\u00e1j\u00e1rulnak a Gy\u00f3gyszer\u00e9sztudom\u00e1nyi Kar m\u0171k\u00f6d\u00e9s\u00e9nek fenntart\u00e1s\u00e1hoz, a kari int\u00e9zetek, valamint a gy\u00f3gyszer\u00e9szk\u00e9pz\u00e9s fejleszt\u00e9s\u00e9hez \u00e9s felt\u00e9teleinek jav\u00edt\u00e1s\u00e1hoz.<\/p>\n<p><strong>AZ ALAP\u00cdTV\u00c1NY C\u00c9LJA:<\/strong><\/p>\n<p>Tudom\u00e1nyos tev\u00e9kenys\u00e9g, kutat\u00e1s, nevel\u00e9s \u00e9s oktat\u00e1s, k\u00e9pess\u00e9gfejleszt\u00e9s, ismeretterjeszt\u00e9s.<\/p>\n<p><strong>AZ ALAP\u00cdTV\u00c1NY T\u00c1MOGATJA A SEMMELWEIS EGYETEM GY\u00d3GYSZER\u00c9SZTUDOM\u00c1NYI KAR:<\/strong><\/p>\n<ul>\n<li>fenntart\u00e1s\u00e1t,<\/li>\n<li>el\u0151seg\u00edti a Kar oktat\u00f3inak tudom\u00e1nyos rendezv\u00e9nyeken val\u00f3 r\u00e9szv\u00e9tel\u00e9t, kik\u00fcldet\u00e9s\u00e9t a k\u00f6lts\u00e9gek r\u00e9szbeni \u00e1tv\u00e1llal\u00e1s\u00e1val,<\/li>\n<li>t\u00e1mogatja a Kar hallgat\u00f3inak nemzetk\u00f6zi \u00e9s hazai rendezv\u00e9nyeken val\u00f3 r\u00e9szv\u00e9tel\u00e9t,<\/li>\n<li>el\u0151seg\u00edti sikeres m\u0171k\u00f6d\u00e9s\u00fcket a j\u00f6v\u0151j\u00fcket megalapoz\u00f3 nemzetk\u00f6zi kapcsolatok \u00e9p\u00edt\u00e9s\u00e9ben,<\/li>\n<li>oktat\u00e1si \u00e9s tudom\u00e1nyos feladatok, kutat\u00e1si tervek k\u00f6lts\u00e9gh\u00e1nyadainak \u00e1tv\u00e1llal\u00e1sa,<\/li>\n<li>p\u00e1ly\u00e1zatok ki\u00edr\u00e1sa \u00e9s lebonyol\u00edt\u00e1sa, a sikeres p\u00e1ly\u00e1zok \u00e9s m\u0171veik d\u00edjaz\u00e1sa a gy\u00f3gyszer\u00e9szeti tudom\u00e1ny \u00e9s gyakorlat k\u00fcl\u00f6nb\u00f6z\u0151 ter\u00fcletein,<\/li>\n<li>kapcsolatteremt\u00e9s m\u00e1s magyar \u00e9s k\u00fclf\u00f6ldi t\u00e1rsalap\u00edtv\u00e1nnyal, t\u00e1rsadalmi szervezetekkel, int\u00e9zm\u00e9nyekkel, amelyek hasonl\u00f3 c\u00e9lok megval\u00f3s\u00edt\u00e1s\u00e1t t\u0171zt\u00e9k ki c\u00e9lul.<\/li>\n<\/ul>\n<p>A k\u00f6zhaszn\u00fa tev\u00e9kenys\u00e9gr\u0151l sz\u00f3l\u00f3 jelent\u00e9sbe, \u00e9s az Alap\u00edtv\u00e1ny el\u0151z\u0151 \u00e9vi m\u00e9rleg\u00e9be Dr. M\u00e1tyus P\u00e9ter egyetemi tan\u00e1rn\u00e1l, az Alap\u00edtv\u00e1ny Kurat\u00f3rium\u00e1nak Eln\u00f6k\u00e9n\u00e9l lehet betekinteni.\u00a0C\u00edm: 1092 Budapest, H\u0151gyes Endre u. 7.<\/p>\n<h5 style=\"text-align: right;\"><a href=\"https:\/\/semmelweis.hu\/gytk\/category\/hireink\/palyazat\/\">P\u00e1ly\u00e1zati felh\u00edv\u00e1sok \u2192<\/a><\/h5>\n","protected":false},"excerpt":{"rendered":"<p>AESCULAP a Gy\u00f3gyszer\u00e9sztudom\u00e1ny\u00e9rt \u00e9s Oktat\u00e1s\u00e9rt Alap\u00edtv\u00e1nyt, a\u00a0F\u0151v\u00e1rosi B\u00edr\u00f3s\u00e1g az 1997. \u00e9vi CLVI. t\u00f6rv\u00e9ny 22.\u00a7 alapj\u00e1n k\u00f6zhaszn\u00fa t\u00e1rsas\u00e1gg\u00e1 nyilv\u00e1n\u00edtotta. AZ ALAP\u00cdTV\u00c1NY SZ\u00c9KHELYE: 1085. BUDAPEST, \u00dcLL\u0150I \u00daT 26. Az alap\u00edt\u00f3k az Alap\u00edtv\u00e1ny jav\u00e1ra \u00e1tadott vagyoni erej\u00fckkel hozz\u00e1j\u00e1rulnak a Gy\u00f3gyszer\u00e9sztudom\u00e1nyi Kar m\u0171k\u00f6d\u00e9s\u00e9nek fenntart\u00e1s\u00e1hoz, a kari int\u00e9zetek, valamint a gy\u00f3gyszer\u00e9szk\u00e9pz\u00e9s fejleszt\u00e9s\u00e9hez \u00e9s felt\u00e9teleinek jav\u00edt\u00e1s\u00e1hoz. AZ ALAP\u00cdTV\u00c1NY C\u00c9LJA: Tudom\u00e1nyos tev\u00e9kenys\u00e9g, &hellip;<\/p>\n","protected":false},"author":8,"featured_media":0,"parent":28,"menu_order":2,"comment_status":"open","ping_status":"open","template":"","meta":{"_acf_changed":false,"footnotes":""},"categories":[],"tags":[],"class_list":["post-30","page","type-page","status-publish","hentry"],"acf":[],"_links":{"self":[{"href":"https:\/\/semmelweis.hu\/gytk\/wp-json\/wp\/v2\/pages\/30","targetHints":{"allow":["GET"]}}],"collection":[{"href":"https:\/\/semmelweis.hu\/gytk\/wp-json\/wp\/v2\/pages"}],"about":[{"href":"https:\/\/semmelweis.hu\/gytk\/wp-json\/wp\/v2\/types\/page"}],"author":[{"embeddable":true,"href":"https:\/\/semmelweis.hu\/gytk\/wp-json\/wp\/v2\/users\/8"}],"replies":[{"embeddable":true,"href":"https:\/\/semmelweis.hu\/gytk\/wp-json\/wp\/v2\/comments?post=30"}],"version-history":[{"count":11,"href":"https:\/\/semmelweis.hu\/gytk\/wp-json\/wp\/v2\/pages\/30\/revisions"}],"predecessor-version":[{"id":14443,"href":"https:\/\/semmelweis.hu\/gytk\/wp-json\/wp\/v2\/pages\/30\/revisions\/14443"}],"up":[{"embeddable":true,"href":"https:\/\/semmelweis.hu\/gytk\/wp-json\/wp\/v2\/pages\/28"}],"wp:attachment":[{"href":"https:\/\/semmelweis.hu\/gytk\/wp-json\/wp\/v2\/media?parent=30"}],"wp:term":[{"taxonomy":"category","embeddable":true,"href":"https:\/\/semmelweis.hu\/gytk\/wp-json\/wp\/v2\/categories?post=30"},{"taxonomy":"post_tag","embeddable":true,"href":"https:\/\/semmelweis.hu\/gytk\/wp-json\/wp\/v2\/tags?post=30"}],"curies":[{"name":"wp","href":"https:\/\/api.w.org\/{rel}","templated":true}]}}