{"id":29,"date":"2012-06-12T09:38:24","date_gmt":"2012-06-12T09:38:24","guid":{"rendered":"http:\/\/semmelweis-egyetem.hu\/gytk\/?page_id=29"},"modified":"2023-07-13T09:13:26","modified_gmt":"2023-07-13T07:13:26","slug":"magyarorszagi-gyogyszerkutatasert","status":"publish","type":"page","link":"https:\/\/semmelweis.hu\/gytk\/a-karrol\/alapitvanyok\/magyarorszagi-gyogyszerkutatasert\/","title":{"rendered":"Alap\u00edtv\u00e1ny a Magyarorsz\u00e1gi Gy\u00f3gyszerkutat\u00e1s\u00e9rt"},"content":{"rendered":"<p>Az Alap\u00edtv\u00e1ny a Magyarorsz\u00e1gi Gy\u00f3gyszerkutat\u00e1s\u00e9rt alap\u00edtv\u00e1nyt 1997-ben hozt\u00e1k l\u00e9tre az Alap\u00edt\u00f3k \u00e9s 1998-ban nyilv\u00e1n\u00edtotta k\u00f6zhaszn\u00fa szervezett\u00e9 a F\u0151v\u00e1rosi B\u00edr\u00f3s\u00e1g.<\/p>\n<p><strong>A Kurat\u00f3rium sz\u00e9khelye:<\/strong> <br \/>\nSemmelweis Egyetem, Gy\u00f3gyszer\u00e9szi K\u00e9miai Int\u00e9zet &#8211;\u00a01092 Budapest, H\u0151gyes E. u. 9.<\/p>\n<p>C\u00c9LJAI: <b>\u00a0<\/b><\/p>\n<ul>\n<li class=\"li\"><b>a hazai gy\u00f3gyszerkutat\u00e1s \u00e9s gy\u00f3gyszertechnol\u00f3giai kutat\u00e1s \u00e9s az ezekhez kapcsol\u00f3d\u00f3 tudom\u00e1nyter\u00fcletek fejl\u0151d\u00e9s\u00e9nek,<\/b><\/li>\n<li class=\"li\">a kutat\u00e1si eredm\u00e9nyek gyakorlati alkalmaz\u00e1s\u00e1nak el\u0151seg\u00edt\u00e9se, valamint<\/li>\n<li class=\"li\">a Gy\u00f3gyszerk\u00e9miai \u00e9s Gy\u00f3gyszertechnol\u00f3giai Munkabizotts\u00e1g szakmai tev\u00e9kenys\u00e9g\u00e9nek el\u0151seg\u00edt\u00e9se, t\u00e1mogat\u00e1sa.<\/li>\n<\/ul>\n<p><b> <\/b> \u00a0 ALAP\u00cdT\u00d3 TAGJAI: <b>\u00a0<\/b><\/p>\n<ul>\n<li class=\"li\"><b>Prof. Dr. Hermecz Istv\u00e1n<\/b><\/li>\n<li class=\"li\">Tak\u00e1csn\u00e9 Prof. Dr. Nov\u00e1k Krisztina<\/li>\n<li class=\"li\">Prof. Dr. Sch\u0151n Istv\u00e1n<\/li>\n<\/ul>\n<p><b> <\/b> \u00a0 AZ ALAP\u00cdTV\u00c1NY ELS\u0150 KURAT\u00d3RIUM\u00c1NAK TAGJAI: <b>\u00a0<\/b><\/p>\n<ul>\n<li class=\"li\"><b>Prof. Dr. Sz\u00e1sz Gy\u00f6rgy, eln\u00f6k<\/b><\/li>\n<li class=\"li\">Prof. Dr. M\u00e1tyus P\u00e9ter, titk\u00e1r<\/li>\n<li class=\"li\">Prof. Dr. Er\u0151s Istv\u00e1n<\/li>\n<li class=\"li\">Prof. Dr. Gyires Kl\u00e1ra<\/li>\n<li class=\"li\">Prof. Dr. F\u00fcl\u00f6p Ferenc<\/li>\n<li class=\"li\">Prof. Dr. Hermecz Istv\u00e1n<\/li>\n<li class=\"li\">Prof. Dr. Sch\u0151n Istv\u00e1n<\/li>\n<\/ul>\n<p><b> <\/b> \u00a0 <b>1999. m\u00e1jus 15-t\u0151l az Alap\u00edtv\u00e1ny titk\u00e1ra: Dr. Zelk\u00f3 Rom\u00e1na<\/b><\/p>\n<p>2000. augusztus 1-t\u0151l, Dr. Sch\u0151n Istv\u00e1n v\u00e1ratlan hal\u00e1l\u00e1t k\u00f6vet\u0151en, a Kurat\u00f3rium tagjai sor\u00e1ba v\u00e1lasztotta Dr. Greiner Istv\u00e1nt.<\/p>\n<p>CSATLAKOZ\u00c1S AZ ALAP\u00cdTV\u00c1NYHOZ:<\/p>\n<p>Az Alap\u00edtv\u00e1ny nyitott, ahhoz b\u00e1rmely hazai vagy k\u00fclf\u00f6ldi term\u00e9szetes vagy jogi szem\u00e9ly, illetve jogi szem\u00e9lyis\u00e9ggel nem rendelkez\u0151 szervezet p\u00e9nzbeli adom\u00e1nnyal, vagyonrendel\u00e9ssel csatlakozhat.<\/p>\n<p>AZ ALAP\u00cdTV\u00c1NY C\u00c9LJ\u00c1NAK MEGVAL\u00d3S\u00cdT\u00c1SA \u00c9RDEK\u00c9BEN: <b>\u00a0<\/b><\/p>\n<ul>\n<li class=\"li\"><b>tudom\u00e1nyos konferenci\u00e1kat \u00e9s rendezv\u00e9nyeket szervez, illetve hozz\u00e1j\u00e1rul a kutat\u00f3k azokon val\u00f3 r\u00e9szv\u00e9tel\u00e9nek finansz\u00edroz\u00e1s\u00e1hoz,<\/b><\/li>\n<li class=\"li\">lehet\u0151s\u00e9geihez m\u00e9rten bekapcsol\u00f3dik a posztgradu\u00e1lis k\u00e9pz\u00e9sbe, annak t\u00e1mogat\u00e1s\u00e1ba,<\/li>\n<li class=\"li\">szakmai d\u00edjat adom\u00e1nyoz Ph.D. fokozatot szerzett kutat\u00f3k r\u00e9sz\u00e9re,<\/li>\n<li class=\"li\">kutat\u00e1si tev\u00e9kenys\u00e9g elismer\u00e9s\u00e9hez k\u00fcl\u00f6n d\u00edjaz\u00e1s juttat\u00e1s\u00e1val is hozz\u00e1j\u00e1rul,<\/li>\n<li class=\"li\">kutat\u00e1sokat szervez \u00e9s finansz\u00edroz,<\/li>\n<li class=\"li\">egy\u00e9b, a c\u00e9l megval\u00f3s\u00edt\u00e1s\u00e1hoz sz\u00fcks\u00e9ges feladatokat l\u00e1t el.<\/li>\n<\/ul>\n<h5 style=\"text-align: right;\"><a href=\"https:\/\/semmelweis.hu\/gytk\/category\/hireink\/palyazat\/\">P\u00e1ly\u00e1zati felh\u00edv\u00e1sok \u2192<\/a><\/h5>\n<p style=\"text-align: justify;\">\u00a0<\/p>\n<p style=\"text-align: justify;\">\u00a0<\/p>\n","protected":false},"excerpt":{"rendered":"<p>Az Alap\u00edtv\u00e1ny a Magyarorsz\u00e1gi Gy\u00f3gyszerkutat\u00e1s\u00e9rt alap\u00edtv\u00e1nyt 1997-ben hozt\u00e1k l\u00e9tre az Alap\u00edt\u00f3k \u00e9s 1998-ban nyilv\u00e1n\u00edtotta k\u00f6zhaszn\u00fa szervezett\u00e9 a F\u0151v\u00e1rosi B\u00edr\u00f3s\u00e1g. A Kurat\u00f3rium sz\u00e9khelye: Semmelweis Egyetem, Gy\u00f3gyszer\u00e9szi K\u00e9miai Int\u00e9zet &#8211;\u00a01092 Budapest, H\u0151gyes E. u. 9. C\u00c9LJAI: \u00a0 a hazai gy\u00f3gyszerkutat\u00e1s \u00e9s gy\u00f3gyszertechnol\u00f3giai kutat\u00e1s \u00e9s az ezekhez kapcsol\u00f3d\u00f3 tudom\u00e1nyter\u00fcletek fejl\u0151d\u00e9s\u00e9nek, a kutat\u00e1si eredm\u00e9nyek gyakorlati alkalmaz\u00e1s\u00e1nak el\u0151seg\u00edt\u00e9se, valamint a &hellip;<\/p>\n","protected":false},"author":8,"featured_media":0,"parent":28,"menu_order":1,"comment_status":"open","ping_status":"open","template":"","meta":{"_acf_changed":false,"footnotes":""},"categories":[],"tags":[],"class_list":["post-29","page","type-page","status-publish","hentry"],"acf":[],"_links":{"self":[{"href":"https:\/\/semmelweis.hu\/gytk\/wp-json\/wp\/v2\/pages\/29","targetHints":{"allow":["GET"]}}],"collection":[{"href":"https:\/\/semmelweis.hu\/gytk\/wp-json\/wp\/v2\/pages"}],"about":[{"href":"https:\/\/semmelweis.hu\/gytk\/wp-json\/wp\/v2\/types\/page"}],"author":[{"embeddable":true,"href":"https:\/\/semmelweis.hu\/gytk\/wp-json\/wp\/v2\/users\/8"}],"replies":[{"embeddable":true,"href":"https:\/\/semmelweis.hu\/gytk\/wp-json\/wp\/v2\/comments?post=29"}],"version-history":[{"count":11,"href":"https:\/\/semmelweis.hu\/gytk\/wp-json\/wp\/v2\/pages\/29\/revisions"}],"predecessor-version":[{"id":14442,"href":"https:\/\/semmelweis.hu\/gytk\/wp-json\/wp\/v2\/pages\/29\/revisions\/14442"}],"up":[{"embeddable":true,"href":"https:\/\/semmelweis.hu\/gytk\/wp-json\/wp\/v2\/pages\/28"}],"wp:attachment":[{"href":"https:\/\/semmelweis.hu\/gytk\/wp-json\/wp\/v2\/media?parent=29"}],"wp:term":[{"taxonomy":"category","embeddable":true,"href":"https:\/\/semmelweis.hu\/gytk\/wp-json\/wp\/v2\/categories?post=29"},{"taxonomy":"post_tag","embeddable":true,"href":"https:\/\/semmelweis.hu\/gytk\/wp-json\/wp\/v2\/tags?post=29"}],"curies":[{"name":"wp","href":"https:\/\/api.w.org\/{rel}","templated":true}]}}