{"id":2853,"date":"2016-04-07T10:12:28","date_gmt":"2016-04-07T08:12:28","guid":{"rendered":"http:\/\/semmelweis.hu\/gytk\/?page_id=2853"},"modified":"2025-11-25T10:06:15","modified_gmt":"2025-11-25T09:06:15","slug":"tantargyi-programok","status":"publish","type":"page","link":"https:\/\/semmelweis.hu\/gytk\/oktatas\/tantargyi-programok\/","title":{"rendered":"Tant\u00e1rgyi programok"},"content":{"rendered":"<p>A Gy\u00f3gyszer\u00e9sztudom\u00e1nyi Karon a <strong>2025-2026<\/strong>. tan\u00e9vben oktatott\u00a0tant\u00e1rgyak le\u00edr\u00e1sa az al\u00e1bbi linkekr\u0151l t\u00f6lthet\u0151k le.<\/p>\n<p><strong>I. \u00e9vfolyam<\/strong><\/p>\n<ul>\n<li>1. f\u00e9l\u00e9v tant\u00e1rgyi programok let\u00f6lthet\u0151k <a href=\"https:\/\/semmelweis.hu\/gytk\/files\/2025\/09\/I_I.zip\" target=\"_blank\" rel=\"noopener\">innen.<\/a><\/li>\n<li>\n<p>2. f\u00e9l\u00e9v tant\u00e1rgyi programok let\u00f6lthet\u0151k <a href=\"https:\/\/semmelweis.hu\/gytk\/files\/2025\/09\/I_II.zip\" target=\"_blank\" rel=\"noopener\">innen.<\/a><\/p>\n<\/li>\n<\/ul>\n<p><strong>II. \u00e9vfolyam<\/strong><\/p>\n<ul>\n<li>1. f\u00e9l\u00e9v tant\u00e1rgyi programok let\u00f6lthet\u0151k <a href=\"https:\/\/semmelweis.hu\/gytk\/files\/2025\/09\/II_I.zip\" target=\"_blank\" rel=\"noopener\">innen.<\/a><\/li>\n<li>\n<p>2. f\u00e9l\u00e9v tant\u00e1rgyi programok let\u00f6lthet\u0151k <a href=\"https:\/\/semmelweis.hu\/gytk\/files\/2025\/09\/II_II.zip\" target=\"_blank\" rel=\"noopener\">innen.<\/a><\/p>\n<\/li>\n<\/ul>\n<p><strong>III. \u00e9vfolyam<\/strong><\/p>\n<ul>\n<li>1. f\u00e9l\u00e9v tant\u00e1rgyi programok let\u00f6lthet\u0151k <a href=\"https:\/\/semmelweis.hu\/gytk\/files\/2025\/09\/III_I.zip\" target=\"_blank\" rel=\"noopener\">innen.<\/a><\/li>\n<li>\n<p>2. f\u00e9l\u00e9v tant\u00e1rgyi programok let\u00f6lthet\u0151k <a href=\"https:\/\/semmelweis.hu\/gytk\/files\/2025\/09\/III_II.zip\" target=\"_blank\" rel=\"noopener\">innen.<\/a><\/p>\n<\/li>\n<\/ul>\n<p><strong style=\"font-size: 1rem\">IV. \u00e9vfolyam<\/strong><\/p>\n<ul>\n<li>1. f\u00e9l\u00e9v tant\u00e1rgyi programok let\u00f6lthet\u0151k <a href=\"https:\/\/semmelweis.hu\/gytk\/files\/2025\/09\/IV_I.zip\" target=\"_blank\" rel=\"noopener\">innen.<\/a><\/li>\n<li>\n<p>2. f\u00e9l\u00e9v tant\u00e1rgyi programok let\u00f6lthet\u0151k <a href=\"https:\/\/semmelweis.hu\/gytk\/files\/2025\/09\/IV_II.zip\" target=\"_blank\" rel=\"noopener\">innen.<\/a>.<\/p>\n<\/li>\n<\/ul>\n<p><strong>V. \u00e9vfolyam<\/strong><\/p>\n<ul>\n<li>1. f\u00e9l\u00e9v tant\u00e1rgyi programok let\u00f6lthet\u0151k <a href=\"https:\/\/semmelweis.hu\/gytk\/files\/2025\/09\/V_I.zip\" target=\"_blank\" rel=\"noopener\">innen<\/a>.\n<p>&nbsp;<\/p>\n<\/li>\n<\/ul>\n<p><strong>Szabadon v\u00e1laszthat\u00f3 <\/strong>2025-2026\u00a0 tant\u00e1rgyak let\u00f6lthet\u0151k <a href=\"https:\/\/semmelweis.hu\/gytk\/files\/2025\/09\/szabadon-valaszthato-targyak-2025_26.zip\" target=\"_blank\" rel=\"noopener\">innen<\/a> .<\/p>\n<p><strong>Nyelvi k\u00f6vetelm\u00e9nyek<\/strong> teljes\u00edt\u00e9s\u00e9hez sz\u00fcks\u00e9ges tant\u00e1rgyak programjai let\u00f6lthet\u0151k <a href=\"https:\/\/semmelweis.hu\/gytk\/files\/2025\/09\/Nyelvi-kovetelmenyek.zip\" target=\"_blank\" rel=\"noopener\">innen<\/a>.<\/p>\n<p>&nbsp;<\/p>\n<p>A Gy\u00f3gyszer\u00e9sztudom\u00e1nyi Karon a <strong>2024-2025<\/strong>. tan\u00e9vben oktatott\u00a0tant\u00e1rgyak le\u00edr\u00e1sa az al\u00e1bbi linkekr\u0151l t\u00f6lthet\u0151k le.<\/p>\n<p><strong>I. \u00e9vfolyam<\/strong><\/p>\n<ul>\n<li>1. f\u00e9l\u00e9v tant\u00e1rgyi programok let\u00f6lthet\u0151k <a href=\"https:\/\/semmelweis.hu\/gytk\/files\/2025\/11\/I_I-1-jav.zip\">innen.<\/a><\/li>\n<li>\n<p>2. f\u00e9l\u00e9v tant\u00e1rgyi programok let\u00f6lthet\u0151k <a href=\"https:\/\/semmelweis.hu\/gytk\/files\/2024\/09\/I_II.zip\" target=\"_blank\" rel=\"noopener\">innen.<\/a><\/p>\n<\/li>\n<\/ul>\n<p><strong>II. \u00e9vfolyam<\/strong><\/p>\n<ul>\n<li>1. f\u00e9l\u00e9v tant\u00e1rgyi programok let\u00f6lthet\u0151k <a href=\"https:\/\/semmelweis.hu\/gytk\/files\/2024\/09\/II_I.zip\" target=\"_blank\" rel=\"noopener\">innen.<\/a><\/li>\n<li>\n<p>2. f\u00e9l\u00e9v tant\u00e1rgyi programok let\u00f6lthet\u0151k <a href=\"https:\/\/semmelweis.hu\/gytk\/files\/2024\/09\/II_II.zip\" target=\"_blank\" rel=\"noopener\">innen.<\/a><\/p>\n<\/li>\n<\/ul>\n<p><strong>III. \u00e9vfolyam<\/strong><\/p>\n<ul>\n<li>1. f\u00e9l\u00e9v tant\u00e1rgyi programok let\u00f6lthet\u0151k <a href=\"https:\/\/semmelweis.hu\/gytk\/files\/2024\/09\/III_I.zip\" target=\"_blank\" rel=\"noopener\">innen.<\/a><\/li>\n<li>\n<p>2. f\u00e9l\u00e9v tant\u00e1rgyi programok let\u00f6lthet\u0151k <a href=\"https:\/\/semmelweis.hu\/gytk\/files\/2024\/09\/III_II.zip\" target=\"_blank\" rel=\"noopener\">innen.<\/a><\/p>\n<\/li>\n<\/ul>\n<p><strong>IV. \u00e9vfolyam<\/strong><\/p>\n<ul>\n<li>1. f\u00e9l\u00e9v tant\u00e1rgyi programok let\u00f6lthet\u0151k <a href=\"https:\/\/semmelweis.hu\/gytk\/files\/2024\/09\/IV_I.zip\" target=\"_blank\" rel=\"noopener\">innen.<\/a><\/li>\n<li>\n<p>2. f\u00e9l\u00e9v tant\u00e1rgyi programok let\u00f6lthet\u0151k <a href=\"https:\/\/semmelweis.hu\/gytk\/files\/2024\/09\/IV_II.zip\" target=\"_blank\" rel=\"noopener\">innen.<\/a><\/p>\n<\/li>\n<\/ul>\n<p><strong>V. \u00e9vfolyam<\/strong><\/p>\n<ul>\n<li>1. f\u00e9l\u00e9v tant\u00e1rgyi programok let\u00f6lthet\u0151k <a href=\"https:\/\/semmelweis.hu\/gytk\/files\/2024\/12\/Tantargyi-programok-V-evf.zip\">innen.<\/a>\n<p>&nbsp;<\/p>\n<\/li>\n<\/ul>\n<p><strong>Szabadon v\u00e1laszthat\u00f3 <\/strong>2024-2025\u00a0 tant\u00e1rgyak let\u00f6lthet\u0151k <a href=\"https:\/\/semmelweis.hu\/gytk\/files\/2024\/09\/Szabadon-valaszthato-targyak.zip\" target=\"_blank\" rel=\"noopener\">innen.<\/a><\/p>\n<p><strong>Nyelvi k\u00f6vetelm\u00e9nyek<\/strong> teljes\u00edt\u00e9s\u00e9hez sz\u00fcks\u00e9ges tant\u00e1rgyak programjai let\u00f6lthet\u0151k <a href=\"https:\/\/semmelweis.hu\/gytk\/files\/2024\/12\/Szaknyelvi-alapvizsga-es-nyelvi-zarovizsga.zip\">innen.<\/a><\/p>\n<p>&nbsp;<\/p>\n<p>A Gy\u00f3gyszer\u00e9sztudom\u00e1nyi Karon a <strong>2023-2024<\/strong>. tan\u00e9vben oktatott\u00a0tant\u00e1rgyak le\u00edr\u00e1sa az al\u00e1bbi linkekr\u0151l t\u00f6lthet\u0151k le.<\/p>\n<p><strong>I. \u00e9vfolyam<\/strong><\/p>\n<ul>\n<li>1. f\u00e9l\u00e9v tant\u00e1rgyi programok let\u00f6lthet\u0151k <a href=\"https:\/\/semmelweis.hu\/gytk\/files\/2023\/12\/I_I.zip\" target=\"_blank\" rel=\"noopener\">innen.<\/a><\/li>\n<li>\n<p>2. f\u00e9l\u00e9v tant\u00e1rgyi programok let\u00f6lthet\u0151k <a href=\"https:\/\/semmelweis.hu\/gytk\/files\/2023\/12\/I_II.zip\" target=\"_blank\" rel=\"noopener\">innen.<\/a><\/p>\n<\/li>\n<\/ul>\n<p><strong>II. \u00e9vfolyam<\/strong><\/p>\n<ul>\n<li>1. f\u00e9l\u00e9v tant\u00e1rgyi programok let\u00f6lthet\u0151k <a href=\"https:\/\/semmelweis.hu\/gytk\/files\/2023\/12\/II_I.zip\" target=\"_blank\" rel=\"noopener\">innen.<\/a><\/li>\n<li>\n<p>2. f\u00e9l\u00e9v tant\u00e1rgyi programok let\u00f6lthet\u0151k <a href=\"https:\/\/semmelweis.hu\/gytk\/files\/2023\/12\/II_II.zip\">innen<\/a>.<\/p>\n<\/li>\n<\/ul>\n<p><strong>III. \u00e9vfolyam<\/strong><\/p>\n<ul>\n<li>1. f\u00e9l\u00e9v tant\u00e1rgyi programok let\u00f6lthet\u0151k <a href=\"https:\/\/semmelweis.hu\/gytk\/files\/2023\/12\/III_I.zip\" target=\"_blank\" rel=\"noopener\">innen.<\/a><\/li>\n<li>\n<p>2. f\u00e9l\u00e9v tant\u00e1rgyi programok let\u00f6lthet\u0151k <a href=\"https:\/\/semmelweis.hu\/gytk\/files\/2023\/12\/III_II.zip\" target=\"_blank\" rel=\"noopener\">innen.<\/a><\/p>\n<\/li>\n<\/ul>\n<p><strong>IV. \u00e9vfolyam<\/strong><\/p>\n<ul>\n<li>1. f\u00e9l\u00e9v tant\u00e1rgyi programok let\u00f6lthet\u0151k <a href=\"https:\/\/semmelweis.hu\/gytk\/files\/2023\/12\/IV_I.zip\" target=\"_blank\" rel=\"noopener\">innen.<\/a><\/li>\n<li>\n<p>2. f\u00e9l\u00e9v tant\u00e1rgyi programok let\u00f6lthet\u0151k <a href=\"https:\/\/semmelweis.hu\/gytk\/files\/2023\/12\/IV_II.zip\" target=\"_blank\" rel=\"noopener\">innen.<\/a><\/p>\n<\/li>\n<\/ul>\n<p><strong>V. \u00e9vfolyam<\/strong><\/p>\n<ul>\n<li>1. f\u00e9l\u00e9v tant\u00e1rgyi programok let\u00f6lthet\u0151k <a href=\"https:\/\/semmelweis.hu\/gytk\/files\/2023\/12\/V_I.zip\" target=\"_blank\" rel=\"noopener\">innen.<\/a>\n<p>&nbsp;<\/p>\n<\/li>\n<\/ul>\n<p><strong>Szabadon v\u00e1laszthat\u00f3 <\/strong>2023-2024\u00a0 tant\u00e1rgyak let\u00f6lthet\u0151k <a href=\"https:\/\/semmelweis.hu\/gytk\/files\/2023\/12\/szabadon-valaszthato.zip\" target=\"_blank\" rel=\"noopener\">innen.<\/a><\/p>\n<p>&nbsp;<\/p>\n<p>A Gy\u00f3gyszer\u00e9sztudom\u00e1nyi Karon a <strong>2022-2023<\/strong>. tan\u00e9vben oktatott\u00a0tant\u00e1rgyak le\u00edr\u00e1sa az al\u00e1bbi linkekr\u0151l t\u00f6lthet\u0151k le.<\/p>\n<p><strong>I. \u00e9vfolyam<\/strong><\/p>\n<ul>\n<li>1. f\u00e9l\u00e9v tant\u00e1rgyi programok let\u00f6lthet\u0151k <a href=\"https:\/\/semmelweis.hu\/gytk\/files\/2024\/02\/I_I_22_23.zip\" target=\"_blank\" rel=\"noopener\">innen<\/a>.<\/li>\n<li>\n<p>2. f\u00e9l\u00e9v tant\u00e1rgyi programok let\u00f6lthet\u0151k <a href=\"https:\/\/semmelweis.hu\/gytk\/files\/2024\/02\/I_II_22_23.zip\" target=\"_blank\" rel=\"noopener\">innen<\/a>.<\/p>\n<\/li>\n<\/ul>\n<p><strong>II. \u00e9vfolyam<\/strong><\/p>\n<ul>\n<li>1. f\u00e9l\u00e9v tant\u00e1rgyi programok let\u00f6lthet\u0151k <a href=\"https:\/\/semmelweis.hu\/gytk\/files\/2024\/02\/II_I_22_23.zip\" target=\"_blank\" rel=\"noopener\">innen<\/a>.<\/li>\n<li>\n<p>2. f\u00e9l\u00e9v tant\u00e1rgyi programok let\u00f6lthet\u0151k <a href=\"https:\/\/semmelweis.hu\/gytk\/files\/2024\/02\/II_II_22_23.zip\" target=\"_blank\" rel=\"noopener\">innen<\/a>.<\/p>\n<\/li>\n<\/ul>\n<p><strong>III. \u00e9vfolyam<\/strong><\/p>\n<ul>\n<li>1. f\u00e9l\u00e9v tant\u00e1rgyi programok let\u00f6lthet\u0151k <a href=\"https:\/\/semmelweis.hu\/gytk\/files\/2024\/02\/III_I_22_23.zip\" target=\"_blank\" rel=\"noopener\">innen<\/a>.<\/li>\n<li>\n<p>2. f\u00e9l\u00e9v tant\u00e1rgyi programok let\u00f6lthet\u0151k <a href=\"https:\/\/semmelweis.hu\/gytk\/files\/2024\/02\/III_II_22_23.zip\" target=\"_blank\" rel=\"noopener\">innen<\/a>.<\/p>\n<\/li>\n<\/ul>\n<p><strong>IV. \u00e9vfolyam<\/strong><\/p>\n<ul>\n<li>1. f\u00e9l\u00e9v tant\u00e1rgyi programok let\u00f6lthet\u0151k <a href=\"https:\/\/semmelweis.hu\/gytk\/files\/2024\/02\/IV_I_22_23.zip\" target=\"_blank\" rel=\"noopener\">innen<\/a>.<\/li>\n<li>\n<p>2. f\u00e9l\u00e9v tant\u00e1rgyi programok let\u00f6lthet\u0151k <a href=\"https:\/\/semmelweis.hu\/gytk\/files\/2024\/02\/IV_II_22_23.zip\" target=\"_blank\" rel=\"noopener\">innen<\/a>.<\/p>\n<\/li>\n<\/ul>\n<p><strong>V. \u00e9vfolyam<\/strong><\/p>\n<ul>\n<li>1. f\u00e9l\u00e9v tant\u00e1rgyi programok let\u00f6lthet\u0151k <a href=\"https:\/\/semmelweis.hu\/gytk\/files\/2024\/02\/V_I_22_23.zip\" target=\"_blank\" rel=\"noopener\">innen<\/a>.<\/li>\n<li>\n<p>2. f\u00e9l\u00e9v tant\u00e1rgyi programok let\u00f6lthet\u0151k <a href=\"https:\/\/semmelweis.hu\/gytk\/files\/2024\/02\/V_II_22_23.pdf\" target=\"_blank\" rel=\"noopener\">innen<\/a>.<\/p>\n<p>&nbsp;<\/p>\n<\/li>\n<\/ul>\n<p><strong>Szabadon v\u00e1laszthat\u00f3 <\/strong>2022-2023\u00a0 tant\u00e1rgyak let\u00f6lthet\u0151k <a href=\"https:\/\/semmelweis.hu\/gytk\/files\/2024\/02\/szab_val_2022_23.zip\" target=\"_blank\" rel=\"noopener\">innen<\/a>.<\/p>\n<p>&nbsp;<\/p>\n<p>A Gy\u00f3gyszer\u00e9sztudom\u00e1nyi Karon a <strong>2021-2022<\/strong>. tan\u00e9vben oktatott\u00a0tant\u00e1rgyak le\u00edr\u00e1sa az al\u00e1bbi linkekr\u0151l t\u00f6lthet\u0151k le.<\/p>\n<p><strong>I. \u00e9vfolyam<\/strong><\/p>\n<ul>\n<li>1. f\u00e9l\u00e9v tant\u00e1rgyi programok let\u00f6lthet\u0151k <a href=\"https:\/\/semmelweis.hu\/gytk\/files\/2024\/02\/2021_2022_I_evf_1_felevpdf.zip\" target=\"_blank\" rel=\"noopener\">innen<\/a>.<\/li>\n<li>2. f\u00e9l\u00e9v tant\u00e1rgyi programok let\u00f6lthet\u0151k <a href=\"https:\/\/semmelweis.hu\/gytk\/files\/2024\/02\/2021_2022_I_evf_2_felevpdf.zip\" target=\"_blank\" rel=\"noopener\">innen<\/a>.<\/li>\n<\/ul>\n<p><strong>II. \u00e9vfolyam<\/strong><\/p>\n<ul>\n<li>1. f\u00e9l\u00e9v tant\u00e1rgyi programok let\u00f6lthet\u0151k <a href=\"https:\/\/semmelweis.hu\/gytk\/files\/2024\/02\/2021_2022_II_evf_1_felevpdf.zip\" target=\"_blank\" rel=\"noopener\">innen<\/a>.<\/li>\n<li>2. f\u00e9l\u00e9v tant\u00e1rgyi programok let\u00f6lthet\u0151k <a href=\"https:\/\/semmelweis.hu\/gytk\/files\/2024\/02\/2021_2022_II_evf_2_felevpdf.zip\" target=\"_blank\" rel=\"noopener\">innen<\/a>.<\/li>\n<\/ul>\n<p><strong>III. \u00e9vfolyam<\/strong><\/p>\n<ul>\n<li>1. f\u00e9l\u00e9v tant\u00e1rgyi programok let\u00f6lthet\u0151k <a href=\"https:\/\/semmelweis.hu\/gytk\/files\/2024\/02\/2021_2022_III_evf_1_felev-pdf.zip\" target=\"_blank\" rel=\"noopener\">innen<\/a>.<\/li>\n<li>2. f\u00e9l\u00e9v tant\u00e1rgyi programok let\u00f6lthet\u0151k <a href=\"https:\/\/semmelweis.hu\/gytk\/files\/2024\/02\/2021_2022_III_evf_2_felevpdf.zip\" target=\"_blank\" rel=\"noopener\">innen<\/a>.<\/li>\n<\/ul>\n<p><strong>IV. \u00e9vfolyam<\/strong><\/p>\n<ul>\n<li>1. f\u00e9l\u00e9v tant\u00e1rgyi programok let\u00f6lthet\u0151k <a href=\"https:\/\/semmelweis.hu\/gytk\/files\/2024\/02\/2021_2022_IV_evf_1_felevpdf.zip\" target=\"_blank\" rel=\"noopener\">innen<\/a>.<\/li>\n<li>2. f\u00e9l\u00e9v tant\u00e1rgyi programok let\u00f6lthet\u0151k <a href=\"https:\/\/semmelweis.hu\/gytk\/files\/2024\/02\/2021_2022_IV_evf_2_felevpdf.zip\" target=\"_blank\" rel=\"noopener\">innen<\/a>.<\/li>\n<\/ul>\n<p><strong>V. \u00e9vfolyam<\/strong><\/p>\n<ul>\n<li>1. f\u00e9l\u00e9v tant\u00e1rgyi programok let\u00f6lthet\u0151k <a href=\"https:\/\/semmelweis.hu\/gytk\/files\/2024\/02\/2021_2022_V_evfolyamra_iratkozokpdf.zip\" target=\"_blank\" rel=\"noopener\">innen<\/a>.<\/li>\n<\/ul>\n<p><strong>K\u00f6telez\u0151en v\u00e1laszthat\u00f3 <\/strong>2021-2022\u00a0 tant\u00e1rgyak let\u00f6lthet\u0151k <a href=\"https:\/\/semmelweis.hu\/gytk\/files\/2024\/02\/Kotelezoen-valaszthato-2021_2022pdf.zip\" target=\"_blank\" rel=\"noopener\">innen<\/a>. (zip)<\/p>\n<p><strong>Szabadon v\u00e1laszthat\u00f3 <\/strong>2021-2022\u00a0 tant\u00e1rgyak let\u00f6lthet\u0151k <a href=\"https:\/\/semmelweis.hu\/gytk\/files\/2024\/05\/2021_22_szabadon_valaszthato.zip\" target=\"_blank\" rel=\"noopener\">innen<\/a>. (zip)<\/p>\n<p>&nbsp;<\/p>\n<p>A Gy\u00f3gyszer\u00e9sztudom\u00e1nyi Karon a <strong>2020-2021<\/strong>. tan\u00e9vben oktatott <em>k\u00f6telez\u0151<\/em> tant\u00e1rgyak le\u00edr\u00e1sa az al\u00e1bbi linkekr\u0151l t\u00f6lthet\u0151k le.<\/p>\n<p><strong>I. \u00e9vfolyam<\/strong><\/p>\n<ul>\n<li>1. f\u00e9l\u00e9vi tant\u00e1rgyi programok let\u00f6lthet\u0151k <a href=\"https:\/\/semmelweis.hu\/gytk\/files\/2020\/09\/I-I.-pdf.zip\" target=\"_blank\" rel=\"noopener noreferrer\">innen.<\/a><\/li>\n<li>2. f\u00e9l\u00e9vi tant\u00e1rgyi programok let\u00f6lthet\u0151k <a href=\"https:\/\/semmelweis.hu\/gytk\/files\/2023\/02\/I-II.-pdf-5.zip\" target=\"_blank\" rel=\"noopener\">innen.<\/a><\/li>\n<\/ul>\n<p><strong>II. \u00e9vfolyam<\/strong><\/p>\n<ul>\n<li>1. f\u00e9l\u00e9vi tant\u00e1rgyai programok let\u00f6lthet\u0151k <a href=\"https:\/\/semmelweis.hu\/gytk\/files\/2020\/09\/II-I.zip\" target=\"_blank\" rel=\"noopener noreferrer\">innen.<\/a><\/li>\n<li>2. f\u00e9l\u00e9vi tant\u00e1rgyai programok let\u00f6lthet\u0151k <a href=\"https:\/\/semmelweis.hu\/gytk\/files\/2020\/09\/II-II-pdf.zip\" target=\"_blank\" rel=\"noopener noreferrer\">innen.<\/a><\/li>\n<\/ul>\n<p><strong>III. \u00e9vfolyam<\/strong><\/p>\n<ul>\n<li>1. f\u00e9l\u00e9vi tant\u00e1rgyai programok let\u00f6lthet\u0151k <a href=\"https:\/\/semmelweis.hu\/gytk\/files\/2020\/09\/III-I.-pdf.zip\" target=\"_blank\" rel=\"noopener noreferrer\">innen.<\/a><\/li>\n<li>2. f\u00e9l\u00e9vi tant\u00e1rgyai programok let\u00f6lthet\u0151k <a href=\"https:\/\/semmelweis.hu\/gytk\/files\/2020\/09\/III-II.zip\" target=\"_blank\" rel=\"noopener noreferrer\">innen.<\/a><\/li>\n<\/ul>\n<p><strong>IV. \u00e9vfolyam<\/strong><\/p>\n<ul>\n<li>1. f\u00e9l\u00e9vi tant\u00e1rgyai programok let\u00f6lthet\u0151k <a href=\"https:\/\/semmelweis.hu\/gytk\/files\/2020\/09\/IV-I.zip\" target=\"_blank\" rel=\"noopener noreferrer\">innen.<\/a><\/li>\n<li>2. f\u00e9l\u00e9vi tant\u00e1rgyai programok let\u00f6lthet\u0151k <a href=\"https:\/\/semmelweis.hu\/gytk\/files\/2020\/09\/IV-II-pdf.zip\" target=\"_blank\" rel=\"noopener noreferrer\">innen.<\/a><\/li>\n<\/ul>\n<p><strong>V. \u00e9vfolyam<\/strong><\/p>\n<ul>\n<li>1. f\u00e9l\u00e9vi tant\u00e1rgyai programok let\u00f6lthet\u0151k <a href=\"https:\/\/semmelweis.hu\/gytk\/files\/2020\/09\/V-I.zip\" target=\"_blank\" rel=\"noopener noreferrer\">innen.<\/a><\/li>\n<li>2. f\u00e9l\u00e9vi tant\u00e1rgyai programok let\u00f6lthet\u0151k <a href=\"https:\/\/semmelweis.hu\/gytk\/files\/2021\/01\/Hivat\u00e1setikai-alapok-II..pdf\" target=\"_blank\" rel=\"noopener noreferrer\">innen.<\/a><\/li>\n<\/ul>\n<p>&nbsp;<\/p>\n<p>A 2019\/2020. tan\u00e9vben \u00e9rv\u00e9nyes <strong><em>k\u00f6telez\u0151<\/em><\/strong> tant\u00e1rgyak programja <a href=\"https:\/\/semmelweis.hu\/gytk\/files\/2024\/02\/2019_2020_kotelezo-tantargyak.zip\" target=\"_blank\" rel=\"noopener\">innen<\/a>\u00a0let\u00f6lthet\u0151 (zip).<\/p>\n<p>A 2019\/2020. tan\u00e9vben \u00e9rv\u00e9nyes <strong>k\u00f6telez\u0151en v\u00e1laszthat\u00f3<\/strong> tant\u00e1rgyak programja <a href=\"https:\/\/semmelweis.hu\/gytk\/files\/2024\/02\/2019_20_kotval.zip\" target=\"_blank\" rel=\"noopener\">innen<\/a>\u00a0let\u00f6lthet\u0151 (zip).<\/p>\n<p>A 2019\/2020. tan\u00e9vben \u00e9rv\u00e9nyes <strong><em>szabadon v\u00e1laszthat\u00f3<\/em><\/strong> tant\u00e1rgyak programja <a href=\"https:\/\/semmelweis.hu\/gytk\/files\/2024\/02\/2019_2020_szabval.zip\" target=\"_blank\" rel=\"noopener\">innen<\/a>\u00a0let\u00f6lthet\u0151 (zip).<\/p>\n<hr \/>\n<p>A 2018\/2019. tan\u00e9vben \u00e9rv\u00e9nyes <strong><em>k\u00f6telez\u0151<\/em><\/strong> tant\u00e1rgyak programja <a href=\"https:\/\/semmelweis.hu\/gytk\/files\/2024\/02\/2018-19_kotelezo.zip\" target=\"_blank\" rel=\"noopener\">innen<\/a>\u00a0let\u00f6lthet\u0151 (zip).<\/p>\n<p>A 2018\/2019. tan\u00e9vben \u00e9rv\u00e9nyes <strong>k\u00f6telez\u0151en v\u00e1laszthat\u00f3<\/strong> tant\u00e1rgyak programja <a href=\"https:\/\/semmelweis.hu\/gytk\/files\/2024\/02\/2018_19_kotval.zip\" target=\"_blank\" rel=\"noopener\">innen<\/a>\u00a0let\u00f6lthet\u0151 (zip).<\/p>\n<p>A 2018\/2019. tan\u00e9vben \u00e9rv\u00e9nyes <strong><em>szabadon v\u00e1laszthat\u00f3<\/em><\/strong> tant\u00e1rgyak programja <a href=\"https:\/\/semmelweis.hu\/gytk\/files\/2024\/02\/2018_19_szabval.zip\" target=\"_blank\" rel=\"noopener\">innen<\/a>\u00a0let\u00f6lthet\u0151 (zip).\u00a0<\/p>\n<hr \/>\n<p>A 2017\/2018. tan\u00e9vben \u00e9rv\u00e9nyes <em><strong>k\u00f6telez\u0151 <\/strong><\/em>tant\u00e1rgyak programja <a href=\"https:\/\/semmelweis.hu\/gytk\/files\/2024\/02\/2017_18_kotelezo.zip\" target=\"_blank\" rel=\"noopener\">innen<\/a>\u00a0let\u00f6lthet\u0151 (zip).<\/p>\n<p>A 2017\/2018. tan\u00e9vben \u00e9rv\u00e9nyes <strong><em>k\u00f6telez\u0151en v\u00e1laszthat\u00f3<\/em><\/strong> tant\u00e1rgyak\u00a0programja <a href=\"https:\/\/semmelweis.hu\/gytk\/files\/2024\/02\/2017_18_kotval.zip\" target=\"_blank\" rel=\"noopener\">innen<\/a>\u00a0let\u00f6lthet\u0151 (zip).<\/p>\n<p>A 2017\/2018. tan\u00e9vben \u00e9rv\u00e9nyes <em><strong>szabadon v\u00e1laszthat\u00f3<\/strong><\/em> tant\u00e1rgyak programja <a href=\"https:\/\/semmelweis.hu\/gytk\/files\/2024\/02\/2017_18_szabval.zip\" target=\"_blank\" rel=\"noopener\">innen<\/a>let\u00f6lthet\u0151 (zip).\u00a0<\/p>\n<hr \/>\n<p>A 2016\/2017. tan\u00e9vben \u00e9rv\u00e9nyes <strong><em>k\u00f6telez\u0151 tant\u00e1rgyak<\/em><\/strong> programja <a href=\"https:\/\/semmelweis.hu\/gytk\/files\/2024\/02\/2016_17_kotelezo.zip\" target=\"_blank\" rel=\"noopener\">innen<\/a>\u00a0let\u00f6lthet\u0151 (zip).<\/p>\n<p>A 2016\/2017. tan\u00e9vre elfogadott <strong><em>\u00faj szabadon v\u00e1laszthat\u00f3 tant\u00e1rgyak<\/em><\/strong> programja <a href=\"https:\/\/semmelweis.hu\/gytk\/files\/2024\/02\/2016_17_szabval.zip\" target=\"_blank\" rel=\"noopener\">itt<\/a>\u00a0tal\u00e1lhat\u00f3 (zip).<\/p>\n","protected":false},"excerpt":{"rendered":"<p>A Gy\u00f3gyszer\u00e9sztudom\u00e1nyi Karon a 2025-2026. tan\u00e9vben oktatott\u00a0tant\u00e1rgyak le\u00edr\u00e1sa az al\u00e1bbi linkekr\u0151l t\u00f6lthet\u0151k le. I. \u00e9vfolyam 1. f\u00e9l\u00e9v tant\u00e1rgyi programok let\u00f6lthet\u0151k <a href=\"https:\/\/semmelweis.hu\/gytk\/files\/2025\/09\/I_I.zip\" target=\"_blank\" rel=\"noopener\">innen.<\/a> 2. f\u00e9l\u00e9v tant\u00e1rgyi programok let\u00f6lthet\u0151k <a href=\"https:\/\/semmelweis.hu\/gytk\/files\/2025\/09\/I_II.zip\" target=\"_blank\" rel=\"noopener\">innen.<\/a> II. \u00e9vfolyam 1. f\u00e9l\u00e9v tant\u00e1rgyi programok let\u00f6lthet\u0151k <a href=\"https:\/\/semmelweis.hu\/gytk\/files\/2025\/09\/II_I.zip\" target=\"_blank\" rel=\"noopener\">innen.<\/a> 2. f\u00e9l\u00e9v tant\u00e1rgyi programok let\u00f6lthet\u0151k <a href=\"https:\/\/semmelweis.hu\/gytk\/files\/2025\/09\/II_II.zip\" target=\"_blank\" rel=\"noopener\">innen.<\/a> III. \u00e9vfolyam 1. f\u00e9l\u00e9v tant\u00e1rgyi programok let\u00f6lthet\u0151k <a href=\"https:\/\/semmelweis.hu\/gytk\/files\/2025\/09\/III_I.zip\" target=\"_blank\" rel=\"noopener\">innen.<\/a> 2. f\u00e9l\u00e9v tant\u00e1rgyi programok let\u00f6lthet\u0151k <a href=\"https:\/\/semmelweis.hu\/gytk\/files\/2025\/09\/III_II.zip\" target=\"_blank\" rel=\"noopener\">innen.<\/a> IV. \u00e9vfolyam 1. f\u00e9l\u00e9v tant\u00e1rgyi programok &hellip;<\/p>\n","protected":false},"author":101025,"featured_media":0,"parent":2088,"menu_order":6,"comment_status":"closed","ping_status":"closed","template":"","meta":{"_acf_changed":false,"footnotes":""},"categories":[],"tags":[],"class_list":["post-2853","page","type-page","status-publish","hentry"],"acf":[],"_links":{"self":[{"href":"https:\/\/semmelweis.hu\/gytk\/wp-json\/wp\/v2\/pages\/2853","targetHints":{"allow":["GET"]}}],"collection":[{"href":"https:\/\/semmelweis.hu\/gytk\/wp-json\/wp\/v2\/pages"}],"about":[{"href":"https:\/\/semmelweis.hu\/gytk\/wp-json\/wp\/v2\/types\/page"}],"author":[{"embeddable":true,"href":"https:\/\/semmelweis.hu\/gytk\/wp-json\/wp\/v2\/users\/101025"}],"replies":[{"embeddable":true,"href":"https:\/\/semmelweis.hu\/gytk\/wp-json\/wp\/v2\/comments?post=2853"}],"version-history":[{"count":11,"href":"https:\/\/semmelweis.hu\/gytk\/wp-json\/wp\/v2\/pages\/2853\/revisions"}],"predecessor-version":[{"id":17975,"href":"https:\/\/semmelweis.hu\/gytk\/wp-json\/wp\/v2\/pages\/2853\/revisions\/17975"}],"up":[{"embeddable":true,"href":"https:\/\/semmelweis.hu\/gytk\/wp-json\/wp\/v2\/pages\/2088"}],"wp:attachment":[{"href":"https:\/\/semmelweis.hu\/gytk\/wp-json\/wp\/v2\/media?parent=2853"}],"wp:term":[{"taxonomy":"category","embeddable":true,"href":"https:\/\/semmelweis.hu\/gytk\/wp-json\/wp\/v2\/categories?post=2853"},{"taxonomy":"post_tag","embeddable":true,"href":"https:\/\/semmelweis.hu\/gytk\/wp-json\/wp\/v2\/tags?post=2853"}],"curies":[{"name":"wp","href":"https:\/\/api.w.org\/{rel}","templated":true}]}}