{"id":28,"date":"2012-06-12T09:36:41","date_gmt":"2012-06-12T09:36:41","guid":{"rendered":"http:\/\/semmelweis-egyetem.hu\/gytk\/?page_id=28"},"modified":"2023-10-05T11:33:16","modified_gmt":"2023-10-05T09:33:16","slug":"alapitvanyok","status":"publish","type":"page","link":"https:\/\/semmelweis.hu\/gytk\/a-karrol\/alapitvanyok\/","title":{"rendered":"Alap\u00edtv\u00e1nyok"},"content":{"rendered":"<p style=\"text-align: justify\">\u00a0<\/p>\n<h4 style=\"text-align: justify\"><strong><a href=\"https:\/\/semmelweis.hu\/gytk\/a-karrol\/alapitvanyok\/magyarorszagi-gyogyszerkutatasert\/\">MAGYARORSZ\u00c1GI GY\u00d3GYSZERKUTAT\u00c1S\u00c9RT ALAP\u00cdTV\u00c1NY<\/a><\/strong><\/h4>\n<p style=\"text-align: justify\">Az alap\u00edtv\u00e1ny c\u00e9lja\u00a0a hazai <strong>gy\u00f3gyszerkutat\u00e1s<\/strong> \u00e9s <strong>gy\u00f3gyszertechnol\u00f3giai kutat\u00e1s,<\/strong> az ezekhez kapcsol\u00f3d\u00f3 tudom\u00e1nyter\u00fcletek fejl\u0151d\u00e9s\u00e9nek, valamint\u00a0a <strong>kutat\u00e1si eredm\u00e9nyek gyakorlati alkalmaz\u00e1s\u00e1nak el\u0151seg\u00edt\u00e9se,<\/strong> tov\u00e1bb\u00e1\u00a0a <strong>Gy\u00f3gyszerk\u00e9miai \u00e9s Gy\u00f3gyszertechnol\u00f3giai Munkabizotts\u00e1g<\/strong> szakmai tev\u00e9kenys\u00e9g\u00e9nek t\u00e1mogat\u00e1sa. <a href=\"https:\/\/semmelweis.hu\/gytk\/alapitvanyok\/magyarorszagi-gyogyszerkutatasert\/\">Tov\u00e1bb&#8230;<\/a><\/p>\n<hr \/>\n<h4 style=\"text-align: justify\"><strong><a href=\"https:\/\/semmelweis.hu\/gytk\/a-karrol\/alapitvanyok\/aesculap\/\">AESCULAP ALAP\u00cdTV\u00c1NY<\/a><\/strong><\/h4>\n<p style=\"text-align: justify\">Az alap\u00edtv\u00e1ny c\u00e9lja a <strong>tudom\u00e1nyos tev\u00e9kenys\u00e9g,<\/strong> <strong>kutat\u00e1s, nevel\u00e9s \u00e9s oktat\u00e1s, k\u00e9pess\u00e9gfejleszt\u00e9s, ismeretterjeszt\u00e9s<\/strong> el\u0151mozd\u00edt\u00e1sa, t\u00e1mogat\u00e1sa. Az alap\u00edt\u00f3k az Alap\u00edtv\u00e1ny jav\u00e1ra \u00e1tadott vagyoni erej\u00fckkel hozz\u00e1j\u00e1rulnak a Gy\u00f3gyszer\u00e9sztudom\u00e1nyi Kar m\u0171k\u00f6d\u00e9s\u00e9nek fenntart\u00e1s\u00e1hoz, a kari int\u00e9zetek, valamint a gy\u00f3gyszer\u00e9szk\u00e9pz\u00e9s fejleszt\u00e9s\u00e9hez \u00e9s felt\u00e9teleinek jav\u00edt\u00e1s\u00e1hoz. <a href=\"https:\/\/semmelweis.hu\/gytk\/alapitvanyok\/aesculap\/\">Tov\u00e1bb&#8230;<\/a><\/p>\n<p>&nbsp;<\/p>\n","protected":false},"excerpt":{"rendered":"<p>\u00a0 <a href=\"https:\/\/semmelweis.hu\/gytk\/a-karrol\/alapitvanyok\/magyarorszagi-gyogyszerkutatasert\/\">MAGYARORSZ\u00c1GI GY\u00d3GYSZERKUTAT\u00c1S\u00c9RT ALAP\u00cdTV\u00c1NY<\/a> Az alap\u00edtv\u00e1ny c\u00e9lja\u00a0a hazai gy\u00f3gyszerkutat\u00e1s \u00e9s gy\u00f3gyszertechnol\u00f3giai kutat\u00e1s, az ezekhez kapcsol\u00f3d\u00f3 tudom\u00e1nyter\u00fcletek fejl\u0151d\u00e9s\u00e9nek, valamint\u00a0a kutat\u00e1si eredm\u00e9nyek gyakorlati alkalmaz\u00e1s\u00e1nak el\u0151seg\u00edt\u00e9se, tov\u00e1bb\u00e1\u00a0a Gy\u00f3gyszerk\u00e9miai \u00e9s Gy\u00f3gyszertechnol\u00f3giai Munkabizotts\u00e1g szakmai tev\u00e9kenys\u00e9g\u00e9nek t\u00e1mogat\u00e1sa. <a href=\"https:\/\/semmelweis.hu\/gytk\/alapitvanyok\/magyarorszagi-gyogyszerkutatasert\/\">Tov\u00e1bb&#8230;<\/a> <a href=\"https:\/\/semmelweis.hu\/gytk\/a-karrol\/alapitvanyok\/aesculap\/\">AESCULAP ALAP\u00cdTV\u00c1NY<\/a> Az alap\u00edtv\u00e1ny c\u00e9lja a tudom\u00e1nyos tev\u00e9kenys\u00e9g, kutat\u00e1s, nevel\u00e9s \u00e9s oktat\u00e1s, k\u00e9pess\u00e9gfejleszt\u00e9s, ismeretterjeszt\u00e9s el\u0151mozd\u00edt\u00e1sa, t\u00e1mogat\u00e1sa. Az alap\u00edt\u00f3k az Alap\u00edtv\u00e1ny jav\u00e1ra \u00e1tadott vagyoni erej\u00fckkel hozz\u00e1j\u00e1rulnak a Gy\u00f3gyszer\u00e9sztudom\u00e1nyi Kar m\u0171k\u00f6d\u00e9s\u00e9nek &hellip;<\/p>\n","protected":false},"author":159,"featured_media":0,"parent":21,"menu_order":9,"comment_status":"open","ping_status":"open","template":"","meta":{"_acf_changed":false,"footnotes":""},"categories":[],"tags":[],"class_list":["post-28","page","type-page","status-publish","hentry"],"acf":[],"_links":{"self":[{"href":"https:\/\/semmelweis.hu\/gytk\/wp-json\/wp\/v2\/pages\/28","targetHints":{"allow":["GET"]}}],"collection":[{"href":"https:\/\/semmelweis.hu\/gytk\/wp-json\/wp\/v2\/pages"}],"about":[{"href":"https:\/\/semmelweis.hu\/gytk\/wp-json\/wp\/v2\/types\/page"}],"author":[{"embeddable":true,"href":"https:\/\/semmelweis.hu\/gytk\/wp-json\/wp\/v2\/users\/159"}],"replies":[{"embeddable":true,"href":"https:\/\/semmelweis.hu\/gytk\/wp-json\/wp\/v2\/comments?post=28"}],"version-history":[{"count":11,"href":"https:\/\/semmelweis.hu\/gytk\/wp-json\/wp\/v2\/pages\/28\/revisions"}],"predecessor-version":[{"id":14941,"href":"https:\/\/semmelweis.hu\/gytk\/wp-json\/wp\/v2\/pages\/28\/revisions\/14941"}],"up":[{"embeddable":true,"href":"https:\/\/semmelweis.hu\/gytk\/wp-json\/wp\/v2\/pages\/21"}],"wp:attachment":[{"href":"https:\/\/semmelweis.hu\/gytk\/wp-json\/wp\/v2\/media?parent=28"}],"wp:term":[{"taxonomy":"category","embeddable":true,"href":"https:\/\/semmelweis.hu\/gytk\/wp-json\/wp\/v2\/categories?post=28"},{"taxonomy":"post_tag","embeddable":true,"href":"https:\/\/semmelweis.hu\/gytk\/wp-json\/wp\/v2\/tags?post=28"}],"curies":[{"name":"wp","href":"https:\/\/api.w.org\/{rel}","templated":true}]}}