{"id":2256,"date":"2015-11-26T10:27:21","date_gmt":"2015-11-26T09:27:21","guid":{"rendered":"http:\/\/semmelweis.hu\/gytk\/?page_id=2256"},"modified":"2025-04-07T14:10:48","modified_gmt":"2025-04-07T12:10:48","slug":"felveteli-tajekoztato","status":"publish","type":"page","link":"https:\/\/semmelweis.hu\/gytk\/felveteli\/felveteli-tajekoztato\/","title":{"rendered":"Felv\u00e9teli t\u00e1j\u00e9koztat\u00f3"},"content":{"rendered":"<p style=\"text-align: justify\">A gy\u00f3gyszer\u00e9szhallgat\u00f3k k\u00e9pz\u00e9se \u00f6t \u00e9ven \u00e1t tart \u00e9s oktat\u00e1sukban az \u201eUniversitas szellemet\u201d megtestes\u00edtve, k\u00e9t egyetem h\u00e1rom kara vesz r\u00e9szt. A szakt\u00e1rgyak oktat\u00e1sa term\u00e9szetesen karunk int\u00e9zeteinek feladata, azonban az alapt\u00e1rgyak oktat\u00e1s\u00e1ban Semmelweis Egyetem \u00c1ltal\u00e1nos Orvostudom\u00e1nyi Kara \u00e9s az E\u00f6tv\u00f6s Lor\u00e1nd Tudom\u00e1nyegyetem Term\u00e9szettudom\u00e1nyi Kara is jelent\u0151s szerepet v\u00e1llal. 2011 \u00f3ta, a vil\u00e1gon egyed\u00fcl\u00e1ll\u00f3 m\u00f3don, a Gy\u00f3gyszer\u00e9sztudom\u00e1nyi Karon k\u00e9t idegen nyelven (angol \u00e9s n\u00e9met) is folyik gy\u00f3gyszer\u00e9szk\u00e9pz\u00e9s.<\/p>\n<p style=\"text-align: center\"><iframe loading=\"lazy\" title=\"Gy\u00f3gyszer\u00e9sztudom\u00e1nyi Kar (GYTK) Semmelweis Egyetem - Showtime\" width=\"753\" height=\"424\" src=\"https:\/\/www.youtube.com\/embed\/IojAm2k3710?feature=oembed\" frameborder=\"0\" allow=\"accelerometer; autoplay; clipboard-write; encrypted-media; gyroscope; picture-in-picture; web-share\" referrerpolicy=\"strict-origin-when-cross-origin\" allowfullscreen><\/iframe><\/p>\n<div class=\"responsive-tabs\">\n<h2 class=\"tabtitle\">A k\u00e9pz\u00e9sr\u0151l<\/h2>\n<div class=\"tabcontent\">\n\n<h1>Tanterv<\/h1>\n<p><img loading=\"lazy\" decoding=\"async\" class=\" wp-image-1858 alignright\" src=\"https:\/\/semmelweis.hu\/gytk\/files\/2015\/11\/RS32635_ka-20150627-IMG_5069-scr-300x200.jpg\" alt=\"RS32635_ka-20150627-IMG_5069-scr\" width=\"359\" height=\"239\" srcset=\"https:\/\/semmelweis.hu\/gytk\/files\/2015\/11\/RS32635_ka-20150627-IMG_5069-scr-300x200.jpg 300w, https:\/\/semmelweis.hu\/gytk\/files\/2015\/11\/RS32635_ka-20150627-IMG_5069-scr-450x300.jpg 450w, https:\/\/semmelweis.hu\/gytk\/files\/2015\/11\/RS32635_ka-20150627-IMG_5069-scr.jpg 950w\" sizes=\"auto, (max-width: 359px) 100vw, 359px\" \/><\/p>\n<p style=\"text-align: justify\">Tanterv\u00fcnkben a szakma specifikus gy\u00f3gyszer\u00e9szi t\u00e1rgyak k\u00e9miai, orvos-biol\u00f3giai, botanikai \u00e9s egy\u00e9b kieg\u00e9sz\u00edt\u0151 alapoz\u00f3 t\u00e1rgyak sz\u00e9les k\u00f6r\u00e9re \u00e9p\u00fclnek. Fontos c\u00e9lkit\u0171z\u00e9s\u00fcnk megalapozott k\u00e9miai ismeretekkel rendelkez\u0151 gy\u00f3gyszer\u00e9sz szakemberek k\u00e9pz\u00e9se, ez\u00e9rt a curriculum alatt a hallgat\u00f3k \u00f6sszesen h\u00e9t f\u00e9le k\u00e9miai jelleg\u0171 k\u00f6telez\u0151 t\u00e1rgyat hallgatnak. \u00a0K\u00e9pz\u00e9s\u00fcnkben nagy hangs\u00falyt fektet\u00fcnk az elm\u00e9let mellett a gyakorlati oktat\u00e1sra, mind az egyes tant\u00e1rgyak keretein bel\u00fcl, mind a szakmai gyakorlatok alkalm\u00e1val. A m\u00e1sod- \u00e9s harmad\u00e9v ut\u00e1ni szabadon v\u00e1laszthat\u00f3 <em>szakmai gyakorlat<\/em> alkalm\u00e1val a hallgat\u00f3knak lehet\u0151s\u00e9g\u00fck ny\u00edlik gy\u00f3gyszergy\u00e1rakban gyakorlatot szerezni, m\u00edg a z\u00e1r\u00f3vizsga el\u0151tti szakmai gyakorlat sor\u00e1n a k\u00f6zforgalm\u00fa \u00e9s k\u00f3rh\u00e1zi, int\u00e9zeti gy\u00f3gyszert\u00e1ri munka gyakorlati alapjait saj\u00e1t\u00edthatj\u00e1k el.<\/p>\n<p style=\"text-align: justify\">A gy\u00f3gyszer\u00e9szi oklev\u00e9l kiad\u00e1s\u00e1nak felt\u00e9telei a sikeres z\u00e1r\u00f3vizsga let\u00e9tele, valamint az adott mintatantervben meghat\u00e1rozott nyelvi k\u00f6vetelm\u00e9ny teljes\u00edt\u00e9se.<\/p>\n<p style=\"text-align: justify\">V\u00e9gzett gy\u00f3gyszer\u00e9szeinket 2009 \u00f3ta <em>gy\u00f3gyszer\u00e9szdoktor<\/em>r\u00e1 avatjuk \u00e9s \u0151k a <strong>dr. pharm. c\u00edm<\/strong> visel\u00e9s\u00e9re jogosultak.<\/p>\n<p style=\"text-align: justify\">V\u00e9gzett gy\u00f3gyszer\u00e9szdoktoraink el\u0151szeretettel v\u00e1lasztanak a tov\u00e1bbtanul\u00e1s \u00e9s <em>tov\u00e1bbk\u00e9pz\u00e9s<\/em> k\u00fcl\u00f6nb\u00f6z\u0151 lehet\u0151s\u00e9gei k\u00f6z\u00fcl; \u00edgy t\u00f6bbek k\u00f6z\u00f6tt a karunk \u00e1ltal biztos\u00edtott szakk\u00e9pz\u00e9si lehet\u0151s\u00e9gekkel \u00e9lve <strong>szakgy\u00f3gyszer\u00e9szi k\u00e9pes\u00edt\u00e9s<\/strong>t, vagy Egyetem\u00fcnk Doktori Iskol\u00e1j\u00e1ban <strong>tudom\u00e1nyos fokozat<\/strong>ot szereznek.<\/p>\n<h1>Koll\u00e9giumok<\/h1>\n<p style=\"text-align: justify\">A karunkra beiratkoz\u00f3 hallgat\u00f3k v\u00e1ltozatos <strong>koll\u00e9giumi elhelyez\u00e9si lehet\u0151s\u00e9g<\/strong>ek k\u00f6z\u00fcl v\u00e1laszthatnak. \u00cdgy Egyetem\u00fcnk <em>Balassa J\u00e1nos Koll\u00e9gium<\/em>a (1083 Budapest, T\u00f6m\u0151 utca 35-41.), <em>Markusovszky Lajos Koll\u00e9gium<\/em>a (1089 Budapest, Szenes Iv\u00e1n t\u00e9r 7.), <em>Selye J\u00e1nos Koll\u00e9gium<\/em>a (1085 Budapest, \u00dcll\u0151i \u00fat 22.),\u00a0 <em>K\u00e1tai G\u00e1bor Koll\u00e9giuma<\/em> (1139 Budapest, Hajd\u00fa utca 44.) \u00e9s <em>Kor\u00e1nyi Frigyes Szakkoll\u00e9gium<\/em>a is (1074 Budapest, H\u00e1rsfa utca 59\/B.) sz\u00edvesen fogadja a gy\u00f3gyszer\u00e9szhallgat\u00f3kat.<\/p>\n<h1 style=\"text-align: justify\">\u00d6szt\u00f6nd\u00edj, hallgat\u00f3i \u00e9let<\/h1>\n<p style=\"text-align: justify\">Tehets\u00e9ges \u00e9s j\u00f3 tanulm\u00e1nyi eredm\u00e9nyeket felmutat\u00f3 hallgat\u00f3ink <strong>tanulm\u00e1nyi \u00f6szt\u00f6nd\u00edjak<\/strong>ra sz\u00e1m\u00edthatnak, amelyet szoci\u00e1lisan h\u00e1tr\u00e1nyos hallgat\u00f3ink eset\u00e9ben <strong>szoci\u00e1lis \u00f6szt\u00f6nd\u00edj<\/strong> is kieg\u00e9sz\u00edthet. A Gy\u00f3gyszer\u00e9sztudom\u00e1nyi Kar <strong>Hallgat\u00f3i \u00d6nkorm\u00e1nyzat<\/strong>a rendk\u00edv\u00fcl akt\u00edv mind a kari \u00e9s egyetemi rendezv\u00e9nyek, mind a hallgat\u00f3s\u00e1g szabadid\u0151s programjainak szervez\u00e9s\u00e9ben, lebonyol\u00edt\u00e1s\u00e1ban. Egyetem\u00fcnk\u00f6n hallgat\u00f3ink sz\u00e1m\u00e1ra sz\u00e1mos <strong>szabadid\u0151s lehet\u0151s\u00e9g<\/strong> \u00e1ll rendelkez\u00e9sre, \u00edgy t\u00f6bbek k\u00f6z\u00f6tt az Egyetem <em>Z\u00e1gr\u00e1bi \u00dati Sporttelep<\/em>\u00e9n \u00e9s <em>Sportcsarnok<\/em>\u00e1ban illetve a <em>N\u00e9pligeti Sporttelep<\/em>en v\u00e1ltozatos sportol\u00e1si lehet\u0151s\u00e9get biztos\u00edtanak hallgat\u00f3inknak, tov\u00e1bb\u00e1 kedvezm\u00e9nyes <em>uszodal\u00e1togat\u00e1s<\/em>i lehet\u0151s\u00e9g is van.<\/p>\n<h1>Tehets\u00e9ggondoz\u00e1s<\/h1>\n<p style=\"text-align: justify\"><a href=\"https:\/\/semmelweis.hu\/gytk\/files\/2015\/11\/RS22490__ZZS9840-scr.jpg\"><img loading=\"lazy\" decoding=\"async\" class=\"wp-image-2250 alignright\" src=\"https:\/\/semmelweis.hu\/gytk\/files\/2015\/11\/RS22490__ZZS9840-scr-191x300.jpg\" alt=\"RS22490__ZZS9840-scr\" width=\"207\" height=\"325\" srcset=\"https:\/\/semmelweis.hu\/gytk\/files\/2015\/11\/RS22490__ZZS9840-scr-191x300.jpg 191w, https:\/\/semmelweis.hu\/gytk\/files\/2015\/11\/RS22490__ZZS9840-scr.jpg 477w\" sizes=\"auto, (max-width: 207px) 100vw, 207px\" \/><\/a>A gy\u00f3gyszer\u00e9szk\u00e9pz\u00e9s multi- \u00e9s interdiszciplinarit\u00e1sa a hallgat\u00f3k tudom\u00e1nyos tev\u00e9kenys\u00e9gs\u00e9g\u00e9ben is t\u00fckr\u00f6z\u0151dik. Tehets\u00e9ges hallgat\u00f3inknak karunk minden int\u00e9zet\u00e9ben biztos\u00edtanak lehet\u0151s\u00e9get <strong><em>T<\/em>udom\u00e1nyos <em>D<\/em>i\u00e1k<em>k<\/em>\u00f6ri kutat\u00f3munka<\/strong> (<strong><em>TDK<\/em><\/strong>) v\u00e9gz\u00e9s\u00e9re. TDK-s hallgat\u00f3ink mintegy fel\u00e9nek munk\u00e1j\u00e1t a Gy\u00f3gyszer\u00e9sztudom\u00e1nyi Kar oktat\u00f3i ir\u00e1ny\u00edtj\u00e1k, de az \u00c1ltal\u00e1nos Orvostudom\u00e1nyi Kar \u00e9s az E\u00f6tv\u00f6s Lor\u00e1nd Tudom\u00e1nyegyetem Term\u00e9szettudom\u00e1nyi Kar\u00e1nak int\u00e9zetei\/tansz\u00e9kei, valamint a Magyar Tudom\u00e1nyos Akad\u00e9mia K\u00eds\u00e9rleti Orvostudom\u00e1nyi, ill. Term\u00e9szettudom\u00e1nyi Kutat\u00f3int\u00e9zete is sz\u00ednhelyei hallgat\u00f3ink tudom\u00e1nyos di\u00e1kk\u00f6ri tev\u00e9kenys\u00e9g\u00e9nek. Tov\u00e1bb\u00e1 egyre ink\u00e1bb teret nyernek a gy\u00f3gyszeripari egy\u00fcttm\u0171k\u00f6d\u00e9sben v\u00e9gzett TDK-s munk\u00e1k is. A TDK munka mellett az egyes tant\u00e1rgyak ir\u00e1nt k\u00fcl\u00f6n\u00f6s \u00e9rdekl\u0151d\u00e9st tan\u00fas\u00edt\u00f3 hallgat\u00f3k sz\u00e1m\u00e1ra az Int\u00e9zetek el\u0151szeretettel biztos\u00edtanak lehet\u0151s\u00e9get az oktat\u00f3i munk\u00e1ba t\u00f6rt\u00e9n\u0151 bekapcsol\u00f3d\u00e1sra: <strong>demonstr\u00e1tori munka<\/strong> v\u00e9gz\u00e9s\u00e9re is.<\/p>\n<p style=\"text-align: justify\">Egyetem\u00fcnk\u00f6n a tehets\u00e9ges hallgat\u00f3knak lehet\u0151s\u00e9ge van <strong>szakkoll\u00e9giumi elhelyez\u00e9s<\/strong>\u00e9rt folyamodni. A <em>Kor\u00e1nyi Frigyes Szakkoll\u00e9gium<\/em>ban a hallgat\u00f3kat kiemelked\u0151 tanulm\u00e1nyi teljes\u00edtm\u00e9ny el\u00e9r\u00e9s\u00e9re \u00e9s kutat\u00f3munka v\u00e9gz\u00e9s\u00e9re \u00f6szt\u00f6nzik \u00e9s e c\u00e9lok el\u00e9r\u00e9s\u00e9hez sz\u00fcks\u00e9ges seg\u00edts\u00e9get is ny\u00fajtanak nekik. A <em>szakkoll\u00e9giumi kurzusok<\/em> p\u00e9ld\u00e1ul a leg\u00fajabb tudom\u00e1nyos \u00e9s vezet\u0151i ismeretek \u00e1tad\u00e1s\u00e1t c\u00e9lozz\u00e1k, m\u00edg az interdiszciplin\u00e1ris \u00e9s a t\u00e1rsegyetemeket is befogad\u00f3 a <em>Kor\u00e1nyi Frigyes Tudom\u00e1nyos F\u00f3rum<\/em> a fiatal kutat\u00f3knak biztos\u00edt el\u0151ad\u00e1si lehet\u0151s\u00e9get.<\/p>\n<p style=\"text-align: justify\">Egyetem\u00fcnk legtehets\u00e9gesebb hallgat\u00f3i sz\u00e1m\u00e1ra a <em>Kerpel-Fronius \u00d6d\u00f6n <strong>Tehets\u00e9ggondoz\u00f3 Program<\/strong><\/em> k\u00edn\u00e1l sokr\u00e9t\u0171 lehet\u0151s\u00e9geket, seg\u00edts\u00e9get tudom\u00e1nyos di\u00e1kk\u00f6ri munk\u00e1juk, szakmai \u00e9rdekl\u0151d\u00e9s\u00fck, szakmai-t\u00e1rsadalmi kapcsolataik kibontakoztat\u00e1s\u00e1hoz. A program, amelynek mentor\u00e1ltjai k\u00f6z\u00f6tt karunk hallgat\u00f3i is sz\u00e9p sz\u00e1mmal k\u00e9pviseltetik magukat, a r\u00e9sztvev\u0151ket PhD tanulm\u00e1nyaik sor\u00e1n \u00e9s az ut\u00e1n is nyomon k\u00f6veti.<\/p>\n\n<\/div><h2 class=\"tabtitle\">Jelentkez\u00e9s<\/h2>\n<div class=\"tabcontent\">\n\n<h1>Jelentkez\u00e9s<\/h1>\n<p style=\"text-align: justify\">A felv\u00e9teli elj\u00e1r\u00e1ssal kapcsolatos tudnival\u00f3kat, (jelentkez\u00e9si hat\u00e1rid\u0151t, fontosabb d\u00e1tumokat, adminisztr\u00e1ci\u00f3s k\u00f6telezetts\u00e9get ) az <strong>Oktat\u00e1si Hivatal <\/strong>a <strong><a href=\"https:\/\/www.felvi.hu\" target=\"_blank\" rel=\"noopener noreferrer\">www.felvi.hu<\/a><\/strong> honlapon teszi k\u00f6zz\u00e9. A szeptemberben indul\u00f3 k\u00e9pz\u00e9sekre t\u00f6rt\u00e9n\u0151 jelentkez\u00e9s hat\u00e1rideje a k\u00e9pz\u00e9s ind\u00edt\u00e1sa szerinti napt\u00e1ri \u00e9v febru\u00e1r 15. napja. Aktu\u00e1lis felv\u00e9teli jelentkez\u00e9ssel kapcsolatos teljes k\u00f6r\u0171 t\u00e1j\u00e9koztat\u00f3t a <a href=\"https:\/\/www.felvi.hu\" target=\"_blank\" rel=\"noopener noreferrer\">www.felvi.hu<\/a> honlapon <a href=\"https:\/\/www.felvi.hu\/felveteli\/jelentkezes\/felveteli_tajekoztato\/FFT_2024A\/jelentkezes\" target=\"_blank\" rel=\"noopener\">itt<\/a> tal\u00e1lja. A Gy\u00f3gyszer\u00e9sztudom\u00e1nyi Karra t\u00f6rt\u00e9n\u0151 jelentkez\u00e9ssel kapcsolatos szakspecifikus inform\u00e1ci\u00f3kat <a href=\"https:\/\/www.felvi.hu\/felveteli\/meghirdetett_kepzesek\/24A\/!\/intezmenyek\/34\/kepzesek\/36331\" target=\"_blank\" rel=\"noopener\">itt<\/a> tal\u00e1lja.\u00a0<\/p>\n<h1>Pontsz\u00e1m\u00edt\u00e1s<\/h1>\n<p style=\"text-align: justify\">A rangsorol\u00e1s alapj\u00e1ul szolg\u00e1l\u00f3 felv\u00e9teli \u00f6sszpontsz\u00e1mot 400+100 pontos pontsz\u00e1m\u00edt\u00e1si rendszerben \u00e1llap\u00edtj\u00e1k meg. Az \u00f6sszpontsz\u00e1mot a k\u00f6z\u00e9piskolai oszt\u00e1lyzatok alapj\u00e1n kapott tanulm\u00e1nyi pontok (max. 200 pont) \u00e9s az \u00e9retts\u00e9gi vizsg\u00e1n el\u00e9rt eredm\u00e9nyek alapj\u00e1n sz\u00e1m\u00edtott pontok (max. 200 pont) \u00f6sszead\u00e1s\u00e1val, valamint a t\u00f6bbletpontok (max. 100 pont) hozz\u00e1ad\u00e1s\u00e1val, vagy az \u00e9retts\u00e9gi pontok k\u00e9tszerez\u00e9s\u00e9vel \u00e9s a t\u00f6bbletpontok hozz\u00e1ad\u00e1s\u00e1val \u00e1llap\u00edtj\u00e1k meg, minden esetben a jelentkez\u0151 sz\u00e1m\u00e1ra kedvez\u0151bb v\u00e1ltozat alapj\u00e1n. A gy\u00f3gyszer\u00e9sztudom\u00e1nyi k\u00e9pz\u00e9sen a 2024. \u00e9vt\u0151l felv\u00e9teli k\u00f6vetelm\u00e9ny az <strong>emelt szint\u0171 k\u00e9mia (vagy vegyipari alapismeretek, vagy vegy\u00e9sz ismeretek, vagy vegyipari ismeretek)<\/strong>\u00a0\u00e9s v\u00e1laszthat\u00f3 <strong>emelt szint\u0171 biol\u00f3gia<\/strong>\u00a0vagy <strong>fizika \u00e9retts\u00e9gi vizsga<\/strong>. A 2024. \u00e9vt\u0151l az \u00fan. t\u00f6bbletpontok <em>int\u00e9zm\u00e9nyi pontokra<\/em> v\u00e1ltoznak (max. 100 pont). A Semmelweis Egyetemen alkalmazott <em>int\u00e9zm\u00e9nyi pontok<\/em> rendszer\u00e9r\u0151l <a href=\"https:\/\/semmelweis.hu\/oktatasigazgatas\/felveteli-2024\/\">itt<\/a> t\u00e1j\u00e9koz\u00f3dhat.<\/p>\n<h1>M\u00e1soddiplom\u00e1s k\u00e9pz\u00e9s\u00a0<\/h1>\n<p style=\"text-align: justify\">A fels\u0151fok\u00fa v\u00e9gzetts\u00e9ggel rendelkez\u0151 jelentkez\u0151ket a Kar \u2013 amennyiben osztatlan k\u00e9pz\u00e9sben orvos, fogorvos, vagy mesterfokozattal j\u00e1r\u00f3 k\u00e9pz\u00e9sben vegy\u00e9sz, vegy\u00e9szm\u00e9rn\u00f6k, biol\u00f3gus, fizikus, k\u00f6zgazd\u00e1sz, k\u00e9mia vagy biol\u00f3gia szakos tan\u00e1ri diplom\u00e1t szereztek \u2013 az \u00e1ltal\u00e1nos felv\u00e9teli elj\u00e1r\u00e1sban a kor\u00e1bbi fels\u0151oktat\u00e1si tanulm\u00e1nyaik figyelembev\u00e9tel\u00e9vel (az emelt szint\u0171 \u00e9retts\u00e9gi k\u00f6vetelm\u00e9nyt\u0151l is eltekintve) rangsorolja.<\/p>\n<p><strong>A pontsz\u00e1m\u00edt\u00e1s alapja a megszerzett fels\u0151fok\u00fa oklev\u00e9l min\u0151s\u00edt\u00e9se:<\/strong><\/p>\n<p>1.\u00a0Az \u00f6tfokozat\u00fa \u00e9rt\u00e9kel\u00e9s szerint min\u0151s\u00edtett oklevelek eset\u00e9ben<\/p>\n<ul style=\"list-style-type: square\">\n<li>el\u00e9gs\u00e9ges\u00a0 310 pont<\/li>\n<li>k\u00f6zepes\u00a0 \u00a0 340 pont<\/li>\n<li>j\u00f3\u00a0 \u00a0 \u00a0 \u00a0 \u00a0 \u00a0 \u00a0 360 pont<\/li>\n<li>jeles\u00a0 \u00a0 \u00a0 \u00a0 \u00a0 400 pont<\/li>\n<\/ul>\n<p>2.\u00a0A h\u00e1romfokozat\u00fa \u00e9rt\u00e9kel\u00e9s szerint min\u0151s\u00edtett oklevelek eset\u00e9ben<\/p>\n<ul style=\"list-style-type: square\">\n<li>rite\u00a0 \u00a0 \u00a0 \u00a0 \u00a0 \u00a0 \u00a0 \u00a0 \u00a0 \u00a0 \u00a0 \u00a0 \u00a0 350 pont<\/li>\n<li>cum laude\u00a0 \u00a0 \u00a0 \u00a0 \u00a0 \u00a0 \u00a0 \u00a0390 pont<\/li>\n<li>summa cum laude\u00a0 400 pont<\/li>\n<\/ul>\n<p><strong>Ponthat\u00e1rok \u00e9s felv\u00e9teli eredm\u00e9nyek<\/strong><\/p>\n<p style=\"text-align: justify\">A ponthat\u00e1rok \u00e9s a felv\u00e9teli <em>eredm\u00e9nyek kihirdet\u00e9se<\/em> minden \u00e9v j\u00falius m\u00e1sodik fel\u00e9ben v\u00e1rhat\u00f3. \u00a0A jelentkez\u0151 egy felv\u00e9teli elj\u00e1r\u00e1sban egy k\u00e9pz\u00e9sre nyerhet felv\u00e9telt.<\/p>\n<p style=\"text-align: justify\">Nem nyerhet felv\u00e9telt az a jelentkez\u0151, akinek \u00f6sszpontsz\u00e1ma nem \u00e9ri el a megp\u00e1ly\u00e1zott szakra meg\u00e1llap\u00edtott felv\u00e9teli ponthat\u00e1rt, vagy nem rendelkezik a tov\u00e1bbtanul\u00e1shoz sz\u00fcks\u00e9ges v\u00e9gzetts\u00e9ggel.<\/p>\n<p style=\"text-align: justify\">A felv\u00e9teli elj\u00e1r\u00e1sra \u00e9s a tov\u00e1bbtanul\u00e1s felt\u00e9teleire vonatkoz\u00f3 legfontosabb rendelkez\u00e9seket a nemzeti fels\u0151oktat\u00e1sr\u00f3l sz\u00f3l\u00f3 2011. \u00e9vi CCIV. t\u00f6rv\u00e9ny, valamint a fels\u0151oktat\u00e1si felv\u00e9teli elj\u00e1r\u00e1sr\u00f3l sz\u00f3l\u00f3, t\u00f6bbsz\u00f6r m\u00f3dos\u00edtott 423\/2012. (XII. 29.) Korm\u00e1nyrendelet tartalmazza.<\/p>\n<h1>Magyar \u00e1llami \u00f6szt\u00f6nd\u00edj\u00a0<\/h1>\n<p style=\"text-align: justify\">Az Oktat\u00e1si Hivatal a t\u00e1j\u00e9koz\u00f3d\u00e1s megk\u00f6nny\u00edt\u00e9se \u00e9rdek\u00e9ben r\u00e9szletes t\u00e1j\u00e9koztat\u00f3 anyagokat k\u00e9sz\u00edtett a magyar \u00e1llami \u00f6szt\u00f6nd\u00edjjal kapcsolatban, melyek <a href=\"http:\/\/www.oktatas.hu\/felsooktatas\/osztondijas_kepzes\/kepzesfeltetelek\" target=\"_blank\" rel=\"noopener noreferrer\">ide kattintva<\/a> el\u00e9rhet\u0151k.<\/p>\n<\/div><\/div>\n","protected":false},"excerpt":{"rendered":"<p>A gy\u00f3gyszer\u00e9szhallgat\u00f3k k\u00e9pz\u00e9se \u00f6t \u00e9ven \u00e1t tart \u00e9s oktat\u00e1sukban az \u201eUniversitas szellemet\u201d megtestes\u00edtve, k\u00e9t egyetem h\u00e1rom kara vesz r\u00e9szt. A szakt\u00e1rgyak oktat\u00e1sa term\u00e9szetesen karunk int\u00e9zeteinek feladata, azonban az alapt\u00e1rgyak oktat\u00e1s\u00e1ban Semmelweis Egyetem \u00c1ltal\u00e1nos Orvostudom\u00e1nyi Kara \u00e9s az E\u00f6tv\u00f6s Lor\u00e1nd Tudom\u00e1nyegyetem Term\u00e9szettudom\u00e1nyi Kara is jelent\u0151s szerepet v\u00e1llal. 2011 \u00f3ta, a vil\u00e1gon egyed\u00fcl\u00e1ll\u00f3 m\u00f3don, a Gy\u00f3gyszer\u00e9sztudom\u00e1nyi Karon &hellip;<\/p>\n","protected":false},"author":101025,"featured_media":0,"parent":1922,"menu_order":1,"comment_status":"closed","ping_status":"closed","template":"template-fullwidth.php","meta":{"_acf_changed":false,"footnotes":""},"categories":[],"tags":[],"class_list":["post-2256","page","type-page","status-publish","hentry"],"acf":[],"_links":{"self":[{"href":"https:\/\/semmelweis.hu\/gytk\/wp-json\/wp\/v2\/pages\/2256","targetHints":{"allow":["GET"]}}],"collection":[{"href":"https:\/\/semmelweis.hu\/gytk\/wp-json\/wp\/v2\/pages"}],"about":[{"href":"https:\/\/semmelweis.hu\/gytk\/wp-json\/wp\/v2\/types\/page"}],"author":[{"embeddable":true,"href":"https:\/\/semmelweis.hu\/gytk\/wp-json\/wp\/v2\/users\/101025"}],"replies":[{"embeddable":true,"href":"https:\/\/semmelweis.hu\/gytk\/wp-json\/wp\/v2\/comments?post=2256"}],"version-history":[{"count":10,"href":"https:\/\/semmelweis.hu\/gytk\/wp-json\/wp\/v2\/pages\/2256\/revisions"}],"predecessor-version":[{"id":10744,"href":"https:\/\/semmelweis.hu\/gytk\/wp-json\/wp\/v2\/pages\/2256\/revisions\/10744"}],"up":[{"embeddable":true,"href":"https:\/\/semmelweis.hu\/gytk\/wp-json\/wp\/v2\/pages\/1922"}],"wp:attachment":[{"href":"https:\/\/semmelweis.hu\/gytk\/wp-json\/wp\/v2\/media?parent=2256"}],"wp:term":[{"taxonomy":"category","embeddable":true,"href":"https:\/\/semmelweis.hu\/gytk\/wp-json\/wp\/v2\/categories?post=2256"},{"taxonomy":"post_tag","embeddable":true,"href":"https:\/\/semmelweis.hu\/gytk\/wp-json\/wp\/v2\/tags?post=2256"}],"curies":[{"name":"wp","href":"https:\/\/api.w.org\/{rel}","templated":true}]}}