{"id":2195,"date":"2015-11-25T13:37:46","date_gmt":"2015-11-25T12:37:46","guid":{"rendered":"http:\/\/semmelweis.hu\/gytk\/?page_id=2195"},"modified":"2023-08-30T15:26:46","modified_gmt":"2023-08-30T13:26:46","slug":"szerves-vegytani-intezet","status":"publish","type":"page","link":"https:\/\/semmelweis.hu\/gytk\/kutatas\/szerves-vegytani-intezet\/","title":{"rendered":"Szerves Vegytani Int\u00e9zet"},"content":{"rendered":"<p style=\"text-align: justify\"><a href=\"https:\/\/semmelweis.hu\/gytk\/files\/2015\/11\/RS27384_20120116-IMG_7090-scr.jpg\"><img loading=\"lazy\" decoding=\"async\" class=\"size-medium wp-image-2252 alignright\" src=\"https:\/\/semmelweis.hu\/gytk\/files\/2015\/11\/RS27384_20120116-IMG_7090-scr-300x200.jpg\" alt=\"RS27384_20120116-IMG_7090-scr\" width=\"300\" height=\"200\" srcset=\"https:\/\/semmelweis.hu\/gytk\/files\/2015\/11\/RS27384_20120116-IMG_7090-scr-300x200.jpg 300w, https:\/\/semmelweis.hu\/gytk\/files\/2015\/11\/RS27384_20120116-IMG_7090-scr-450x300.jpg 450w, https:\/\/semmelweis.hu\/gytk\/files\/2015\/11\/RS27384_20120116-IMG_7090-scr.jpg 950w\" sizes=\"auto, (max-width: 300px) 100vw, 300px\" \/><\/a>A <strong><a href=\"https:\/\/semmelweis.hu\/orgchem\/\" target=\"_blank\" rel=\"noopener\">Szerves Vegytani Int\u00e9zet<\/a><\/strong>\u00a0\u00a0<em>Szerves Szintetikus Laborat\u00f3riumai<\/em>ban sokr\u00e9t\u0171 szerves k\u00e9miai kutat\u00f3munka folyik a legmodernebb szint\u00e9zism\u00f3dszerek alkalmaz\u00e1s\u00e1val. Els\u0151sorban \u00faj, biol\u00f3giailag akt\u00edv, nitrog\u00e9nt tartalmaz\u00f3 heterociklusos vegy\u00fcletek szint\u00e9zis\u00e9vel foglalkoznak.\u00a0A szintetikus munk\u00e1t modern mikrohull\u00e1m\u00fa reaktorok alkalmaz\u00e1sa is seg\u00edti, ezek felhaszn\u00e1l\u00e1s\u00e1val a k\u00f6rnyezetet sokkal kev\u00e9sb\u00e9 k\u00e1ros\u00edt\u00f3 m\u00f3don lehet k\u00fcl\u00f6nf\u00e9le k\u00e9miai szint\u00e9ziseket megval\u00f3s\u00edtani, ami az \u00fan. \u201ez\u00f6ld k\u00e9mia\u201d alapvet\u0151 c\u00e9lkit\u0171z\u00e9se.<\/p>\n<p style=\"text-align: justify\">A szintetikus munk\u00e1t t\u00f6bbek k\u00f6z\u00f6tt preparat\u00edv folyad\u00e9kkromatogr\u00e1fi\u00e1s k\u00e9sz\u00fcl\u00e9k \u00e9s <em>M\u00e1gneses Magrezonancia Laborat\u00f3rium<\/em> is t\u00e1mogatja, ahol az el\u0151\u00e1ll\u00edtott molekul\u00e1k szerkezet\u00e9t vizsg\u00e1lj\u00e1k NMR spektroszk\u00f3pi\u00e1val. A <em>Sz\u00e1m\u00edt\u00f3g\u00e9pes K\u00e9miai Laborat\u00f3rium<\/em>ban sz\u00e1m\u00edt\u00f3g\u00e9pes k\u00e9miai modellez\u00e9ssel a k\u00f6zponti idegrendszerre hat\u00f3, p\u00e9ld\u00e1ul Anti-Parkinson hat\u00e1s\u00fa vegy\u00fcletek tervez\u00e9se zajlik.<\/p>\n","protected":false},"excerpt":{"rendered":"<p><a href=\"https:\/\/semmelweis.hu\/gytk\/files\/2015\/11\/RS27384_20120116-IMG_7090-scr.jpg\"><\/a> A <a href=\"https:\/\/semmelweis.hu\/orgchem\/\" target=\"_blank\" rel=\"noopener\">Szerves Vegytani Int\u00e9zet<\/a> \u00a0\u00a0Szerves Szintetikus Laborat\u00f3riumaiban sokr\u00e9t\u0171 szerves k\u00e9miai kutat\u00f3munka folyik a legmodernebb szint\u00e9zism\u00f3dszerek alkalmaz\u00e1s\u00e1val. Els\u0151sorban \u00faj, biol\u00f3giailag akt\u00edv, nitrog\u00e9nt tartalmaz\u00f3 heterociklusos vegy\u00fcletek szint\u00e9zis\u00e9vel foglalkoznak.\u00a0A szintetikus munk\u00e1t modern mikrohull\u00e1m\u00fa reaktorok alkalmaz\u00e1sa is seg\u00edti, ezek felhaszn\u00e1l\u00e1s\u00e1val a k\u00f6rnyezetet sokkal kev\u00e9sb\u00e9 k\u00e1ros\u00edt\u00f3 m\u00f3don lehet k\u00fcl\u00f6nf\u00e9le k\u00e9miai szint\u00e9ziseket megval\u00f3s\u00edtani, ami az \u00fan. \u201ez\u00f6ld k\u00e9mia\u201d alapvet\u0151 c\u00e9lkit\u0171z\u00e9se. A szintetikus munk\u00e1t t\u00f6bbek &hellip;<\/p>\n","protected":false},"author":101025,"featured_media":0,"parent":6039,"menu_order":6,"comment_status":"closed","ping_status":"closed","template":"","meta":{"_acf_changed":false,"footnotes":""},"categories":[],"tags":[],"class_list":["post-2195","page","type-page","status-publish","hentry"],"acf":[],"_links":{"self":[{"href":"https:\/\/semmelweis.hu\/gytk\/wp-json\/wp\/v2\/pages\/2195","targetHints":{"allow":["GET"]}}],"collection":[{"href":"https:\/\/semmelweis.hu\/gytk\/wp-json\/wp\/v2\/pages"}],"about":[{"href":"https:\/\/semmelweis.hu\/gytk\/wp-json\/wp\/v2\/types\/page"}],"author":[{"embeddable":true,"href":"https:\/\/semmelweis.hu\/gytk\/wp-json\/wp\/v2\/users\/101025"}],"replies":[{"embeddable":true,"href":"https:\/\/semmelweis.hu\/gytk\/wp-json\/wp\/v2\/comments?post=2195"}],"version-history":[{"count":10,"href":"https:\/\/semmelweis.hu\/gytk\/wp-json\/wp\/v2\/pages\/2195\/revisions"}],"predecessor-version":[{"id":14629,"href":"https:\/\/semmelweis.hu\/gytk\/wp-json\/wp\/v2\/pages\/2195\/revisions\/14629"}],"up":[{"embeddable":true,"href":"https:\/\/semmelweis.hu\/gytk\/wp-json\/wp\/v2\/pages\/6039"}],"wp:attachment":[{"href":"https:\/\/semmelweis.hu\/gytk\/wp-json\/wp\/v2\/media?parent=2195"}],"wp:term":[{"taxonomy":"category","embeddable":true,"href":"https:\/\/semmelweis.hu\/gytk\/wp-json\/wp\/v2\/categories?post=2195"},{"taxonomy":"post_tag","embeddable":true,"href":"https:\/\/semmelweis.hu\/gytk\/wp-json\/wp\/v2\/tags?post=2195"}],"curies":[{"name":"wp","href":"https:\/\/api.w.org\/{rel}","templated":true}]}}