{"id":2193,"date":"2015-11-25T13:36:53","date_gmt":"2015-11-25T12:36:53","guid":{"rendered":"http:\/\/semmelweis.hu\/gytk\/?page_id=2193"},"modified":"2018-09-20T10:21:57","modified_gmt":"2018-09-20T08:21:57","slug":"gyogyszereszi-kemiai-intezet","status":"publish","type":"page","link":"https:\/\/semmelweis.hu\/gytk\/kutatas\/gyogyszereszi-kemiai-intezet\/","title":{"rendered":"Gy\u00f3gyszer\u00e9szi K\u00e9miai Int\u00e9zet"},"content":{"rendered":"<p style=\"text-align: justify;\"><a href=\"https:\/\/semmelweis.hu\/gytk\/files\/2015\/11\/RS27382_20120116-IMG_7087-scr.jpg\"><img loading=\"lazy\" decoding=\"async\" class=\" wp-image-2227 alignright\" src=\"https:\/\/semmelweis.hu\/gytk\/files\/2015\/11\/RS27382_20120116-IMG_7087-scr-300x200.jpg\" alt=\"RS27382_20120116-IMG_7087-scr\" width=\"314\" height=\"209\" srcset=\"https:\/\/semmelweis.hu\/gytk\/files\/2015\/11\/RS27382_20120116-IMG_7087-scr-300x200.jpg 300w, https:\/\/semmelweis.hu\/gytk\/files\/2015\/11\/RS27382_20120116-IMG_7087-scr-450x300.jpg 450w, https:\/\/semmelweis.hu\/gytk\/files\/2015\/11\/RS27382_20120116-IMG_7087-scr.jpg 950w\" sizes=\"auto, (max-width: 314px) 100vw, 314px\" \/><\/a>A <strong><a href=\"https:\/\/semmelweis.hu\/gyogyszereszi-kemia\/\" target=\"_blank\">Gy\u00f3gyszer\u00e9szi K\u00e9miai Int\u00e9zet<\/a><\/strong>\u00a0\u00a0<em>Szerves Szintetikus Laborat\u00f3riumai<\/em>ban szint\u00e9n \u00faj, biol\u00f3giailag akt\u00edv vegy\u00fcletek, els\u0151sorban morfinsz\u00e1rmaz\u00e9kok el\u0151\u00e1ll\u00edt\u00e1s\u00e1n munk\u00e1lkodnak.<\/p>\n<p style=\"text-align: justify;\">A <em>Mikrospeci\u00e1ci\u00f3s Laborat\u00f3riumok<\/em>ban sav-b\u00e1zis szempontb\u00f3l t\u00f6bbfunkci\u00f3s (t\u00f6bb l\u00e9pcs\u0151ben proton\u00e1lhat\u00f3\/deproton\u00e1lhat\u00f3) vegy\u00fcletek csoportszint\u0171 sav-b\u00e1zis egyens\u00falyait vizsg\u00e1lj\u00e1k, m\u00edg a <em>QSAR<\/em> (<em>Q<\/em>uantitative <em>S<\/em>tructure-<em>A<\/em>ctivity <em>R<\/em>elationship, Kvantitat\u00edv Szerkezet-Hat\u00e1s \u00d6sszef\u00fcgg\u00e9sek) <em>Laborat\u00f3riumok<\/em>ban a vegy\u00fcletek oldhat\u00f3s\u00e1g\u00e1val, lipofilit\u00e1s\u00e1val \u00e9s modellmembr\u00e1n-rendszereken val\u00f3 \u00e1tjut\u00e1s\u00e1val kapcsolatos vizsg\u00e1latok folynak.<\/p>\n<p style=\"text-align: justify;\">A <em>Kiroptikai Spektroszk\u00f3piai<\/em> \u00e9s <em>Elv\u00e1laszt\u00e1stechnikai Laborok<\/em>ban kir\u00e1lis \u00e9s akir\u00e1lis vegy\u00fcletek elv\u00e1laszt\u00e1sa, ill. azonos\u00edt\u00e1sa t\u00f6rt\u00e9nik nagyhat\u00e9konys\u00e1g\u00fa folyad\u00e9kkromatogr\u00e1fi\u00e1s \u00e9s kapill\u00e1ris elektrofor\u00e9zis m\u00f3dszerekkel ill. cirkul\u00e1ris dikroizmos spektroszk\u00f3pi\u00e1val. Minden fenti kutat\u00f3labor munk\u00e1j\u00e1t t\u00e1mogatja a k\u00e9t nagym\u0171szeres\u00a0analitikai laborat\u00f3rium.<\/p>\n<p style=\"text-align: justify;\">A <em>T\u00f6megspektrometriai Laborat\u00f3rium<\/em>ban a nagyhat\u00e9konys\u00e1g\u00fa folyad\u00e9kkromatogr\u00e1fi\u00e1val kombin\u00e1lt t\u00f6megspektrometri\u00e1t (HPLC-MS) ismeretlen anyagok pontos \u00f6sszegk\u00e9plet\u00e9nek meghat\u00e1roz\u00e1s\u00e1ra \u00e9s biol\u00f3giai mint\u00e1kb\u00f3l ak\u00e1r pikogramm mennyis\u00e9g\u0171 anyagok detekt\u00e1l\u00e1s\u00e1ra haszn\u00e1lj\u00e1k.<\/p>\n<p style=\"text-align: justify;\">A <em>M\u00e1gneses Magrezonancia Laborat\u00f3rium<\/em>ban m\u0171k\u00f6d\u0151, 14,1 Tesla t\u00e9rerej\u0171 szupravezet\u0151 m\u00e1gnessel \u00fczemel\u0151 NMR spektrom\u00e9ter alkalmaz\u00e1s\u00e1val gy\u00f3gyszer- \u00e9s biomolekul\u00e1k, gy\u00f3gyszerjel\u00f6ltek pontos szerkezet\u00e9t hat\u00e1rozz\u00e1k meg \u00e9s tanulm\u00e1nyozz\u00e1k a molekul\u00e1k oldatbeli viselked\u00e9s\u00e9t is.<\/p>\n","protected":false},"excerpt":{"rendered":"<p><a href=\"https:\/\/semmelweis.hu\/gytk\/files\/2015\/11\/RS27382_20120116-IMG_7087-scr.jpg\"><\/a> A <a href=\"https:\/\/semmelweis.hu\/gyogyszereszi-kemia\/\" target=\"_blank\">Gy\u00f3gyszer\u00e9szi K\u00e9miai Int\u00e9zet<\/a> \u00a0\u00a0Szerves Szintetikus Laborat\u00f3riumaiban szint\u00e9n \u00faj, biol\u00f3giailag akt\u00edv vegy\u00fcletek, els\u0151sorban morfinsz\u00e1rmaz\u00e9kok el\u0151\u00e1ll\u00edt\u00e1s\u00e1n munk\u00e1lkodnak. A Mikrospeci\u00e1ci\u00f3s Laborat\u00f3riumokban sav-b\u00e1zis szempontb\u00f3l t\u00f6bbfunkci\u00f3s (t\u00f6bb l\u00e9pcs\u0151ben proton\u00e1lhat\u00f3\/deproton\u00e1lhat\u00f3) vegy\u00fcletek csoportszint\u0171 sav-b\u00e1zis egyens\u00falyait vizsg\u00e1lj\u00e1k, m\u00edg a QSAR (Quantitative Structure-Activity Relationship, Kvantitat\u00edv Szerkezet-Hat\u00e1s \u00d6sszef\u00fcgg\u00e9sek) Laborat\u00f3riumokban a vegy\u00fcletek oldhat\u00f3s\u00e1g\u00e1val, lipofilit\u00e1s\u00e1val \u00e9s modellmembr\u00e1n-rendszereken val\u00f3 \u00e1tjut\u00e1s\u00e1val kapcsolatos vizsg\u00e1latok folynak. A Kiroptikai Spektroszk\u00f3piai \u00e9s Elv\u00e1laszt\u00e1stechnikai Laborokban kir\u00e1lis &hellip;<\/p>\n","protected":false},"author":101025,"featured_media":0,"parent":6039,"menu_order":4,"comment_status":"closed","ping_status":"closed","template":"","meta":{"_acf_changed":false,"footnotes":""},"categories":[],"tags":[],"class_list":["post-2193","page","type-page","status-publish","hentry"],"acf":[],"_links":{"self":[{"href":"https:\/\/semmelweis.hu\/gytk\/wp-json\/wp\/v2\/pages\/2193","targetHints":{"allow":["GET"]}}],"collection":[{"href":"https:\/\/semmelweis.hu\/gytk\/wp-json\/wp\/v2\/pages"}],"about":[{"href":"https:\/\/semmelweis.hu\/gytk\/wp-json\/wp\/v2\/types\/page"}],"author":[{"embeddable":true,"href":"https:\/\/semmelweis.hu\/gytk\/wp-json\/wp\/v2\/users\/101025"}],"replies":[{"embeddable":true,"href":"https:\/\/semmelweis.hu\/gytk\/wp-json\/wp\/v2\/comments?post=2193"}],"version-history":[{"count":4,"href":"https:\/\/semmelweis.hu\/gytk\/wp-json\/wp\/v2\/pages\/2193\/revisions"}],"predecessor-version":[{"id":2959,"href":"https:\/\/semmelweis.hu\/gytk\/wp-json\/wp\/v2\/pages\/2193\/revisions\/2959"}],"up":[{"embeddable":true,"href":"https:\/\/semmelweis.hu\/gytk\/wp-json\/wp\/v2\/pages\/6039"}],"wp:attachment":[{"href":"https:\/\/semmelweis.hu\/gytk\/wp-json\/wp\/v2\/media?parent=2193"}],"wp:term":[{"taxonomy":"category","embeddable":true,"href":"https:\/\/semmelweis.hu\/gytk\/wp-json\/wp\/v2\/categories?post=2193"},{"taxonomy":"post_tag","embeddable":true,"href":"https:\/\/semmelweis.hu\/gytk\/wp-json\/wp\/v2\/tags?post=2193"}],"curies":[{"name":"wp","href":"https:\/\/api.w.org\/{rel}","templated":true}]}}