{"id":2191,"date":"2015-11-25T13:35:54","date_gmt":"2015-11-25T12:35:54","guid":{"rendered":"http:\/\/semmelweis.hu\/gytk\/?page_id=2191"},"modified":"2018-09-20T10:22:01","modified_gmt":"2018-09-20T08:22:01","slug":"gyogyszerhatastani-intezet","status":"publish","type":"page","link":"https:\/\/semmelweis.hu\/gytk\/kutatas\/gyogyszerhatastani-intezet\/","title":{"rendered":"Gy\u00f3gyszerhat\u00e1stani Int\u00e9zet"},"content":{"rendered":"<p style=\"text-align: justify;\"><a href=\"https:\/\/semmelweis.hu\/gytk\/files\/2015\/11\/RS22494__ZZS9816-scr.jpg\"><img loading=\"lazy\" decoding=\"async\" class=\"size-medium wp-image-2234 alignright\" src=\"https:\/\/semmelweis.hu\/gytk\/files\/2015\/11\/RS22494__ZZS9816-scr-300x200.jpg\" alt=\"RS22494__ZZS9816-scr\" width=\"300\" height=\"200\" srcset=\"https:\/\/semmelweis.hu\/gytk\/files\/2015\/11\/RS22494__ZZS9816-scr-300x200.jpg 300w, https:\/\/semmelweis.hu\/gytk\/files\/2015\/11\/RS22494__ZZS9816-scr-450x300.jpg 450w, https:\/\/semmelweis.hu\/gytk\/files\/2015\/11\/RS22494__ZZS9816-scr.jpg 950w\" sizes=\"auto, (max-width: 300px) 100vw, 300px\" \/><\/a>A <strong><a href=\"https:\/\/semmelweis.hu\/gyogyszerhatastan\/\" target=\"_blank\">Gy\u00f3gyszerhat\u00e1stani Int\u00e9zet<\/a><\/strong> <em>Sejtteny\u00e9szt\u0151 Laborat\u00f3rium\u00e1<\/em>ban gy\u00f3gyszerek hat\u00e1sm\u00f3dj\u00e1t sejtkult\u00far\u00e1k alkalmaz\u00e1s\u00e1val tanulm\u00e1nyozz\u00e1k. Nagy \u00e1tereszt\u0151k\u00e9pess\u00e9g\u0171 tesztekkel (pl. \u00fan. ELISA olvas\u00f3 alkalmaz\u00e1s\u00e1val), nagysz\u00e1m\u00fa, kis mennyis\u00e9g\u0171 biol\u00f3giai minta gyors vizsg\u00e1lat\u00e1t is meg tudj\u00e1k val\u00f3s\u00edtani.<\/p>\n<p style=\"text-align: justify;\">A <em>Kapill\u00e1ris Elektrofor\u00e9zis Labor<\/em>ban alkalmazott speci\u00e1lis elv\u00e1laszt\u00e1stechnikai m\u00f3dszer alkalmas biol\u00f3giai mint\u00e1k komponenseinek gyors elv\u00e1laszt\u00e1s\u00e1ra \u00e9s mennyis\u00e9g\u00fck \u00e9rz\u00e9keny meghat\u00e1roz\u00e1s\u00e1ra.<\/p>\n<p style=\"text-align: justify;\">A <em>Farmakokinetikai Labor<\/em>ban k\u00fcl\u00f6nb\u00f6z\u0151 biol\u00f3giai m\u00e1trixokb\u00f3l a gy\u00f3gyszerek mennyis\u00e9g\u00e9t hat\u00e1rozz\u00e1k meg nagyhat\u00e9konys\u00e1g\u00fa folyad\u00e9kkromatogr\u00e1fi\u00e1s m\u00f3dszerrel.<\/p>\n<p style=\"text-align: justify;\">Az <em>Alv\u00e1sfarmakol\u00f3giai Laborat\u00f3rium<\/em>ban \u00e1llatk\u00eds\u00e9rletes modellek seg\u00edts\u00e9g\u00e9vel vizsg\u00e1lj\u00e1k egyes k\u00f6zponti idegrendszerre hat\u00f3 gy\u00f3gyszerek hat\u00e1s\u00e1t. A szoci\u00e1lis interakci\u00f3 teszt seg\u00edts\u00e9g\u00e9vel r\u00e1gcs\u00e1l\u00f3k szoci\u00e1lis viselked\u00e9s\u00e9nek tanulm\u00e1nyoz\u00e1s\u00e1n kereszt\u00fcl sz\u00e1mos betegs\u00e9g &#8211; p\u00e9ld\u00e1ul szorong\u00e1s, depresszi\u00f3, skizofr\u00e9nia \u00e9s autizmus &#8211; kezel\u00e9s\u00e9ben haszn\u00e1latos gy\u00f3gyszer hat\u00e1s\u00e1t lehet tanulm\u00e1nyozni. Patk\u00e1nyokon v\u00e9gzett EEG (elektroenkefalogr\u00e1fi\u00e1s) vizsg\u00e1latok sor\u00e1n az agy elektromos tev\u00e9kenys\u00e9g\u00e9t regisztr\u00e1lj\u00e1k, \u00e9s els\u0151sorban azt kutatj\u00e1k, hogyan v\u00e1ltoztatj\u00e1k meg egyes gy\u00f3gyszerek az alv\u00e1s szerkezet\u00e9t. Az alv\u00e1selemz\u00e9s sor\u00e1n az agytev\u00e9kenys\u00e9get r\u00f6gz\u00edt\u0151 EEG jelekkel p\u00e1rhuzamosan az izomtev\u00e9kenys\u00e9get (EMG, elektromyogr\u00e1fia), valamint az \u00e1llat mozg\u00e1s\u00e1t is figyelemmel k\u00f6vetik.<\/p>\n","protected":false},"excerpt":{"rendered":"<p><a href=\"https:\/\/semmelweis.hu\/gytk\/files\/2015\/11\/RS22494__ZZS9816-scr.jpg\"><\/a> A <a href=\"https:\/\/semmelweis.hu\/gyogyszerhatastan\/\" target=\"_blank\">Gy\u00f3gyszerhat\u00e1stani Int\u00e9zet<\/a> Sejtteny\u00e9szt\u0151 Laborat\u00f3rium\u00e1ban gy\u00f3gyszerek hat\u00e1sm\u00f3dj\u00e1t sejtkult\u00far\u00e1k alkalmaz\u00e1s\u00e1val tanulm\u00e1nyozz\u00e1k. Nagy \u00e1tereszt\u0151k\u00e9pess\u00e9g\u0171 tesztekkel (pl. \u00fan. ELISA olvas\u00f3 alkalmaz\u00e1s\u00e1val), nagysz\u00e1m\u00fa, kis mennyis\u00e9g\u0171 biol\u00f3giai minta gyors vizsg\u00e1lat\u00e1t is meg tudj\u00e1k val\u00f3s\u00edtani. A Kapill\u00e1ris Elektrofor\u00e9zis Laborban alkalmazott speci\u00e1lis elv\u00e1laszt\u00e1stechnikai m\u00f3dszer alkalmas biol\u00f3giai mint\u00e1k komponenseinek gyors elv\u00e1laszt\u00e1s\u00e1ra \u00e9s mennyis\u00e9g\u00fck \u00e9rz\u00e9keny meghat\u00e1roz\u00e1s\u00e1ra. A Farmakokinetikai Laborban k\u00fcl\u00f6nb\u00f6z\u0151 biol\u00f3giai m\u00e1trixokb\u00f3l a gy\u00f3gyszerek mennyis\u00e9g\u00e9t hat\u00e1rozz\u00e1k &hellip;<\/p>\n","protected":false},"author":101025,"featured_media":0,"parent":6039,"menu_order":5,"comment_status":"closed","ping_status":"closed","template":"","meta":{"_acf_changed":false,"footnotes":""},"categories":[],"tags":[],"class_list":["post-2191","page","type-page","status-publish","hentry"],"acf":[],"_links":{"self":[{"href":"https:\/\/semmelweis.hu\/gytk\/wp-json\/wp\/v2\/pages\/2191","targetHints":{"allow":["GET"]}}],"collection":[{"href":"https:\/\/semmelweis.hu\/gytk\/wp-json\/wp\/v2\/pages"}],"about":[{"href":"https:\/\/semmelweis.hu\/gytk\/wp-json\/wp\/v2\/types\/page"}],"author":[{"embeddable":true,"href":"https:\/\/semmelweis.hu\/gytk\/wp-json\/wp\/v2\/users\/101025"}],"replies":[{"embeddable":true,"href":"https:\/\/semmelweis.hu\/gytk\/wp-json\/wp\/v2\/comments?post=2191"}],"version-history":[{"count":4,"href":"https:\/\/semmelweis.hu\/gytk\/wp-json\/wp\/v2\/pages\/2191\/revisions"}],"predecessor-version":[{"id":2957,"href":"https:\/\/semmelweis.hu\/gytk\/wp-json\/wp\/v2\/pages\/2191\/revisions\/2957"}],"up":[{"embeddable":true,"href":"https:\/\/semmelweis.hu\/gytk\/wp-json\/wp\/v2\/pages\/6039"}],"wp:attachment":[{"href":"https:\/\/semmelweis.hu\/gytk\/wp-json\/wp\/v2\/media?parent=2191"}],"wp:term":[{"taxonomy":"category","embeddable":true,"href":"https:\/\/semmelweis.hu\/gytk\/wp-json\/wp\/v2\/categories?post=2191"},{"taxonomy":"post_tag","embeddable":true,"href":"https:\/\/semmelweis.hu\/gytk\/wp-json\/wp\/v2\/tags?post=2191"}],"curies":[{"name":"wp","href":"https:\/\/api.w.org\/{rel}","templated":true}]}}