{"id":2189,"date":"2015-11-25T13:35:12","date_gmt":"2015-11-25T12:35:12","guid":{"rendered":"http:\/\/semmelweis.hu\/gytk\/?page_id=2189"},"modified":"2018-09-20T10:21:52","modified_gmt":"2018-09-20T08:21:52","slug":"gyogyszereszeti-intezet","status":"publish","type":"page","link":"https:\/\/semmelweis.hu\/gytk\/kutatas\/gyogyszereszeti-intezet\/","title":{"rendered":"Gy\u00f3gyszer\u00e9szeti Int\u00e9zet"},"content":{"rendered":"<p style=\"text-align: justify;\">A <strong><a href=\"https:\/\/semmelweis.hu\/gyogyszereszeti-intezet\/\" target=\"_blank\">Gy\u00f3gyszer\u00e9szeti Int\u00e9zet<\/a><\/strong> <em>K\u00f6z\u00e9p\u00fczemi Gy\u00f3gyszertechnol\u00f3giai Laborat\u00f3rium<\/em>\u00e1ban k\u00fcl\u00f6nb\u00f6z\u0151 \u00faj gy\u00f3gyszerform\u00e1k formul\u00e1l\u00e1s\u00e1val \u00e9s a k\u00f6z\u00e9p\u00fczemi gy\u00e1rt\u00e1stechnol\u00f3gi\u00e1k vizsg\u00e1lat\u00e1val foglalkoznak. A hat\u00f3anyagoknak k\u00fcl\u00f6nb\u00f6z\u0151 gy\u00f3gyszerform\u00e1kb\u00f3l t\u00f6rt\u00e9n\u0151 felszabadul\u00e1s\u00e1nak vizsg\u00e1lat\u00e1ra haszn\u00e1lj\u00e1k a spektrofotom\u00e9terrel is egybek\u00f6thet\u0151, automata mintav\u00e9teli lehet\u0151s\u00e9ggel is ell\u00e1tott kiold\u00f3d\u00e1s-vizsg\u00e1l\u00f3 k\u00e9sz\u00fcl\u00e9ket. A k\u00f6rforg\u00f3s tablett\u00e1z\u00f3g\u00e9pet pr\u00e9selm\u00e9nyek el\u0151\u00e1ll\u00edt\u00e1s\u00e1ra haszn\u00e1lj\u00e1k. Alkalmazz\u00e1k m\u00e9g t\u00f6bbek k\u00f6z\u00f6tt az \u00f6rv\u00e9ny\u00e1ram\u00fa granul\u00e1l\u00e1s \u00e9s fluidiz\u00e1ci\u00f3 m\u00f3dszereit is.<\/p>\n<p style=\"text-align: justify;\"><a href=\"https:\/\/semmelweis.hu\/gytk\/files\/2015\/11\/RS21756_KA-20140901-IMG_9474-antal-istvan-interju-scr.jpg\"><img loading=\"lazy\" decoding=\"async\" class=\"size-medium wp-image-2224 alignright\" src=\"https:\/\/semmelweis.hu\/gytk\/files\/2015\/11\/RS21756_KA-20140901-IMG_9474-antal-istvan-interju-scr-300x200.jpg\" alt=\"RS21756_KA-20140901-IMG_9474-antal-istvan-interju-scr\" width=\"300\" height=\"200\" srcset=\"https:\/\/semmelweis.hu\/gytk\/files\/2015\/11\/RS21756_KA-20140901-IMG_9474-antal-istvan-interju-scr-300x200.jpg 300w, https:\/\/semmelweis.hu\/gytk\/files\/2015\/11\/RS21756_KA-20140901-IMG_9474-antal-istvan-interju-scr-450x300.jpg 450w, https:\/\/semmelweis.hu\/gytk\/files\/2015\/11\/RS21756_KA-20140901-IMG_9474-antal-istvan-interju-scr.jpg 950w\" sizes=\"auto, (max-width: 300px) 100vw, 300px\" \/><\/a>A <em>Gy\u00f3gyszertechnol\u00f3giai K\u00e9miai Ellen\u0151rz\u0151 Vizsg\u00e1latok Laborat\u00f3rium\u00e1<\/em>ban t\u00f6bbek k\u00f6z\u00f6tt a farmakokinetikai- ill. biofarm\u00e1ciai kutat\u00e1sokhoz elengedhetetlen analitikai vizsg\u00e1latok zajlanak. Gy\u00f3gyszerk\u00e9sz\u00edtm\u00e9nyek hat\u00f3anyagainak, boml\u00e1sterm\u00e9keinek \u00e9s szennyez\u00e9seinek min\u0151s\u00e9gi \u00e9s mennyis\u00e9gi anal\u00edzise ultraibolya-detekt\u00e1l\u00e1sos nagyhat\u00e9konys\u00e1g\u00fa folyad\u00e9kkromatogr\u00e1fi\u00e1s m\u00f3dszerrel zajlik. Gy\u00f3gyszerek szervezetbeni \u00fatj\u00e1nak nyomon k\u00f6vet\u00e9se k\u00fcl\u00f6nb\u00f6z\u0151 biol\u00f3giai m\u00e1trixokb\u00f3l nagy \u00e1tereszt\u0151k\u00e9pess\u00e9g\u0171, nagy \u00e9rz\u00e9kenys\u00e9g\u0171 \u00e9s nagyhat\u00e9konys\u00e1g\u00fa bioanalitikai m\u00f3dszerrel, \u00fan. ultra-nagyhat\u00e9konys\u00e1g\u00fa folyad\u00e9kkromatogr\u00e1fi\u00e1val kombin\u00e1lt t\u00f6megspektrometri\u00e1s m\u00f3dszerrel t\u00f6rt\u00e9nik.<\/p>\n<p style=\"text-align: justify;\">A <em>Gy\u00f3gyszertechnol\u00f3giai Fizikai Ellen\u0151rz\u0151 Vizsg\u00e1latok Laborat\u00f3rium\u00e1<\/em>ban az egyes gy\u00f3gyszerform\u00e1k fizikai tulajdons\u00e1gait tanulm\u00e1nyozz\u00e1k. A gy\u00f3gyszerk\u00e9sz\u00edtm\u00e9nyek preformul\u00e1l\u00e1si vizsg\u00e1latai sor\u00e1n a f\u00e1zis\u00e1talakul\u00e1ssal j\u00e1r\u00f3 folyamatokat differenci\u00e1lis p\u00e1szt\u00e1z\u00f3 kalorimetri\u00e1val jellemzik. Reom\u00e9terrel a gy\u00f3gyszerk\u00e9sz\u00edtm\u00e9nyeket \u00e9s seg\u00e9danyagaikat \u00e9rt\u00e9kelik reol\u00f3giai szempontb\u00f3l, azaz viszkozit\u00e1sukat, foly\u00e1ssal szembeni ellen\u00e1ll\u00e1sukat jellemzik.<\/p>\n<p style=\"text-align: justify;\">A <em>Biofarm\u00e1ciai Laborat\u00f3rium<\/em>ban \u00faj formul\u00e1ci\u00f3kat \u00e9s a gy\u00f3gyszerk\u00e9sz\u00edtm\u00e9nyek szervezeten bel\u00fcli sors\u00e1t vizsg\u00e1lj\u00e1k p\u00e9ld\u00e1ul a b\u0151r\u00f6n kereszt\u00fcli felsz\u00edv\u00f3d\u00e1s <em>in vitro<\/em> modellez\u00e9s\u00e9re alkalmas Franz-cell\u00e1s k\u00e9sz\u00fcl\u00e9kkel.<\/p>\n","protected":false},"excerpt":{"rendered":"<p>A <a href=\"https:\/\/semmelweis.hu\/gyogyszereszeti-intezet\/\" target=\"_blank\">Gy\u00f3gyszer\u00e9szeti Int\u00e9zet<\/a> K\u00f6z\u00e9p\u00fczemi Gy\u00f3gyszertechnol\u00f3giai Laborat\u00f3rium\u00e1ban k\u00fcl\u00f6nb\u00f6z\u0151 \u00faj gy\u00f3gyszerform\u00e1k formul\u00e1l\u00e1s\u00e1val \u00e9s a k\u00f6z\u00e9p\u00fczemi gy\u00e1rt\u00e1stechnol\u00f3gi\u00e1k vizsg\u00e1lat\u00e1val foglalkoznak. A hat\u00f3anyagoknak k\u00fcl\u00f6nb\u00f6z\u0151 gy\u00f3gyszerform\u00e1kb\u00f3l t\u00f6rt\u00e9n\u0151 felszabadul\u00e1s\u00e1nak vizsg\u00e1lat\u00e1ra haszn\u00e1lj\u00e1k a spektrofotom\u00e9terrel is egybek\u00f6thet\u0151, automata mintav\u00e9teli lehet\u0151s\u00e9ggel is ell\u00e1tott kiold\u00f3d\u00e1s-vizsg\u00e1l\u00f3 k\u00e9sz\u00fcl\u00e9ket. A k\u00f6rforg\u00f3s tablett\u00e1z\u00f3g\u00e9pet pr\u00e9selm\u00e9nyek el\u0151\u00e1ll\u00edt\u00e1s\u00e1ra haszn\u00e1lj\u00e1k. Alkalmazz\u00e1k m\u00e9g t\u00f6bbek k\u00f6z\u00f6tt az \u00f6rv\u00e9ny\u00e1ram\u00fa granul\u00e1l\u00e1s \u00e9s fluidiz\u00e1ci\u00f3 m\u00f3dszereit is. <a href=\"https:\/\/semmelweis.hu\/gytk\/files\/2015\/11\/RS21756_KA-20140901-IMG_9474-antal-istvan-interju-scr.jpg\"><\/a> A Gy\u00f3gyszertechnol\u00f3giai K\u00e9miai Ellen\u0151rz\u0151 Vizsg\u00e1latok &hellip;<\/p>\n","protected":false},"author":101025,"featured_media":0,"parent":6039,"menu_order":3,"comment_status":"closed","ping_status":"closed","template":"","meta":{"_acf_changed":false,"footnotes":""},"categories":[],"tags":[],"class_list":["post-2189","page","type-page","status-publish","hentry"],"acf":[],"_links":{"self":[{"href":"https:\/\/semmelweis.hu\/gytk\/wp-json\/wp\/v2\/pages\/2189","targetHints":{"allow":["GET"]}}],"collection":[{"href":"https:\/\/semmelweis.hu\/gytk\/wp-json\/wp\/v2\/pages"}],"about":[{"href":"https:\/\/semmelweis.hu\/gytk\/wp-json\/wp\/v2\/types\/page"}],"author":[{"embeddable":true,"href":"https:\/\/semmelweis.hu\/gytk\/wp-json\/wp\/v2\/users\/101025"}],"replies":[{"embeddable":true,"href":"https:\/\/semmelweis.hu\/gytk\/wp-json\/wp\/v2\/comments?post=2189"}],"version-history":[{"count":4,"href":"https:\/\/semmelweis.hu\/gytk\/wp-json\/wp\/v2\/pages\/2189\/revisions"}],"predecessor-version":[{"id":2956,"href":"https:\/\/semmelweis.hu\/gytk\/wp-json\/wp\/v2\/pages\/2189\/revisions\/2956"}],"up":[{"embeddable":true,"href":"https:\/\/semmelweis.hu\/gytk\/wp-json\/wp\/v2\/pages\/6039"}],"wp:attachment":[{"href":"https:\/\/semmelweis.hu\/gytk\/wp-json\/wp\/v2\/media?parent=2189"}],"wp:term":[{"taxonomy":"category","embeddable":true,"href":"https:\/\/semmelweis.hu\/gytk\/wp-json\/wp\/v2\/categories?post=2189"},{"taxonomy":"post_tag","embeddable":true,"href":"https:\/\/semmelweis.hu\/gytk\/wp-json\/wp\/v2\/tags?post=2189"}],"curies":[{"name":"wp","href":"https:\/\/api.w.org\/{rel}","templated":true}]}}