{"id":2187,"date":"2015-11-25T13:34:29","date_gmt":"2015-11-25T12:34:29","guid":{"rendered":"http:\/\/semmelweis.hu\/gytk\/?page_id=2187"},"modified":"2018-09-20T10:21:46","modified_gmt":"2018-09-20T08:21:46","slug":"farmakognoziai-intezet","status":"publish","type":"page","link":"https:\/\/semmelweis.hu\/gytk\/kutatas\/farmakognoziai-intezet\/","title":{"rendered":"Farmakogn\u00f3ziai Int\u00e9zet"},"content":{"rendered":"<p style=\"text-align: justify;\">A <strong><a href=\"https:\/\/semmelweis.hu\/farmakognozia\/\" target=\"_blank\">Farmakogn\u00f3ziai Int\u00e9zet<\/a>\u00a0<\/strong><em>Elv\u00e1laszt\u00e1stechnikai Laborat\u00f3riumai<\/em>ban gy\u00f3gyn\u00f6v\u00e9nykivonatok \u00e9s n\u00f6v\u00e9nyi gy\u00f3gyszerek gy\u00f3gy\u00e1szatilag potenci\u00e1lisan \u00e9rt\u00e9kes komponenseinek elv\u00e1laszt\u00e1s\u00e1val \u00e9s azonos\u00edt\u00e1s\u00e1val foglalkoznak, p\u00e9ld\u00e1ul<a href=\"https:\/\/semmelweis.hu\/gytk\/files\/2015\/11\/RS21559_KA-20140819-IMG_7863-infuzios-labor-scr.jpg\"><img loading=\"lazy\" decoding=\"async\" class=\" wp-image-2226 alignright\" src=\"https:\/\/semmelweis.hu\/gytk\/files\/2015\/11\/RS21559_KA-20140819-IMG_7863-infuzios-labor-scr-300x200.jpg\" alt=\"RS21559_KA-20140819-IMG_7863-infuzios-labor-scr\" width=\"317\" height=\"211\" srcset=\"https:\/\/semmelweis.hu\/gytk\/files\/2015\/11\/RS21559_KA-20140819-IMG_7863-infuzios-labor-scr-300x200.jpg 300w, https:\/\/semmelweis.hu\/gytk\/files\/2015\/11\/RS21559_KA-20140819-IMG_7863-infuzios-labor-scr-450x300.jpg 450w, https:\/\/semmelweis.hu\/gytk\/files\/2015\/11\/RS21559_KA-20140819-IMG_7863-infuzios-labor-scr.jpg 950w\" sizes=\"auto, (max-width: 317px) 100vw, 317px\" \/><\/a> t\u00f6megspektrom\u00e9terrel kapcsolt g\u00e1zkromatogr\u00e1fi\u00e1s k\u00e9sz\u00fcl\u00e9k (GC-MS) seg\u00edts\u00e9g\u00e9vel ill\u00f3olajok komponenseit \u00e9s ar\u00e1nyukat hat\u00e1rozz\u00e1k meg.\u00a0Az igen \u00e9rz\u00e9keny, kis mintaig\u00e9ny\u0171 \u00e9s robosztus nagyhat\u00e9konys\u00e1g\u00fa folyad\u00e9kkromatogr\u00e1fi\u00e1val kapcsolt tandem t\u00f6megspektrometria (LC-MS\/MS) m\u00f3dszer pedig sz\u00e9lesk\u00f6r\u0171en alkalmas a komplex foly\u00e9kony mint\u00e1k (gy\u00f3gyn\u00f6v\u00e9nyek \u00e9s n\u00f6v\u00e9nyi gy\u00f3gyszerek kivonatai) viszonylag gyors elemz\u00e9s\u00e9re.<\/p>\n<p style=\"text-align: justify;\">A <em>Biotechnol\u00f3gia Laborat\u00f3rium<\/em>ban gy\u00f3gyn\u00f6v\u00e9nyek biotechnol\u00f3giai m\u00f3dszerekkel teny\u00e9sztett k\u00fcl\u00f6nf\u00e9le kult\u00far\u00e1ival termeltetnek gy\u00f3gy\u00e1szati szempontb\u00f3l hasznos hat\u00f3anyagokat. A teny\u00e9szt\u00e9st <em>in vitro<\/em> mikroszapor\u00edt\u00e1s m\u00f3dszer\u00e9vel, steril \u00e9s kontroll\u00e1lt felv\u00e9telek mellett v\u00e9gzik.<\/p>\n<p style=\"text-align: justify;\">A <em>Biok\u00e9miai Laborat\u00f3rium<\/em>ban a szervezet redox egyens\u00faly\u00e1nak fontos t\u00e9nyez\u0151ivel, a t\u00falzott mennyis\u00e9gben k\u00e1ros szabad gy\u00f6k\u00f6kkel kapcsolatos kutat\u00e1sok zajlanak. A szabadgy\u00f6k-fog\u00f3 kapacit\u00e1s meghat\u00e1roz\u00e1s\u00e1ra a laborat\u00f3riumban induk\u00e1lt kemilumineszcencia-m\u00e9r\u00e9st alkalmaznak.<\/p>\n","protected":false},"excerpt":{"rendered":"<p>A <a href=\"https:\/\/semmelweis.hu\/farmakognozia\/\" target=\"_blank\">Farmakogn\u00f3ziai Int\u00e9zet<\/a> \u00a0Elv\u00e1laszt\u00e1stechnikai Laborat\u00f3riumaiban gy\u00f3gyn\u00f6v\u00e9nykivonatok \u00e9s n\u00f6v\u00e9nyi gy\u00f3gyszerek gy\u00f3gy\u00e1szatilag potenci\u00e1lisan \u00e9rt\u00e9kes komponenseinek elv\u00e1laszt\u00e1s\u00e1val \u00e9s azonos\u00edt\u00e1s\u00e1val foglalkoznak, p\u00e9ld\u00e1ul <a href=\"https:\/\/semmelweis.hu\/gytk\/files\/2015\/11\/RS21559_KA-20140819-IMG_7863-infuzios-labor-scr.jpg\"><\/a> t\u00f6megspektrom\u00e9terrel kapcsolt g\u00e1zkromatogr\u00e1fi\u00e1s k\u00e9sz\u00fcl\u00e9k (GC-MS) seg\u00edts\u00e9g\u00e9vel ill\u00f3olajok komponenseit \u00e9s ar\u00e1nyukat hat\u00e1rozz\u00e1k meg.\u00a0Az igen \u00e9rz\u00e9keny, kis mintaig\u00e9ny\u0171 \u00e9s robosztus nagyhat\u00e9konys\u00e1g\u00fa folyad\u00e9kkromatogr\u00e1fi\u00e1val kapcsolt tandem t\u00f6megspektrometria (LC-MS\/MS) m\u00f3dszer pedig sz\u00e9lesk\u00f6r\u0171en alkalmas a komplex foly\u00e9kony mint\u00e1k (gy\u00f3gyn\u00f6v\u00e9nyek \u00e9s n\u00f6v\u00e9nyi gy\u00f3gyszerek kivonatai) viszonylag gyors &hellip;<\/p>\n","protected":false},"author":101025,"featured_media":0,"parent":6039,"menu_order":2,"comment_status":"closed","ping_status":"closed","template":"","meta":{"_acf_changed":false,"footnotes":""},"categories":[],"tags":[],"class_list":["post-2187","page","type-page","status-publish","hentry"],"acf":[],"_links":{"self":[{"href":"https:\/\/semmelweis.hu\/gytk\/wp-json\/wp\/v2\/pages\/2187","targetHints":{"allow":["GET"]}}],"collection":[{"href":"https:\/\/semmelweis.hu\/gytk\/wp-json\/wp\/v2\/pages"}],"about":[{"href":"https:\/\/semmelweis.hu\/gytk\/wp-json\/wp\/v2\/types\/page"}],"author":[{"embeddable":true,"href":"https:\/\/semmelweis.hu\/gytk\/wp-json\/wp\/v2\/users\/101025"}],"replies":[{"embeddable":true,"href":"https:\/\/semmelweis.hu\/gytk\/wp-json\/wp\/v2\/comments?post=2187"}],"version-history":[{"count":5,"href":"https:\/\/semmelweis.hu\/gytk\/wp-json\/wp\/v2\/pages\/2187\/revisions"}],"predecessor-version":[{"id":2955,"href":"https:\/\/semmelweis.hu\/gytk\/wp-json\/wp\/v2\/pages\/2187\/revisions\/2955"}],"up":[{"embeddable":true,"href":"https:\/\/semmelweis.hu\/gytk\/wp-json\/wp\/v2\/pages\/6039"}],"wp:attachment":[{"href":"https:\/\/semmelweis.hu\/gytk\/wp-json\/wp\/v2\/media?parent=2187"}],"wp:term":[{"taxonomy":"category","embeddable":true,"href":"https:\/\/semmelweis.hu\/gytk\/wp-json\/wp\/v2\/categories?post=2187"},{"taxonomy":"post_tag","embeddable":true,"href":"https:\/\/semmelweis.hu\/gytk\/wp-json\/wp\/v2\/tags?post=2187"}],"curies":[{"name":"wp","href":"https:\/\/api.w.org\/{rel}","templated":true}]}}