{"id":2185,"date":"2015-11-25T13:33:37","date_gmt":"2015-11-25T12:33:37","guid":{"rendered":"http:\/\/semmelweis.hu\/gytk\/?page_id=2185"},"modified":"2018-09-20T10:21:40","modified_gmt":"2018-09-20T08:21:40","slug":"egyetemi-gyogyszertar-gyogyszerugyi-szervezesi-intezet","status":"publish","type":"page","link":"https:\/\/semmelweis.hu\/gytk\/kutatas\/egyetemi-gyogyszertar-gyogyszerugyi-szervezesi-intezet\/","title":{"rendered":"Egyetemi Gy\u00f3gyszert\u00e1r Gy\u00f3gyszer\u00fcgyi Szervez\u00e9si Int\u00e9zet"},"content":{"rendered":"<p style=\"text-align: justify;\">Az <strong><a href=\"https:\/\/semmelweis.hu\/gyogyszertar\/\" target=\"_blank\">Egyetemi Gy\u00f3gyszert\u00e1r Gy\u00f3gyszer\u00fcgyi Szervez\u00e9si Int\u00e9zet<\/a>\u00a0<\/strong><em>Technol\u00f3giai Fejleszt\u0151 Laborat\u00f3rium<\/em>\u00e1ban \u00faj, innovat\u00edv gy\u00f3gyszerform\u00e1k, p\u00e9ld\u00e1ul mikrosz\u00e1las hat\u00f3anyag-hordoz\u00f3 rendszerek el\u0151\u00e1ll\u00edt\u00e1sa, morfol\u00f3giai vizsg\u00e1latai \u00e9s <em>in vitro<\/em> kiold\u00f3d\u00e1s-vizsg\u00e1latai t\u00f6rt\u00e9nnek.<\/p>\n<p style=\"text-align: justify;\"><a href=\"https:\/\/semmelweis.hu\/gytk\/files\/2015\/11\/RS27376_20120109-IMG_5521-scr.jpg\"><img loading=\"lazy\" decoding=\"async\" class=\" wp-image-2205 alignright\" src=\"https:\/\/semmelweis.hu\/gytk\/files\/2015\/11\/RS27376_20120109-IMG_5521-scr-300x200.jpg\" alt=\"RS27376_20120109-IMG_5521-scr\" width=\"336\" height=\"224\" srcset=\"https:\/\/semmelweis.hu\/gytk\/files\/2015\/11\/RS27376_20120109-IMG_5521-scr-300x200.jpg 300w, https:\/\/semmelweis.hu\/gytk\/files\/2015\/11\/RS27376_20120109-IMG_5521-scr-450x300.jpg 450w, https:\/\/semmelweis.hu\/gytk\/files\/2015\/11\/RS27376_20120109-IMG_5521-scr.jpg 950w\" sizes=\"auto, (max-width: 336px) 100vw, 336px\" \/><\/a>Az Int\u00e9zet a kutat\u00e1s mellett Egyetem\u00fcnk \u00e9let\u00e9ben n\u00e9lk\u00fcl\u00f6zhetetlen <strong>gy\u00f3gyszerell\u00e1t\u00e1si tev\u00e9kenys\u00e9g<\/strong>et is v\u00e9gez; az egyetemi Klinik\u00e1k gy\u00f3gyszerell\u00e1t\u00e1s\u00e1t biztos\u00edtja, \u00e9s a beszerzett gy\u00e1ri k\u00e9sz\u00edtm\u00e9nyek logisztik\u00e1ja mellett <strong>gy\u00f3gyszerk\u00e9sz\u00edt\u00e9ssel<\/strong> is foglalkozik.<\/p>\n<p style=\"text-align: justify;\">Az Int\u00e9zet <em>Gy\u00f3gyszertechnol\u00f3giai Oszt\u00e1ly<\/em>a els\u0151sorban galenikumokat \u00e9s magisztr\u00e1lis k\u00e9sz\u00edtm\u00e9nyeket\u00a0(oldatokat, szemcseppeket, orrcseppeket, ken\u0151cs\u00f6ket, k\u00fapokat) k\u00e9sz\u00edt, illetve fontos feladata az <strong>inf\u00fazi\u00f3gy\u00e1rt\u00e1s<\/strong>. Az inf\u00fazi\u00f3kat az <em>Inf\u00fazi\u00f3s Laborat\u00f3rium<\/em>ban, szigor\u00fa szab\u00e1lyok betart\u00e1sa mellett, a sterilit\u00e1s \u00e9s a pirog\u00e9nekt\u0151l (l\u00e1zkelt\u0151 anyagokt\u00f3l), valamint mechanikai szennyez\u0151kt\u0151l val\u00f3 mentess\u00e9g szempontjainak messzemen\u0151 betart\u00e1sa mellett v\u00e9gzik. A <em>Gy\u00f3gyszertechnol\u00f3giai Oszt\u00e1ly<\/em>on szigor\u00fa <strong>min\u0151s\u00e9gbiztos\u00edt\u00e1si rendszer<\/strong> m\u0171k\u00f6dik.<\/p>\n","protected":false},"excerpt":{"rendered":"<p>Az <a href=\"https:\/\/semmelweis.hu\/gyogyszertar\/\" target=\"_blank\">Egyetemi Gy\u00f3gyszert\u00e1r Gy\u00f3gyszer\u00fcgyi Szervez\u00e9si Int\u00e9zet<\/a> \u00a0Technol\u00f3giai Fejleszt\u0151 Laborat\u00f3rium\u00e1ban \u00faj, innovat\u00edv gy\u00f3gyszerform\u00e1k, p\u00e9ld\u00e1ul mikrosz\u00e1las hat\u00f3anyag-hordoz\u00f3 rendszerek el\u0151\u00e1ll\u00edt\u00e1sa, morfol\u00f3giai vizsg\u00e1latai \u00e9s in vitro kiold\u00f3d\u00e1s-vizsg\u00e1latai t\u00f6rt\u00e9nnek. <a href=\"https:\/\/semmelweis.hu\/gytk\/files\/2015\/11\/RS27376_20120109-IMG_5521-scr.jpg\"><\/a> Az Int\u00e9zet a kutat\u00e1s mellett Egyetem\u00fcnk \u00e9let\u00e9ben n\u00e9lk\u00fcl\u00f6zhetetlen gy\u00f3gyszerell\u00e1t\u00e1si tev\u00e9kenys\u00e9get is v\u00e9gez; az egyetemi Klinik\u00e1k gy\u00f3gyszerell\u00e1t\u00e1s\u00e1t biztos\u00edtja, \u00e9s a beszerzett gy\u00e1ri k\u00e9sz\u00edtm\u00e9nyek logisztik\u00e1ja mellett gy\u00f3gyszerk\u00e9sz\u00edt\u00e9ssel is foglalkozik. Az Int\u00e9zet Gy\u00f3gyszertechnol\u00f3giai Oszt\u00e1lya els\u0151sorban galenikumokat \u00e9s magisztr\u00e1lis k\u00e9sz\u00edtm\u00e9nyeket\u00a0(oldatokat, &hellip;<\/p>\n","protected":false},"author":101025,"featured_media":0,"parent":6039,"menu_order":1,"comment_status":"closed","ping_status":"closed","template":"","meta":{"_acf_changed":false,"footnotes":""},"categories":[],"tags":[],"class_list":["post-2185","page","type-page","status-publish","hentry"],"acf":[],"_links":{"self":[{"href":"https:\/\/semmelweis.hu\/gytk\/wp-json\/wp\/v2\/pages\/2185","targetHints":{"allow":["GET"]}}],"collection":[{"href":"https:\/\/semmelweis.hu\/gytk\/wp-json\/wp\/v2\/pages"}],"about":[{"href":"https:\/\/semmelweis.hu\/gytk\/wp-json\/wp\/v2\/types\/page"}],"author":[{"embeddable":true,"href":"https:\/\/semmelweis.hu\/gytk\/wp-json\/wp\/v2\/users\/101025"}],"replies":[{"embeddable":true,"href":"https:\/\/semmelweis.hu\/gytk\/wp-json\/wp\/v2\/comments?post=2185"}],"version-history":[{"count":10,"href":"https:\/\/semmelweis.hu\/gytk\/wp-json\/wp\/v2\/pages\/2185\/revisions"}],"predecessor-version":[{"id":2953,"href":"https:\/\/semmelweis.hu\/gytk\/wp-json\/wp\/v2\/pages\/2185\/revisions\/2953"}],"up":[{"embeddable":true,"href":"https:\/\/semmelweis.hu\/gytk\/wp-json\/wp\/v2\/pages\/6039"}],"wp:attachment":[{"href":"https:\/\/semmelweis.hu\/gytk\/wp-json\/wp\/v2\/media?parent=2185"}],"wp:term":[{"taxonomy":"category","embeddable":true,"href":"https:\/\/semmelweis.hu\/gytk\/wp-json\/wp\/v2\/categories?post=2185"},{"taxonomy":"post_tag","embeddable":true,"href":"https:\/\/semmelweis.hu\/gytk\/wp-json\/wp\/v2\/tags?post=2185"}],"curies":[{"name":"wp","href":"https:\/\/api.w.org\/{rel}","templated":true}]}}