{"id":2088,"date":"2015-11-19T10:26:45","date_gmt":"2015-11-19T09:26:45","guid":{"rendered":"http:\/\/semmelweis.hu\/gytk\/?page_id=2088"},"modified":"2023-10-18T16:17:46","modified_gmt":"2023-10-18T14:17:46","slug":"oktatas","status":"publish","type":"page","link":"https:\/\/semmelweis.hu\/gytk\/oktatas\/","title":{"rendered":"Gradu\u00e1lis k\u00e9pz\u00e9s"},"content":{"rendered":"<p align=\"justify\"><strong>A Semmelweis Egyetem Gy\u00f3gyszer\u00e9sztudom\u00e1nyi Kara azt tekinti c\u00e9lj\u00e1nak, hogy hallgat\u00f3inak olyan diplom\u00e1t adjon, mely<\/strong><\/p>\n<ul style=\"list-style-type: square;\">\n<li>alkalmass\u00e1 teszi \u0151ket hivat\u00e1suk gyakorl\u00e1s\u00e1ra az Eur\u00f3pai Uni\u00f3 orsz\u00e1gaiban, s\u0151t annak hat\u00e1rain t\u00fal is;<\/li>\n<li>legal\u00e1bbis egyen\u00e9rt\u00e9k\u0171 a Szegeden, Debrecenben, P\u00e9csett v\u00e9gzett koll\u00e9g\u00e1ik\u00e9val;<\/li>\n<li>tov\u00e1bbra is keresett szakemberr\u00e9 teszi \u0151ket a p\u00e1lya hagyom\u00e1nyosan legfrekvent\u00e1ltabb munkahelyein, els\u0151sorban a gy\u00f3gyszert\u00e1rakban;<\/li>\n<li>k\u00e9pess\u00e9 teszi \u0151ket az iparban, tudom\u00e1nyos kutat\u00e1sban, hat\u00f3s\u00e1gokn\u00e1l, kereskedelemben, a \u201egy\u00f3gyszer\u00e9szi gondoz\u00e1s\u201d ter\u00e9n v\u00e9gzett munk\u00e1ra, ahol jelent\u0151s r\u00e9szben vegy\u00e9sz, biol\u00f3gus, vegy\u00e9szm\u00e9rn\u00f6k, orvos, k\u00f6zgazd\u00e1sz \u00e9s tov\u00e1bbi m\u00e1s v\u00e9gzetts\u00e9g\u0171 szakemberek k\u00f6z\u00f6tt kell helyt\u00e1llniuk;<\/li>\n<li>\u00e9s a lehet\u0151 legnagyobb m\u00e9rt\u00e9kben felk\u00e9sz\u00edti \u0151ket a t\u00e1volabbi j\u00f6v\u0151 gy\u00f3gyszer\u00e9szet\u00e9nek \u00faj feladataira, melyek konkr\u00e9tan kev\u00e9ss\u00e9 el\u0151re l\u00e1that\u00f3k, de bizonyosan megjelennek a XXI. sz\u00e1zad h\u00faszas, harmincas, negyvenes \u00e9veiben, amikor jelenlegi tan\u00edtv\u00e1nyaink nagy r\u00e9sze m\u00e9g hivat\u00e1s\u00e1t fogja gyakorolni.<\/li>\n<\/ul>\n<p>Ma a Semmelweis Egyetem a vil\u00e1gon az egyetlen olyan fels\u0151oktat\u00e1si int\u00e9zm\u00e9ny, melyben k\u00e9t idegen nyelven is folyik gy\u00f3gyszer\u00e9szk\u00e9pz\u00e9s.\u00a0A magyar, angol \u00e9s n\u00e9met \u00e9vfolyamokon szerzett diplom\u00e1k deklar\u00e1ltan egyen\u00e9rt\u00e9k\u0171ek.<\/p>\n<p><a class=\"btn btn-secondary\" href=\"https:\/\/semmelweis.hu\/gytk\/felveteli\/felveteli-tajekoztato\/\">Tov\u00e1bb a felv\u00e9teli t\u00e1j\u00e9koztat\u00f3nkra<\/a><\/p>\n","protected":false},"excerpt":{"rendered":"<p>A Semmelweis Egyetem Gy\u00f3gyszer\u00e9sztudom\u00e1nyi Kara azt tekinti c\u00e9lj\u00e1nak, hogy hallgat\u00f3inak olyan diplom\u00e1t adjon, mely alkalmass\u00e1 teszi \u0151ket hivat\u00e1suk gyakorl\u00e1s\u00e1ra az Eur\u00f3pai Uni\u00f3 orsz\u00e1gaiban, s\u0151t annak hat\u00e1rain t\u00fal is; legal\u00e1bbis egyen\u00e9rt\u00e9k\u0171 a Szegeden, Debrecenben, P\u00e9csett v\u00e9gzett koll\u00e9g\u00e1ik\u00e9val; tov\u00e1bbra is keresett szakemberr\u00e9 teszi \u0151ket a p\u00e1lya hagyom\u00e1nyosan legfrekvent\u00e1ltabb munkahelyein, els\u0151sorban a gy\u00f3gyszert\u00e1rakban; k\u00e9pess\u00e9 teszi \u0151ket az iparban, &hellip;<\/p>\n","protected":false},"author":101025,"featured_media":0,"parent":0,"menu_order":1,"comment_status":"closed","ping_status":"closed","template":"","meta":{"_acf_changed":false,"footnotes":""},"categories":[],"tags":[],"class_list":["post-2088","page","type-page","status-publish","hentry"],"acf":[],"_links":{"self":[{"href":"https:\/\/semmelweis.hu\/gytk\/wp-json\/wp\/v2\/pages\/2088","targetHints":{"allow":["GET"]}}],"collection":[{"href":"https:\/\/semmelweis.hu\/gytk\/wp-json\/wp\/v2\/pages"}],"about":[{"href":"https:\/\/semmelweis.hu\/gytk\/wp-json\/wp\/v2\/types\/page"}],"author":[{"embeddable":true,"href":"https:\/\/semmelweis.hu\/gytk\/wp-json\/wp\/v2\/users\/101025"}],"replies":[{"embeddable":true,"href":"https:\/\/semmelweis.hu\/gytk\/wp-json\/wp\/v2\/comments?post=2088"}],"version-history":[{"count":9,"href":"https:\/\/semmelweis.hu\/gytk\/wp-json\/wp\/v2\/pages\/2088\/revisions"}],"predecessor-version":[{"id":15246,"href":"https:\/\/semmelweis.hu\/gytk\/wp-json\/wp\/v2\/pages\/2088\/revisions\/15246"}],"wp:attachment":[{"href":"https:\/\/semmelweis.hu\/gytk\/wp-json\/wp\/v2\/media?parent=2088"}],"wp:term":[{"taxonomy":"category","embeddable":true,"href":"https:\/\/semmelweis.hu\/gytk\/wp-json\/wp\/v2\/categories?post=2088"},{"taxonomy":"post_tag","embeddable":true,"href":"https:\/\/semmelweis.hu\/gytk\/wp-json\/wp\/v2\/tags?post=2088"}],"curies":[{"name":"wp","href":"https:\/\/api.w.org\/{rel}","templated":true}]}}