{"id":1924,"date":"2015-11-13T11:57:39","date_gmt":"2015-11-13T10:57:39","guid":{"rendered":"http:\/\/semmelweis.hu\/gytk\/?page_id=1924"},"modified":"2020-09-22T09:40:41","modified_gmt":"2020-09-22T07:40:41","slug":"kutatasunk","status":"publish","type":"page","link":"https:\/\/semmelweis.hu\/gytk\/kutatas\/kutatasunk\/","title":{"rendered":"Kutat\u00e1s"},"content":{"rendered":"<p style=\"text-align: justify\"><a href=\"https:\/\/semmelweis.hu\/gytk\/files\/2015\/11\/RS27370_20120109-IMG_5500-scr.jpg\"><img loading=\"lazy\" decoding=\"async\" class=\"size-medium wp-image-2180 alignleft\" src=\"https:\/\/semmelweis.hu\/gytk\/files\/2015\/11\/RS27370_20120109-IMG_5500-scr-300x200.jpg\" alt=\"RS27370_20120109-IMG_5500-scr\" width=\"300\" height=\"200\" srcset=\"https:\/\/semmelweis.hu\/gytk\/files\/2015\/11\/RS27370_20120109-IMG_5500-scr-300x200.jpg 300w, https:\/\/semmelweis.hu\/gytk\/files\/2015\/11\/RS27370_20120109-IMG_5500-scr-450x300.jpg 450w, https:\/\/semmelweis.hu\/gytk\/files\/2015\/11\/RS27370_20120109-IMG_5500-scr.jpg 950w\" sizes=\"auto, (max-width: 300px) 100vw, 300px\" \/><\/a>A sz\u00ednvonalas oktat\u00f3munka mellett Karunkon komoly <strong>kutat\u00e1sok<\/strong> zajlanak a gy\u00f3gyszer\u00e9sztudom\u00e1ny szinte minden \u00e1g\u00e1ban. Ezt a nagy feladatot a <strong><a href=\"https:\/\/semmelweis.hu\/gytk\/a-karrol\/inteztek\/\">Gy\u00f3gyszer\u00e9sztudom\u00e1nyi Kar hat int\u00e9zete<\/a><\/strong> &#8211; saj\u00e1t szakter\u00fclet\u00e9nek megfelel\u0151en &#8211; l\u00e1tja el\u00a0szorosan egy\u00fcttm\u0171k\u00f6dve hazai gy\u00f3gyszerc\u00e9gekkel, akad\u00e9miai kutat\u00f3csoportokkal \u00e9s m\u00e1s hazai vagy k\u00fclf\u00f6ldi egyetemek kutat\u00f3csoportjaival.<\/p>\n<p style=\"text-align: justify\">A kar kutat\u00e1si portf\u00f3li\u00f3ja \u00e1tfogja a potenci\u00e1lis gy\u00f3gyszermolekul\u00e1k tervez\u00e9s\u00e9t, szint\u00e9zis\u00e9t, izol\u00e1l\u00e1s\u00e1t, szerkezetazonos\u00edt\u00e1s\u00e1t \u00e9s szerkezetvizsg\u00e1lat\u00e1t. Tov\u00e1bb\u00e1 jelent\u0151sek az in vitro \u00e9s in vivo farmakol\u00f3giai m\u00f3dszerek, farmakokinetikai \u00e9s metabolizmus, valamint gy\u00f3gyszerbiztons\u00e1gi vizsg\u00e1latok, tov\u00e1bb\u00e1 a gy\u00f3gyszerforma tervez\u00e9s \u00e9s formul\u00e1l\u00e1s, \u00faj ter\u00e1pi\u00e1s alkalmaz\u00e1sok kidolgoz\u00e1s\u00e1ra ir\u00e1nyul\u00f3 kutat\u00e1sok, valamint a gy\u00f3gyszeres ter\u00e1pi\u00e1k eredm\u00e9nyess\u00e9g\u00e9t m\u00e9r\u0151 \u00e9s jav\u00edt\u00f3 m\u00f3dszertani vizsg\u00e1latok.<\/p>\n<p style=\"text-align: justify\">A kar jelent\u0151s tapasztalattal rendelkezik a term\u00e9szetes \u00e9s szintetikus eredet\u0171 hat\u00f3anyagok keres\u00e9se \u00e9s fejleszt\u00e9se, biomolekul\u00e1kkal val\u00f3 k\u00f6lcs\u00f6nhat\u00e1saik jellemz\u00e9se, innovat\u00edv technol\u00f3gi\u00e1j\u00fa, szem\u00e9lyre szabott gy\u00f3gy\u00edt\u00e1sban hasznos\u00edtand\u00f3 gy\u00f3gyszerek kifejleszt\u00e9se \u00e9s hum\u00e1n eredet\u0171 molekul\u00e1ris inform\u00e1ci\u00f3k noninvaz\u00edv kinyer\u00e9se ter\u00fclet\u00e9n. Az itt foly\u00f3 kutat\u00e1sok nemzetk\u00f6zi meg\u00edt\u00e9l\u00e9se alapj\u00e1n a kar vonz\u00f3 k\u00f6rnyezetet ny\u00fajt a versenyk\u00e9pess\u00e9g\u00e9t fokoz\u00f3, kooper\u00e1ci\u00f3s kapcsolatokat is jelent\u0151 kiv\u00e1l\u00f3 hazai \u00e9s k\u00fclf\u00f6ldi konzorciumi szervez\u0151d\u00e9sekben.<\/p>\n<p style=\"text-align: justify\">A baloldali men\u00fcben az int\u00e9zet nev\u00e9re kattintva kutat\u00f3munk\u00e1juk r\u00f6vid bemutat\u00e1sa olvashat\u00f3.<\/p>\n","protected":false},"excerpt":{"rendered":"<p><a href=\"https:\/\/semmelweis.hu\/gytk\/files\/2015\/11\/RS27370_20120109-IMG_5500-scr.jpg\"><\/a> A sz\u00ednvonalas oktat\u00f3munka mellett Karunkon komoly kutat\u00e1sok zajlanak a gy\u00f3gyszer\u00e9sztudom\u00e1ny szinte minden \u00e1g\u00e1ban. Ezt a nagy feladatot a <a href=\"https:\/\/semmelweis.hu\/gytk\/a-karrol\/inteztek\/\">Gy\u00f3gyszer\u00e9sztudom\u00e1nyi Kar hat int\u00e9zete<\/a> &#8211; saj\u00e1t szakter\u00fclet\u00e9nek megfelel\u0151en &#8211; l\u00e1tja el\u00a0szorosan egy\u00fcttm\u0171k\u00f6dve hazai gy\u00f3gyszerc\u00e9gekkel, akad\u00e9miai kutat\u00f3csoportokkal \u00e9s m\u00e1s hazai vagy k\u00fclf\u00f6ldi egyetemek kutat\u00f3csoportjaival. A kar kutat\u00e1si portf\u00f3li\u00f3ja \u00e1tfogja a potenci\u00e1lis gy\u00f3gyszermolekul\u00e1k tervez\u00e9s\u00e9t, szint\u00e9zis\u00e9t, izol\u00e1l\u00e1s\u00e1t, szerkezetazonos\u00edt\u00e1s\u00e1t \u00e9s szerkezetvizsg\u00e1lat\u00e1t. Tov\u00e1bb\u00e1 jelent\u0151sek az in &hellip;<\/p>\n","protected":false},"author":101025,"featured_media":0,"parent":6039,"menu_order":0,"comment_status":"closed","ping_status":"closed","template":"","meta":{"_acf_changed":false,"footnotes":""},"categories":[],"tags":[],"class_list":["post-1924","page","type-page","status-publish","hentry"],"acf":[],"_links":{"self":[{"href":"https:\/\/semmelweis.hu\/gytk\/wp-json\/wp\/v2\/pages\/1924","targetHints":{"allow":["GET"]}}],"collection":[{"href":"https:\/\/semmelweis.hu\/gytk\/wp-json\/wp\/v2\/pages"}],"about":[{"href":"https:\/\/semmelweis.hu\/gytk\/wp-json\/wp\/v2\/types\/page"}],"author":[{"embeddable":true,"href":"https:\/\/semmelweis.hu\/gytk\/wp-json\/wp\/v2\/users\/101025"}],"replies":[{"embeddable":true,"href":"https:\/\/semmelweis.hu\/gytk\/wp-json\/wp\/v2\/comments?post=1924"}],"version-history":[{"count":10,"href":"https:\/\/semmelweis.hu\/gytk\/wp-json\/wp\/v2\/pages\/1924\/revisions"}],"predecessor-version":[{"id":9928,"href":"https:\/\/semmelweis.hu\/gytk\/wp-json\/wp\/v2\/pages\/1924\/revisions\/9928"}],"up":[{"embeddable":true,"href":"https:\/\/semmelweis.hu\/gytk\/wp-json\/wp\/v2\/pages\/6039"}],"wp:attachment":[{"href":"https:\/\/semmelweis.hu\/gytk\/wp-json\/wp\/v2\/media?parent=1924"}],"wp:term":[{"taxonomy":"category","embeddable":true,"href":"https:\/\/semmelweis.hu\/gytk\/wp-json\/wp\/v2\/categories?post=1924"},{"taxonomy":"post_tag","embeddable":true,"href":"https:\/\/semmelweis.hu\/gytk\/wp-json\/wp\/v2\/tags?post=1924"}],"curies":[{"name":"wp","href":"https:\/\/api.w.org\/{rel}","templated":true}]}}