{"id":19,"date":"2012-01-30T08:32:19","date_gmt":"2012-01-30T07:32:19","guid":{"rendered":"http:\/\/semmelweis-egyetem.hu\/gytk\/?page_id=19"},"modified":"2025-12-08T12:31:36","modified_gmt":"2025-12-08T11:31:36","slug":"szabalyzatok","status":"publish","type":"page","link":"https:\/\/semmelweis.hu\/gytk\/oktatas\/szabalyzatok\/","title":{"rendered":"Szab\u00e1lyzatok"},"content":{"rendered":"<p>A Semmelweis Egyetem Jogi \u00e9s Igazgat\u00e1si F\u0151igazgat\u00f3s\u00e1ga \u00e1ltal m\u0171k\u00f6dtetett Szab\u00e1lyzatt\u00e1r\u00a0<a href=\"https:\/\/semmelweis.hu\/jogigfoig\/dokumentumtar\/szabalyzattar\/\" target=\"_blank\" rel=\"noopener noreferrer\">ide kattintva \u00e9rhet\u0151 el<\/a>.<\/p>\n<table style=\"width: 100%;border-collapse: collapse;background-color: #f7f8fa;height: 481px\" border=\"1\">\n<thead>\n<tr style=\"height: 53px\">\n<td style=\"width: 100%;height: 53px\" colspan=\"2\">\n<p><span style=\"font-size: 12pt\"><strong>Az Egyetem Szervezeti \u00e9s M\u0171k\u00f6d\u00e9si Szab\u00e1lyzat al\u00e1bbi fejezetei k\u00e9pezik a hallgat\u00f3kat \u00e9rint\u0151 szab\u00e1lyoz\u00f3kat:<\/strong><\/span><\/p>\n<\/td>\n<\/tr>\n<\/thead>\n<tbody>\n<tr style=\"height: 33px\">\n<td style=\"width: 25.7823%;height: 33px\">\n<p><span style=\"font-size: 12pt\">III. 1. R\u00c9SZ<\/span><\/p>\n<\/td>\n<td style=\"width: 74.2177%;height: 33px\"><a href=\"https:\/\/semmelweis.hu\/jogigfoig\/files\/2025\/02\/SZMSZ_HKR_III_KONYV_III_1_RESZ_Felveteli-Szabalyzat_hatalyos_20250130-tol.pdf\" target=\"_blank\" rel=\"noopener\"><span style=\"font-size: 12pt\">Felv\u00e9teli szab\u00e1lyzat<\/span><\/a><\/td>\n<\/tr>\n<tr style=\"height: 83px\">\n<td style=\"width: 25.7823%;height: 59px\">\n<p><span style=\"font-size: 12pt\">III. 2. R\u00c9SZ\u00a0<\/span><\/p>\n<p><span style=\"font-size: 12pt\">III. 2. R\u00c9SZ<\/span><\/p>\n<\/td>\n<td style=\"width: 74.2177%;height: 59px\" width=\"626\">\n<p><a href=\"https:\/\/semmelweis.hu\/jogigfoig\/dokumentumtar\/szabalyzattar\/szervezeti-es-mukodesi-szabalyzat\/iii-konyv-hkr\/iii-konyv-hallgatoi-kovetelmenyrendszer-iii-2-resz-tanulmanyi-es-vizsgaszabalyzat-es-mellekletei\/\" target=\"_blank\" rel=\"noopener\"><span style=\"font-size: 12pt\">Tanulm\u00e1nyi \u00e9s Vizsgaszab\u00e1lyzat<\/span><\/a><\/p>\n<ul>\n<li><a href=\"https:\/\/semmelweis.hu\/jogigfoig\/files\/2019\/11\/%C3%9AJ_SZMSZ-HKR_III.K%C3%96NYV_III.2._R%C3%89SZ_MELL%C3%89KLETEK_2019.10.02-tol.pdf\" target=\"_blank\" rel=\"noopener\"><span style=\"font-size: 12pt\">MELL\u00c9KLETEK<\/span><\/a><\/li>\n<li><a href=\"https:\/\/semmelweis.hu\/jogigfoig\/files\/2024\/07\/SZMSZ_HKR_III_KONYV_III_2_RESZ_MELLEKLETEK_2019_1002_ENG_.pdf\" target=\"_blank\" rel=\"noopener\"><span style=\"font-size: 12pt\">English<\/span> version: CHAPTER III. 2.- <span style=\"font-size: 12pt\">APPENDICES<\/span><\/a><\/li>\n<\/ul>\n<\/td>\n<\/tr>\n<tr style=\"height: 33px\">\n<td style=\"width: 25.7823%;height: 23px\">\n<p><span style=\"font-size: 12pt\">III. 4. R\u00c9SZ\u00a0<\/span><\/p>\n<p><span style=\"font-size: 12pt\">III. 4. R\u00c9SZ<\/span><\/p>\n<\/td>\n<td style=\"width: 74.2177%;height: 23px\">\n<p><a href=\"https:\/\/semmelweis.hu\/jogigfoig\/dokumentumtar\/szabalyzattar\/szervezeti-es-mukodesi-szabalyzat\/iii-konyv-hkr\/szervezeti-es-mukodesi-szabalyzat-iii-konyv-hallgatoi-kovetelmenyrendszer-iii-4-resz-teritesi-es-juttatasi-szabalyzat-es-mellekletei\/\" target=\"_blank\" rel=\"noopener\"><span style=\"font-size: 12pt\">T\u00e9r\u00edt\u00e9si \u00e9s Juttat\u00e1si Szab\u00e1lyzat<\/span><\/a><\/p>\n<ul>\n<li><span style=\"font-size: 12pt\"><a href=\"https:\/\/semmelweis.hu\/jogigfoig\/files\/2025\/05\/SZMSZ_HKR_III_KONYV_III_4_RESZ_MELLEKLETEK_hatalyos_20250429.pdf\" target=\"_blank\" rel=\"noopener\">MELL\u00c9KLETEK<\/a><\/span><\/li>\n<\/ul>\n<\/td>\n<\/tr>\n<tr style=\"height: 53px\">\n<td style=\"width: 25.7823%;height: 53px\"><span style=\"font-size: 12pt\">III. 5. R\u00c9SZ\u00a0<\/span><\/td>\n<td style=\"width: 74.2177%;height: 53px\" width=\"626\">\n<p><a href=\"https:\/\/semmelweis.hu\/jogigfoig\/dokumentumtar\/szabalyzattar\/szervezeti-es-mukodesi-szabalyzat\/iii-konyv-hkr\/szmsz-iii-konyv-iii-5-resz-hallgato-fegyelmi-es-karteritesi-szabalyzat\/\" target=\"_blank\" rel=\"noopener\"><span style=\"font-size: 12pt\">Hallgat\u00f3i Fegyelmi \u00e9s K\u00e1rt\u00e9r\u00edt\u00e9si Szab\u00e1lyzat<\/span><\/a><\/p>\n<\/td>\n<\/tr>\n<tr style=\"height: 63px\">\n<td style=\"width: 25.7823%;height: 62px\"><span style=\"font-size: 12pt\">III. 6. R\u00c9SZ\u00a0<\/span><\/td>\n<td style=\"width: 74.2177%;height: 62px\"><a href=\"https:\/\/semmelweis.hu\/jogigfoig\/files\/2025\/01\/SZMSZ_HKR_III_KONYV_III_6_RESZ_Hallgatok-altal-benyujtott-kerelmek-elbiralasanak-rendje_hatalyos_20241220-tol.pdf\" target=\"_blank\" rel=\"noopener\"><span style=\"font-size: 16px\">Hallgat\u00f3k \u00e1ltal beny\u00fajtott k\u00e9relmek elb\u00edr\u00e1l\u00e1s\u00e1nak rendje<\/span><\/a><\/td>\n<\/tr>\n<tr style=\"height: 33px\">\n<td style=\"width: 25.7823%;height: 33px\"><span style=\"font-size: 12pt\">III. 7. R\u00c9SZ<\/span><\/td>\n<td style=\"width: 74.2177%;height: 33px\">\n<p><a href=\"https:\/\/semmelweis.hu\/jogigfoig\/files\/2025\/01\/SZMSZ_HKR_III_KONYV_III_7_RESZ_Jogorvoslati-Szabalyzat_hatalyos_20241220-tol.pdf\" target=\"_blank\" rel=\"noopener\"><span style=\"font-size: 16px\">Jogorvoslati Szab\u00e1lyzat<\/span><\/a><\/p>\n<\/td>\n<\/tr>\n<tr style=\"height: 33px\">\n<td style=\"width: 25.7823%;height: 33px\"><span style=\"font-size: 12pt\">III. 8. R\u00c9SZ<\/p>\n<p><\/span><\/td>\n<td style=\"width: 74.2177%;height: 33px\"><a href=\"https:\/\/semmelweis.hu\/jogigfoig\/files\/2021\/04\/SZMSZ_HKR_III_KONYV_III_8_RESZ_Az_OMHV_rendje_hatalyos_2021_04_15-tol.pdf\" target=\"_blank\" rel=\"noopener\"><span style=\"font-size: 16px\">Az Oktat\u00f3i Munka Hallgat\u00f3i V\u00e9lem\u00e9nyez\u00e9s\u00e9nek Rendje<\/span><\/a><\/td>\n<\/tr>\n<tr style=\"height: 33px\">\n<td style=\"width: 25.7823%;height: 33px\"><span style=\"font-size: 12pt\">III.10. R\u00c9SZ<\/p>\n<p><\/span><\/td>\n<td style=\"width: 74.2177%;height: 33px\"><a href=\"https:\/\/semmelweis.hu\/jogigfoig\/files\/2019\/07\/%C3%9AJ_SZMSZ-HKR_III.K%C3%96NYV_III.10._R%C3%89SZ_Hallgat%C3%B3i-Balesetmegel%C5%91z%C3%A9si-Szab%C3%A1lyzat.pdf\" target=\"_blank\" rel=\"noopener\"><span style=\"font-size: 16px\">Hallgat\u00f3i Balesetmegel\u0151z\u00e9si Szab\u00e1lyzat<\/span><\/a><\/td>\n<\/tr>\n<tr style=\"height: 33px\">\n<td style=\"width: 25.7823%;height: 33px\"><span style=\"font-size: 12pt\">III. 11. R\u00c9SZ<\/p>\n<p><\/span><\/td>\n<td style=\"width: 74.2177%;height: 33px\"><a href=\"https:\/\/semmelweis.hu\/jogigfoig\/files\/2023\/05\/SZMSZ_HKR_III_KONYV_III_11_RESZ_Tehetseggondozasi_Szabalyzat_hatalyos_2023_0901.pdf\" target=\"_blank\" rel=\"noopener\"><span style=\"font-size: 16px\">Tehets\u00e9ggondoz\u00e1si Szab\u00e1lyzat<\/span><\/a><\/td>\n<\/tr>\n<tr style=\"height: 33px\">\n<td style=\"width: 25.7823%;height: 33px\"><span style=\"font-size: 12pt\">III. 12. R\u00c9SZ<\/p>\n<p><\/span><\/td>\n<td style=\"width: 74.2177%;height: 33px\"><a href=\"https:\/\/semmelweis.hu\/jogigfoig\/files\/2020\/09\/SZMSZ_HKR_III_KONYV_III_12_RESZ_A_magyar_nyelvu_koltsegteriteses_kepzesben_reszt_vevo_hallgatok_hatalyos_2020_08_01.pdf\" target=\"_blank\" rel=\"noopener\"><span style=\"font-size: 16px\">A Magyar nyelv\u0171 k\u00f6lts\u00e9gt\u00e9r\u00edt\u00e9se k\u00e9pz\u00e9sben r\u00e9szt vev\u0151 hallgat\u00f3k egyes jogair\u00f3l \u00e9s k\u00f6telezetts\u00e9geir\u0151l<\/span><\/a><\/td>\n<\/tr>\n<tr style=\"height: 33px\">\n<td style=\"width: 25.7823%;height: 33px\">\n<p><span style=\"font-size: 12pt\">III. 13. R\u00c9SZ<br \/>\n<\/span><\/p>\n<\/td>\n<td style=\"width: 74.2177%;height: 33px\"><a href=\"https:\/\/semmelweis.hu\/jogigfoig\/files\/2023\/07\/SZMSZ_HKR_III_KONYV_III_13_RESZ_Az-idegennyelvu-okoltseges-hallgatok-jogai-es-kotelezettsegei_hatalyos_20230711tol.pdf\" target=\"_blank\" rel=\"noopener\"><span style=\"font-size: 16px\">Az Idegennyelv\u0171 \u00f6nk\u00f6lts\u00e9ges k\u00e9pz\u00e9sben r\u00e9szt vev\u0151 hallgat\u00f3k egyes jogair\u00f3l \u00e9s k\u00f6telezetts\u00e9geir\u0151l<\/span><\/a><\/td>\n<\/tr>\n<\/tbody>\n<\/table>\n<p>&nbsp;<\/p>\n<p>&nbsp;<\/p>\n<table style=\"border-collapse: collapse;width: 100%\" border=\"1\">\n<thead>\n<tr>\n<td style=\"width: 9.29557%\">\u00a0<\/td>\n<td style=\"width: 16.4851%\"><span style=\"font-size: 12pt\"><strong>Szab\u00e1lyzat, szab\u00e1lyoz\u00f3 dokumentum egys\u00e9ges szerkezet\u0171 hat\u00e1lyos sz\u00f6vege<\/strong><\/span><\/td>\n<td style=\"width: 11.6921%\"><span style=\"font-size: 12pt\"><strong>Elfogad\u00e1sr\u00f3l rendelkez\u0151 hat\u00e1rozat<\/strong><\/span><\/td>\n<td style=\"width: 12.4909%\">\n<p><span style=\"font-size: 12pt\"><strong>T\u00edpusa<\/strong><\/span><\/p>\n<p><span style=\"font-size: 10pt\">{Kari Tan\u00e1csi hat\u00e1rozat (KT); d\u00e9k\u00e1ni utas\u00edt\u00e1s (D)}<\/span><\/td>\n<td style=\"width: 15.9041%\"><span style=\"font-size: 12pt\"><strong>Hat\u00e1ly<\/strong><\/span><\/td>\n<td style=\"width: 9.07771%\"><span style=\"font-size: 12pt\"><strong>Hat\u00e1lyon k\u00edv\u00fcl helyezett hat\u00e1rozat(ok), utas\u00edt\u00e1sok<\/strong><\/span><\/td>\n<td style=\"width: 12.4909%\"><span style=\"font-size: 12pt\"><strong>M\u00f3dos\u00edt\u00f3 hat\u00e1rozat(ok), utas\u00edt\u00e1sok<\/strong><\/span><\/td>\n<td style=\"width: 12.4909%\"><span style=\"font-size: 12pt\"><strong>Fel\u00fclvizsg\u00e1lat hat\u00e1rideje<\/strong> <span style=\"font-size: 10pt\">(elfogad\u00e1s hat\u00e1rideje)<\/span><\/span><\/td>\n<\/tr>\n<\/thead>\n<tbody>\n<tr style=\"height: 138px\">\n<td style=\"width: 9.29557%;height: 138px\"><strong>1.<\/strong><\/td>\n<td style=\"width: 16.4851%;height: 138px\">\n<p>&nbsp;<\/p>\n<p><a href=\"https:\/\/semmelweis.hu\/gytk\/files\/2020\/08\/SE-GYTK-SZMR-M03_kari_tan%C3%A1cs_tagok_v%C3%A1laszt%C3%A1si_rendj%C3%A9r%C5%91l_sz%C3%B3l%C3%B3_szab%C3%A1lyzat-1.pdf\" target=\"_blank\" rel=\"noopener noreferrer\"><strong><span style=\"font-size: 12pt\">KT tagok v\u00e1laszt\u00e1s\u00e1nak rendj\u00e9r\u0151l sz\u00f3l\u00f3 szab\u00e1lyzat-GYTK<\/span><\/strong><\/a><\/p>\n<p>&nbsp;<\/p>\n<\/td>\n<td style=\"width: 11.6921%;height: 138px\">\n<p>&nbsp;<\/p>\n<p><span style=\"font-size: 12pt\">12\/2019-2020<\/span><br \/>\n<span style=\"font-size: 12pt\">(I. 27.)<\/span><br \/>\n<span style=\"font-size: 12pt\">GYTK-KT<\/span><\/p>\n<\/td>\n<td style=\"width: 12.4909%;text-align: center;height: 138px\"><span style=\"font-size: 12pt\">KT<\/span><\/td>\n<td style=\"width: 15.9041%;height: 138px\"><span style=\"font-size: 12pt\">2020. 01. 28.<\/span><\/td>\n<td style=\"width: 9.07771%;height: 138px\"><span style=\"font-size: 12pt\">20\/2017-2018. (VI. 04.) GYTK-KT<\/span><\/td>\n<td style=\"width: 12.4909%;height: 138px\">\u00a0<\/td>\n<td style=\"width: 12.4909%;height: 138px\">\u00a0<\/td>\n<\/tr>\n<tr style=\"height: 210px\">\n<td style=\"width: 9.29557%;height: 210px\">2.<\/td>\n<td style=\"width: 16.4851%;height: 210px\">\n<p><a href=\"https:\/\/semmelweis.hu\/gytk\/files\/2019\/01\/szenatusi-kepviselo.pdf\" target=\"_blank\" rel=\"noopener noreferrer\"><span style=\"font-size: 12pt\"><strong>A Gy\u00f3gyszer\u00e9sztudom\u00e1nyi Kar v\u00e1laszt\u00e1si szab\u00e1lyzata a Kar Szen\u00e1tusba deleg\u00e1lt k\u00e9pvisel\u0151inek megv\u00e1laszt\u00e1s\u00e1hoz<\/strong><\/span><\/a><\/p>\n<\/td>\n<td style=\"width: 11.6921%;height: 210px\"><span style=\"font-size: 12pt\">12\/2016-2017. (XI. 23.) GYTK-KT<\/span><\/td>\n<td style=\"width: 12.4909%;text-align: center;height: 210px\"><span style=\"font-size: 12pt\">KT<\/span><\/td>\n<td style=\"width: 15.9041%;height: 210px\">\n<p><span style=\"font-size: 12pt\">2016.11.24.<\/span><\/p>\n<\/td>\n<td style=\"width: 9.07771%;height: 210px\">\u00a0<\/td>\n<td style=\"width: 12.4909%;height: 210px\">\n<p><span style=\"font-size: 12pt\">20\/2017-2018. (VI. 04.) GYTK-KT<\/span><\/p>\n<p><span style=\"font-size: 12pt\">5\/2018-2019. (XI. 14.) GYTK-KT<\/span><\/td>\n<td style=\"width: 12.4909%;height: 210px\">\u00a0<\/td>\n<\/tr>\n<tr style=\"height: 84px\">\n<td style=\"width: 9.29557%;height: 84px\">3.<\/td>\n<td style=\"width: 16.4851%;height: 84px\"><a href=\"https:\/\/semmelweis.hu\/gytk\/files\/2020\/07\/hivat%C3%A1setikai_alapok_kari_elj%C3%A1r%C3%A1srend_2020_v%C3%A9gleges.pdf\" target=\"_blank\" rel=\"noopener noreferrer\"><strong><span style=\"font-size: 12pt\">Hivat\u00e1setikai alapok I.-II. c. krit\u00e9riumk\u00f6vetelm\u00e9nyek teljes\u00edt\u00e9s\u00e9nek m\u00f3dj\u00e1r\u00f3l sz\u00f3l\u00f3 kari elj\u00e1r\u00e1srend<\/span><\/strong><\/a><strong><span style=\"font-size: 12pt\"><br \/>\n<\/span><\/strong><\/td>\n<td style=\"width: 11.6921%;height: 84px\"><span style=\"font-size: 12pt\">25\/2019-2020. (VII. 3.) GYTK-KT\u00a0<\/span><\/td>\n<td style=\"width: 12.4909%;text-align: center;height: 84px\">KT<\/td>\n<td style=\"width: 15.9041%;height: 84px\"><span style=\"font-size: 12pt\">\u00a02020. 07.10.<\/span><\/td>\n<td style=\"width: 9.07771%;height: 84px\">\u00a0<\/td>\n<td style=\"width: 12.4909%;height: 84px\">\u00a0<\/td>\n<td style=\"width: 12.4909%;height: 84px\">\u00a0<\/td>\n<\/tr>\n<tr style=\"height: 138px\">\n<td style=\"width: 9.29557%;height: 138px\">5.<\/td>\n<td style=\"width: 16.4851%;height: 138px\"><a href=\"https:\/\/semmelweis.hu\/gytk\/files\/2019\/01\/Dr-Schulek-Elem\u00e9r-szab\u00e1lyzat-.pdf\" target=\"_blank\" rel=\"noopener noreferrer\"><span style=\"font-size: 12pt\"><strong>Dr. Schulek Elem\u00e9r Ifj\u00fas\u00e1gi Eml\u00e9k\u00e9rem \u00e9s Jutalomd\u00edj adom\u00e1nyoz\u00e1s\u00e1nak rendj\u00e9r\u0151l<\/strong><\/span><\/a><\/td>\n<td style=\"width: 11.6921%;height: 138px\"><span style=\"font-size: 12pt\">16\/2000-2001. (03. 28.) GYTK-KT<\/span><\/td>\n<td style=\"width: 12.4909%;text-align: center;height: 138px\"><span style=\"font-size: 12pt\">KT<\/span><\/td>\n<td style=\"width: 15.9041%;height: 138px\"><span style=\"font-size: 12pt\">2018.03.22.<\/span><\/td>\n<td style=\"width: 9.07771%;height: 138px\"><span style=\"font-size: 12pt\">16\/2000-2001. (03. 28.) GYTK-KT<\/span><\/td>\n<td style=\"width: 12.4909%;height: 138px\"><span style=\"font-size: 12pt\">14\/2017-2018. (III. 21.) GYTK-KT<\/span><\/td>\n<td style=\"width: 12.4909%;height: 138px\">\u00a0<\/td>\n<\/tr>\n<tr style=\"height: 86px\">\n<td style=\"width: 9.29557%;height: 86px\">6.<\/td>\n<td style=\"width: 16.4851%;height: 86px\"><a href=\"https:\/\/semmelweis.hu\/gytk\/files\/2019\/01\/WINKLER-LAJOS-EML\u00c9K\u00c9REM-\u00c9S-JUTALOMD\u00cdJ-szab\u00e1lyzat.pdf\" target=\"_blank\" rel=\"noopener noreferrer\"><span style=\"font-size: 12pt\"><strong>Dr. Winkler Lajos Eml\u00e9k\u00e9rem \u00e9s Jutalomd\u00edj adom\u00e1nyoz\u00e1s\u00e1nak rendj\u00e9r\u0151l<\/strong><\/span><\/a><\/td>\n<td style=\"width: 11.6921%;height: 86px\"><span style=\"font-size: 12pt\">25\/1999-2000. (V. 11.)<\/span><\/td>\n<td style=\"width: 12.4909%;text-align: center;height: 86px\"><span style=\"font-size: 12pt\">KT<\/span><\/td>\n<td style=\"width: 15.9041%;height: 86px\"><span style=\"font-size: 12pt\">2018.03.22.<\/span><\/td>\n<td style=\"width: 9.07771%;height: 86px\"><span style=\"font-size: 12pt\">25\/1999-2000. (V. 11.)<\/span><\/td>\n<td style=\"width: 12.4909%;height: 86px\"><span style=\"font-size: 12pt\">13\/2017-2018. (III. 21.) GYTK-KT<\/span><\/td>\n<td style=\"width: 12.4909%;height: 86px\">\u00a0<\/td>\n<\/tr>\n<tr>\n<td style=\"width: 9.29557%\">7.<\/td>\n<td style=\"width: 16.4851%\">\n<p><span style=\"font-size: 12pt\"><strong><a href=\"https:\/\/semmelweis.hu\/gytk\/files\/2020\/08\/OMHV_elj\u00e1r\u00e1srend_20200521.pdf\" target=\"_blank\" rel=\"noopener noreferrer\">Semmelweis Egyetem Gy\u00f3gyszer\u00e9sztudom\u00e1nyi Kar Oktat\u00f3i Munka Hallgat\u00f3i V\u00e9lem\u00e9nyez\u00e9se kari elj\u00e1r\u00e1srend<\/a><\/strong><\/span><\/p>\n<\/td>\n<td style=\"width: 11.6921%\"><span style=\"font-size: 12pt\">\u00a021\/2019-2020. (V. 21.) GYTK-KT<\/span><\/td>\n<td style=\"width: 12.4909%;text-align: center\"><span style=\"font-size: 12pt\">\u00a0KT<\/span><\/td>\n<td style=\"width: 15.9041%\"><span style=\"font-size: 12pt\">\u00a02020.05.29.<\/span><\/td>\n<td style=\"width: 9.07771%\"><span style=\"font-size: 12pt\">\u00a0<\/span><\/td>\n<td style=\"width: 12.4909%\">\n<p><span style=\"font-size: 12pt\">\u00a07\/2023-2024.(XI. 29)<br \/>\n<\/span><span style=\"font-size: 12pt\">GYTK-KT<\/span><\/p>\n<\/td>\n<td style=\"width: 12.4909%\"><span style=\"font-size: 12pt\">10\/2024-2025.(XII. 4.) GYTK-KT<\/span><\/td>\n<\/tr>\n<tr>\n<td style=\"width: 9.29557%\">8.<\/td>\n<td style=\"width: 16.4851%\">\n<p><span style=\"font-size: 12pt\"><strong><a href=\"https:\/\/semmelweis.hu\/gytk\/files\/2025\/05\/OMHV_eljarasrend_felulvizsgalat_20241121_VEGLEGES_TISZTAZOTT-1.pdf\" target=\"_blank\" rel=\"noopener\">Semmelweis Egyetem Gy\u00f3gyszer\u00e9sztudom\u00e1nyi Kar Oktat\u00f3i Munka Hallgat\u00f3i V\u00e9lem\u00e9nyez\u00e9se kari elj\u00e1r\u00e1srend<\/a><\/strong><\/span><\/p>\n<\/td>\n<td style=\"width: 11.6921%\"><span style=\"font-size: 12pt\">10\/2024-2025.(XII. 4.) GYTK-KT<\/span><\/td>\n<td style=\"width: 12.4909%;text-align: center\"><span style=\"font-size: 12pt\">KT\u00a0<\/span><\/td>\n<td style=\"width: 15.9041%\"><span style=\"font-size: 12pt\">\u00a02024.12.06.<\/span><\/td>\n<td style=\"width: 9.07771%\"><span style=\"font-size: 12pt\">\u00a0<\/span><\/td>\n<td style=\"width: 12.4909%\">\n<p><span style=\"font-size: 12pt\"> 27\/2024-2025. (VI. 18.)<br \/>\nGYTK-KT<\/span><\/p>\n<\/td>\n<td style=\"width: 12.4909%\"><span style=\"font-size: 12pt\">\u00a0<\/span><\/td>\n<\/tr>\n<tr>\n<td style=\"width: 9.29557%\">9.<\/td>\n<td style=\"width: 16.4851%\"><span style=\"font-size: 12pt\"><a href=\"https:\/\/semmelweis.hu\/gytk\/files\/2025\/12\/Pannonia-Osztondijpalyazati-rendszer-Kari-Eljarasrend_vegleges_alairt.pdf\" target=\"_blank\" rel=\"noopener\"><strong>Pann\u00f3nia \u00d6szt\u00f6nd\u00edjp\u00e1ly\u00e1zati Rendszer Kari Elj\u00e1r\u00e1srend<\/strong><\/a><\/span><\/td>\n<td style=\"width: 11.6921%\"><span style=\"font-size: 12pt\">20\/2024-2025. (V. 15.) GYTK-KT<\/span><\/td>\n<td style=\"width: 12.4909%;text-align: center\"><span style=\"font-size: 12pt\">KT\u00a0<\/span><\/td>\n<td style=\"width: 15.9041%\"><span style=\"font-size: 12pt\">\u00a02025.05.20.<\/span><\/td>\n<td style=\"width: 9.07771%\"><span style=\"font-size: 12pt\">\u00a0<\/span><\/td>\n<td style=\"width: 12.4909%\">\n<p><span style=\"font-size: 12pt\">\u00a0<\/span><\/p>\n<\/td>\n<td style=\"width: 12.4909%\"><span style=\"font-size: 12pt\">\u00a0<\/span><\/td>\n<\/tr>\n<tr>\n<td style=\"width: 9.29557%\">10.<\/td>\n<td style=\"width: 16.4851%\">\n<p><a href=\"https:\/\/semmelweis.hu\/gytk\/files\/2025\/11\/OMHV-Kari-Eljarasrend-2025_alairt.pdf\" target=\"_blank\" rel=\"noopener\"><strong><span style=\"font-size: 12pt\">Semmelweis Egyetem Gy\u00f3gyszer\u00e9sztudom\u00e1nyi Kar Oktat\u00f3i Munka Hallgat\u00f3i V\u00e9lem\u00e9nyez\u00e9se kari elj\u00e1r\u00e1srend<\/span><\/strong><\/a><\/p>\n<\/td>\n<td style=\"width: 11.6921%\"><span style=\"font-size: 12pt\">27\/2024-2025. (VI. 18.)<br \/>\nGYTK-KT<\/span><\/td>\n<td style=\"width: 12.4909%;text-align: center\"><span style=\"font-size: 12pt\">KT<\/span><\/td>\n<td style=\"width: 15.9041%\"><span style=\"font-size: 12pt\">2025. 06.23.<\/span><\/td>\n<td style=\"width: 9.07771%\"><span style=\"font-size: 12pt\">\u00a0<\/span><\/td>\n<td style=\"width: 12.4909%\">\n<p><span style=\"font-size: 12pt\">\u00a0<\/span><\/p>\n<\/td>\n<td style=\"width: 12.4909%\"><span style=\"font-size: 12pt\">\u00a0<\/span><\/td>\n<\/tr>\n<\/tbody>\n<\/table>\n","protected":false},"excerpt":{"rendered":"<p>A Semmelweis Egyetem Jogi \u00e9s Igazgat\u00e1si F\u0151igazgat\u00f3s\u00e1ga \u00e1ltal m\u0171k\u00f6dtetett Szab\u00e1lyzatt\u00e1r\u00a0 <a href=\"https:\/\/semmelweis.hu\/jogigfoig\/dokumentumtar\/szabalyzattar\/\" target=\"_blank\" rel=\"noopener noreferrer\">ide kattintva \u00e9rhet\u0151 el<\/a> . Az Egyetem Szervezeti \u00e9s M\u0171k\u00f6d\u00e9si Szab\u00e1lyzat al\u00e1bbi fejezetei k\u00e9pezik a hallgat\u00f3kat \u00e9rint\u0151 szab\u00e1lyoz\u00f3kat: III. 1. R\u00c9SZ <a href=\"https:\/\/semmelweis.hu\/jogigfoig\/files\/2025\/02\/SZMSZ_HKR_III_KONYV_III_1_RESZ_Felveteli-Szabalyzat_hatalyos_20250130-tol.pdf\" target=\"_blank\" rel=\"noopener\">Felv\u00e9teli szab\u00e1lyzat<\/a> III. 2. R\u00c9SZ\u00a0 III. 2. R\u00c9SZ <a href=\"https:\/\/semmelweis.hu\/jogigfoig\/dokumentumtar\/szabalyzattar\/szervezeti-es-mukodesi-szabalyzat\/iii-konyv-hkr\/iii-konyv-hallgatoi-kovetelmenyrendszer-iii-2-resz-tanulmanyi-es-vizsgaszabalyzat-es-mellekletei\/\" target=\"_blank\" rel=\"noopener\">Tanulm\u00e1nyi \u00e9s Vizsgaszab\u00e1lyzat<\/a> <a href=\"https:\/\/semmelweis.hu\/jogigfoig\/files\/2019\/11\/%C3%9AJ_SZMSZ-HKR_III.K%C3%96NYV_III.2._R%C3%89SZ_MELL%C3%89KLETEK_2019.10.02-tol.pdf\" target=\"_blank\" rel=\"noopener\">MELL\u00c9KLETEK<\/a> <a href=\"https:\/\/semmelweis.hu\/jogigfoig\/files\/2024\/07\/SZMSZ_HKR_III_KONYV_III_2_RESZ_MELLEKLETEK_2019_1002_ENG_.pdf\" target=\"_blank\" rel=\"noopener\">English version: CHAPTER III. 2.- APPENDICES<\/a> III. 4. R\u00c9SZ\u00a0 III. 4. R\u00c9SZ <a href=\"https:\/\/semmelweis.hu\/jogigfoig\/dokumentumtar\/szabalyzattar\/szervezeti-es-mukodesi-szabalyzat\/iii-konyv-hkr\/szervezeti-es-mukodesi-szabalyzat-iii-konyv-hallgatoi-kovetelmenyrendszer-iii-4-resz-teritesi-es-juttatasi-szabalyzat-es-mellekletei\/\" target=\"_blank\" rel=\"noopener\">T\u00e9r\u00edt\u00e9si \u00e9s Juttat\u00e1si Szab\u00e1lyzat<\/a> <a href=\"https:\/\/semmelweis.hu\/jogigfoig\/files\/2025\/05\/SZMSZ_HKR_III_KONYV_III_4_RESZ_MELLEKLETEK_hatalyos_20250429.pdf\" target=\"_blank\" rel=\"noopener\">MELL\u00c9KLETEK<\/a> III. 5. R\u00c9SZ\u00a0 <a href=\"https:\/\/semmelweis.hu\/jogigfoig\/dokumentumtar\/szabalyzattar\/szervezeti-es-mukodesi-szabalyzat\/iii-konyv-hkr\/szmsz-iii-konyv-iii-5-resz-hallgato-fegyelmi-es-karteritesi-szabalyzat\/\" target=\"_blank\" rel=\"noopener\">Hallgat\u00f3i Fegyelmi \u00e9s K\u00e1rt\u00e9r\u00edt\u00e9si Szab\u00e1lyzat<\/a> III. 6. R\u00c9SZ\u00a0 <a href=\"https:\/\/semmelweis.hu\/jogigfoig\/files\/2025\/01\/SZMSZ_HKR_III_KONYV_III_6_RESZ_Hallgatok-altal-benyujtott-kerelmek-elbiralasanak-rendje_hatalyos_20241220-tol.pdf\" target=\"_blank\" rel=\"noopener\">Hallgat\u00f3k \u00e1ltal beny\u00fajtott k\u00e9relmek elb\u00edr\u00e1l\u00e1s\u00e1nak rendje<\/a> III. 7. R\u00c9SZ <a href=\"https:\/\/semmelweis.hu\/jogigfoig\/files\/2025\/01\/SZMSZ_HKR_III_KONYV_III_7_RESZ_Jogorvoslati-Szabalyzat_hatalyos_20241220-tol.pdf\" target=\"_blank\" rel=\"noopener\">Jogorvoslati Szab\u00e1lyzat<\/a> III. 8. R\u00c9SZ <a href=\"https:\/\/semmelweis.hu\/jogigfoig\/files\/2021\/04\/SZMSZ_HKR_III_KONYV_III_8_RESZ_Az_OMHV_rendje_hatalyos_2021_04_15-tol.pdf\" target=\"_blank\" rel=\"noopener\">Az Oktat\u00f3i Munka Hallgat\u00f3i V\u00e9lem\u00e9nyez\u00e9s\u00e9nek Rendje<\/a> III.10. R\u00c9SZ <a href=\"https:\/\/semmelweis.hu\/jogigfoig\/files\/2019\/07\/%C3%9AJ_SZMSZ-HKR_III.K%C3%96NYV_III.10._R%C3%89SZ_Hallgat%C3%B3i-Balesetmegel%C5%91z%C3%A9si-Szab%C3%A1lyzat.pdf\" target=\"_blank\" rel=\"noopener\">Hallgat\u00f3i Balesetmegel\u0151z\u00e9si Szab\u00e1lyzat<\/a> III. 11. &hellip;<\/p>\n","protected":false},"author":8,"featured_media":0,"parent":2088,"menu_order":6,"comment_status":"closed","ping_status":"closed","template":"template-fullwidth.php","meta":{"_acf_changed":false,"footnotes":""},"categories":[],"tags":[],"class_list":["post-19","page","type-page","status-publish","hentry"],"acf":[],"_links":{"self":[{"href":"https:\/\/semmelweis.hu\/gytk\/wp-json\/wp\/v2\/pages\/19","targetHints":{"allow":["GET"]}}],"collection":[{"href":"https:\/\/semmelweis.hu\/gytk\/wp-json\/wp\/v2\/pages"}],"about":[{"href":"https:\/\/semmelweis.hu\/gytk\/wp-json\/wp\/v2\/types\/page"}],"author":[{"embeddable":true,"href":"https:\/\/semmelweis.hu\/gytk\/wp-json\/wp\/v2\/users\/8"}],"replies":[{"embeddable":true,"href":"https:\/\/semmelweis.hu\/gytk\/wp-json\/wp\/v2\/comments?post=19"}],"version-history":[{"count":12,"href":"https:\/\/semmelweis.hu\/gytk\/wp-json\/wp\/v2\/pages\/19\/revisions"}],"predecessor-version":[{"id":18059,"href":"https:\/\/semmelweis.hu\/gytk\/wp-json\/wp\/v2\/pages\/19\/revisions\/18059"}],"up":[{"embeddable":true,"href":"https:\/\/semmelweis.hu\/gytk\/wp-json\/wp\/v2\/pages\/2088"}],"wp:attachment":[{"href":"https:\/\/semmelweis.hu\/gytk\/wp-json\/wp\/v2\/media?parent=19"}],"wp:term":[{"taxonomy":"category","embeddable":true,"href":"https:\/\/semmelweis.hu\/gytk\/wp-json\/wp\/v2\/categories?post=19"},{"taxonomy":"post_tag","embeddable":true,"href":"https:\/\/semmelweis.hu\/gytk\/wp-json\/wp\/v2\/tags?post=19"}],"curies":[{"name":"wp","href":"https:\/\/api.w.org\/{rel}","templated":true}]}}