{"id":18558,"date":"2026-05-07T10:14:00","date_gmt":"2026-05-07T08:14:00","guid":{"rendered":"https:\/\/semmelweis.hu\/gytk\/?page_id=18558"},"modified":"2026-05-07T10:14:36","modified_gmt":"2026-05-07T08:14:36","slug":"2026-majus-4-5","status":"publish","type":"page","link":"https:\/\/semmelweis.hu\/gytk\/a-karrol\/kari-tanacs\/kari-tanacs-eloterjesztesek\/2026-majus-4-5\/","title":{"rendered":"2026. m\u00e1jus 4-5"},"content":{"rendered":"<p style=\"text-align: center\">2026. m\u00e1jus 4-5. Elektronikus szavaz\u00e1s<\/p>\n<p><a href=\"https:\/\/semmelweis.hu\/gytk\/files\/2026\/05\/Elektronikus_szavazas_elrendelese_20260504_alairt.pdf\" target=\"_blank\" rel=\"noopener\">Elektronikus szavaz\u00e1s elrendel\u00e9se<\/a><\/p>\n<ol>\n<li>napirendi pont<\/li>\n<\/ol>\n<ul>\n<li><a href=\"https:\/\/semmelweis.hu\/gytk\/files\/2026\/05\/KT_Eloterjesztes_Kari_OMHV_szabalyzat_3sz_kerdoiv_felulvizsgalata_UJ_kerdessor_20260504_alairt.pdf\" target=\"_blank\" rel=\"noopener\">KT_El\u0151terjeszt\u00e9s_Kari_OMHV_szab\u00e1lyzat_3sz_k\u00e9rd\u0151\u00edv_fel\u00fclvizsg\u00e1lata_\u00daJ_k\u00e9rd\u00e9ssor<\/a><\/li>\n<li><a href=\"https:\/\/semmelweis.hu\/gytk\/files\/2026\/05\/KT_eloterjesztes_melleklet_OMHV_kari_szabalyzat_UJ_kerdesekkel_202600504_korr.pdf\" target=\"_blank\" rel=\"noopener\">KT_El\u0151terjeszt\u00e9s_mell\u00e9klet_OMHV_kari_szab\u00e1lyzat_\u00daJ_k\u00e9rd\u00e9sekkel<\/a><\/li>\n<\/ul>\n","protected":false},"excerpt":{"rendered":"<p>2026. m\u00e1jus 4-5. Elektronikus szavaz\u00e1s<br \/>\n<a href=\"https:\/\/semmelweis.hu\/gytk\/files\/2026\/05\/Elektronikus_szavazas_elrendelese_20260504_alairt.pdf\" target=\"_blank\" rel=\"noopener\">Elektronikus szavaz\u00e1s elrendel\u00e9se<\/a><\/p>\n<p>napirendi pont<\/p>\n<p><a href=\"https:\/\/semmelweis.hu\/gytk\/files\/2026\/05\/KT_Eloterjesztes_Kari_OMHV_szabalyzat_3sz_kerdoiv_felulvizsgalata_UJ_kerdessor_20260504_alairt.pdf\" target=\"_blank\" rel=\"noopener\">KT_El\u0151terjeszt\u00e9s_Kari_OMHV_szab\u00e1lyzat_3sz_k\u00e9rd\u0151\u00edv_fel\u00fclvizsg\u00e1lata_\u00daJ_k\u00e9rd\u00e9ssor<\/a><br \/>\n<a href=\"https:\/\/semmelweis.hu\/gytk\/files\/2026\/05\/KT_eloterjesztes_melleklet_OMHV_kari_szabalyzat_UJ_kerdesekkel_202600504_korr.pdf\" target=\"_blank\" rel=\"noopener\">KT_El\u0151terjeszt\u00e9s_mell\u00e9klet_OMHV_kari_szab\u00e1lyzat_\u00daJ_k\u00e9rd\u00e9sekkel<\/a><\/p>\n","protected":false},"author":101431,"featured_media":0,"parent":5323,"menu_order":67,"comment_status":"closed","ping_status":"closed","template":"","meta":{"_acf_changed":false,"footnotes":""},"categories":[],"tags":[],"class_list":["post-18558","page","type-page","status-publish","hentry"],"acf":[],"_links":{"self":[{"href":"https:\/\/semmelweis.hu\/gytk\/wp-json\/wp\/v2\/pages\/18558","targetHints":{"allow":["GET"]}}],"collection":[{"href":"https:\/\/semmelweis.hu\/gytk\/wp-json\/wp\/v2\/pages"}],"about":[{"href":"https:\/\/semmelweis.hu\/gytk\/wp-json\/wp\/v2\/types\/page"}],"author":[{"embeddable":true,"href":"https:\/\/semmelweis.hu\/gytk\/wp-json\/wp\/v2\/users\/101431"}],"replies":[{"embeddable":true,"href":"https:\/\/semmelweis.hu\/gytk\/wp-json\/wp\/v2\/comments?post=18558"}],"version-history":[{"count":2,"href":"https:\/\/semmelweis.hu\/gytk\/wp-json\/wp\/v2\/pages\/18558\/revisions"}],"predecessor-version":[{"id":18560,"href":"https:\/\/semmelweis.hu\/gytk\/wp-json\/wp\/v2\/pages\/18558\/revisions\/18560"}],"up":[{"embeddable":true,"href":"https:\/\/semmelweis.hu\/gytk\/wp-json\/wp\/v2\/pages\/5323"}],"wp:attachment":[{"href":"https:\/\/semmelweis.hu\/gytk\/wp-json\/wp\/v2\/media?parent=18558"}],"wp:term":[{"taxonomy":"category","embeddable":true,"href":"https:\/\/semmelweis.hu\/gytk\/wp-json\/wp\/v2\/categories?post=18558"},{"taxonomy":"post_tag","embeddable":true,"href":"https:\/\/semmelweis.hu\/gytk\/wp-json\/wp\/v2\/tags?post=18558"}],"curies":[{"name":"wp","href":"https:\/\/api.w.org\/{rel}","templated":true}]}}