{"id":18339,"date":"2026-03-25T12:02:25","date_gmt":"2026-03-25T11:02:25","guid":{"rendered":"https:\/\/semmelweis.hu\/gytk\/?page_id=18339"},"modified":"2026-04-22T14:25:49","modified_gmt":"2026-04-22T12:25:49","slug":"m-e-g-h-i-v-o-a-semmelweis-egyetem-barati-korenek-aprilis-hoban-tartando-rendezvenyere","status":"publish","type":"page","link":"https:\/\/semmelweis.hu\/gytk\/m-e-g-h-i-v-o-a-semmelweis-egyetem-barati-korenek-aprilis-hoban-tartando-rendezvenyere\/","title":{"rendered":"M E G H \u00cd V \u00d3  SE Bar\u00e1ti K\u00f6r\u00e9nek rendezv\u00e9ny\u00e9re: \u201eT\u0171zecsettel \u00e9g \u00e9s f\u00f6ld k\u00f6z\u00f6tt&#8221;"},"content":{"rendered":"<p style=\"text-align: center\"><strong>M E G H \u00cd V \u00d3<\/strong><br \/>\n<strong>a Semmelweis Egyetem Bar\u00e1ti K\u00f6r\u00e9nek<\/strong><\/p>\n<p style=\"text-align: center\"><strong>\u00e1prilis<\/strong><\/p>\n<p style=\"text-align: center\"><strong>h\u00f3napban tartand\u00f3 rendezv\u00e9ny\u00e9re\u00a0<\/strong><\/p>\n<p>&nbsp;<\/p>\n<p style=\"text-align: center\"><strong>\u201eT\u0171zecsettel \u00e9g \u00e9s f\u00f6ld k\u00f6z\u00f6tt<\/strong><strong>&#8222;<\/strong><\/p>\n<p>&nbsp;<\/p>\n<p>A megh\u00edv\u00f3 let\u00f6lthet\u0151 <a href=\"https:\/\/semmelweis.hu\/gytk\/files\/2026\/04\/megh_20260429_vegl.pdf\" target=\"_blank\" rel=\"noopener\">innen.<\/a><\/p>\n<p>&nbsp;<\/p>\n","protected":false},"excerpt":{"rendered":"<p>M E G H \u00cd V \u00d3<br \/>\na Semmelweis Egyetem Bar\u00e1ti K\u00f6r\u00e9nek<br \/>\n\u00e1prilis<br \/>\nh\u00f3napban tartand\u00f3 rendezv\u00e9ny\u00e9re\u00a0<br \/>\n&nbsp;<br \/>\n\u201eT\u0171zecsettel \u00e9g \u00e9s f\u00f6ld k\u00f6z\u00f6tt&#8222;<br \/>\n&nbsp;<br \/>\nA megh\u00edv\u00f3 let\u00f6lthet\u0151 <a href=\"https:\/\/semmelweis.hu\/gytk\/files\/2026\/04\/megh_20260429_vegl.pdf\" target=\"_blank\" rel=\"noopener\">innen.<\/a><br \/>\n&nbsp;<\/p>\n","protected":false},"author":101431,"featured_media":0,"parent":0,"menu_order":0,"comment_status":"closed","ping_status":"closed","template":"","meta":{"_acf_changed":false,"footnotes":""},"categories":[1],"tags":[],"class_list":["post-18339","page","type-page","status-publish","hentry","category-hirek"],"acf":[],"_links":{"self":[{"href":"https:\/\/semmelweis.hu\/gytk\/wp-json\/wp\/v2\/pages\/18339","targetHints":{"allow":["GET"]}}],"collection":[{"href":"https:\/\/semmelweis.hu\/gytk\/wp-json\/wp\/v2\/pages"}],"about":[{"href":"https:\/\/semmelweis.hu\/gytk\/wp-json\/wp\/v2\/types\/page"}],"author":[{"embeddable":true,"href":"https:\/\/semmelweis.hu\/gytk\/wp-json\/wp\/v2\/users\/101431"}],"replies":[{"embeddable":true,"href":"https:\/\/semmelweis.hu\/gytk\/wp-json\/wp\/v2\/comments?post=18339"}],"version-history":[{"count":10,"href":"https:\/\/semmelweis.hu\/gytk\/wp-json\/wp\/v2\/pages\/18339\/revisions"}],"predecessor-version":[{"id":18472,"href":"https:\/\/semmelweis.hu\/gytk\/wp-json\/wp\/v2\/pages\/18339\/revisions\/18472"}],"wp:attachment":[{"href":"https:\/\/semmelweis.hu\/gytk\/wp-json\/wp\/v2\/media?parent=18339"}],"wp:term":[{"taxonomy":"category","embeddable":true,"href":"https:\/\/semmelweis.hu\/gytk\/wp-json\/wp\/v2\/categories?post=18339"},{"taxonomy":"post_tag","embeddable":true,"href":"https:\/\/semmelweis.hu\/gytk\/wp-json\/wp\/v2\/tags?post=18339"}],"curies":[{"name":"wp","href":"https:\/\/api.w.org\/{rel}","templated":true}]}}