{"id":18000,"date":"2025-12-03T08:35:57","date_gmt":"2025-12-03T07:35:57","guid":{"rendered":"https:\/\/semmelweis.hu\/gytk\/?page_id=18000"},"modified":"2025-12-03T08:37:42","modified_gmt":"2025-12-03T07:37:42","slug":"december-2","status":"publish","type":"page","link":"https:\/\/semmelweis.hu\/gytk\/a-karrol\/kari-tanacs\/kari-tanacs-eloterjesztesek\/december-2\/","title":{"rendered":"2025. december 2."},"content":{"rendered":"<p style=\"text-align: center\"><strong>Kari Tan\u00e1cs\u00fcl\u00e9s 2025. december 2. 14:30<\/strong><\/p>\n<p><a href=\"https:\/\/semmelweis.hu\/gytk\/files\/2025\/11\/Meghivo_KT.pdf\" target=\"_blank\" rel=\"noopener\">MEGH\u00cdV\u00d3<\/a><\/p>\n<p><strong>2. napirendi pont<\/strong><br \/>\n<a href=\"https:\/\/semmelweis.hu\/gytk\/files\/2025\/11\/KT-Eloterjesztes-a-2026.-evi-egyetemi-kituntetes-adomanyozasara-vonatkozo-javaslat-velemenyezese_LM.pdf\" target=\"_blank\" rel=\"noopener\">KT El\u0151terjeszt\u00e9s: A 2026. \u00e9vi egyetemi szint\u0171 kit\u00fcntet\u00e9si javaslat v\u00e9lem\u00e9nyez\u00e9se &#8211; &#8222;SE Kiv\u00e1l\u00f3 Oktat\u00f3ja&#8221;<\/a><\/p>\n<ul>\n<li><a href=\"https:\/\/semmelweis.hu\/gytk\/files\/2025\/11\/2-napirendi-pont-1sz-melleklet.pdf\" target=\"_blank\" rel=\"noopener\">2. napirendi pont 1. sz. mell\u00e9klet FELTERJESZT\u00c9S<\/a><\/li>\n<li><a href=\"https:\/\/semmelweis.hu\/gytk\/files\/2025\/11\/2sz-napirendi-pont-2sz-melleklet_HOK-velemeny.pdf\" target=\"_blank\" rel=\"noopener\">2. napirendi pont 2. sz. mell\u00e9klet H\u00d6K v\u00e9lem\u00e9ny<\/a><\/li>\n<\/ul>\n<p><strong>3. napirendi pont<\/strong><br \/>\n<a href=\"https:\/\/semmelweis.hu\/gytk\/files\/2025\/11\/KT-Eloterjesztes-a-Karon-mukodo-kari-allando-bizottsagok-szemelyi-osszetetelenek-megujitasarol.pdf\" target=\"_blank\" rel=\"noopener\">KT El\u0151terjeszt\u00e9s: A kari \u00e1lland\u00f3 bizotts\u00e1gok szem\u00e9lyi \u00f6sszet\u00e9tel\u00e9nek meg\u00faj\u00edt\u00e1sa<\/a><\/p>\n<p><strong>4. napirendi pont<\/strong><br \/>\n<a href=\"https:\/\/semmelweis.hu\/gytk\/files\/2025\/11\/4_napirend_KT_eloterjesztes_NFO_kari_feltetelrendszerenek-felulvizsgalata_20251202.pdf\">KT El\u0151terjeszt\u00e9s: A Nemzeti Fels\u0151oktat\u00e1si \u00d6szt\u00f6nd\u00edj p\u00e1ly\u00e1zat kari felt\u00e9telrendszer\u00e9nek fel\u00fclvizsg\u00e1lata<\/a><\/p>\n<p><strong>5. napirendi pont<br \/>\n<\/strong><a href=\"https:\/\/semmelweis.hu\/gytk\/files\/2025\/12\/5_napirend_szakkepzo-helyek-akkreditacios-listaja_20251202.pdf\" target=\"_blank\" rel=\"noopener\">Szakk\u00e9pz\u0151 helyek akkredit\u00e1ci\u00f3s k\u00e9relmeinek v\u00e9lem\u00e9nyez\u00e9se<\/a><\/p>\n","protected":false},"excerpt":{"rendered":"<p>Kari Tan\u00e1cs\u00fcl\u00e9s 2025. december 2. 14:30<br \/>\n<a href=\"https:\/\/semmelweis.hu\/gytk\/files\/2025\/11\/Meghivo_KT.pdf\" target=\"_blank\" rel=\"noopener\">MEGH\u00cdV\u00d3<\/a><br \/>\n2. napirendi pont<br \/>\n<a href=\"https:\/\/semmelweis.hu\/gytk\/files\/2025\/11\/KT-Eloterjesztes-a-2026.-evi-egyetemi-kituntetes-adomanyozasara-vonatkozo-javaslat-velemenyezese_LM.pdf\" target=\"_blank\" rel=\"noopener\">KT El\u0151terjeszt\u00e9s: A 2026. \u00e9vi egyetemi szint\u0171 kit\u00fcntet\u00e9si javaslat v\u00e9lem\u00e9nyez\u00e9se &#8211; &#8222;SE Kiv\u00e1l\u00f3 Oktat\u00f3ja&#8221;<\/a><\/p>\n<p><a href=\"https:\/\/semmelweis.hu\/gytk\/files\/2025\/11\/2-napirendi-pont-1sz-melleklet.pdf\" target=\"_blank\" rel=\"noopener\">2. napirendi pont 1. sz. mell\u00e9klet FELTERJESZT\u00c9S<\/a><br \/>\n<a href=\"https:\/\/semmelweis.hu\/gytk\/files\/2025\/11\/2sz-napirendi-pont-2sz-melleklet_HOK-velemeny.pdf\" target=\"_blank\" rel=\"noopener\">2. napirendi pont 2. sz. mell\u00e9klet H\u00d6K v\u00e9lem\u00e9ny<\/a><\/p>\n<p>3. napirendi pont<br \/>\n<a href=\"https:\/\/semmelweis.hu\/gytk\/files\/2025\/11\/KT-Eloterjesztes-a-Karon-mukodo-kari-allando-bizottsagok-szemelyi-osszetetelenek-megujitasarol.pdf\" target=\"_blank\" rel=\"noopener\">KT El\u0151terjeszt\u00e9s: A kari \u00e1lland\u00f3 bizotts\u00e1gok szem\u00e9lyi \u00f6sszet\u00e9tel\u00e9nek meg\u00faj\u00edt\u00e1sa<\/a><br \/>\n4. napirendi pont<br \/>\n<a href=\"https:\/\/semmelweis.hu\/gytk\/files\/2025\/11\/4_napirend_KT_eloterjesztes_NFO_kari_feltetelrendszerenek-felulvizsgalata_20251202.pdf\">KT El\u0151terjeszt\u00e9s: A Nemzeti Fels\u0151oktat\u00e1si \u00d6szt\u00f6nd\u00edj p\u00e1ly\u00e1zat kari felt\u00e9telrendszer\u00e9nek fel\u00fclvizsg\u00e1lata<\/a><br \/>\n5. napirendi pont<br \/>\n<a href=\"https:\/\/semmelweis.hu\/gytk\/files\/2025\/12\/5_napirend_szakkepzo-helyek-akkreditacios-listaja_20251202.pdf\" target=\"_blank\" rel=\"noopener\">Szakk\u00e9pz\u0151 helyek akkredit\u00e1ci\u00f3s k\u00e9relmeinek v\u00e9lem\u00e9nyez\u00e9se<\/a><\/p>\n","protected":false},"author":101431,"featured_media":0,"parent":5323,"menu_order":65,"comment_status":"closed","ping_status":"closed","template":"","meta":{"_acf_changed":false,"footnotes":""},"categories":[],"tags":[],"class_list":["post-18000","page","type-page","status-publish","hentry"],"acf":[],"_links":{"self":[{"href":"https:\/\/semmelweis.hu\/gytk\/wp-json\/wp\/v2\/pages\/18000","targetHints":{"allow":["GET"]}}],"collection":[{"href":"https:\/\/semmelweis.hu\/gytk\/wp-json\/wp\/v2\/pages"}],"about":[{"href":"https:\/\/semmelweis.hu\/gytk\/wp-json\/wp\/v2\/types\/page"}],"author":[{"embeddable":true,"href":"https:\/\/semmelweis.hu\/gytk\/wp-json\/wp\/v2\/users\/101431"}],"replies":[{"embeddable":true,"href":"https:\/\/semmelweis.hu\/gytk\/wp-json\/wp\/v2\/comments?post=18000"}],"version-history":[{"count":4,"href":"https:\/\/semmelweis.hu\/gytk\/wp-json\/wp\/v2\/pages\/18000\/revisions"}],"predecessor-version":[{"id":18006,"href":"https:\/\/semmelweis.hu\/gytk\/wp-json\/wp\/v2\/pages\/18000\/revisions\/18006"}],"up":[{"embeddable":true,"href":"https:\/\/semmelweis.hu\/gytk\/wp-json\/wp\/v2\/pages\/5323"}],"wp:attachment":[{"href":"https:\/\/semmelweis.hu\/gytk\/wp-json\/wp\/v2\/media?parent=18000"}],"wp:term":[{"taxonomy":"category","embeddable":true,"href":"https:\/\/semmelweis.hu\/gytk\/wp-json\/wp\/v2\/categories?post=18000"},{"taxonomy":"post_tag","embeddable":true,"href":"https:\/\/semmelweis.hu\/gytk\/wp-json\/wp\/v2\/tags?post=18000"}],"curies":[{"name":"wp","href":"https:\/\/api.w.org\/{rel}","templated":true}]}}