{"id":17909,"date":"2025-10-30T13:55:22","date_gmt":"2025-10-30T12:55:22","guid":{"rendered":"https:\/\/semmelweis.hu\/gytk\/?page_id=17909"},"modified":"2025-12-03T08:36:59","modified_gmt":"2025-12-03T07:36:59","slug":"kari-tanacs-oktober-29","status":"publish","type":"page","link":"https:\/\/semmelweis.hu\/gytk\/a-karrol\/kari-tanacs\/kari-tanacs-eloterjesztesek\/kari-tanacs-oktober-29\/","title":{"rendered":"2025. okt\u00f3ber 29."},"content":{"rendered":"<p style=\"text-align: center\"><strong>Kari Tan\u00e1cs\u00fcl\u00e9s<\/strong><br \/>\n<strong>2025. okt\u00f3ber 29. 14:30<\/strong><\/p>\n<p><a href=\"https:\/\/semmelweis.hu\/gytk\/files\/2025\/10\/MEGHIVO.pdf\">MEGH\u00cdV\u00d3<\/a><\/p>\n<p><strong>3. napirendi pont<\/strong><\/p>\n<p><a href=\"https:\/\/semmelweis.hu\/gytk\/files\/2025\/10\/3_napirendi_pont_KT_Eloterjesztes_a_KT_2025_2026_ules_es_munkatervenek_elfogadasahoz.pdf\" target=\"_blank\" rel=\"noopener\">KT El\u0151terjeszt\u00e9s a Kari Tan\u00e1cs 2025-2026. \u00e9vi \u00fcl\u00e9s-\u00e9s munkaterv\u00e9nek elfogad\u00e1sa<\/a><\/p>\n<ul>\n<li><a href=\"https:\/\/semmelweis.hu\/gytk\/files\/2025\/10\/3_napirend_2sz_melleklet_KT_2025_26_tanevi_ules_es_munkaterve_20251029.pdf\" target=\"_blank\" rel=\"noopener\">3. napirend 2sz. mell\u00e9klet KT. 2025-26. tan\u00e9vi \u00fcl\u00e9s-\u00e9s munkaterve<\/a><\/li>\n<\/ul>\n<p><strong>4. napirendi pont<\/strong><\/p>\n<p><a href=\"https:\/\/semmelweis.hu\/gytk\/files\/2025\/10\/4_napirendi_pont_KT_Eloterjesztes_a_KEFB_ugyrendjenek_felulvizsgalatanak_velemenyezesehez_20251028.pdf\" target=\"_blank\" rel=\"noopener\">KT El\u0151terjeszt\u00e9s a Kari Etikai \u00e9s Fegyelmi Bizotts\u00e1g \u00fcgyrendj\u00e9nek m\u00f3dos\u00edt\u00e1sa<\/a><\/p>\n<ul>\n<li><a href=\"https:\/\/semmelweis.hu\/gytk\/files\/2025\/10\/4_napirend_2sz_melleklet_SE-GYTK-SZMR-M04_KEFB_20251025.pdf\" target=\"_blank\" rel=\"noopener\">4. napirend 2sz. mell\u00e9klet KEFB Bizotts\u00e1gi \u00fcgyrend<\/a><\/li>\n<\/ul>\n<p><strong>5. napirendi pont<\/strong><\/p>\n<p>T\u00e1j\u00e9koztat\u00f3 az el\u0151z\u0151 f\u00e9l\u00e9v 2024-2025\/2. tanulm\u00e1nyi eredm\u00e9nyeir\u0151l<\/p>\n<ul>\n<li><a href=\"https:\/\/semmelweis.hu\/gytk\/files\/2025\/10\/Tantargyi_statisztika_2024_25_2_felev_magyar.pdf\" target=\"_blank\" rel=\"noopener\">5.napirend 1a. mell\u00e9klet t\u00e1j\u00e9koztat\u00f3 a 2024-2025. 2. f\u00e9l\u00e9v eredm\u00e9nyeir\u0151l magyar<\/a><\/li>\n<li><a href=\"https:\/\/semmelweis.hu\/gytk\/files\/2025\/10\/Tantargyi_statisztika_2024_25_2_felev_angol.pdf\" target=\"_blank\" rel=\"noopener\">5.napirend 1b. mell\u00e9klet t\u00e1j\u00e9koztat\u00f3 a 2024-2025. 2. f\u00e9l\u00e9v eredm\u00e9nyeir\u0151l angol<\/a><\/li>\n<li><a href=\"https:\/\/semmelweis.hu\/gytk\/files\/2025\/10\/Tantargyi_statisztika_2024_25_2_felev_nemet.pdf\" target=\"_blank\" rel=\"noopener\">5.napirend 1c. mell\u00e9klet t\u00e1j\u00e9koztat\u00f3 a 2024-2025. 2. f\u00e9l\u00e9v eredm\u00e9nyeir\u0151l n\u00e9met<\/a><\/li>\n<\/ul>\n<p><strong>6. napirendi pont<\/strong><\/p>\n<p><a href=\"https:\/\/semmelweis.hu\/gytk\/files\/2025\/10\/zv_jelentes2025-1.pdf\" target=\"_blank\" rel=\"noopener\">T\u00e1j\u00e9koztat\u00f3 a 2025. \u00e9vi z\u00e1r\u00f3vizsg\u00e1kr\u00f3l<\/a><\/p>\n<p><strong>7. napirendi pont<\/strong><\/p>\n<p>T\u00e1j\u00e9koztat\u00f3 a 2025. \u00e9vi felv\u00e9teli elj\u00e1r\u00e1sr\u00f3l beiratkoz\u00e1s\/bejelentkez\u00e9si adatokr\u00f3l<\/p>\n<ul>\n<li><a href=\"https:\/\/semmelweis.hu\/gytk\/files\/2025\/10\/7napirend1szmelleklet.pdf\" target=\"_blank\" rel=\"noopener\">7. napirend 1sz. mell\u00e9klet 2025-26. 1. f\u00e9l\u00e9vi felv\u00e9teli adatok<\/a><\/li>\n<li><a href=\"https:\/\/semmelweis.hu\/gytk\/files\/2025\/10\/7napirend2szmelleklet-.pdf\" target=\"_blank\" rel=\"noopener\">7. napirend 2sz. mell\u00e9klet 2025-26 1. f\u00e9l\u00e9v beiratkoz\u00e1si adatok<\/a><\/li>\n<\/ul>\n<p><strong>8. napirendi pont<\/strong><\/p>\n<p><a href=\"https:\/\/semmelweis.hu\/gytk\/files\/2025\/10\/8-napirendi-pont-szakkepzohelyek.pdf\" target=\"_blank\" rel=\"noopener\">Szakk\u00e9pz\u0151helyek akkredit\u00e1ci\u00f3s k\u00e9relmeinek v\u00e9lem\u00e9nyez\u00e9se<\/a><\/p>\n<p style=\"text-align: justify\">\u00a0<\/p>\n","protected":false},"excerpt":{"rendered":"<p>Kari Tan\u00e1cs\u00fcl\u00e9s<br \/>\n2025. okt\u00f3ber 29. 14:30<br \/>\n<a href=\"https:\/\/semmelweis.hu\/gytk\/files\/2025\/10\/MEGHIVO.pdf\">MEGH\u00cdV\u00d3<\/a><br \/>\n3. napirendi pont<br \/>\n<a href=\"https:\/\/semmelweis.hu\/gytk\/files\/2025\/10\/3_napirendi_pont_KT_Eloterjesztes_a_KT_2025_2026_ules_es_munkatervenek_elfogadasahoz.pdf\" target=\"_blank\" rel=\"noopener\">KT El\u0151terjeszt\u00e9s a Kari Tan\u00e1cs 2025-2026. \u00e9vi \u00fcl\u00e9s-\u00e9s munkaterv\u00e9nek elfogad\u00e1sa<\/a><\/p>\n<p><a href=\"https:\/\/semmelweis.hu\/gytk\/files\/2025\/10\/3_napirend_2sz_melleklet_KT_2025_26_tanevi_ules_es_munkaterve_20251029.pdf\" target=\"_blank\" rel=\"noopener\">3. napirend 2sz. mell\u00e9klet KT. 2025-26. tan\u00e9vi \u00fcl\u00e9s-\u00e9s munkaterve<\/a><\/p>\n<p>4. napirendi pont<br \/>\n<a href=\"https:\/\/semmelweis.hu\/gytk\/files\/2025\/10\/4_napirendi_pont_KT_Eloterjesztes_a_KEFB_ugyrendjenek_felulvizsgalatanak_velemenyezesehez_20251028.pdf\" target=\"_blank\" rel=\"noopener\">KT El\u0151terjeszt\u00e9s a Kari Etikai \u00e9s Fegyelmi Bizotts\u00e1g \u00fcgyrendj\u00e9nek m\u00f3dos\u00edt\u00e1sa<\/a><\/p>\n<p><a href=\"https:\/\/semmelweis.hu\/gytk\/files\/2025\/10\/4_napirend_2sz_melleklet_SE-GYTK-SZMR-M04_KEFB_20251025.pdf\" target=\"_blank\" rel=\"noopener\">4. napirend 2sz. mell\u00e9klet KEFB Bizotts\u00e1gi \u00fcgyrend<\/a><\/p>\n<p>5. napirendi pont<br \/>\nT\u00e1j\u00e9koztat\u00f3 az el\u0151z\u0151 f\u00e9l\u00e9v 2024-2025\/2. tanulm\u00e1nyi eredm\u00e9nyeir\u0151l<\/p>\n<p><a href=\"https:\/\/semmelweis.hu\/gytk\/files\/2025\/10\/Tantargyi_statisztika_2024_25_2_felev_magyar.pdf\" target=\"_blank\" rel=\"noopener\">5.napirend 1a. mell\u00e9klet t\u00e1j\u00e9koztat\u00f3 a 2024-2025. 2. f\u00e9l\u00e9v eredm\u00e9nyeir\u0151l magyar<\/a><br \/>\n<a href=\"https:\/\/semmelweis.hu\/gytk\/files\/2025\/10\/Tantargyi_statisztika_2024_25_2_felev_angol.pdf\" target=\"_blank\" rel=\"noopener\">5.napirend 1b. mell\u00e9klet t\u00e1j\u00e9koztat\u00f3 a 2024-2025. 2. f\u00e9l\u00e9v eredm\u00e9nyeir\u0151l angol<\/a><br \/>\n<a href=\"https:\/\/semmelweis.hu\/gytk\/files\/2025\/10\/Tantargyi_statisztika_2024_25_2_felev_nemet.pdf\" target=\"_blank\" rel=\"noopener\">5.napirend 1c. mell\u00e9klet t\u00e1j\u00e9koztat\u00f3 a 2024-2025. 2. f\u00e9l\u00e9v eredm\u00e9nyeir\u0151l n\u00e9met<\/a><\/p>\n<p>6. napirendi pont<br \/>\n<a href=\"https:\/\/semmelweis.hu\/gytk\/files\/2025\/10\/zv_jelentes2025-1.pdf\" target=\"_blank\" rel=\"noopener\">T\u00e1j\u00e9koztat\u00f3 a 2025. \u00e9vi z\u00e1r\u00f3vizsg\u00e1kr\u00f3l<\/a><br \/>\n7. napirendi pont<br \/>\nT\u00e1j\u00e9koztat\u00f3 a 2025. \u00e9vi felv\u00e9teli elj\u00e1r\u00e1sr\u00f3l beiratkoz\u00e1s\/bejelentkez\u00e9si adatokr\u00f3l<\/p>\n<p><a href=\"https:\/\/semmelweis.hu\/gytk\/files\/2025\/10\/7napirend1szmelleklet.pdf\" target=\"_blank\" rel=\"noopener\">7. napirend 1sz. mell\u00e9klet 2025-26. 1. f\u00e9l\u00e9vi felv\u00e9teli adatok<\/a><br \/>\n<a href=\"https:\/\/semmelweis.hu\/gytk\/files\/2025\/10\/7napirend2szmelleklet-.pdf\" target=\"_blank\" rel=\"noopener\">7. napirend 2sz. mell\u00e9klet 2025-26 1. f\u00e9l\u00e9v beiratkoz\u00e1si adatok<\/a><\/p>\n<p>8. napirendi pont<br \/>\n<a href=\"https:\/\/semmelweis.hu\/gytk\/files\/2025\/10\/8-napirendi-pont-szakkepzohelyek.pdf\" target=\"_blank\" rel=\"noopener\">Szakk\u00e9pz\u0151helyek akkredit\u00e1ci\u00f3s k\u00e9relmeinek v\u00e9lem\u00e9nyez\u00e9se<\/a><br \/>\n\u00a0<\/p>\n","protected":false},"author":101431,"featured_media":0,"parent":5323,"menu_order":64,"comment_status":"closed","ping_status":"closed","template":"","meta":{"_acf_changed":false,"footnotes":""},"categories":[],"tags":[],"class_list":["post-17909","page","type-page","status-publish","hentry"],"acf":[],"_links":{"self":[{"href":"https:\/\/semmelweis.hu\/gytk\/wp-json\/wp\/v2\/pages\/17909","targetHints":{"allow":["GET"]}}],"collection":[{"href":"https:\/\/semmelweis.hu\/gytk\/wp-json\/wp\/v2\/pages"}],"about":[{"href":"https:\/\/semmelweis.hu\/gytk\/wp-json\/wp\/v2\/types\/page"}],"author":[{"embeddable":true,"href":"https:\/\/semmelweis.hu\/gytk\/wp-json\/wp\/v2\/users\/101431"}],"replies":[{"embeddable":true,"href":"https:\/\/semmelweis.hu\/gytk\/wp-json\/wp\/v2\/comments?post=17909"}],"version-history":[{"count":4,"href":"https:\/\/semmelweis.hu\/gytk\/wp-json\/wp\/v2\/pages\/17909\/revisions"}],"predecessor-version":[{"id":18004,"href":"https:\/\/semmelweis.hu\/gytk\/wp-json\/wp\/v2\/pages\/17909\/revisions\/18004"}],"up":[{"embeddable":true,"href":"https:\/\/semmelweis.hu\/gytk\/wp-json\/wp\/v2\/pages\/5323"}],"wp:attachment":[{"href":"https:\/\/semmelweis.hu\/gytk\/wp-json\/wp\/v2\/media?parent=17909"}],"wp:term":[{"taxonomy":"category","embeddable":true,"href":"https:\/\/semmelweis.hu\/gytk\/wp-json\/wp\/v2\/categories?post=17909"},{"taxonomy":"post_tag","embeddable":true,"href":"https:\/\/semmelweis.hu\/gytk\/wp-json\/wp\/v2\/tags?post=17909"}],"curies":[{"name":"wp","href":"https:\/\/api.w.org\/{rel}","templated":true}]}}