{"id":17870,"date":"2025-10-27T12:35:46","date_gmt":"2025-10-27T11:35:46","guid":{"rendered":"https:\/\/semmelweis.hu\/gytk\/?page_id=17870"},"modified":"2026-03-13T11:26:39","modified_gmt":"2026-03-13T10:26:39","slug":"kari-tanacs-hatarozatok-2025-2026","status":"publish","type":"page","link":"https:\/\/semmelweis.hu\/gytk\/a-karrol\/kari-tanacs\/hatarozatok\/kari-tanacs-hatarozatok-2025-2026\/","title":{"rendered":"Kari Tan\u00e1cs Hat\u00e1rozatok 2025-2026"},"content":{"rendered":"<p><a href=\"https:\/\/semmelweis.hu\/gytk\/files\/2026\/03\/N-Y-I-L-V-A-N-T-A-R-T-A-S-2025-26-KT.-hatarozatok.pdf\" target=\"_blank\" rel=\"noopener\">N Y I L V \u00c1 N T A R T \u00c1 S 2025-26 KT. hat\u00e1rozatok<\/a><\/p>\n<p><strong>2025. okt\u00f3ber 29. 14:30<\/strong><\/p>\n<p><a href=\"https:\/\/semmelweis.hu\/gytk\/files\/2025\/10\/1_2025_2026_X_29_GYTK_KT-alairt.pdf\" target=\"_blank\" rel=\"noopener\">1\/2025-2026(X. 29.)GYTK-KT<\/a><\/p>\n<ul>\n<li><a href=\"https:\/\/semmelweis.hu\/gytk\/files\/2025\/10\/3_napirend_2sz_melleklet_KT_2025_26_tanevi_ules_es_munkaterve_20251029-1.pdf\" target=\"_blank\" rel=\"noopener\">1\/2025-2026(X. 29.)GYTK-KT hat\u00e1rozat mell\u00e9klete- 2025-2026. tan\u00e9v \u00fcl\u00e9s \u00e9s munkaterv<\/a><\/li>\n<\/ul>\n<p><a href=\"https:\/\/semmelweis.hu\/gytk\/files\/2025\/10\/2_2025_2026_X_29_GYTK_KT-alairt.pdf\" target=\"_blank\" rel=\"noopener\">2\/2025-2026(X. 29.)GYTK-KT<\/a><\/p>\n<ul>\n<li><a href=\"https:\/\/semmelweis.hu\/gytk\/files\/2025\/10\/4_napirend_2sz_melleklet_SE-GYTK-SZMR-M04_KEFB_20251025-1.pdf\" target=\"_blank\" rel=\"noopener\">2\/2025-2026(X. 29.)GYTK-KT hat\u00e1rozat mell\u00e9klete- KEFB \u00fcgyrend<\/a><\/li>\n<\/ul>\n<p><a href=\"https:\/\/semmelweis.hu\/gytk\/files\/2025\/12\/3_2025_2026_X_29_GYTK_KT.pdf\" target=\"_blank\" rel=\"noopener\">3\/2025-2026(X. 29.)GYTK-KT<\/a><\/p>\n<ul>\n<li><a href=\"https:\/\/semmelweis.hu\/gytk\/files\/2025\/12\/8-napirendi-pont-szakkepzohelyek.pdf\" target=\"_blank\" rel=\"noopener\">3\/2025-2026(X. 29.)GYTK-KT hat\u00e1rozat mell\u00e9klete- Szakk\u00e9pz\u0151helyek akkredit\u00e1ci\u00f3s k\u00e9relm\u00e9nek v\u00e9lem\u00e9nyez\u00e9se<\/a><\/li>\n<\/ul>\n<p><strong>2025. december 2. 14:30<\/strong><\/p>\n<p><a href=\"https:\/\/semmelweis.hu\/gytk\/files\/2025\/12\/4_2025_2025_XII_2_GYTK_KT.pdf\" target=\"_blank\" rel=\"noopener\">4\/2025-2026(XII. 02.)GYTK-KT<\/a><\/p>\n<p><a href=\"https:\/\/semmelweis.hu\/gytk\/files\/2025\/12\/5_2025_2026_XII_02_GYTK_KT.pdf\" target=\"_blank\" rel=\"noopener\">5\/2025-2026(XII. 02.)GYTK-KT<\/a><\/p>\n<p><a href=\"https:\/\/semmelweis.hu\/gytk\/files\/2025\/12\/6_2025_2025_XII_2_GYTK_KT.pdf\" target=\"_blank\" rel=\"noopener\">6\/2025-2026(XII. 02.)GYTK-KT<\/a><\/p>\n<ul>\n<li><a href=\"https:\/\/semmelweis.hu\/gytk\/files\/2025\/12\/6_2025_2026_XII02_GYTK_KT_hatarozat_1sz_melleklete.pdf\" target=\"_blank\" rel=\"noopener\">6\/2025-2026(XII. 02.)GYTK-KT hat\u00e1rozat 1sz. mell\u00e9klete<\/a><\/li>\n<li><a href=\"https:\/\/semmelweis.hu\/gytk\/files\/2025\/12\/6_2025_2026_XII02_GYTK_KT_hatarozat_2sz_melleklet.pdf\" target=\"_blank\" rel=\"noopener\">6\/2025-2026(XII. 02.)GYTK-KT hat\u00e1rozat 2sz. mell\u00e9klete<\/a><\/li>\n<\/ul>\n<p><a href=\"https:\/\/semmelweis.hu\/gytk\/files\/2025\/12\/7_2025_2025_XII_2_GYTK_KT.pdf\" target=\"_blank\" rel=\"noopener\">7\/2025-2026(XII. 02.)GYTK-KT<\/a><\/p>\n<ul>\n<li><a href=\"https:\/\/semmelweis.hu\/gytk\/files\/2025\/12\/szakkepzo-helyek-akkreditacios-listaja.pdf\" target=\"_blank\" rel=\"noopener\">7\/2025-2026(XII. 02.) GYTK-KT hat\u00e1rozat mell\u00e9klete Szakk\u00e9pz\u0151 helyek akkredit\u00e1ci\u00f3s k\u00e9relm\u00e9nek v\u00e9lem\u00e9nyez\u00e9se<\/a><\/li>\n<\/ul>\n<p>&nbsp;<\/p>\n","protected":false},"excerpt":{"rendered":"<p><a href=\"https:\/\/semmelweis.hu\/gytk\/files\/2026\/03\/N-Y-I-L-V-A-N-T-A-R-T-A-S-2025-26-KT.-hatarozatok.pdf\" target=\"_blank\" rel=\"noopener\">N Y I L V \u00c1 N T A R T \u00c1 S 2025-26 KT. hat\u00e1rozatok<\/a><br \/>\n2025. okt\u00f3ber 29. 14:30<br \/>\n<a href=\"https:\/\/semmelweis.hu\/gytk\/files\/2025\/10\/1_2025_2026_X_29_GYTK_KT-alairt.pdf\" target=\"_blank\" rel=\"noopener\">1\/2025-2026(X. 29.)GYTK-KT<\/a><\/p>\n<p><a href=\"https:\/\/semmelweis.hu\/gytk\/files\/2025\/10\/3_napirend_2sz_melleklet_KT_2025_26_tanevi_ules_es_munkaterve_20251029-1.pdf\" target=\"_blank\" rel=\"noopener\">1\/2025-2026(X. 29.)GYTK-KT hat\u00e1rozat mell\u00e9klete- 2025-2026. tan\u00e9v \u00fcl\u00e9s \u00e9s munkaterv<\/a><\/p>\n<p><a href=\"https:\/\/semmelweis.hu\/gytk\/files\/2025\/10\/2_2025_2026_X_29_GYTK_KT-alairt.pdf\" target=\"_blank\" rel=\"noopener\">2\/2025-2026(X. 29.)GYTK-KT<\/a><\/p>\n<p><a href=\"https:\/\/semmelweis.hu\/gytk\/files\/2025\/10\/4_napirend_2sz_melleklet_SE-GYTK-SZMR-M04_KEFB_20251025-1.pdf\" target=\"_blank\" rel=\"noopener\">2\/2025-2026(X. 29.)GYTK-KT hat\u00e1rozat mell\u00e9klete- KEFB \u00fcgyrend<\/a><\/p>\n<p><a href=\"https:\/\/semmelweis.hu\/gytk\/files\/2025\/12\/3_2025_2026_X_29_GYTK_KT.pdf\" target=\"_blank\" rel=\"noopener\">3\/2025-2026(X. 29.)GYTK-KT<\/a><\/p>\n<p><a href=\"https:\/\/semmelweis.hu\/gytk\/files\/2025\/12\/8-napirendi-pont-szakkepzohelyek.pdf\" target=\"_blank\" rel=\"noopener\">3\/2025-2026(X. 29.)GYTK-KT hat\u00e1rozat mell\u00e9klete- Szakk\u00e9pz\u0151helyek akkredit\u00e1ci\u00f3s k\u00e9relm\u00e9nek v\u00e9lem\u00e9nyez\u00e9se<\/a><\/p>\n<p>2025. december 2. 14:30<br \/>\n<a href=\"https:\/\/semmelweis.hu\/gytk\/files\/2025\/12\/4_2025_2025_XII_2_GYTK_KT.pdf\" target=\"_blank\" rel=\"noopener\">4\/2025-2026(XII. 02.)GYTK-KT<\/a><br \/>\n<a href=\"https:\/\/semmelweis.hu\/gytk\/files\/2025\/12\/5_2025_2026_XII_02_GYTK_KT.pdf\" target=\"_blank\" rel=\"noopener\">5\/2025-2026(XII. 02.)GYTK-KT<\/a><br \/>\n<a href=\"https:\/\/semmelweis.hu\/gytk\/files\/2025\/12\/6_2025_2025_XII_2_GYTK_KT.pdf\" target=\"_blank\" rel=\"noopener\">6\/2025-2026(XII. 02.)GYTK-KT<\/a><\/p>\n<p><a href=\"https:\/\/semmelweis.hu\/gytk\/files\/2025\/12\/6_2025_2026_XII02_GYTK_KT_hatarozat_1sz_melleklete.pdf\" target=\"_blank\" rel=\"noopener\">6\/2025-2026(XII. 02.)GYTK-KT hat\u00e1rozat 1sz. mell\u00e9klete<\/a><br \/>\n<a href=\"https:\/\/semmelweis.hu\/gytk\/files\/2025\/12\/6_2025_2026_XII02_GYTK_KT_hatarozat_2sz_melleklet.pdf\" target=\"_blank\" rel=\"noopener\">6\/2025-2026(XII. 02.)GYTK-KT hat\u00e1rozat 2sz. mell\u00e9klete<\/a><\/p>\n<p><a href=\"https:\/\/semmelweis.hu\/gytk\/files\/2025\/12\/7_2025_2025_XII_2_GYTK_KT.pdf\" target=\"_blank\" rel=\"noopener\">7\/2025-2026(XII. 02.)GYTK-KT<\/a><\/p>\n<p><a href=\"https:\/\/semmelweis.hu\/gytk\/files\/2025\/12\/szakkepzo-helyek-akkreditacios-listaja.pdf\" target=\"_blank\" rel=\"noopener\">7\/2025-2026(XII. 02.) GYTK-KT hat\u00e1rozat mell\u00e9klete Szakk\u00e9pz\u0151 helyek akkredit\u00e1ci\u00f3s k\u00e9relm\u00e9nek v\u00e9lem\u00e9nyez\u00e9se<\/a><\/p>\n<p>&nbsp;<\/p>\n","protected":false},"author":101431,"featured_media":0,"parent":5513,"menu_order":8,"comment_status":"closed","ping_status":"closed","template":"","meta":{"_acf_changed":false,"footnotes":""},"categories":[],"tags":[],"class_list":["post-17870","page","type-page","status-publish","hentry"],"acf":[],"_links":{"self":[{"href":"https:\/\/semmelweis.hu\/gytk\/wp-json\/wp\/v2\/pages\/17870","targetHints":{"allow":["GET"]}}],"collection":[{"href":"https:\/\/semmelweis.hu\/gytk\/wp-json\/wp\/v2\/pages"}],"about":[{"href":"https:\/\/semmelweis.hu\/gytk\/wp-json\/wp\/v2\/types\/page"}],"author":[{"embeddable":true,"href":"https:\/\/semmelweis.hu\/gytk\/wp-json\/wp\/v2\/users\/101431"}],"replies":[{"embeddable":true,"href":"https:\/\/semmelweis.hu\/gytk\/wp-json\/wp\/v2\/comments?post=17870"}],"version-history":[{"count":9,"href":"https:\/\/semmelweis.hu\/gytk\/wp-json\/wp\/v2\/pages\/17870\/revisions"}],"predecessor-version":[{"id":18318,"href":"https:\/\/semmelweis.hu\/gytk\/wp-json\/wp\/v2\/pages\/17870\/revisions\/18318"}],"up":[{"embeddable":true,"href":"https:\/\/semmelweis.hu\/gytk\/wp-json\/wp\/v2\/pages\/5513"}],"wp:attachment":[{"href":"https:\/\/semmelweis.hu\/gytk\/wp-json\/wp\/v2\/media?parent=17870"}],"wp:term":[{"taxonomy":"category","embeddable":true,"href":"https:\/\/semmelweis.hu\/gytk\/wp-json\/wp\/v2\/categories?post=17870"},{"taxonomy":"post_tag","embeddable":true,"href":"https:\/\/semmelweis.hu\/gytk\/wp-json\/wp\/v2\/tags?post=17870"}],"curies":[{"name":"wp","href":"https:\/\/api.w.org\/{rel}","templated":true}]}}