{"id":17784,"date":"2025-09-30T14:10:42","date_gmt":"2025-09-30T12:10:42","guid":{"rendered":"https:\/\/semmelweis.hu\/gytk\/?page_id=17784"},"modified":"2025-09-30T15:38:56","modified_gmt":"2025-09-30T13:38:56","slug":"felevkozi-szamonkeresek","status":"publish","type":"page","link":"https:\/\/semmelweis.hu\/gytk\/oktatas\/gradualis-kepzes\/felevkozi-szamonkeresek\/","title":{"rendered":"F\u00e9l\u00e9vk\u00f6zi sz\u00e1monk\u00e9r\u00e9sek"},"content":{"rendered":"<p>A Tanulm\u00e1nyi \u00e9s Vizsgaszab\u00e1lyzat 28. \u00a7 (6)-(11) bekezd\u00e9seiben foglaltak alapj\u00e1n a mintatanterv szerinti k\u00f6telez\u0151 tant\u00e1rgyakra vonatkoz\u00f3 teljes\u00edtm\u00e9ny\u00e9rt\u00e9kel\u00e9si tervek \u00e9vfolyamonk\u00e9nt itt tal\u00e1lhat\u00f3k:<\/p>\n<ul style=\"list-style-type: disc\">\n<li>F\u00e9l\u00e9vk\u00f6zi sz\u00e1monk\u00e9r\u00e9sek a 2025\/2026. tan\u00e9v I. f\u00e9l\u00e9v\u00e9ben:<\/li>\n<\/ul>\n<ul>\n<li style=\"list-style-type: none\">\n<ul style=\"list-style-type: circle\">\n<li>I. \u00e9vfolyam<\/li>\n<li><a href=\"https:\/\/semmelweis.hu\/gytk\/files\/2025\/09\/ZH_idopontok_II.xlsx\">II. \u00e9vfolyam<\/a><\/li>\n<li><a href=\"https:\/\/semmelweis.hu\/gytk\/files\/2025\/09\/ZH_idopontok_III.xlsx\">III. \u00e9vfolyam<\/a><\/li>\n<li><a href=\"https:\/\/semmelweis.hu\/gytk\/files\/2025\/09\/ZH_idopontok_IV.xlsx\">IV. \u00e9vfolyam<\/a><\/li>\n<li>V. \u00e9vfolyam<\/li>\n<\/ul>\n<\/li>\n<\/ul>\n","protected":false},"excerpt":{"rendered":"<p>A Tanulm\u00e1nyi \u00e9s Vizsgaszab\u00e1lyzat 28. \u00a7 (6)-(11) bekezd\u00e9seiben foglaltak alapj\u00e1n a mintatanterv szerinti k\u00f6telez\u0151 tant\u00e1rgyakra vonatkoz\u00f3 teljes\u00edtm\u00e9ny\u00e9rt\u00e9kel\u00e9si tervek \u00e9vfolyamonk\u00e9nt itt tal\u00e1lhat\u00f3k:<\/p>\n<p>F\u00e9l\u00e9vk\u00f6zi sz\u00e1monk\u00e9r\u00e9sek a 2025\/2026. tan\u00e9v I. f\u00e9l\u00e9v\u00e9ben:<\/p>\n<p>I. \u00e9vfolyam<br \/>\n<a href=\"https:\/\/semmelweis.hu\/gytk\/files\/2025\/09\/ZH_idopontok_II.xlsx\">II. \u00e9vfolyam<\/a><br \/>\n<a href=\"https:\/\/semmelweis.hu\/gytk\/files\/2025\/09\/ZH_idopontok_III.xlsx\">III. \u00e9vfolyam<\/a><br \/>\n<a href=\"https:\/\/semmelweis.hu\/gytk\/files\/2025\/09\/ZH_idopontok_IV.xlsx\">IV. \u00e9vfolyam<\/a><br \/>\nV. \u00e9vfolyam<\/p>\n","protected":false},"author":101025,"featured_media":0,"parent":138,"menu_order":2,"comment_status":"closed","ping_status":"closed","template":"","meta":{"_acf_changed":false,"footnotes":""},"categories":[],"tags":[],"class_list":["post-17784","page","type-page","status-publish","hentry"],"acf":[],"_links":{"self":[{"href":"https:\/\/semmelweis.hu\/gytk\/wp-json\/wp\/v2\/pages\/17784","targetHints":{"allow":["GET"]}}],"collection":[{"href":"https:\/\/semmelweis.hu\/gytk\/wp-json\/wp\/v2\/pages"}],"about":[{"href":"https:\/\/semmelweis.hu\/gytk\/wp-json\/wp\/v2\/types\/page"}],"author":[{"embeddable":true,"href":"https:\/\/semmelweis.hu\/gytk\/wp-json\/wp\/v2\/users\/101025"}],"replies":[{"embeddable":true,"href":"https:\/\/semmelweis.hu\/gytk\/wp-json\/wp\/v2\/comments?post=17784"}],"version-history":[{"count":3,"href":"https:\/\/semmelweis.hu\/gytk\/wp-json\/wp\/v2\/pages\/17784\/revisions"}],"predecessor-version":[{"id":17794,"href":"https:\/\/semmelweis.hu\/gytk\/wp-json\/wp\/v2\/pages\/17784\/revisions\/17794"}],"up":[{"embeddable":true,"href":"https:\/\/semmelweis.hu\/gytk\/wp-json\/wp\/v2\/pages\/138"}],"wp:attachment":[{"href":"https:\/\/semmelweis.hu\/gytk\/wp-json\/wp\/v2\/media?parent=17784"}],"wp:term":[{"taxonomy":"category","embeddable":true,"href":"https:\/\/semmelweis.hu\/gytk\/wp-json\/wp\/v2\/categories?post=17784"},{"taxonomy":"post_tag","embeddable":true,"href":"https:\/\/semmelweis.hu\/gytk\/wp-json\/wp\/v2\/tags?post=17784"}],"curies":[{"name":"wp","href":"https:\/\/api.w.org\/{rel}","templated":true}]}}