{"id":17709,"date":"2025-09-05T08:34:57","date_gmt":"2025-09-05T06:34:57","guid":{"rendered":"https:\/\/semmelweis.hu\/gytk\/?page_id=17709"},"modified":"2025-12-03T08:37:16","modified_gmt":"2025-12-03T07:37:16","slug":"kari-tanacs-szeptember-1-4","status":"publish","type":"page","link":"https:\/\/semmelweis.hu\/gytk\/a-karrol\/kari-tanacs\/kari-tanacs-eloterjesztesek\/kari-tanacs-szeptember-1-4\/","title":{"rendered":"2025. szeptember 1-4. elektronikus szavaz\u00e1s"},"content":{"rendered":"<p style=\"padding-left: 360px\"><strong>\u00a0 Kari Tan\u00e1cs elektronikus szavaz\u00e1s<\/strong><\/p>\n<p style=\"padding-left: 360px\"><strong>2025.09.01. 14:00 &#8211; 2025. 09.04. 12:00.<\/strong><\/p>\n<p><a href=\"https:\/\/semmelweis.hu\/gytk\/files\/2025\/09\/elektronikus-szavazas-elrendelese.pdf\" target=\"_blank\" rel=\"noopener\">Elektronikus szavaz\u00e1s elrendel\u00e9se<\/a><\/p>\n<ol>\n<li>napirendi pont:<\/li>\n<\/ol>\n<p><a href=\"https:\/\/semmelweis.hu\/gytk\/files\/2025\/09\/KT_eloterjesztes_tantargyi_programok_2025_2026.pdf\" target=\"_blank\" rel=\"noopener\">KT El\u0151terjeszt\u00e9s a 2025-2026 tan\u00e9vben \u00e9rv\u00e9nyes tant\u00e1rgyi k\u00f6vetelm\u00e9nyrendszer elfogad\u00e1s\u00e1r\u00f3l<\/a><\/p>\n<ul style=\"list-style-type: disc\">\n<li><a href=\"https:\/\/semmelweis.hu\/gytk\/files\/2025\/09\/1_napirend_2_sz_melleklet_kotelezo_targy_2025_2026_tanev_jav.zip\" target=\"_blank\" rel=\"noopener\">1 napirend 2sz mell\u00e9klet K\u00f6telez\u0151 tant\u00e1rgyak 2025-2026 tan\u00e9v<\/a><\/li>\n<li><a href=\"https:\/\/semmelweis.hu\/gytk\/files\/2025\/09\/1_napirend_3sz_melleklet_Szabadon-valaszthato-targyak-2025_2026.zip\" target=\"_blank\" rel=\"noopener\">1 napirend 3sz mell\u00e9klet Szabadon v\u00e1laszthat\u00f3 t\u00e1rgyak 2025-2026<\/a><\/li>\n<\/ul>\n<p>&nbsp;<\/p>\n<p style=\"text-align: justify\">\u00a0<\/p>\n","protected":false},"excerpt":{"rendered":"<p>\u00a0 Kari Tan\u00e1cs elektronikus szavaz\u00e1s<br \/>\n2025.09.01. 14:00 &#8211; 2025. 09.04. 12:00.<br \/>\n<a href=\"https:\/\/semmelweis.hu\/gytk\/files\/2025\/09\/elektronikus-szavazas-elrendelese.pdf\" target=\"_blank\" rel=\"noopener\">Elektronikus szavaz\u00e1s elrendel\u00e9se<\/a><\/p>\n<p>napirendi pont:<\/p>\n<p><a href=\"https:\/\/semmelweis.hu\/gytk\/files\/2025\/09\/KT_eloterjesztes_tantargyi_programok_2025_2026.pdf\" target=\"_blank\" rel=\"noopener\">KT El\u0151terjeszt\u00e9s a 2025-2026 tan\u00e9vben \u00e9rv\u00e9nyes tant\u00e1rgyi k\u00f6vetelm\u00e9nyrendszer elfogad\u00e1s\u00e1r\u00f3l<\/a><\/p>\n<p><a href=\"https:\/\/semmelweis.hu\/gytk\/files\/2025\/09\/1_napirend_2_sz_melleklet_kotelezo_targy_2025_2026_tanev_jav.zip\" target=\"_blank\" rel=\"noopener\">1 napirend 2sz mell\u00e9klet K\u00f6telez\u0151 tant\u00e1rgyak 2025-2026 tan\u00e9v<\/a><br \/>\n<a href=\"https:\/\/semmelweis.hu\/gytk\/files\/2025\/09\/1_napirend_3sz_melleklet_Szabadon-valaszthato-targyak-2025_2026.zip\" target=\"_blank\" rel=\"noopener\">1 napirend 3sz mell\u00e9klet Szabadon v\u00e1laszthat\u00f3 t\u00e1rgyak 2025-2026<\/a><\/p>\n<p>&nbsp;<br \/>\n\u00a0<\/p>\n","protected":false},"author":101431,"featured_media":0,"parent":5323,"menu_order":63,"comment_status":"closed","ping_status":"closed","template":"","meta":{"_acf_changed":false,"footnotes":""},"categories":[],"tags":[],"class_list":["post-17709","page","type-page","status-publish","hentry"],"acf":[],"_links":{"self":[{"href":"https:\/\/semmelweis.hu\/gytk\/wp-json\/wp\/v2\/pages\/17709","targetHints":{"allow":["GET"]}}],"collection":[{"href":"https:\/\/semmelweis.hu\/gytk\/wp-json\/wp\/v2\/pages"}],"about":[{"href":"https:\/\/semmelweis.hu\/gytk\/wp-json\/wp\/v2\/types\/page"}],"author":[{"embeddable":true,"href":"https:\/\/semmelweis.hu\/gytk\/wp-json\/wp\/v2\/users\/101431"}],"replies":[{"embeddable":true,"href":"https:\/\/semmelweis.hu\/gytk\/wp-json\/wp\/v2\/comments?post=17709"}],"version-history":[{"count":7,"href":"https:\/\/semmelweis.hu\/gytk\/wp-json\/wp\/v2\/pages\/17709\/revisions"}],"predecessor-version":[{"id":18005,"href":"https:\/\/semmelweis.hu\/gytk\/wp-json\/wp\/v2\/pages\/17709\/revisions\/18005"}],"up":[{"embeddable":true,"href":"https:\/\/semmelweis.hu\/gytk\/wp-json\/wp\/v2\/pages\/5323"}],"wp:attachment":[{"href":"https:\/\/semmelweis.hu\/gytk\/wp-json\/wp\/v2\/media?parent=17709"}],"wp:term":[{"taxonomy":"category","embeddable":true,"href":"https:\/\/semmelweis.hu\/gytk\/wp-json\/wp\/v2\/categories?post=17709"},{"taxonomy":"post_tag","embeddable":true,"href":"https:\/\/semmelweis.hu\/gytk\/wp-json\/wp\/v2\/tags?post=17709"}],"curies":[{"name":"wp","href":"https:\/\/api.w.org\/{rel}","templated":true}]}}