{"id":17501,"date":"2025-06-19T09:51:06","date_gmt":"2025-06-19T07:51:06","guid":{"rendered":"https:\/\/semmelweis.hu\/gytk\/?page_id=17501"},"modified":"2025-06-19T15:02:47","modified_gmt":"2025-06-19T13:02:47","slug":"2025-junius-18","status":"publish","type":"page","link":"https:\/\/semmelweis.hu\/gytk\/a-karrol\/kari-tanacs\/kari-tanacs-eloterjesztesek\/2025-junius-18\/","title":{"rendered":"2025. j\u00fanius 18."},"content":{"rendered":"<p style=\"padding-left: 360px\">\u00a0<strong>Kari Tan\u00e1cs \u00fcl\u00e9s<\/strong><br \/>\n<strong>\u00a0 2025. j\u00fanius 18. 14:30<\/strong><\/p>\n<p><a href=\"https:\/\/semmelweis.hu\/gytk\/files\/2025\/06\/KT-meghivo.pdf\" target=\"_blank\" rel=\"noopener\">MEGH\u00cdV\u00d3<\/a><\/p>\n<p><strong>2.napirendi pont<\/strong><\/p>\n<p><a href=\"https:\/\/semmelweis.hu\/gytk\/files\/2025\/06\/KT_Eloterjeszet_Gyogyszereszi_Kemiai_Intezet_docensi_allaspalyazat.pdf\" target=\"_blank\" rel=\"noopener\">KT_El\u0151terjeszt\u00e9s_a_Gy\u00f3gyszer\u00e9szi_K\u00e9miai_Int\u00e9zetben_ki\u00edrt_docensi_\u00e1ll\u00e1sp\u00e1ly\u00e1zat_v\u00e9lem\u00e9nyez\u00e9se_MA<\/a><\/p>\n<ul>\n<li><a href=\"https:\/\/semmelweis.hu\/gytk\/files\/2025\/06\/Mirzahosseini-Arash-palyazat.pdf\" target=\"_blank\" rel=\"noopener\">2napirend_2sz_mell\u00e9klet_egyetemi_docensi_p\u00e1ly\u00e1zat_MA<\/a><\/li>\n<li><a href=\"https:\/\/semmelweis.hu\/gytk\/files\/2025\/06\/Munkavallaloi-forum-jegyzokonyv-Mirzahoseeini-Arash-egyetemi-docensi-palyazatahoz_.pdf.pdf\" target=\"_blank\" rel=\"noopener\">2napirend_3sz_mell\u00e9klet_Munkav\u00e1llal\u00f3i_F\u00f3rum_jegyz\u0151k\u00f6nyv<\/a><\/li>\n<\/ul>\n<p><strong>3. napirendi pont<\/strong><\/p>\n<p><a href=\"https:\/\/semmelweis.hu\/gytk\/files\/2025\/06\/KT_Eloterjesztes_cimzetes_egyetemi_docensi_cim_adomanyozasanak_velemenyezesehez.pdf\" target=\"_blank\" rel=\"noopener\">KT_El\u0151terjeszt\u00e9s_c\u00edmzetes_egyetemi_docensi_c\u00edm_adom\u00e1nyoz\u00e1s\u00e1nak_v\u00e9lem\u00e9nyez\u00e9s\u00e9hez<\/a><\/p>\n<ul>\n<li><a href=\"https:\/\/semmelweis.hu\/gytk\/files\/2025\/06\/kerdoiv_cimzetes_egyetemi_docens_BSZ.pdf\" target=\"_blank\" rel=\"noopener\">3napirend_2sz_mell\u00e9klet_dr_Bar\u00f3tfi_Szabolcs_felterjeszt\u00e9s_k\u00e9rd\u0151\u00edv<\/a><\/li>\n<li><a href=\"https:\/\/semmelweis.hu\/gytk\/files\/2025\/06\/CV_Barotfi-Szabolcs_2025_05_30.pdf\" target=\"_blank\" rel=\"noopener\">3napirend_3sz_mell\u00e9klet_dr_Bar\u00f3tfi_Szabolcs_\u00f6n\u00e9letrajz<\/a><\/li>\n<li><a href=\"https:\/\/semmelweis.hu\/gytk\/files\/2025\/06\/MTMT2_-publication-list_BarotfiSz.pdf\" target=\"_blank\" rel=\"noopener\">3napirend_4sz_mell\u00e9klet_dr_Bar\u00f3tfi_Szabolcs_publik\u00e1ci\u00f3s_lista<\/a><\/li>\n<li><a href=\"https:\/\/semmelweis.hu\/gytk\/files\/2025\/06\/BSZ_diplomak.pdf\" target=\"_blank\" rel=\"noopener\">3napirend_5sz_mell\u00e9klet_dr_Bar\u00f3tfi_Szabolcs_diploma_m\u00e1solatok<\/a><\/li>\n<\/ul>\n<p><strong>4a napirendi pont<\/strong><\/p>\n<p><a href=\"https:\/\/semmelweis.hu\/gytk\/files\/2025\/06\/KT_Eloterjesztes_oktato_gyogyszeresz_elismero_oklevel_adomanyozasara_vonatkozoan.pdf\" target=\"_blank\" rel=\"noopener\">KT_El\u0151terjeszt\u00e9s_a_GYTK_Oktat\u00f3_Gy\u00f3gyszer\u00e9sze_elismer\u0151_oklevelek_adom\u00e1nyoz\u00e1s\u00e1ra_vonatkoz\u00f3_javaslatok_v\u00e9lem\u00e9nyez\u00e9s\u00e9hez<\/a><\/p>\n<ul>\n<li><a href=\"https:\/\/semmelweis.hu\/gytk\/files\/2025\/06\/4anapirend_2sz_melleklet_oktato-gyogyszeresz_felterjesztes_20250618-1.pdf\" target=\"_blank\" rel=\"noopener\">4a_napirend_2sz_mell\u00e9klet_oktat\u00f3 gy\u00f3gyszer\u00e9sz_felterjeszt\u00e9s<\/a><\/li>\n<\/ul>\n<p><strong>4b napirendi pont<\/strong><\/p>\n<p><a href=\"https:\/\/semmelweis.hu\/gytk\/files\/2025\/06\/KT_Eloterjesztes_Tarsult_Oktato_elismero_cim_adomanyozasanak_velemenyezesehez.pdf\" target=\"_blank\" rel=\"noopener\">KT_El\u0151terjeszt\u00e9s_a_GYTK_T\u00e1rsult_Oktat\u00f3ja_elismer\u0151_oklevelek_adom\u00e1nyoz\u00e1s\u00e1ra_vonatkoz\u00f3_javaslatok_v\u00e9lem\u00e9nyez\u00e9s\u00e9hez<\/a><\/p>\n<ul>\n<li><a href=\"https:\/\/semmelweis.hu\/gytk\/files\/2025\/06\/4bnapirend_2sz_melleklet_tarsult_oktato_felterjesztes_20250618.pdf\" target=\"_blank\" rel=\"noopener\">4b_napirend_2sz_mell\u00e9klet_t\u00e1rsult_oktat\u00f3_felterjeszt\u00e9s<\/a><\/li>\n<\/ul>\n<p><strong>5. napirendi pont<\/strong><\/p>\n<p><a href=\"https:\/\/semmelweis.hu\/gytk\/files\/2025\/06\/KT_Eloterjesztes_kari_allando_bizottsagok_szemelyi_osszetetelenek_megujitasarol.pdf\" target=\"_blank\" rel=\"noopener\">KT_El\u0151terjeszt\u00e9s_kari_\u00e1lland\u00f3_bizotts\u00e1gok_szem\u00e9lyi_\u00f6sszet\u00e9tel\u00e9nek_meg\u00faj\u00edt\u00e1s\u00e1r\u00f3l<\/a><\/p>\n<p><strong>6. napirendi pont<\/strong><\/p>\n<p><a href=\"https:\/\/semmelweis.hu\/gytk\/files\/2025\/06\/KT_Eloterjesztes_az_OMHV_kari_eljarasrend_felulvizsgalata_kerdessorok_megujitasa.pdf\" target=\"_blank\" rel=\"noopener\">KT_El\u0151terjeszt\u00e9s_az_Oktat\u00f3i_Munka_Hallgat\u00f3i_V\u00e9lem\u00e9nyez\u00e9se_kari_elj\u00e1r\u00e1srend_fel\u00fclvizsg\u00e1lata_k\u00e9rd\u00e9ssorok_meg\u00faj\u00edt\u00e1sa<\/a><\/p>\n<ul>\n<li><a href=\"https:\/\/semmelweis.hu\/gytk\/files\/2025\/06\/6_napirend_2melleklet_OMHV_kari_szabalyzat_UJ_kerdesekkel_20250618.pdf\" target=\"_blank\" rel=\"noopener\">6_napirend_2mell\u00e9klet_OMHV_kari_szab\u00e1lyzat_\u00daJ_k\u00e9rd\u00e9sekkel<\/a><\/li>\n<\/ul>\n<p><strong>7. napirendi pon<\/strong>t<\/p>\n<p><a href=\"https:\/\/semmelweis.hu\/gytk\/files\/2025\/06\/KT_Eloterjesztes_uj_szabadon_valaszthato_tantargyak_bevezeteserol.pdf\" target=\"_blank\" rel=\"noopener\">KT_El\u0151terjeszt\u00e9s_\u00faj_szabadon_v\u00e1laszthat\u00f3_tant\u00e1rgy(ak)_bevezet\u00e9s\u00e9r\u0151l<\/a><\/p>\n<ul>\n<li><a href=\"https:\/\/semmelweis.hu\/gytk\/files\/2025\/06\/7napirend-2-sz-melleklet-Felkeszito-az-angol-nyelvu-altalanos-nyelvi-zarovizsgara-GYTK-1.pdf\" target=\"_blank\" rel=\"noopener\">7napirend_2sz_mell\u00e9klet_Felk\u00e9sz\u00edt\u0151_az_angol_nyelv\u0171_\u00e1ltal\u00e1nos_nyelvi_z\u00e1r\u00f3vizsg\u00e1ra<\/a><\/li>\n<li><a href=\"https:\/\/semmelweis.hu\/gytk\/files\/2025\/06\/7-napirend-3-sz-melleklet-Szaknyelvi-alapvizsga-nemet-gyogyszereszeti-szaknyelvbol-kulfoldi-hallgatoknak-008.pdf\" target=\"_blank\" rel=\"noopener\">7napirendi_3sz_mell\u00e9klet_Szaknyelvi_alapvizsga_n\u00e9met_gy\u00f3gyszer\u00e9szeti_szaknyelvb\u0151l<\/a><\/li>\n<li><a href=\"https:\/\/semmelweis.hu\/gytk\/files\/2025\/06\/7napirend_4sz_mellekletBevezetes-a-legzokeszulekes-buvarkodas-vilagaba.pdf\" target=\"_blank\" rel=\"noopener\">7napirendi_4sz_mell\u00e9klet_Bevezet\u00e9s_a_l\u00e9gz\u0151k\u00e9sz\u00fcl\u00e9kes_b\u00fav\u00e1rkod\u00e1s(Scuba_Diving)_vil\u00e1g\u00e1ba<\/a><\/li>\n<li><a href=\"https:\/\/semmelweis.hu\/gytk\/files\/2025\/06\/7-napirend-5sz-melleklet-szab_valszthato_szerves_kemia_2025_26_1.felev_.pdf\" target=\"_blank\" rel=\"noopener\">7napirendi_5sz_mell\u00e9klet_Szerves_k\u00e9miai_alapok_I<\/a><\/li>\n<li><a href=\"https:\/\/semmelweis.hu\/gytk\/files\/2025\/06\/7napirend_6sz_mellekletszab_valszthato_szerves_kemia_2025_26_2.felev_.pdf\" target=\"_blank\" rel=\"noopener\">7napirendi_6sz_mell\u00e9klet_Szerves_k\u00e9miai_alapok_II<\/a><\/li>\n<\/ul>\n<p><strong>8. napirendi pont<\/strong><\/p>\n<p><a href=\"https:\/\/semmelweis.hu\/gytk\/files\/2025\/06\/8_napirend_Szakkepzohelyek_-20250509_20250613.pdf\" target=\"_blank\" rel=\"noopener\">Szakk\u00e9pz\u0151_helyek_akkredit\u00e1ci\u00f3s_k\u00e9relmeinek_v\u00e9lem\u00e9nyez\u00e9se<\/a><\/p>\n<p style=\"padding-left: 440px\">\u00a0<\/p>\n<p>&nbsp;<\/p>\n","protected":false},"excerpt":{"rendered":"<p>\u00a0Kari Tan\u00e1cs \u00fcl\u00e9s \u00a0 2025. j\u00fanius 18. 14:30 <a href=\"https:\/\/semmelweis.hu\/gytk\/files\/2025\/06\/KT-meghivo.pdf\" target=\"_blank\" rel=\"noopener\">MEGH\u00cdV\u00d3<\/a> 2.napirendi pont <a href=\"https:\/\/semmelweis.hu\/gytk\/files\/2025\/06\/KT_Eloterjeszet_Gyogyszereszi_Kemiai_Intezet_docensi_allaspalyazat.pdf\" target=\"_blank\" rel=\"noopener\">KT_El\u0151terjeszt\u00e9s_a_Gy\u00f3gyszer\u00e9szi_K\u00e9miai_Int\u00e9zetben_ki\u00edrt_docensi_\u00e1ll\u00e1sp\u00e1ly\u00e1zat_v\u00e9lem\u00e9nyez\u00e9se_MA<\/a> <a href=\"https:\/\/semmelweis.hu\/gytk\/files\/2025\/06\/Mirzahosseini-Arash-palyazat.pdf\" target=\"_blank\" rel=\"noopener\">2napirend_2sz_mell\u00e9klet_egyetemi_docensi_p\u00e1ly\u00e1zat_MA<\/a> <a href=\"https:\/\/semmelweis.hu\/gytk\/files\/2025\/06\/Munkavallaloi-forum-jegyzokonyv-Mirzahoseeini-Arash-egyetemi-docensi-palyazatahoz_.pdf.pdf\" target=\"_blank\" rel=\"noopener\">2napirend_3sz_mell\u00e9klet_Munkav\u00e1llal\u00f3i_F\u00f3rum_jegyz\u0151k\u00f6nyv<\/a> 3. napirendi pont <a href=\"https:\/\/semmelweis.hu\/gytk\/files\/2025\/06\/KT_Eloterjesztes_cimzetes_egyetemi_docensi_cim_adomanyozasanak_velemenyezesehez.pdf\" target=\"_blank\" rel=\"noopener\">KT_El\u0151terjeszt\u00e9s_c\u00edmzetes_egyetemi_docensi_c\u00edm_adom\u00e1nyoz\u00e1s\u00e1nak_v\u00e9lem\u00e9nyez\u00e9s\u00e9hez<\/a> <a href=\"https:\/\/semmelweis.hu\/gytk\/files\/2025\/06\/kerdoiv_cimzetes_egyetemi_docens_BSZ.pdf\" target=\"_blank\" rel=\"noopener\">3napirend_2sz_mell\u00e9klet_dr_Bar\u00f3tfi_Szabolcs_felterjeszt\u00e9s_k\u00e9rd\u0151\u00edv<\/a> <a href=\"https:\/\/semmelweis.hu\/gytk\/files\/2025\/06\/CV_Barotfi-Szabolcs_2025_05_30.pdf\" target=\"_blank\" rel=\"noopener\">3napirend_3sz_mell\u00e9klet_dr_Bar\u00f3tfi_Szabolcs_\u00f6n\u00e9letrajz<\/a> <a href=\"https:\/\/semmelweis.hu\/gytk\/files\/2025\/06\/MTMT2_-publication-list_BarotfiSz.pdf\" target=\"_blank\" rel=\"noopener\">3napirend_4sz_mell\u00e9klet_dr_Bar\u00f3tfi_Szabolcs_publik\u00e1ci\u00f3s_lista<\/a> <a href=\"https:\/\/semmelweis.hu\/gytk\/files\/2025\/06\/BSZ_diplomak.pdf\" target=\"_blank\" rel=\"noopener\">3napirend_5sz_mell\u00e9klet_dr_Bar\u00f3tfi_Szabolcs_diploma_m\u00e1solatok<\/a> 4a napirendi pont <a href=\"https:\/\/semmelweis.hu\/gytk\/files\/2025\/06\/KT_Eloterjesztes_oktato_gyogyszeresz_elismero_oklevel_adomanyozasara_vonatkozoan.pdf\" target=\"_blank\" rel=\"noopener\">KT_El\u0151terjeszt\u00e9s_a_GYTK_Oktat\u00f3_Gy\u00f3gyszer\u00e9sze_elismer\u0151_oklevelek_adom\u00e1nyoz\u00e1s\u00e1ra_vonatkoz\u00f3_javaslatok_v\u00e9lem\u00e9nyez\u00e9s\u00e9hez<\/a> <a href=\"https:\/\/semmelweis.hu\/gytk\/files\/2025\/06\/4anapirend_2sz_melleklet_oktato-gyogyszeresz_felterjesztes_20250618-1.pdf\" target=\"_blank\" rel=\"noopener\">4a_napirend_2sz_mell\u00e9klet_oktat\u00f3 gy\u00f3gyszer\u00e9sz_felterjeszt\u00e9s<\/a> 4b napirendi pont <a href=\"https:\/\/semmelweis.hu\/gytk\/files\/2025\/06\/KT_Eloterjesztes_Tarsult_Oktato_elismero_cim_adomanyozasanak_velemenyezesehez.pdf\" target=\"_blank\" rel=\"noopener\">KT_El\u0151terjeszt\u00e9s_a_GYTK_T\u00e1rsult_Oktat\u00f3ja_elismer\u0151_oklevelek_adom\u00e1nyoz\u00e1s\u00e1ra_vonatkoz\u00f3_javaslatok_v\u00e9lem\u00e9nyez\u00e9s\u00e9hez<\/a> <a href=\"https:\/\/semmelweis.hu\/gytk\/files\/2025\/06\/4bnapirend_2sz_melleklet_tarsult_oktato_felterjesztes_20250618.pdf\" target=\"_blank\" rel=\"noopener\">4b_napirend_2sz_mell\u00e9klet_t\u00e1rsult_oktat\u00f3_felterjeszt\u00e9s<\/a> 5. napirendi pont <a href=\"https:\/\/semmelweis.hu\/gytk\/files\/2025\/06\/KT_Eloterjesztes_kari_allando_bizottsagok_szemelyi_osszetetelenek_megujitasarol.pdf\" target=\"_blank\" rel=\"noopener\">KT_El\u0151terjeszt\u00e9s_kari_\u00e1lland\u00f3_bizotts\u00e1gok_szem\u00e9lyi_\u00f6sszet\u00e9tel\u00e9nek_meg\u00faj\u00edt\u00e1s\u00e1r\u00f3l<\/a> 6. napirendi pont <a href=\"https:\/\/semmelweis.hu\/gytk\/files\/2025\/06\/KT_Eloterjesztes_az_OMHV_kari_eljarasrend_felulvizsgalata_kerdessorok_megujitasa.pdf\" target=\"_blank\" rel=\"noopener\">KT_El\u0151terjeszt\u00e9s_az_Oktat\u00f3i_Munka_Hallgat\u00f3i_V\u00e9lem\u00e9nyez\u00e9se_kari_elj\u00e1r\u00e1srend_fel\u00fclvizsg\u00e1lata_k\u00e9rd\u00e9ssorok_meg\u00faj\u00edt\u00e1sa<\/a> <a href=\"https:\/\/semmelweis.hu\/gytk\/files\/2025\/06\/6_napirend_2melleklet_OMHV_kari_szabalyzat_UJ_kerdesekkel_20250618.pdf\" target=\"_blank\" rel=\"noopener\">6_napirend_2mell\u00e9klet_OMHV_kari_szab\u00e1lyzat_\u00daJ_k\u00e9rd\u00e9sekkel<\/a> 7. napirendi pont <a href=\"https:\/\/semmelweis.hu\/gytk\/files\/2025\/06\/KT_Eloterjesztes_uj_szabadon_valaszthato_tantargyak_bevezeteserol.pdf\" target=\"_blank\" rel=\"noopener\">KT_El\u0151terjeszt\u00e9s_\u00faj_szabadon_v\u00e1laszthat\u00f3_tant\u00e1rgy(ak)_bevezet\u00e9s\u00e9r\u0151l<\/a> <a href=\"https:\/\/semmelweis.hu\/gytk\/files\/2025\/06\/7napirend-2-sz-melleklet-Felkeszito-az-angol-nyelvu-altalanos-nyelvi-zarovizsgara-GYTK-1.pdf\" target=\"_blank\" rel=\"noopener\">7napirend_2sz_mell\u00e9klet_Felk\u00e9sz\u00edt\u0151_az_angol_nyelv\u0171_\u00e1ltal\u00e1nos_nyelvi_z\u00e1r\u00f3vizsg\u00e1ra<\/a> <a href=\"https:\/\/semmelweis.hu\/gytk\/files\/2025\/06\/7-napirend-3-sz-melleklet-Szaknyelvi-alapvizsga-nemet-gyogyszereszeti-szaknyelvbol-kulfoldi-hallgatoknak-008.pdf\" target=\"_blank\" rel=\"noopener\">7napirendi_3sz_mell\u00e9klet_Szaknyelvi_alapvizsga_n\u00e9met_gy\u00f3gyszer\u00e9szeti_szaknyelvb\u0151l<\/a> <a href=\"https:\/\/semmelweis.hu\/gytk\/files\/2025\/06\/7napirend_4sz_mellekletBevezetes-a-legzokeszulekes-buvarkodas-vilagaba.pdf\" target=\"_blank\" rel=\"noopener\">7napirendi_4sz_mell\u00e9klet_Bevezet\u00e9s_a_l\u00e9gz\u0151k\u00e9sz\u00fcl\u00e9kes_b\u00fav\u00e1rkod\u00e1s(Scuba_Diving)_vil\u00e1g\u00e1ba<\/a> <a href=\"https:\/\/semmelweis.hu\/gytk\/files\/2025\/06\/7-napirend-5sz-melleklet-szab_valszthato_szerves_kemia_2025_26_1.felev_.pdf\" target=\"_blank\" rel=\"noopener\">7napirendi_5sz_mell\u00e9klet_Szerves_k\u00e9miai_alapok_I<\/a> <a href=\"https:\/\/semmelweis.hu\/gytk\/files\/2025\/06\/7napirend_6sz_mellekletszab_valszthato_szerves_kemia_2025_26_2.felev_.pdf\" target=\"_blank\" rel=\"noopener\">7napirendi_6sz_mell\u00e9klet_Szerves_k\u00e9miai_alapok_II<\/a> 8. napirendi pont <a href=\"https:\/\/semmelweis.hu\/gytk\/files\/2025\/06\/8_napirend_Szakkepzohelyek_-20250509_20250613.pdf\" target=\"_blank\" rel=\"noopener\">Szakk\u00e9pz\u0151_helyek_akkredit\u00e1ci\u00f3s_k\u00e9relmeinek_v\u00e9lem\u00e9nyez\u00e9se<\/a> \u00a0 &hellip;<\/p>\n","protected":false},"author":101431,"featured_media":0,"parent":5323,"menu_order":62,"comment_status":"closed","ping_status":"closed","template":"","meta":{"_acf_changed":false,"footnotes":""},"categories":[],"tags":[],"class_list":["post-17501","page","type-page","status-publish","hentry"],"acf":[],"_links":{"self":[{"href":"https:\/\/semmelweis.hu\/gytk\/wp-json\/wp\/v2\/pages\/17501","targetHints":{"allow":["GET"]}}],"collection":[{"href":"https:\/\/semmelweis.hu\/gytk\/wp-json\/wp\/v2\/pages"}],"about":[{"href":"https:\/\/semmelweis.hu\/gytk\/wp-json\/wp\/v2\/types\/page"}],"author":[{"embeddable":true,"href":"https:\/\/semmelweis.hu\/gytk\/wp-json\/wp\/v2\/users\/101431"}],"replies":[{"embeddable":true,"href":"https:\/\/semmelweis.hu\/gytk\/wp-json\/wp\/v2\/comments?post=17501"}],"version-history":[{"count":2,"href":"https:\/\/semmelweis.hu\/gytk\/wp-json\/wp\/v2\/pages\/17501\/revisions"}],"predecessor-version":[{"id":17508,"href":"https:\/\/semmelweis.hu\/gytk\/wp-json\/wp\/v2\/pages\/17501\/revisions\/17508"}],"up":[{"embeddable":true,"href":"https:\/\/semmelweis.hu\/gytk\/wp-json\/wp\/v2\/pages\/5323"}],"wp:attachment":[{"href":"https:\/\/semmelweis.hu\/gytk\/wp-json\/wp\/v2\/media?parent=17501"}],"wp:term":[{"taxonomy":"category","embeddable":true,"href":"https:\/\/semmelweis.hu\/gytk\/wp-json\/wp\/v2\/categories?post=17501"},{"taxonomy":"post_tag","embeddable":true,"href":"https:\/\/semmelweis.hu\/gytk\/wp-json\/wp\/v2\/tags?post=17501"}],"curies":[{"name":"wp","href":"https:\/\/api.w.org\/{rel}","templated":true}]}}