{"id":17155,"date":"2025-04-29T14:47:29","date_gmt":"2025-04-29T12:47:29","guid":{"rendered":"https:\/\/semmelweis.hu\/gytk\/?page_id=17155"},"modified":"2025-04-29T14:47:29","modified_gmt":"2025-04-29T12:47:29","slug":"hallgatoi-jotanacsok-a-szobeli-felvetelizok-szamara-a-semmelweis-gyogyszeresztudomanyi-karon","status":"publish","type":"page","link":"https:\/\/semmelweis.hu\/gytk\/hallgatoi-jotanacsok-a-szobeli-felvetelizok-szamara-a-semmelweis-gyogyszeresztudomanyi-karon\/","title":{"rendered":"&#8222;Hallgat\u00f3i j\u00f3tan\u00e1csok a sz\u00f3beli felv\u00e9teliz\u0151k sz\u00e1m\u00e1ra a Semmelweis Gy\u00f3gyszer\u00e9sztudom\u00e1nyi Karon&#8221;"},"content":{"rendered":"<p>\u00a0&#8222;Hallgat\u00f3i j\u00f3tan\u00e1csok a sz\u00f3beli felv\u00e9teliz\u0151k sz\u00e1m\u00e1ra a Semmelweis Gy\u00f3gyszer\u00e9sztudom\u00e1nyi Karon&#8221;<\/p>\n<p><iframe loading=\"lazy\" title=\"Hallgat\u00f3i j\u00f3tan\u00e1csok a sz\u00f3beli felv\u00e9telihez \u2013 Gy\u00f3gyszer\u00e9sztudom\u00e1nyi Kar\" width=\"753\" height=\"424\" src=\"https:\/\/www.youtube.com\/embed\/R6VwS44GnT4?feature=oembed\" frameborder=\"0\" allow=\"accelerometer; autoplay; clipboard-write; encrypted-media; gyroscope; picture-in-picture; web-share\" referrerpolicy=\"strict-origin-when-cross-origin\" allowfullscreen><\/iframe><\/p>\n","protected":false},"excerpt":{"rendered":"<p>\u00a0&#8222;Hallgat\u00f3i j\u00f3tan\u00e1csok a sz\u00f3beli felv\u00e9teliz\u0151k sz\u00e1m\u00e1ra a Semmelweis Gy\u00f3gyszer\u00e9sztudom\u00e1nyi Karon&#8221;<\/p>\n","protected":false},"author":101431,"featured_media":0,"parent":0,"menu_order":0,"comment_status":"closed","ping_status":"closed","template":"","meta":{"_acf_changed":false,"footnotes":""},"categories":[1],"tags":[],"class_list":["post-17155","page","type-page","status-publish","hentry","category-hirek"],"acf":[],"_links":{"self":[{"href":"https:\/\/semmelweis.hu\/gytk\/wp-json\/wp\/v2\/pages\/17155","targetHints":{"allow":["GET"]}}],"collection":[{"href":"https:\/\/semmelweis.hu\/gytk\/wp-json\/wp\/v2\/pages"}],"about":[{"href":"https:\/\/semmelweis.hu\/gytk\/wp-json\/wp\/v2\/types\/page"}],"author":[{"embeddable":true,"href":"https:\/\/semmelweis.hu\/gytk\/wp-json\/wp\/v2\/users\/101431"}],"replies":[{"embeddable":true,"href":"https:\/\/semmelweis.hu\/gytk\/wp-json\/wp\/v2\/comments?post=17155"}],"version-history":[{"count":2,"href":"https:\/\/semmelweis.hu\/gytk\/wp-json\/wp\/v2\/pages\/17155\/revisions"}],"predecessor-version":[{"id":18222,"href":"https:\/\/semmelweis.hu\/gytk\/wp-json\/wp\/v2\/pages\/17155\/revisions\/18222"}],"wp:attachment":[{"href":"https:\/\/semmelweis.hu\/gytk\/wp-json\/wp\/v2\/media?parent=17155"}],"wp:term":[{"taxonomy":"category","embeddable":true,"href":"https:\/\/semmelweis.hu\/gytk\/wp-json\/wp\/v2\/categories?post=17155"},{"taxonomy":"post_tag","embeddable":true,"href":"https:\/\/semmelweis.hu\/gytk\/wp-json\/wp\/v2\/tags?post=17155"}],"curies":[{"name":"wp","href":"https:\/\/api.w.org\/{rel}","templated":true}]}}