{"id":17056,"date":"2025-03-03T14:13:26","date_gmt":"2025-03-03T13:13:26","guid":{"rendered":"https:\/\/semmelweis.hu\/gytk\/?page_id=17056"},"modified":"2025-03-03T14:15:06","modified_gmt":"2025-03-03T13:15:06","slug":"2025-marcius-3","status":"publish","type":"page","link":"https:\/\/semmelweis.hu\/gytk\/a-karrol\/kari-tanacs\/kari-tanacs-eloterjesztesek\/2025-marcius-3\/","title":{"rendered":"2025. febru\u00e1r 26. zoom konferencia"},"content":{"rendered":"<p style=\"padding-left: 160px;text-align: center\"><strong>Kari Tan\u00e1cs zoom konferencia 2025. febru\u00e1r 26.\u00a0<\/strong><\/p>\n<p><a href=\"https:\/\/semmelweis.hu\/gytk\/files\/2025\/02\/Meghivo_20250226_zoomertekezlet.pdf\" target=\"_blank\" rel=\"noopener\">Megh\u00edv\u00f3<\/a><\/p>\n<p>\n<strong>A Gy\u00f3gyszerhat\u00e1stani Int\u00e9zetben ki\u00edrt egyetemi tan\u00e1ri \u00e1ll\u00e1sp\u00e1ly\u00e1zat v\u00e9lem\u00e9nyez\u00e9se<\/strong><\/p>\n<ul>\n<li><a href=\"https:\/\/semmelweis.hu\/gytk\/files\/2025\/02\/Eloterjesztes_.pdf\" target=\"_blank\" rel=\"noopener\">KT_El\u0151terjeszt\u00e9s_egyetemi_tan\u00e1ri_\u00e1ll\u00e1sp\u00e1ly\u00e1zat_v\u00e9lem\u00e9nyez\u00e9se_TT<\/a>\n<ul>\n<li><a href=\"https:\/\/semmelweis.hu\/gytk\/files\/2025\/02\/Tabi_Tamas_szukitett_Palyazat_hu.pdf\" target=\"_blank\" rel=\"noopener\">2sz_mell\u00e9klet_sz\u0171k\u00edtett_p\u00e1ly\u00e1zat_TT<\/a><\/li>\n<li><a href=\"https:\/\/semmelweis.hu\/gytk\/files\/2025\/02\/1_sz_napirend_3_sz_melleklet.pdf\" target=\"_blank\" rel=\"noopener\">3sz_mell\u00e9klet_munkav\u00e1llal\u00f3i_f\u00f3rum_v\u00e9lem\u00e9nyez\u00e9se<\/a><\/li>\n<\/ul>\n<\/li>\n<\/ul>\n<p>&nbsp;<\/p>\n","protected":false},"excerpt":{"rendered":"<p>Kari Tan\u00e1cs zoom konferencia 2025. febru\u00e1r 26.\u00a0<br \/>\n<a href=\"https:\/\/semmelweis.hu\/gytk\/files\/2025\/02\/Meghivo_20250226_zoomertekezlet.pdf\" target=\"_blank\" rel=\"noopener\">Megh\u00edv\u00f3<\/a><\/p>\n<p>A Gy\u00f3gyszerhat\u00e1stani Int\u00e9zetben ki\u00edrt egyetemi tan\u00e1ri \u00e1ll\u00e1sp\u00e1ly\u00e1zat v\u00e9lem\u00e9nyez\u00e9se<\/p>\n<p><a href=\"https:\/\/semmelweis.hu\/gytk\/files\/2025\/02\/Eloterjesztes_.pdf\" target=\"_blank\" rel=\"noopener\">KT_El\u0151terjeszt\u00e9s_egyetemi_tan\u00e1ri_\u00e1ll\u00e1sp\u00e1ly\u00e1zat_v\u00e9lem\u00e9nyez\u00e9se_TT<\/a><\/p>\n<p><a href=\"https:\/\/semmelweis.hu\/gytk\/files\/2025\/02\/Tabi_Tamas_szukitett_Palyazat_hu.pdf\" target=\"_blank\" rel=\"noopener\">2sz_mell\u00e9klet_sz\u0171k\u00edtett_p\u00e1ly\u00e1zat_TT<\/a><br \/>\n<a href=\"https:\/\/semmelweis.hu\/gytk\/files\/2025\/02\/1_sz_napirend_3_sz_melleklet.pdf\" target=\"_blank\" rel=\"noopener\">3sz_mell\u00e9klet_munkav\u00e1llal\u00f3i_f\u00f3rum_v\u00e9lem\u00e9nyez\u00e9se<\/a><\/p>\n<p>&nbsp;<\/p>\n","protected":false},"author":101431,"featured_media":0,"parent":5323,"menu_order":60,"comment_status":"closed","ping_status":"closed","template":"","meta":{"_acf_changed":false,"footnotes":""},"categories":[],"tags":[],"class_list":["post-17056","page","type-page","status-publish","hentry"],"acf":[],"_links":{"self":[{"href":"https:\/\/semmelweis.hu\/gytk\/wp-json\/wp\/v2\/pages\/17056","targetHints":{"allow":["GET"]}}],"collection":[{"href":"https:\/\/semmelweis.hu\/gytk\/wp-json\/wp\/v2\/pages"}],"about":[{"href":"https:\/\/semmelweis.hu\/gytk\/wp-json\/wp\/v2\/types\/page"}],"author":[{"embeddable":true,"href":"https:\/\/semmelweis.hu\/gytk\/wp-json\/wp\/v2\/users\/101431"}],"replies":[{"embeddable":true,"href":"https:\/\/semmelweis.hu\/gytk\/wp-json\/wp\/v2\/comments?post=17056"}],"version-history":[{"count":2,"href":"https:\/\/semmelweis.hu\/gytk\/wp-json\/wp\/v2\/pages\/17056\/revisions"}],"predecessor-version":[{"id":17058,"href":"https:\/\/semmelweis.hu\/gytk\/wp-json\/wp\/v2\/pages\/17056\/revisions\/17058"}],"up":[{"embeddable":true,"href":"https:\/\/semmelweis.hu\/gytk\/wp-json\/wp\/v2\/pages\/5323"}],"wp:attachment":[{"href":"https:\/\/semmelweis.hu\/gytk\/wp-json\/wp\/v2\/media?parent=17056"}],"wp:term":[{"taxonomy":"category","embeddable":true,"href":"https:\/\/semmelweis.hu\/gytk\/wp-json\/wp\/v2\/categories?post=17056"},{"taxonomy":"post_tag","embeddable":true,"href":"https:\/\/semmelweis.hu\/gytk\/wp-json\/wp\/v2\/tags?post=17056"}],"curies":[{"name":"wp","href":"https:\/\/api.w.org\/{rel}","templated":true}]}}