{"id":16661,"date":"2024-10-17T10:45:45","date_gmt":"2024-10-17T08:45:45","guid":{"rendered":"https:\/\/semmelweis.hu\/gytk\/?page_id=16661"},"modified":"2024-11-22T11:01:57","modified_gmt":"2024-11-22T10:01:57","slug":"idokozi-kari-tanacs-valasztas-2024","status":"publish","type":"page","link":"https:\/\/semmelweis.hu\/gytk\/a-karrol\/kari-tanacs\/idokozi-kari-tanacs-valasztas-2024\/","title":{"rendered":"ID\u0150K\u00d6ZI KARI TAN\u00c1CS V\u00c1LASZT\u00c1S 2024."},"content":{"rendered":"<p><a href=\"https:\/\/semmelweis.hu\/gytk\/files\/2024\/10\/Valasztasi-kiiras.pdf\" target=\"_blank\" rel=\"noopener\">V\u00e1laszt\u00e1si ki\u00edr\u00e1s<\/a><br \/>\n<a href=\"https:\/\/semmelweis.hu\/gytk\/files\/2024\/10\/GYTK-idokozi_Kari-Tanacs-valasztas-naptar-2024-1.pdf\">V\u00e1laszt\u00e1si napt\u00e1r<\/a><br \/>\n<a href=\"https:\/\/semmelweis.hu\/gytk\/files\/2024\/10\/Tajekoztato.pdf\" target=\"_blank\" rel=\"noopener\">T\u00c1J\u00c9KOZTAT\u00d3 a V\u00e1laszt\u00e1si Bizotts\u00e1g szem\u00e9lyi \u00f6sszet\u00e9tel\u00e9r\u0151l, v\u00e1laszt\u00e1si k\u00f6zrem\u0171k\u00f6d\u0151k<\/a><br \/>\n<a href=\"https:\/\/semmelweis.hu\/gytk\/files\/2024\/10\/Tajekoztato-valasztasra-jogosultak-reszere-2024-evi-idokozi-KT-tag-valasztas.pdf.pdf\" target=\"_blank\" rel=\"noopener\">T\u00c1J\u00c9KOZTAT\u00d3 v\u00e1laszt\u00e1sra jogosultak r\u00e9sz\u00e9re<\/a><br \/>\n<a href=\"https:\/\/semmelweis.hu\/gytk\/files\/2024\/10\/AJANLOIV_MINTA_2024.pdf\" target=\"_blank\" rel=\"noopener\">Aj\u00e1nl\u00f3\u00edv minta<\/a><br \/>\n<a href=\"https:\/\/semmelweis.hu\/gytk\/files\/2024\/10\/SZAVAZOLAP_KT_Valasztas_MINTA_2024.pdf\" target=\"_blank\" rel=\"noopener\">Szavaz\u00f3lap minta<\/a><\/p>\n<p><strong>V\u00e1laszt\u00e1si Bizotts\u00e1g hat\u00e1rozatai<\/strong><\/p>\n<ul>\n<li><a href=\"https:\/\/semmelweis.hu\/gytk\/files\/2024\/11\/VB-1_-2024X_31GYTKKT_VB_hatarozata_a_valasztasi_nevjegyzek_veglegesiteserol.pdf\" target=\"_blank\" rel=\"noopener\">1\/2024 (X. 31.) GYTKKT-VB sz\u00e1m\u00fa hat\u00e1rozat a v\u00e1laszt\u00e1si n\u00e9vjegyz\u00e9k v\u00e9gleges\u00edt\u00e9s\u00e9r\u0151l<\/a><\/li>\n<li><a href=\"https:\/\/semmelweis.hu\/gytk\/files\/2024\/11\/2_2024_XI_13_GYTKKT_VB_hatarozat.pdf\" target=\"_blank\" rel=\"noopener\">2\/2024 (XI.13) GYTKKT-VB sz\u00e1m\u00fa hat\u00e1rozat a jel\u00f6ltek nyilv\u00e1ntart\u00e1sba v\u00e9tel\u00e9r\u0151l<\/a><\/li>\n<li><a href=\"https:\/\/semmelweis.hu\/gytk\/files\/2024\/11\/3_20241121_VB_hatarozat_valasztasi_eredmeny_20241121.pdf\">3\/2024 (XI. 21.) GYTKKT-VB sz\u00e1m\u00fa hat\u00e1rozat a v\u00e1laszt\u00e1s eredm\u00e9ny\u00e9r\u0151l<\/a><\/li>\n<\/ul>\n","protected":false},"excerpt":{"rendered":"<p><a href=\"https:\/\/semmelweis.hu\/gytk\/files\/2024\/10\/Valasztasi-kiiras.pdf\" target=\"_blank\" rel=\"noopener\">V\u00e1laszt\u00e1si ki\u00edr\u00e1s<\/a><br \/>\n<a href=\"https:\/\/semmelweis.hu\/gytk\/files\/2024\/10\/GYTK-idokozi_Kari-Tanacs-valasztas-naptar-2024-1.pdf\">V\u00e1laszt\u00e1si napt\u00e1r<\/a><br \/>\n<a href=\"https:\/\/semmelweis.hu\/gytk\/files\/2024\/10\/Tajekoztato.pdf\" target=\"_blank\" rel=\"noopener\">T\u00c1J\u00c9KOZTAT\u00d3 a V\u00e1laszt\u00e1si Bizotts\u00e1g szem\u00e9lyi \u00f6sszet\u00e9tel\u00e9r\u0151l, v\u00e1laszt\u00e1si k\u00f6zrem\u0171k\u00f6d\u0151k<\/a><br \/>\n<a href=\"https:\/\/semmelweis.hu\/gytk\/files\/2024\/10\/Tajekoztato-valasztasra-jogosultak-reszere-2024-evi-idokozi-KT-tag-valasztas.pdf.pdf\" target=\"_blank\" rel=\"noopener\">T\u00c1J\u00c9KOZTAT\u00d3 v\u00e1laszt\u00e1sra jogosultak r\u00e9sz\u00e9re<\/a><br \/>\n<a href=\"https:\/\/semmelweis.hu\/gytk\/files\/2024\/10\/AJANLOIV_MINTA_2024.pdf\" target=\"_blank\" rel=\"noopener\">Aj\u00e1nl\u00f3\u00edv minta<\/a><br \/>\n<a href=\"https:\/\/semmelweis.hu\/gytk\/files\/2024\/10\/SZAVAZOLAP_KT_Valasztas_MINTA_2024.pdf\" target=\"_blank\" rel=\"noopener\">Szavaz\u00f3lap minta<\/a><br \/>\nV\u00e1laszt\u00e1si Bizotts\u00e1g hat\u00e1rozatai<\/p>\n<p><a href=\"https:\/\/semmelweis.hu\/gytk\/files\/2024\/11\/VB-1_-2024X_31GYTKKT_VB_hatarozata_a_valasztasi_nevjegyzek_veglegesiteserol.pdf\" target=\"_blank\" rel=\"noopener\">1\/2024 (X. 31.) GYTKKT-VB sz\u00e1m\u00fa hat\u00e1rozat a v\u00e1laszt\u00e1si n\u00e9vjegyz\u00e9k v\u00e9gleges\u00edt\u00e9s\u00e9r\u0151l<\/a><br \/>\n<a href=\"https:\/\/semmelweis.hu\/gytk\/files\/2024\/11\/2_2024_XI_13_GYTKKT_VB_hatarozat.pdf\" target=\"_blank\" rel=\"noopener\">2\/2024 (XI.13) GYTKKT-VB sz\u00e1m\u00fa hat\u00e1rozat a jel\u00f6ltek nyilv\u00e1ntart\u00e1sba v\u00e9tel\u00e9r\u0151l<\/a><br \/>\n<a href=\"https:\/\/semmelweis.hu\/gytk\/files\/2024\/11\/3_20241121_VB_hatarozat_valasztasi_eredmeny_20241121.pdf\">3\/2024 (XI. 21.) GYTKKT-VB sz\u00e1m\u00fa hat\u00e1rozat a v\u00e1laszt\u00e1s eredm\u00e9ny\u00e9r\u0151l<\/a><\/p>\n","protected":false},"author":101431,"featured_media":0,"parent":15,"menu_order":4,"comment_status":"closed","ping_status":"closed","template":"","meta":{"_acf_changed":false,"footnotes":""},"categories":[],"tags":[],"class_list":["post-16661","page","type-page","status-publish","hentry"],"acf":[],"_links":{"self":[{"href":"https:\/\/semmelweis.hu\/gytk\/wp-json\/wp\/v2\/pages\/16661","targetHints":{"allow":["GET"]}}],"collection":[{"href":"https:\/\/semmelweis.hu\/gytk\/wp-json\/wp\/v2\/pages"}],"about":[{"href":"https:\/\/semmelweis.hu\/gytk\/wp-json\/wp\/v2\/types\/page"}],"author":[{"embeddable":true,"href":"https:\/\/semmelweis.hu\/gytk\/wp-json\/wp\/v2\/users\/101431"}],"replies":[{"embeddable":true,"href":"https:\/\/semmelweis.hu\/gytk\/wp-json\/wp\/v2\/comments?post=16661"}],"version-history":[{"count":10,"href":"https:\/\/semmelweis.hu\/gytk\/wp-json\/wp\/v2\/pages\/16661\/revisions"}],"predecessor-version":[{"id":16746,"href":"https:\/\/semmelweis.hu\/gytk\/wp-json\/wp\/v2\/pages\/16661\/revisions\/16746"}],"up":[{"embeddable":true,"href":"https:\/\/semmelweis.hu\/gytk\/wp-json\/wp\/v2\/pages\/15"}],"wp:attachment":[{"href":"https:\/\/semmelweis.hu\/gytk\/wp-json\/wp\/v2\/media?parent=16661"}],"wp:term":[{"taxonomy":"category","embeddable":true,"href":"https:\/\/semmelweis.hu\/gytk\/wp-json\/wp\/v2\/categories?post=16661"},{"taxonomy":"post_tag","embeddable":true,"href":"https:\/\/semmelweis.hu\/gytk\/wp-json\/wp\/v2\/tags?post=16661"}],"curies":[{"name":"wp","href":"https:\/\/api.w.org\/{rel}","templated":true}]}}