{"id":16645,"date":"2024-10-14T12:21:02","date_gmt":"2024-10-14T10:21:02","guid":{"rendered":"https:\/\/semmelweis.hu\/gytk\/?page_id=16645"},"modified":"2024-10-14T12:21:34","modified_gmt":"2024-10-14T10:21:34","slug":"kari-tanacs-2024-szeptember-18","status":"publish","type":"page","link":"https:\/\/semmelweis.hu\/gytk\/a-karrol\/kari-tanacs\/kari-tanacs-eloterjesztesek\/kari-tanacs-2024-szeptember-18\/","title":{"rendered":"2024. szeptember 18."},"content":{"rendered":"<p style=\"padding-left: 160px\"><strong>Kari Tan\u00e1cs\u00fcl\u00e9s 2024. szeptember 18. 14:00<\/strong><\/p>\n<p><a href=\"https:\/\/semmelweis.hu\/gytk\/files\/2024\/09\/KT_MEGHIVO_20240918_14ora.pdf\" target=\"_blank\" rel=\"noopener\">MEGH\u00cdV\u00d3<\/a><\/p>\n<p><span style=\"font-size: 14pt\"><strong>3.napirendi pont<\/strong><\/span><\/p>\n<p><span style=\"font-size: 14pt\"><a href=\"https:\/\/semmelweis.hu\/gytk\/files\/2024\/09\/KT_Eloterjesztes_a_Kari_Tanacs_2024-2025_tanev_ules_es_munkatervenek_elfogadasa.pdf\" target=\"_blank\" rel=\"noopener\">KT_El\u0151terjeszt\u00e9s_a_KT_2024-2025_tan\u00e9v_\u00fcl\u00e9s_\u00e9s_munkaterv\u00e9nek_elfogad\u00e1s\u00e1hoz<\/a><\/span><\/p>\n<ul>\n<li><span style=\"font-size: 14pt\"><a href=\"https:\/\/semmelweis.hu\/gytk\/files\/2024\/09\/3_napirendi_pont_2sz_melleklet.pdf\" target=\"_blank\" rel=\"noopener\">3_napirendi_pont_2sz_mell\u00e9klet_2024-2025_tan\u00e9v_\u00fcl\u00e9s_ \u00e9s_ munkaterv<\/a><\/span><\/li>\n<\/ul>\n<p><span style=\"font-size: 14pt\"><strong>4. napirendi pont<\/strong><\/span><\/p>\n<p><a href=\"https:\/\/semmelweis.hu\/gytk\/files\/2024\/09\/4a_napirend_KT_eloterjesztes_Oktato_Gyogyszeresz_cim_adomanyozasa.pdf\" target=\"_blank\" rel=\"noopener\">4a_napirendi_KT_El\u0151terjeszt\u00e9s_a_GYTK_Oktat\u00f3_Gy\u00f3gyszer\u00e9sze_elismer\u0151_c\u00edm_adom\u00e1nyoz\u00e1sa_2024<\/a><\/p>\n<ul>\n<li style=\"list-style-type: none\">\n<ul style=\"list-style-type: disc\">\n<li><a href=\"https:\/\/semmelweis.hu\/gytk\/files\/2024\/09\/4a_napirend_2sz_melleklet_Oktato-gyogyszereszek_2024-1.pdf\">4a_napirend_2sz_mell\u00e9klet_Oktat\u00f3 gy\u00f3gyszer\u00e9szek_2024<\/a><\/li>\n<\/ul>\n<\/li>\n<\/ul>\n<p><a href=\"https:\/\/semmelweis.hu\/gytk\/files\/2024\/09\/4b_napirend_KT_eloterjesztes_GYTK_Tarsult_Oktatoja_elismero_cim_adomanyozasa_2024-1.pdf\" target=\"_blank\" rel=\"noopener\">4b_napirend_KT_el\u0151terjeszt\u00e9s_GYTK_T\u00e1rsult_Oktat\u00f3ja_elismer\u0151_c\u00edm_adom\u00e1nyoz\u00e1sa_2024<\/a><\/p>\n<ul>\n<li style=\"list-style-type: none\">\n<ul style=\"list-style-type: disc\">\n<li><a href=\"https:\/\/semmelweis.hu\/gytk\/files\/2024\/09\/4b_napirend_2sz_melleklet_Tarsult_Oktatok_2024.pdf\" target=\"_blank\" rel=\"noopener\">4b_napirend_2sz_mell\u00e9klet_T\u00e1rsult_Oktat\u00f3k_2024<\/a><\/li>\n<\/ul>\n<\/li>\n<\/ul>\n<p><span style=\"font-size: 14pt\"><strong>5. napirendi pont<\/strong><\/span><\/p>\n<p><a href=\"https:\/\/semmelweis.hu\/gytk\/files\/2024\/09\/KT_Eloterjesztes_a_2024_2025_tanevben_ervenyes_tantargyi_programok_elfogadasarol.pdf\" target=\"_blank\" rel=\"noopener\">KT_El\u0151terjeszt\u00e9s_a_2024_2025_tan\u00e9vben_\u00e9rv\u00e9nyes_tant\u00e1rgyi_programok_elfogad\u00e1s\u00e1r\u00f3l<\/a><\/p>\n<p><strong><em>2_sz_mell\u00e9klet_I_\u00e9vfolyamra_iratkoz\u00f3_hallgat\u00f3k_r\u00e9sz\u00e9re_\u00e9rv\u00e9nyes_<\/em><\/strong><br \/>\n<strong><em>tant\u00e1rgyi _programok_2024\/2025_I_II_f\u00e9l\u00e9v<\/em><\/strong><\/p>\n<ul>\n<li><a href=\"https:\/\/semmelweis.hu\/gytk\/files\/2024\/09\/I_I-1.zip\" target=\"_blank\" rel=\"noopener\">2a_sz. mell\u00e9klet_I_\u00e9vf_2024\/2025_I_f\u00e9l\u00e9v _magyar<\/a><\/li>\n<li><a href=\"https:\/\/semmelweis.hu\/gytk\/files\/2024\/09\/I_II.zip\" target=\"_blank\" rel=\"noopener\">2b_sz. mell\u00e9klet_I_\u00e9vf_2024\/2025_II_f\u00e9l\u00e9v_magyar<\/a><\/li>\n<li><a href=\"https:\/\/semmelweis.hu\/gytk\/files\/2024\/09\/I_I_n.zip\" target=\"_blank\" rel=\"noopener\">2c_sz. mell\u00e9klet_I_\u00e9vf_2024\/2025_I_f\u00e9l\u00e9v_n\u00e9met<\/a><\/li>\n<li><a href=\"https:\/\/semmelweis.hu\/gytk\/files\/2024\/09\/I_II_n.zip\" target=\"_blank\" rel=\"noopener\">2c_sz. mell\u00e9klet_I_\u00e9vf_2024\/2025_II_f\u00e9l\u00e9v_n\u00e9met<\/a><\/li>\n<\/ul>\n<p><strong><em>3_sz_mell\u00e9klet_II_\u00e9vfolyamra_iratkoz\u00f3_hallgat\u00f3k_r\u00e9sz\u00e9re_\u00e9rv\u00e9nyes_<\/em><\/strong><br \/>\n<strong><em>tant\u00e1rgyi _2024\/2025_programok_I_II_f\u00e9l\u00e9v<\/em><\/strong><\/p>\n<ul>\n<li><a href=\"https:\/\/semmelweis.hu\/gytk\/files\/2024\/09\/II_I.zip\" target=\"_blank\" rel=\"noopener\">3a_sz. mell\u00e9klet_II_\u00e9vf_2024\/2025_I_f\u00e9l\u00e9v_magyar<\/a><\/li>\n<li><a href=\"https:\/\/semmelweis.hu\/gytk\/files\/2024\/09\/II_II.zip\" target=\"_blank\" rel=\"noopener\">3b_sz. mell\u00e9klet_II_\u00e9vf_2024\/2025_II_f\u00e9l\u00e9v_magyar<\/a><\/li>\n<li><a href=\"https:\/\/semmelweis.hu\/gytk\/files\/2024\/09\/II_I_n-1.zip\" target=\"_blank\" rel=\"noopener\">3c_sz. mell\u00e9klet_II_\u00e9vf_2024\/2025_I_f\u00e9l\u00e9v_n\u00e9met<\/a><\/li>\n<li><a href=\"https:\/\/semmelweis.hu\/gytk\/files\/2024\/09\/II_II_n.zip\" target=\"_blank\" rel=\"noopener\">3d_sz. mell\u00e9klet_II_\u00e9vf_2024\/2025_II_f\u00e9l\u00e9v_n\u00e9met<\/a><\/li>\n<\/ul>\n<p><strong><em>4_sz_mell\u00e9klet_III_\u00e9vfolyamra_iratkoz\u00f3_hallgat\u00f3k_r\u00e9sz\u00e9re_\u00e9rv\u00e9nyes_<\/em><\/strong><br \/>\n<strong><em>tant\u00e1rgyi _2024\/2025_programok_2024\/2025_I_II_f\u00e9l\u00e9v<\/em><\/strong><\/p>\n<ul>\n<li><a href=\"https:\/\/semmelweis.hu\/gytk\/files\/2024\/09\/III_I-1.zip\" target=\"_blank\" rel=\"noopener\">4a_sz. mell\u00e9klet_III_\u00e9vf_2024\/2025_I_f\u00e9l\u00e9v_magyar<\/a><\/li>\n<li><a href=\"https:\/\/semmelweis.hu\/gytk\/files\/2024\/09\/III_II.zip\" target=\"_blank\" rel=\"noopener\">4b_sz. mell\u00e9klet_III_\u00e9vf_2024\/2025_II_f\u00e9l\u00e9v_magyar<\/a><\/li>\n<li><a href=\"https:\/\/semmelweis.hu\/gytk\/files\/2024\/09\/III_I_n.zip\" target=\"_blank\" rel=\"noopener\">4c_sz. mell\u00e9klet_III_\u00e9vf_2024\/2025_I_f\u00e9l\u00e9v_n\u00e9met<\/a><\/li>\n<li><a href=\"https:\/\/semmelweis.hu\/gytk\/files\/2024\/09\/III_II_n.zip\" target=\"_blank\" rel=\"noopener\">4d_sz. mell\u00e9klet_III_\u00e9vf_2024\/2025_II_f\u00e9l\u00e9v_n\u00e9met<\/a><\/li>\n<\/ul>\n<p><strong><em>5_sz_mell\u00e9klet_IV_\u00e9vfolyamra_iratkoz\u00f3_hallgat\u00f3k_r\u00e9sz\u00e9re_\u00e9rv\u00e9nyes_<\/em><\/strong><br \/>\n<strong><em>tant\u00e1rgyi _2024\/2025_programok_I_II_f\u00e9l\u00e9v<\/em><\/strong><\/p>\n<ul>\n<li><a href=\"https:\/\/semmelweis.hu\/gytk\/files\/2024\/09\/IV_I.zip\" target=\"_blank\" rel=\"noopener\">5a_sz. mell\u00e9klet_IV_\u00e9vf_2024\/2025_I_f\u00e9l\u00e9v_magyar<\/a><\/li>\n<li><a href=\"https:\/\/semmelweis.hu\/gytk\/files\/2024\/09\/IV_II.zip\" target=\"_blank\" rel=\"noopener\">5b_sz. mell\u00e9klet_IV_\u00e9vf_2024\/2025_II_f\u00e9l\u00e9v_magyar<\/a><\/li>\n<li><a href=\"https:\/\/semmelweis.hu\/gytk\/files\/2024\/09\/IV_I_n-1.zip\" target=\"_blank\" rel=\"noopener\">5c_sz. mell\u00e9klet_IV_\u00e9vf_2024\/2025_I_f\u00e9l\u00e9v_n\u00e9met<\/a><\/li>\n<li><a href=\"https:\/\/semmelweis.hu\/gytk\/files\/2024\/09\/IV_II_n-1.zip\" target=\"_blank\" rel=\"noopener\">5d_sz. mell\u00e9klet_IV_\u00e9vf_2024\/2025_II_f\u00e9l\u00e9v_n\u00e9met<\/a><\/li>\n<\/ul>\n<p><strong><em>6_sz_mell\u00e9klet_V_\u00e9vfolyamra_iratkoz\u00f3_hallgat\u00f3k_r\u00e9sz\u00e9re_\u00e9rv\u00e9nyes_<\/em><\/strong><br \/>\n<strong><em>tant\u00e1rgyi _2024\/2025_programok_I_f\u00e9l\u00e9v<\/em><\/strong><\/p>\n<ul>\n<li><a href=\"https:\/\/semmelweis.hu\/gytk\/files\/2024\/09\/V_I.zip\" target=\"_blank\" rel=\"noopener\">6a_sz. mell\u00e9klet_V_\u00e9vf_2024\/2025_I_f\u00e9l\u00e9v_magyar<\/a><\/li>\n<li><a href=\"https:\/\/semmelweis.hu\/gytk\/files\/2024\/09\/V_I_n.zip\" target=\"_blank\" rel=\"noopener\">6b_sz. mell\u00e9klet_V_\u00e9vf_2024\/2025_I_f\u00e9l\u00e9v_n\u00e9met<\/a><\/li>\n<\/ul>\n<p><a href=\"https:\/\/semmelweis.hu\/gytk\/files\/2024\/09\/Szabadon-valaszthato-targyak.zip\" target=\"_blank\" rel=\"noopener\">7a_sz_mell\u00e9klet_szabadon_v\u00e1laszthat\u00f3_tant\u00e1rgyak_magyar<\/a><br \/>\n<a href=\"https:\/\/semmelweis.hu\/gytk\/files\/2024\/09\/Szabadon_valaszhato_nemet.zip\" target=\"_blank\" rel=\"noopener\">7b_sz_mell\u00e9klet_szabadon_v\u00e1laszthat\u00f3_tant\u00e1rgyak_n\u00e9met<\/a><\/p>\n<p><span style=\"font-size: 14pt\"><strong>6. napirendi pont<\/strong><\/span><\/p>\n<p><a href=\"https:\/\/semmelweis.hu\/gytk\/files\/2024\/09\/KT_Eloterjesztes_Kari_Mukodesi_Rend_modositasarol.pdf\" target=\"_blank\" rel=\"noopener\">KT_El\u0151terjeszt\u00e9s_Kari_M\u0171k\u00f6d\u00e9si_Rend_m\u00f3dos\u00edt\u00e1s\u00e1r\u00f3l<\/a><\/p>\n<ul>\n<li><a href=\"https:\/\/semmelweis.hu\/gytk\/files\/2024\/09\/SE-GYTK-SZMR_04_20240918.pdf\">6_napirend_1a_sz_mell\u00e9klet_Kari_M\u0171k\u00f6d\u00e9si_Rend<\/a><\/li>\n<li><a href=\"https:\/\/semmelweis.hu\/gytk\/files\/2024\/09\/6_napirend_2a_sz_melleklet_-SE_GYTK_SZMR_M03-1.pdf\" target=\"_blank\" rel=\"noopener\">6_napirend_2a_sz_mell\u00e9klet_SE_GYTK_SZMR_M03<\/a><\/li>\n<\/ul>\n<p><span style=\"font-size: 14pt\"><strong>7. napirendi pont<\/strong><\/span><\/p>\n<p>T\u00e1j\u00e9koztat\u00f3 a 2024. \u00e9vi z\u00e1r\u00f3vizsg\u00e1kr\u00f3l<\/p>\n<ul>\n<li><a href=\"https:\/\/semmelweis.hu\/gytk\/files\/2024\/09\/zv_jelentes2024.pdf\" target=\"_blank\" rel=\"noopener\">7_napirend_1_sz_mell\u00e9klet_T\u00e1j\u00e9koztat\u00f3_a_2024.\u00e9vi_z\u00e1r\u00f3vizsg\u00e1kr\u00f3l<\/a><\/li>\n<\/ul>\n<p><span style=\"font-size: 14pt\"><strong>8. napirendi pont<\/strong><\/span><\/p>\n<p><span style=\"font-size: 14pt\">T\u00e1j\u00e9koztat\u00f3_a_2024.\u00e9vi_felv\u00e9teli_elj\u00e1r\u00e1sr\u00f3l_beiratkoz\u00e1s\/bejelentkez\u00e9si_adatokr\u00f3l<\/span><\/p>\n<ul>\n<li><a href=\"https:\/\/semmelweis.hu\/gytk\/files\/2024\/09\/8_napirend_1sz_melleklet_2024_25_1felevi_felveteli_adatok.pdf\" target=\"_blank\" rel=\"noopener\">8_napirend_1sz_mell\u00e9klet_2024_25_1f\u00e9l\u00e9vi_felv\u00e9teli_adatok<\/a><\/li>\n<li><a href=\"https:\/\/semmelweis.hu\/gytk\/files\/2024\/09\/8_napirend_2sz_melleklet_2024_25_1felevi_beiratkozasi_adatok.pdf\" target=\"_blank\" rel=\"noopener\">8_napirend_2sz_mell\u00e9klet_2024_25_1f\u00e9l\u00e9vi_beiratkoz\u00e1si_adatok<\/a><\/li>\n<\/ul>\n<p><span style=\"font-size: 14pt\"><strong>9. napirendi pont<\/strong><\/span><\/p>\n<ul>\n<li><a href=\"https:\/\/semmelweis.hu\/gytk\/files\/2024\/09\/Szakkepzo-helyek-akkreditacios-kerelmeinek-velemenyezese.pdf\" target=\"_blank\" rel=\"noopener\">Szakk\u00e9pz\u0151 helyek akkredit\u00e1ci\u00f3s k\u00e9relmeinek v\u00e9lem\u00e9nyez\u00e9se<\/a><\/li>\n<\/ul>\n<p>&nbsp;<\/p>\n","protected":false},"excerpt":{"rendered":"<p>Kari Tan\u00e1cs\u00fcl\u00e9s 2024. szeptember 18. 14:00 <a href=\"https:\/\/semmelweis.hu\/gytk\/files\/2024\/09\/KT_MEGHIVO_20240918_14ora.pdf\" target=\"_blank\" rel=\"noopener\">MEGH\u00cdV\u00d3<\/a> 3.napirendi pont <a href=\"https:\/\/semmelweis.hu\/gytk\/files\/2024\/09\/KT_Eloterjesztes_a_Kari_Tanacs_2024-2025_tanev_ules_es_munkatervenek_elfogadasa.pdf\" target=\"_blank\" rel=\"noopener\">KT_El\u0151terjeszt\u00e9s_a_KT_2024-2025_tan\u00e9v_\u00fcl\u00e9s_\u00e9s_munkaterv\u00e9nek_elfogad\u00e1s\u00e1hoz<\/a> <a href=\"https:\/\/semmelweis.hu\/gytk\/files\/2024\/09\/3_napirendi_pont_2sz_melleklet.pdf\" target=\"_blank\" rel=\"noopener\">3_napirendi_pont_2sz_mell\u00e9klet_2024-2025_tan\u00e9v_\u00fcl\u00e9s_ \u00e9s_ munkaterv<\/a> 4. napirendi pont <a href=\"https:\/\/semmelweis.hu\/gytk\/files\/2024\/09\/4a_napirend_KT_eloterjesztes_Oktato_Gyogyszeresz_cim_adomanyozasa.pdf\" target=\"_blank\" rel=\"noopener\">4a_napirendi_KT_El\u0151terjeszt\u00e9s_a_GYTK_Oktat\u00f3_Gy\u00f3gyszer\u00e9sze_elismer\u0151_c\u00edm_adom\u00e1nyoz\u00e1sa_2024<\/a> <a href=\"https:\/\/semmelweis.hu\/gytk\/files\/2024\/09\/4a_napirend_2sz_melleklet_Oktato-gyogyszereszek_2024-1.pdf\">4a_napirend_2sz_mell\u00e9klet_Oktat\u00f3 gy\u00f3gyszer\u00e9szek_2024<\/a> <a href=\"https:\/\/semmelweis.hu\/gytk\/files\/2024\/09\/4b_napirend_KT_eloterjesztes_GYTK_Tarsult_Oktatoja_elismero_cim_adomanyozasa_2024-1.pdf\" target=\"_blank\" rel=\"noopener\">4b_napirend_KT_el\u0151terjeszt\u00e9s_GYTK_T\u00e1rsult_Oktat\u00f3ja_elismer\u0151_c\u00edm_adom\u00e1nyoz\u00e1sa_2024<\/a> <a href=\"https:\/\/semmelweis.hu\/gytk\/files\/2024\/09\/4b_napirend_2sz_melleklet_Tarsult_Oktatok_2024.pdf\" target=\"_blank\" rel=\"noopener\">4b_napirend_2sz_mell\u00e9klet_T\u00e1rsult_Oktat\u00f3k_2024<\/a> 5. napirendi pont <a href=\"https:\/\/semmelweis.hu\/gytk\/files\/2024\/09\/KT_Eloterjesztes_a_2024_2025_tanevben_ervenyes_tantargyi_programok_elfogadasarol.pdf\" target=\"_blank\" rel=\"noopener\">KT_El\u0151terjeszt\u00e9s_a_2024_2025_tan\u00e9vben_\u00e9rv\u00e9nyes_tant\u00e1rgyi_programok_elfogad\u00e1s\u00e1r\u00f3l<\/a> 2_sz_mell\u00e9klet_I_\u00e9vfolyamra_iratkoz\u00f3_hallgat\u00f3k_r\u00e9sz\u00e9re_\u00e9rv\u00e9nyes_ tant\u00e1rgyi _programok_2024\/2025_I_II_f\u00e9l\u00e9v <a href=\"https:\/\/semmelweis.hu\/gytk\/files\/2024\/09\/I_I-1.zip\" target=\"_blank\" rel=\"noopener\">2a_sz. mell\u00e9klet_I_\u00e9vf_2024\/2025_I_f\u00e9l\u00e9v _magyar<\/a> <a href=\"https:\/\/semmelweis.hu\/gytk\/files\/2024\/09\/I_II.zip\" target=\"_blank\" rel=\"noopener\">2b_sz. mell\u00e9klet_I_\u00e9vf_2024\/2025_II_f\u00e9l\u00e9v_magyar<\/a> <a href=\"https:\/\/semmelweis.hu\/gytk\/files\/2024\/09\/I_I_n.zip\" target=\"_blank\" rel=\"noopener\">2c_sz. mell\u00e9klet_I_\u00e9vf_2024\/2025_I_f\u00e9l\u00e9v_n\u00e9met<\/a> <a href=\"https:\/\/semmelweis.hu\/gytk\/files\/2024\/09\/I_II_n.zip\" target=\"_blank\" rel=\"noopener\">2c_sz. mell\u00e9klet_I_\u00e9vf_2024\/2025_II_f\u00e9l\u00e9v_n\u00e9met<\/a> 3_sz_mell\u00e9klet_II_\u00e9vfolyamra_iratkoz\u00f3_hallgat\u00f3k_r\u00e9sz\u00e9re_\u00e9rv\u00e9nyes_ tant\u00e1rgyi _2024\/2025_programok_I_II_f\u00e9l\u00e9v <a href=\"https:\/\/semmelweis.hu\/gytk\/files\/2024\/09\/II_I.zip\" target=\"_blank\" rel=\"noopener\">3a_sz. mell\u00e9klet_II_\u00e9vf_2024\/2025_I_f\u00e9l\u00e9v_magyar<\/a> <a href=\"https:\/\/semmelweis.hu\/gytk\/files\/2024\/09\/II_II.zip\" target=\"_blank\" rel=\"noopener\">3b_sz. mell\u00e9klet_II_\u00e9vf_2024\/2025_II_f\u00e9l\u00e9v_magyar<\/a> <a href=\"https:\/\/semmelweis.hu\/gytk\/files\/2024\/09\/II_I_n-1.zip\" target=\"_blank\" rel=\"noopener\">3c_sz. mell\u00e9klet_II_\u00e9vf_2024\/2025_I_f\u00e9l\u00e9v_n\u00e9met<\/a> <a href=\"https:\/\/semmelweis.hu\/gytk\/files\/2024\/09\/II_II_n.zip\" target=\"_blank\" rel=\"noopener\">3d_sz. mell\u00e9klet_II_\u00e9vf_2024\/2025_II_f\u00e9l\u00e9v_n\u00e9met<\/a> 4_sz_mell\u00e9klet_III_\u00e9vfolyamra_iratkoz\u00f3_hallgat\u00f3k_r\u00e9sz\u00e9re_\u00e9rv\u00e9nyes_ tant\u00e1rgyi _2024\/2025_programok_2024\/2025_I_II_f\u00e9l\u00e9v <a href=\"https:\/\/semmelweis.hu\/gytk\/files\/2024\/09\/III_I-1.zip\" target=\"_blank\" rel=\"noopener\">4a_sz. mell\u00e9klet_III_\u00e9vf_2024\/2025_I_f\u00e9l\u00e9v_magyar<\/a> <a href=\"https:\/\/semmelweis.hu\/gytk\/files\/2024\/09\/III_II.zip\" target=\"_blank\" rel=\"noopener\">4b_sz. mell\u00e9klet_III_\u00e9vf_2024\/2025_II_f\u00e9l\u00e9v_magyar<\/a> <a href=\"https:\/\/semmelweis.hu\/gytk\/files\/2024\/09\/III_I_n.zip\" target=\"_blank\" rel=\"noopener\">4c_sz. mell\u00e9klet_III_\u00e9vf_2024\/2025_I_f\u00e9l\u00e9v_n\u00e9met<\/a> <a href=\"https:\/\/semmelweis.hu\/gytk\/files\/2024\/09\/III_II_n.zip\" target=\"_blank\" rel=\"noopener\">4d_sz. mell\u00e9klet_III_\u00e9vf_2024\/2025_II_f\u00e9l\u00e9v_n\u00e9met<\/a> 5_sz_mell\u00e9klet_IV_\u00e9vfolyamra_iratkoz\u00f3_hallgat\u00f3k_r\u00e9sz\u00e9re_\u00e9rv\u00e9nyes_ tant\u00e1rgyi _2024\/2025_programok_I_II_f\u00e9l\u00e9v <a href=\"https:\/\/semmelweis.hu\/gytk\/files\/2024\/09\/IV_I.zip\" target=\"_blank\" rel=\"noopener\">5a_sz. mell\u00e9klet_IV_\u00e9vf_2024\/2025_I_f\u00e9l\u00e9v_magyar<\/a> <a href=\"https:\/\/semmelweis.hu\/gytk\/files\/2024\/09\/IV_II.zip\" target=\"_blank\" rel=\"noopener\">5b_sz. mell\u00e9klet_IV_\u00e9vf_2024\/2025_II_f\u00e9l\u00e9v_magyar<\/a> <a href=\"https:\/\/semmelweis.hu\/gytk\/files\/2024\/09\/IV_I_n-1.zip\" target=\"_blank\" rel=\"noopener\">5c_sz. mell\u00e9klet_IV_\u00e9vf_2024\/2025_I_f\u00e9l\u00e9v_n\u00e9met<\/a> <a href=\"https:\/\/semmelweis.hu\/gytk\/files\/2024\/09\/IV_II_n-1.zip\" target=\"_blank\" rel=\"noopener\">5d_sz. mell\u00e9klet_IV_\u00e9vf_2024\/2025_II_f\u00e9l\u00e9v_n\u00e9met<\/a> 6_sz_mell\u00e9klet_V_\u00e9vfolyamra_iratkoz\u00f3_hallgat\u00f3k_r\u00e9sz\u00e9re_\u00e9rv\u00e9nyes_ tant\u00e1rgyi _2024\/2025_programok_I_f\u00e9l\u00e9v <a href=\"https:\/\/semmelweis.hu\/gytk\/files\/2024\/09\/V_I.zip\" target=\"_blank\" rel=\"noopener\">6a_sz. mell\u00e9klet_V_\u00e9vf_2024\/2025_I_f\u00e9l\u00e9v_magyar<\/a> <a href=\"https:\/\/semmelweis.hu\/gytk\/files\/2024\/09\/V_I_n.zip\" target=\"_blank\" rel=\"noopener\">6b_sz. mell\u00e9klet_V_\u00e9vf_2024\/2025_I_f\u00e9l\u00e9v_n\u00e9met<\/a> <a href=\"https:\/\/semmelweis.hu\/gytk\/files\/2024\/09\/Szabadon-valaszthato-targyak.zip\" target=\"_blank\" rel=\"noopener\">7a_sz_mell\u00e9klet_szabadon_v\u00e1laszthat\u00f3_tant\u00e1rgyak_magyar<\/a> <a href=\"https:\/\/semmelweis.hu\/gytk\/files\/2024\/09\/Szabadon_valaszhato_nemet.zip\" target=\"_blank\" rel=\"noopener\">7b_sz_mell\u00e9klet_szabadon_v\u00e1laszthat\u00f3_tant\u00e1rgyak_n\u00e9met<\/a> 6. napirendi pont <a href=\"https:\/\/semmelweis.hu\/gytk\/files\/2024\/09\/KT_Eloterjesztes_Kari_Mukodesi_Rend_modositasarol.pdf\" target=\"_blank\" rel=\"noopener\">KT_El\u0151terjeszt\u00e9s_Kari_M\u0171k\u00f6d\u00e9si_Rend_m\u00f3dos\u00edt\u00e1s\u00e1r\u00f3l<\/a> <a href=\"https:\/\/semmelweis.hu\/gytk\/files\/2024\/09\/SE-GYTK-SZMR_04_20240918.pdf\">6_napirend_1a_sz_mell\u00e9klet_Kari_M\u0171k\u00f6d\u00e9si_Rend<\/a> <a href=\"https:\/\/semmelweis.hu\/gytk\/files\/2024\/09\/6_napirend_2a_sz_melleklet_-SE_GYTK_SZMR_M03-1.pdf\" target=\"_blank\" rel=\"noopener\">6_napirend_2a_sz_mell\u00e9klet_SE_GYTK_SZMR_M03<\/a> 7. napirendi pont T\u00e1j\u00e9koztat\u00f3 a 2024. \u00e9vi z\u00e1r\u00f3vizsg\u00e1kr\u00f3l <a href=\"https:\/\/semmelweis.hu\/gytk\/files\/2024\/09\/zv_jelentes2024.pdf\" target=\"_blank\" rel=\"noopener\">7_napirend_1_sz_mell\u00e9klet_T\u00e1j\u00e9koztat\u00f3_a_2024.\u00e9vi_z\u00e1r\u00f3vizsg\u00e1kr\u00f3l<\/a> 8. napirendi pont T\u00e1j\u00e9koztat\u00f3_a_2024.\u00e9vi_felv\u00e9teli_elj\u00e1r\u00e1sr\u00f3l_beiratkoz\u00e1s\/bejelentkez\u00e9si_adatokr\u00f3l <a href=\"https:\/\/semmelweis.hu\/gytk\/files\/2024\/09\/8_napirend_1sz_melleklet_2024_25_1felevi_felveteli_adatok.pdf\" target=\"_blank\" rel=\"noopener\">8_napirend_1sz_mell\u00e9klet_2024_25_1f\u00e9l\u00e9vi_felv\u00e9teli_adatok<\/a> <a href=\"https:\/\/semmelweis.hu\/gytk\/files\/2024\/09\/8_napirend_2sz_melleklet_2024_25_1felevi_beiratkozasi_adatok.pdf\" target=\"_blank\" rel=\"noopener\">8_napirend_2sz_mell\u00e9klet_2024_25_1f\u00e9l\u00e9vi_beiratkoz\u00e1si_adatok<\/a> 9. napirendi pont <a href=\"https:\/\/semmelweis.hu\/gytk\/files\/2024\/09\/Szakkepzo-helyek-akkreditacios-kerelmeinek-velemenyezese.pdf\" target=\"_blank\" rel=\"noopener\">Szakk\u00e9pz\u0151 helyek akkredit\u00e1ci\u00f3s k\u00e9relmeinek v\u00e9lem\u00e9nyez\u00e9se<\/a> &hellip;<\/p>\n","protected":false},"author":101431,"featured_media":0,"parent":5323,"menu_order":58,"comment_status":"closed","ping_status":"closed","template":"","meta":{"_acf_changed":false,"footnotes":""},"categories":[],"tags":[],"class_list":["post-16645","page","type-page","status-publish","hentry"],"acf":[],"_links":{"self":[{"href":"https:\/\/semmelweis.hu\/gytk\/wp-json\/wp\/v2\/pages\/16645","targetHints":{"allow":["GET"]}}],"collection":[{"href":"https:\/\/semmelweis.hu\/gytk\/wp-json\/wp\/v2\/pages"}],"about":[{"href":"https:\/\/semmelweis.hu\/gytk\/wp-json\/wp\/v2\/types\/page"}],"author":[{"embeddable":true,"href":"https:\/\/semmelweis.hu\/gytk\/wp-json\/wp\/v2\/users\/101431"}],"replies":[{"embeddable":true,"href":"https:\/\/semmelweis.hu\/gytk\/wp-json\/wp\/v2\/comments?post=16645"}],"version-history":[{"count":2,"href":"https:\/\/semmelweis.hu\/gytk\/wp-json\/wp\/v2\/pages\/16645\/revisions"}],"predecessor-version":[{"id":16647,"href":"https:\/\/semmelweis.hu\/gytk\/wp-json\/wp\/v2\/pages\/16645\/revisions\/16647"}],"up":[{"embeddable":true,"href":"https:\/\/semmelweis.hu\/gytk\/wp-json\/wp\/v2\/pages\/5323"}],"wp:attachment":[{"href":"https:\/\/semmelweis.hu\/gytk\/wp-json\/wp\/v2\/media?parent=16645"}],"wp:term":[{"taxonomy":"category","embeddable":true,"href":"https:\/\/semmelweis.hu\/gytk\/wp-json\/wp\/v2\/categories?post=16645"},{"taxonomy":"post_tag","embeddable":true,"href":"https:\/\/semmelweis.hu\/gytk\/wp-json\/wp\/v2\/tags?post=16645"}],"curies":[{"name":"wp","href":"https:\/\/api.w.org\/{rel}","templated":true}]}}