{"id":16449,"date":"2024-08-29T09:28:03","date_gmt":"2024-08-29T07:28:03","guid":{"rendered":"https:\/\/semmelweis.hu\/gytk\/?page_id=16449"},"modified":"2024-08-29T09:28:03","modified_gmt":"2024-08-29T07:28:03","slug":"2024-augusztus-26-28-elektronikus-szavazas","status":"publish","type":"page","link":"https:\/\/semmelweis.hu\/gytk\/a-karrol\/kari-tanacs\/kari-tanacs-eloterjesztesek\/2024-augusztus-26-28-elektronikus-szavazas\/","title":{"rendered":"2024 augusztus 26-28. elektronikus szavaz\u00e1s"},"content":{"rendered":"<p style=\"text-align: center\"><strong>Kari Tan\u00e1cs elektronikus szavaz\u00e1s 2024. augusztus 26-28.<\/strong><\/p>\n<p><a href=\"https:\/\/semmelweis.hu\/gytk\/files\/2024\/08\/KT_elektronikus_szavazas_elrendeles.pdf\" target=\"_blank\" rel=\"noopener\">Elektronikus szavaz\u00e1s elrendel\u00e9se<\/a><\/p>\n<p><strong>1.napirendi pont<\/strong> : <a href=\"https:\/\/semmelweis.hu\/gytk\/files\/2024\/08\/1_napirend_KT_Eloterjesztes_ujszabval_targyak_bevezetese_2024augusztus-_001.pdf\" target=\"_blank\" rel=\"noopener\">KT_El\u0151terjeszt\u00e9s_\u00fajszabval_t\u00e1rgyak_bevezet\u00e9se<\/a><\/p>\n<ul>\n<li><a href=\"https:\/\/semmelweis.hu\/gytk\/files\/2024\/08\/2_szamu_melleklet_Halado_gyogyszereszeti_szaknyelv_1_angol_nemet_magyar_tantargyi_adatlap.pdf\" target=\"_blank\" rel=\"noopener\">2_sz\u00e1m\u00fa_mell\u00e9klet_Halad\u00f3_gy\u00f3gyszer\u00e9szeti_szaknyelv_1_angol_n\u00e9met_magyar_tant\u00e1rgyi_adatlap<\/a><\/li>\n<li><a href=\"https:\/\/semmelweis.hu\/gytk\/files\/2024\/08\/3_szamu_melleklet_Halado_gyogyszereszeti_szaknyelv_2_angol_nemet_magyar_tantargyi_adatlap.pdf\" target=\"_blank\" rel=\"noopener\">3_sz\u00e1m\u00fa_mell\u00e9klet_Halad\u00f3_gy\u00f3gyszer\u00e9szeti_szaknyelv_2_angol_n\u00e9met_magyar_tant\u00e1rgyi_adatlap<\/a><\/li>\n<li><a href=\"https:\/\/semmelweis.hu\/gytk\/files\/2024\/08\/4sz_melleklet_Elhanyagolt-tropusi-betegsegek-farmakoterapia-es-kozegeszsegugy.pdf\" target=\"_blank\" rel=\"noopener\">4sz_mell\u00e9klet_Elhanyagolt tr\u00f3pusi betegs\u00e9gek farmakoter\u00e1pia \u00e9s k\u00f6zeg\u00e9szs\u00e9g\u00fcgy_tant\u00e1rgyi_adatlap<\/a><\/li>\n<li><a href=\"https:\/\/semmelweis.hu\/gytk\/files\/2024\/08\/5sz_melleklet_Jelatvitel-es-celzott-terapia.pdf\" target=\"_blank\" rel=\"noopener\">5sz_mell\u00e9klet_Jel\u00e1tvitel_\u00e9s_c\u00e9lzott_ter\u00e1pia_tant\u00e1rgyi_adatlap<\/a><\/li>\n<\/ul>\n<p>&nbsp;<\/p>\n","protected":false},"excerpt":{"rendered":"<p>Kari Tan\u00e1cs elektronikus szavaz\u00e1s 2024. augusztus 26-28.<br \/>\n<a href=\"https:\/\/semmelweis.hu\/gytk\/files\/2024\/08\/KT_elektronikus_szavazas_elrendeles.pdf\" target=\"_blank\" rel=\"noopener\">Elektronikus szavaz\u00e1s elrendel\u00e9se<\/a><br \/>\n1.napirendi pont : <a href=\"https:\/\/semmelweis.hu\/gytk\/files\/2024\/08\/1_napirend_KT_Eloterjesztes_ujszabval_targyak_bevezetese_2024augusztus-_001.pdf\" target=\"_blank\" rel=\"noopener\">KT_El\u0151terjeszt\u00e9s_\u00fajszabval_t\u00e1rgyak_bevezet\u00e9se<\/a><\/p>\n<p><a href=\"https:\/\/semmelweis.hu\/gytk\/files\/2024\/08\/2_szamu_melleklet_Halado_gyogyszereszeti_szaknyelv_1_angol_nemet_magyar_tantargyi_adatlap.pdf\" target=\"_blank\" rel=\"noopener\">2_sz\u00e1m\u00fa_mell\u00e9klet_Halad\u00f3_gy\u00f3gyszer\u00e9szeti_szaknyelv_1_angol_n\u00e9met_magyar_tant\u00e1rgyi_adatlap<\/a><br \/>\n<a href=\"https:\/\/semmelweis.hu\/gytk\/files\/2024\/08\/3_szamu_melleklet_Halado_gyogyszereszeti_szaknyelv_2_angol_nemet_magyar_tantargyi_adatlap.pdf\" target=\"_blank\" rel=\"noopener\">3_sz\u00e1m\u00fa_mell\u00e9klet_Halad\u00f3_gy\u00f3gyszer\u00e9szeti_szaknyelv_2_angol_n\u00e9met_magyar_tant\u00e1rgyi_adatlap<\/a><br \/>\n<a href=\"https:\/\/semmelweis.hu\/gytk\/files\/2024\/08\/4sz_melleklet_Elhanyagolt-tropusi-betegsegek-farmakoterapia-es-kozegeszsegugy.pdf\" target=\"_blank\" rel=\"noopener\">4sz_mell\u00e9klet_Elhanyagolt tr\u00f3pusi betegs\u00e9gek farmakoter\u00e1pia \u00e9s k\u00f6zeg\u00e9szs\u00e9g\u00fcgy_tant\u00e1rgyi_adatlap<\/a><br \/>\n<a href=\"https:\/\/semmelweis.hu\/gytk\/files\/2024\/08\/5sz_melleklet_Jelatvitel-es-celzott-terapia.pdf\" target=\"_blank\" rel=\"noopener\">5sz_mell\u00e9klet_Jel\u00e1tvitel_\u00e9s_c\u00e9lzott_ter\u00e1pia_tant\u00e1rgyi_adatlap<\/a><\/p>\n<p>&nbsp;<\/p>\n","protected":false},"author":101431,"featured_media":0,"parent":5323,"menu_order":57,"comment_status":"closed","ping_status":"closed","template":"","meta":{"_acf_changed":false,"footnotes":""},"categories":[],"tags":[],"class_list":["post-16449","page","type-page","status-publish","hentry"],"acf":[],"_links":{"self":[{"href":"https:\/\/semmelweis.hu\/gytk\/wp-json\/wp\/v2\/pages\/16449","targetHints":{"allow":["GET"]}}],"collection":[{"href":"https:\/\/semmelweis.hu\/gytk\/wp-json\/wp\/v2\/pages"}],"about":[{"href":"https:\/\/semmelweis.hu\/gytk\/wp-json\/wp\/v2\/types\/page"}],"author":[{"embeddable":true,"href":"https:\/\/semmelweis.hu\/gytk\/wp-json\/wp\/v2\/users\/101431"}],"replies":[{"embeddable":true,"href":"https:\/\/semmelweis.hu\/gytk\/wp-json\/wp\/v2\/comments?post=16449"}],"version-history":[{"count":1,"href":"https:\/\/semmelweis.hu\/gytk\/wp-json\/wp\/v2\/pages\/16449\/revisions"}],"predecessor-version":[{"id":16450,"href":"https:\/\/semmelweis.hu\/gytk\/wp-json\/wp\/v2\/pages\/16449\/revisions\/16450"}],"up":[{"embeddable":true,"href":"https:\/\/semmelweis.hu\/gytk\/wp-json\/wp\/v2\/pages\/5323"}],"wp:attachment":[{"href":"https:\/\/semmelweis.hu\/gytk\/wp-json\/wp\/v2\/media?parent=16449"}],"wp:term":[{"taxonomy":"category","embeddable":true,"href":"https:\/\/semmelweis.hu\/gytk\/wp-json\/wp\/v2\/categories?post=16449"},{"taxonomy":"post_tag","embeddable":true,"href":"https:\/\/semmelweis.hu\/gytk\/wp-json\/wp\/v2\/tags?post=16449"}],"curies":[{"name":"wp","href":"https:\/\/api.w.org\/{rel}","templated":true}]}}