{"id":16286,"date":"2024-06-24T10:09:12","date_gmt":"2024-06-24T08:09:12","guid":{"rendered":"https:\/\/semmelweis.hu\/gytk\/?page_id=16286"},"modified":"2024-06-24T10:09:49","modified_gmt":"2024-06-24T08:09:49","slug":"2024-junius-19","status":"publish","type":"page","link":"https:\/\/semmelweis.hu\/gytk\/a-karrol\/kari-tanacs\/kari-tanacs-eloterjesztesek\/2024-junius-19\/","title":{"rendered":"2024. j\u00fanius 19."},"content":{"rendered":"<p style=\"text-align: center\"><strong>Kari Tan\u00e1cs\u00fcl\u00e9s 2024. j\u00fanius 19. 16:00 \u00f3ra<\/strong><\/p>\n<p><a href=\"https:\/\/semmelweis.hu\/gytk\/files\/2024\/06\/MEGHIVO.pdf\" target=\"_blank\" rel=\"noopener\">MEGH\u00cdV\u00d3<\/a><\/p>\n<p><strong>2. napirendi pont<\/strong><\/p>\n<p><a href=\"https:\/\/semmelweis.hu\/gytk\/files\/2024\/06\/KT_Eloterjesztes_a_Gyogyszereszeti_Intezetben_kiirt_igazgatoi_palyazat_velemenyezese.pdf\" target=\"_blank\" rel=\"noopener\">KT_El\u0151terjeszt\u00e9s_a_Gy\u00f3gyszer\u00e9szeti_Int\u00e9zetben_ki\u00edrt_igazgat\u00f3i_\u00e1ll\u00e1sp\u00e1ly\u00e1zat_v\u00e9lem\u00e9nyez\u00e9se<\/a><\/p>\n<ul>\n<li><a href=\"https:\/\/semmelweis.hu\/gytk\/files\/2024\/06\/Antal-Istvan-intezetigazgatoi-palyazat_2024_I.resz-szukitett.pdf\" target=\"_blank\" rel=\"noopener\">2a_mell\u00e9klet_sz\u0171k\u00edtett_p\u00e1ly\u00e1zat<\/a><\/li>\n<li><a href=\"https:\/\/semmelweis.hu\/gytk\/files\/2024\/06\/Antal-Istvan_osszefoglalo-tablazat_hitelesitve.pdf\" target=\"_blank\" rel=\"noopener\">2b_mell\u00e9klet MTMT_\u00f6sszefoglal\u00e1s<\/a><\/li>\n<li><a href=\"https:\/\/semmelweis.hu\/gytk\/files\/2024\/06\/Biralo-Bizttsag-velemeny.pdf\" target=\"_blank\" rel=\"noopener\">3_mell\u00e9klet_B\u00edr\u00e1l\u00f3_Bizotts\u00e1g_v\u00e9lem\u00e9nyez\u00e9se<\/a><\/li>\n<li><a href=\"https:\/\/semmelweis.hu\/gytk\/files\/2024\/06\/Prof.-Antal-Istvan-igazgatoi-beszamolo_munkavallaloi-forum.pdf\" target=\"_blank\" rel=\"noopener\">4_mell\u00e9klet_Munkav\u00e1llal\u00f3i_F\u00f3rum_\u00fcl\u00e9s\u00e9r\u0151l_sz\u00f3l\u00f3_jegyz\u0151k\u00f6nyv<\/a><\/li>\n<\/ul>\n<p><strong>3. napirendi pont<\/strong><\/p>\n<p><a href=\"https:\/\/semmelweis.hu\/gytk\/files\/2024\/06\/KT_Eloterjesztes_a_karon_mukodo_allado_bizottsagok_szemelyi_osszetetelenek_megujitasarol-1.pdf\" target=\"_blank\" rel=\"noopener\">KT_El\u0151terjeszt\u00e9s_a_karon_m\u0171k\u00f6d\u0151_\u00e1llad\u00f3_bizotts\u00e1gok_szem\u00e9lyi_\u00f6sszet\u00e9tel\u00e9nek_meg\u00faj\u00edt\u00e1s\u00e1r\u00f3l<\/a><\/p>\n<ul>\n<li><a href=\"https:\/\/semmelweis.hu\/gytk\/files\/2024\/06\/3_napirendi_pont_2_sz_melleklet_HOK_hatarozat_GYT_bizottsagi_delegaltak.pdf\" target=\"_blank\" rel=\"noopener\">3_napirendi_pont_2_sz_mell\u00e9klet_H\u00d6K_hat\u00e1rozat_GYT_bizotts\u00e1gi_deleg\u00e1ltak<\/a><\/li>\n<\/ul>\n<p><strong>4. napirendi pont<\/strong><\/p>\n<p><a href=\"https:\/\/semmelweis.hu\/gytk\/files\/2024\/06\/KT_Eloterjesztes_-a-Curriculum_2.0_projekt_kereteben_elkeszult_uj_mintatanterv_velemenyezesehez.pdf\" target=\"_blank\" rel=\"noopener\">KT_El\u0151terjeszt\u00e9s_Curriculum_2.0_projekt_keret\u00e9ben_elk\u00e9sz\u00fclt_\u00faj_mintatanterv_v\u00e9lem\u00e9nyez\u00e9se<\/a><\/p>\n<ul>\n<li><a href=\"https:\/\/semmelweis.hu\/gytk\/files\/2024\/06\/Curriculum_2.0_Magyar_2024_25_KT_4napirend_melleklet-6.pdf\">4napirendi_pont_2_sz_mell\u00e9klet_Curriculum_2.0_\u00faj_mintatanterv_2024_25_magyar<\/a><\/li>\n<li><a href=\"https:\/\/semmelweis.hu\/gytk\/files\/2024\/06\/Curriculum-2.0_Nemet_2024_25_KT_4napirend_melleklet-3.pdf\">4napirendi_pont_3_sz_mell\u00e9klet_Curriculum_2.0_\u00faj_mintatanterv_2024_25_n\u00e9met<\/a><\/li>\n<li><a href=\"https:\/\/semmelweis.hu\/gytk\/files\/2024\/06\/Curriculum_2.0_Angol_2024_25_honlap.pdf\">4napirendi_pont_4_sz_mell\u00e9klet_Curriculum_2.0_\u00faj_mintatanterv_2024_24_angol<\/a><\/li>\n<li><span style=\"font-size: 14pt\"><a href=\"https:\/\/semmelweis.hu\/gytk\/files\/2024\/06\/Curriculum-2.0_uj_mintatanterv_Kari_Hallgatoi_reszonkormanyzat_tamogatasa.pdf\" target=\"_blank\" rel=\"noopener\">4napirendi_pont_5_sz_mell\u00e9klet_Curriculum 2.0_\u00faj_mintatanterv_Kari_H\u00d6K_t\u00e1mogat\u00e1sa<\/a><\/span><\/li>\n<\/ul>\n<p><strong>5. napirendi pont<\/strong><\/p>\n<ul>\n<li><a href=\"https:\/\/semmelweis.hu\/gytk\/files\/2024\/06\/5napirend_1sz_melleklet_gyogyszertari_akkreditacio.pdf\" target=\"_blank\" rel=\"noopener\">1sz_mell\u00e9klet_Szakk\u00e9pz\u0151_helyek_akkredit\u00e1ci\u00f3s_k\u00e9relmeinek_v\u00e9lem\u00e9nyez\u00e9se<\/a><\/li>\n<\/ul>\n<p>&nbsp;<\/p>\n","protected":false},"excerpt":{"rendered":"<p>Kari Tan\u00e1cs\u00fcl\u00e9s 2024. j\u00fanius 19. 16:00 \u00f3ra<br \/>\n<a href=\"https:\/\/semmelweis.hu\/gytk\/files\/2024\/06\/MEGHIVO.pdf\" target=\"_blank\" rel=\"noopener\">MEGH\u00cdV\u00d3<\/a><br \/>\n2. napirendi pont<br \/>\n<a href=\"https:\/\/semmelweis.hu\/gytk\/files\/2024\/06\/KT_Eloterjesztes_a_Gyogyszereszeti_Intezetben_kiirt_igazgatoi_palyazat_velemenyezese.pdf\" target=\"_blank\" rel=\"noopener\">KT_El\u0151terjeszt\u00e9s_a_Gy\u00f3gyszer\u00e9szeti_Int\u00e9zetben_ki\u00edrt_igazgat\u00f3i_\u00e1ll\u00e1sp\u00e1ly\u00e1zat_v\u00e9lem\u00e9nyez\u00e9se<\/a><\/p>\n<p><a href=\"https:\/\/semmelweis.hu\/gytk\/files\/2024\/06\/Antal-Istvan-intezetigazgatoi-palyazat_2024_I.resz-szukitett.pdf\" target=\"_blank\" rel=\"noopener\">2a_mell\u00e9klet_sz\u0171k\u00edtett_p\u00e1ly\u00e1zat<\/a><br \/>\n<a href=\"https:\/\/semmelweis.hu\/gytk\/files\/2024\/06\/Antal-Istvan_osszefoglalo-tablazat_hitelesitve.pdf\" target=\"_blank\" rel=\"noopener\">2b_mell\u00e9klet MTMT_\u00f6sszefoglal\u00e1s<\/a><br \/>\n<a href=\"https:\/\/semmelweis.hu\/gytk\/files\/2024\/06\/Biralo-Bizttsag-velemeny.pdf\" target=\"_blank\" rel=\"noopener\">3_mell\u00e9klet_B\u00edr\u00e1l\u00f3_Bizotts\u00e1g_v\u00e9lem\u00e9nyez\u00e9se<\/a><br \/>\n<a href=\"https:\/\/semmelweis.hu\/gytk\/files\/2024\/06\/Prof.-Antal-Istvan-igazgatoi-beszamolo_munkavallaloi-forum.pdf\" target=\"_blank\" rel=\"noopener\">4_mell\u00e9klet_Munkav\u00e1llal\u00f3i_F\u00f3rum_\u00fcl\u00e9s\u00e9r\u0151l_sz\u00f3l\u00f3_jegyz\u0151k\u00f6nyv<\/a><\/p>\n<p>3. napirendi pont<br \/>\n<a href=\"https:\/\/semmelweis.hu\/gytk\/files\/2024\/06\/KT_Eloterjesztes_a_karon_mukodo_allado_bizottsagok_szemelyi_osszetetelenek_megujitasarol-1.pdf\" target=\"_blank\" rel=\"noopener\">KT_El\u0151terjeszt\u00e9s_a_karon_m\u0171k\u00f6d\u0151_\u00e1llad\u00f3_bizotts\u00e1gok_szem\u00e9lyi_\u00f6sszet\u00e9tel\u00e9nek_meg\u00faj\u00edt\u00e1s\u00e1r\u00f3l<\/a><\/p>\n<p><a href=\"https:\/\/semmelweis.hu\/gytk\/files\/2024\/06\/3_napirendi_pont_2_sz_melleklet_HOK_hatarozat_GYT_bizottsagi_delegaltak.pdf\" target=\"_blank\" rel=\"noopener\">3_napirendi_pont_2_sz_mell\u00e9klet_H\u00d6K_hat\u00e1rozat_GYT_bizotts\u00e1gi_deleg\u00e1ltak<\/a><\/p>\n<p>4. napirendi pont<br \/>\n<a href=\"https:\/\/semmelweis.hu\/gytk\/files\/2024\/06\/KT_Eloterjesztes_-a-Curriculum_2.0_projekt_kereteben_elkeszult_uj_mintatanterv_velemenyezesehez.pdf\" target=\"_blank\" rel=\"noopener\">KT_El\u0151terjeszt\u00e9s_Curriculum_2.0_projekt_keret\u00e9ben_elk\u00e9sz\u00fclt_\u00faj_mintatanterv_v\u00e9lem\u00e9nyez\u00e9se<\/a><\/p>\n<p><a href=\"https:\/\/semmelweis.hu\/gytk\/files\/2024\/06\/Curriculum_2.0_Magyar_2024_25_KT_4napirend_melleklet-6.pdf\">4napirendi_pont_2_sz_mell\u00e9klet_Curriculum_2.0_\u00faj_mintatanterv_2024_25_magyar<\/a><br \/>\n<a href=\"https:\/\/semmelweis.hu\/gytk\/files\/2024\/06\/Curriculum-2.0_Nemet_2024_25_KT_4napirend_melleklet-3.pdf\">4napirendi_pont_3_sz_mell\u00e9klet_Curriculum_2.0_\u00faj_mintatanterv_2024_25_n\u00e9met<\/a><br \/>\n<a href=\"https:\/\/semmelweis.hu\/gytk\/files\/2024\/06\/Curriculum_2.0_Angol_2024_25_honlap.pdf\">4napirendi_pont_4_sz_mell\u00e9klet_Curriculum_2.0_\u00faj_mintatanterv_2024_24_angol<\/a><br \/>\n<a href=\"https:\/\/semmelweis.hu\/gytk\/files\/2024\/06\/Curriculum-2.0_uj_mintatanterv_Kari_Hallgatoi_reszonkormanyzat_tamogatasa.pdf\" target=\"_blank\" rel=\"noopener\">4napirendi_pont_5_sz_mell\u00e9klet_Curriculum 2.0_\u00faj_mintatanterv_Kari_H\u00d6K_t\u00e1mogat\u00e1sa<\/a><\/p>\n<p>5. napirendi pont<\/p>\n<p><a href=\"https:\/\/semmelweis.hu\/gytk\/files\/2024\/06\/5napirend_1sz_melleklet_gyogyszertari_akkreditacio.pdf\" target=\"_blank\" rel=\"noopener\">1sz_mell\u00e9klet_Szakk\u00e9pz\u0151_helyek_akkredit\u00e1ci\u00f3s_k\u00e9relmeinek_v\u00e9lem\u00e9nyez\u00e9se<\/a><\/p>\n<p>&nbsp;<\/p>\n","protected":false},"author":101431,"featured_media":0,"parent":5323,"menu_order":56,"comment_status":"closed","ping_status":"closed","template":"","meta":{"_acf_changed":false,"footnotes":""},"categories":[],"tags":[],"class_list":["post-16286","page","type-page","status-publish","hentry"],"acf":[],"_links":{"self":[{"href":"https:\/\/semmelweis.hu\/gytk\/wp-json\/wp\/v2\/pages\/16286","targetHints":{"allow":["GET"]}}],"collection":[{"href":"https:\/\/semmelweis.hu\/gytk\/wp-json\/wp\/v2\/pages"}],"about":[{"href":"https:\/\/semmelweis.hu\/gytk\/wp-json\/wp\/v2\/types\/page"}],"author":[{"embeddable":true,"href":"https:\/\/semmelweis.hu\/gytk\/wp-json\/wp\/v2\/users\/101431"}],"replies":[{"embeddable":true,"href":"https:\/\/semmelweis.hu\/gytk\/wp-json\/wp\/v2\/comments?post=16286"}],"version-history":[{"count":2,"href":"https:\/\/semmelweis.hu\/gytk\/wp-json\/wp\/v2\/pages\/16286\/revisions"}],"predecessor-version":[{"id":16288,"href":"https:\/\/semmelweis.hu\/gytk\/wp-json\/wp\/v2\/pages\/16286\/revisions\/16288"}],"up":[{"embeddable":true,"href":"https:\/\/semmelweis.hu\/gytk\/wp-json\/wp\/v2\/pages\/5323"}],"wp:attachment":[{"href":"https:\/\/semmelweis.hu\/gytk\/wp-json\/wp\/v2\/media?parent=16286"}],"wp:term":[{"taxonomy":"category","embeddable":true,"href":"https:\/\/semmelweis.hu\/gytk\/wp-json\/wp\/v2\/categories?post=16286"},{"taxonomy":"post_tag","embeddable":true,"href":"https:\/\/semmelweis.hu\/gytk\/wp-json\/wp\/v2\/tags?post=16286"}],"curies":[{"name":"wp","href":"https:\/\/api.w.org\/{rel}","templated":true}]}}