{"id":16130,"date":"2024-05-21T15:12:00","date_gmt":"2024-05-21T13:12:00","guid":{"rendered":"https:\/\/semmelweis.hu\/gytk\/?page_id=16130"},"modified":"2025-04-10T12:41:10","modified_gmt":"2025-04-10T10:41:10","slug":"kari-tanacs-2024-majus-14","status":"publish","type":"page","link":"https:\/\/semmelweis.hu\/gytk\/a-karrol\/kari-tanacs\/kari-tanacs-eloterjesztesek\/kari-tanacs-2024-majus-14\/","title":{"rendered":"2024. m\u00e1jus 14."},"content":{"rendered":"<p style=\"text-align: center\"><strong>Kari Tan\u00e1cs\u00fcl\u00e9s 2024. m\u00e1jus 14. 14:30 \u00f3ra<\/strong><\/p>\n<p><strong><a href=\"https:\/\/semmelweis.hu\/gytk\/files\/2024\/05\/Meghivo_KT.pdf\" target=\"_blank\" rel=\"noopener\">MEGH\u00cdV\u00d3<\/a><\/strong><\/p>\n<p><strong>2. napirendi pont<\/strong><\/p>\n<p style=\"padding-left: 40px\"><a href=\"https:\/\/semmelweis.hu\/gytk\/files\/2024\/05\/2_napirend_KT_Eloterjesztes_docensi_palyazat_FI_VA.pdf\" target=\"_blank\" rel=\"noopener\">KT_El\u0151terjeszt\u00e9s_a_Farmakogn\u00f3ziai_int\u00e9zetben_ki\u00edrt_docensi_\u00e1ll\u00e1sp\u00e1ly\u00e1zat_v\u00e9lem\u00e9nyez\u00e9se_VA<\/a><\/p>\n<ul>\n<li>2_napirend_2_sz_mell\u00e9klet_<a href=\"https:\/\/semmelweis.hu\/gytk\/files\/2024\/05\/Vanyolos_Attila_palyazat.pdf\" target=\"_blank\" rel=\"noopener\">sz\u0171k\u00edtett_p\u00e1ly\u00e1zat_VA<\/a><\/li>\n<li>2_napirend_3_sz_mell\u00e9klet<a href=\"https:\/\/semmelweis.hu\/gytk\/files\/2024\/05\/Munkavallaloi_forum_FI_docensi_palyazat_VA.pdf\" target=\"_blank\" rel=\"noopener\">_Munkav\u00e1llal\u00f3i_F\u00f3rum_jegyz\u0151k\u00f6nyv<\/a><br \/>\n\u00a0\u00a0<\/li>\n<\/ul>\n<p><strong>3. napirendi pont<\/strong><\/p>\n<p style=\"padding-left: 40px\"><a href=\"https:\/\/semmelweis.hu\/gytk\/files\/2024\/05\/KT_Eloterjesztes_az_Egyetem_altal_adomanyozhato_oraadoi_cimre_torteno_javaslatok_velemenyezese.pdf\" target=\"_blank\" rel=\"noopener\">KT_El\u0151terjeszt\u00e9s_az_Egyetem_\u00e1ltal_adom\u00e1nyozhat\u00f3_\u00f3raad\u00f3i_c\u00edmre_t\u00f6rt\u00e9n\u0151_javaslatok_v\u00e9lem\u00e9nyez\u00e9se<\/a><\/p>\n<ul>\n<li>3_napirendi_pont_2_sz_mell\u00e9klet<a href=\"https:\/\/semmelweis.hu\/gytk\/files\/2024\/05\/3_napirendi_pont_2_sz_melleklet_kerdoiv.pdf\" target=\"_blank\" rel=\"noopener\">_k\u00e9rd\u0151\u00edv<\/a><\/li>\n<li>3_napirendi_pont_3_sz_mell\u00e9klet<a href=\"https:\/\/semmelweis.hu\/gytk\/files\/2024\/05\/3_napirendi_pont_3_sz_melleklet_CV.pdf\" target=\"_blank\" rel=\"noopener\">_CV<\/a><\/li>\n<li>3_napirendi_pont_4_sz_mell\u00e9klet_<a href=\"https:\/\/semmelweis.hu\/gytk\/files\/2024\/05\/3_napirendi_pont_4_sz_melleklet_publikacios_lista.pdf\" target=\"_blank\" rel=\"noopener\">publik\u00e1ci\u00f3s_lista<\/a><\/li>\n<li>3_napirendi_pont_5_sz_mell\u00e9klet_<a href=\"https:\/\/semmelweis.hu\/gytk\/files\/2024\/05\/3_napirendi_pont_5_sz_melleklet_doktori_oklevel.pdf\" target=\"_blank\" rel=\"noopener\">doktori_oklev\u00e9l<\/a><\/li>\n<\/ul>\n<p><strong>4. napirendi pont<\/strong><\/p>\n<p style=\"padding-left: 40px\"><a href=\"https:\/\/semmelweis.hu\/gytk\/files\/2025\/04\/KT_eloterjesztes_zv_bizottsag_osszetetele.pdf\" target=\"_blank\" rel=\"noopener\">KT_El\u0151terjeszt\u00e9s_javaslat_a_2024_\u00e9vi_z\u00e1r\u00f3vizsga_bizotts\u00e1gok_szem\u00e9lyi_\u00f6sszet\u00e9tel\u00e9re<\/a><\/p>\n<p><strong>5. napirendi pont<\/strong><\/p>\n<p style=\"padding-left: 40px\"><a href=\"https:\/\/semmelweis.hu\/gytk\/files\/2024\/05\/KT_Eloterjesztes_Elofelteteli_kovetelmenyek_modositasanak_velemenyezese.pdf\" target=\"_blank\" rel=\"noopener\">KT_El\u0151terjeszt\u00e9s_El\u0151felt\u00e9teli_k\u00f6vetelm\u00e9nyek_m\u00f3dos\u00edt\u00e1s\u00e1nak_v\u00e9lem\u00e9nyez\u00e9se<\/a><\/p>\n<ul>\n<li>5_napirend_2sz_mell\u00e9klet<a href=\"https:\/\/semmelweis.hu\/gytk\/files\/2024\/05\/5_napirend_2sz_melleklet_modositott_elofeltetel_20240514.pdf\" target=\"_blank\" rel=\"noopener\">_m\u00f3dos\u00edtott_el\u0151felt\u00e9tel<\/a><\/li>\n<\/ul>\n<p><strong>6. napirendi pont<\/strong><\/p>\n<p style=\"padding-left: 40px\"><a href=\"https:\/\/semmelweis.hu\/gytk\/files\/2024\/05\/KT_Eloterjesztes_a-2024_evi_jubileumi_diszoklevelek_odaitelese.pdf\" target=\"_blank\" rel=\"noopener\">KT_El\u0151terjeszt\u00e9s_a 2024_\u00e9vi_jubileumi_d\u00edszoklevelek_oda\u00edt\u00e9l\u00e9se<\/a><\/p>\n<ul>\n<li>6_napirend_2_sz_mell\u00e9klet_<a href=\"https:\/\/semmelweis.hu\/gytk\/files\/2024\/05\/Jubileumi-diszoklevelet-igenylok-nevsora-2.pdf\" target=\"_blank\" rel=\"noopener\">Jubileumi d\u00edszoklevelet ig\u00e9nyl\u0151k n\u00e9vsora<\/a><\/li>\n<\/ul>\n<p><strong>7. napirendi pont<\/strong><\/p>\n<p><strong>T\u00e1j\u00e9koztat\u00f3 az el\u0151z\u0151 f\u00e9l\u00e9v (2023\/2024\/1) tanulm\u00e1nyi eredm\u00e9nyeir\u0151l<\/strong><\/p>\n<ul>\n<li>7_napirend_1a_sz_mell\u00e9klet_<a href=\"https:\/\/semmelweis.hu\/gytk\/files\/2024\/05\/tantargyi_statisztika_2023_24_1_magyar.pdf\" target=\"_blank\" rel=\"noopener\">2023_2024_1_ tanulm\u00e1nyi_eredm\u00e9ny_magyar<\/a><\/li>\n<li>7_napirend_1b_sz_mell\u00e9klet_<a href=\"https:\/\/semmelweis.hu\/gytk\/files\/2024\/05\/tantargyi_statisztika_2023_24_1_angol.pdf\" target=\"_blank\" rel=\"noopener\">2023_2024_1_ tanulm\u00e1nyi_eredm\u00e9ny_angol<\/a><\/li>\n<li>7_napirend_1c_sz_mell\u00e9klet_<a href=\"https:\/\/semmelweis.hu\/gytk\/files\/2024\/05\/tantargyi_statisztika_2023_24_1_nemet.pdf\" target=\"_blank\" rel=\"noopener\">2023_2024_1_ tanulm\u00e1nyi_eredm\u00e9ny_n\u00e9met<\/a><\/li>\n<\/ul>\n<p><strong>8. napirendi pont<\/strong><\/p>\n<p style=\"padding-left: 40px\"><a href=\"https:\/\/semmelweis.hu\/gytk\/files\/2024\/05\/szakkepzohelyek_akkreditacios_kerelmek_-2023.12.05-2024.05.06.pdf\" target=\"_blank\" rel=\"noopener\">Szakk\u00e9pz\u0151 helyek akkredit\u00e1c\u00f3s k\u00e9relmeinek v\u00e9lem\u00e9nyez\u00e9se<\/a><\/p>\n<p>&nbsp;<\/p>\n<p>&nbsp;<\/p>\n","protected":false},"excerpt":{"rendered":"<p>Kari Tan\u00e1cs\u00fcl\u00e9s 2024. m\u00e1jus 14. 14:30 \u00f3ra <a href=\"https:\/\/semmelweis.hu\/gytk\/files\/2024\/05\/Meghivo_KT.pdf\" target=\"_blank\" rel=\"noopener\">MEGH\u00cdV\u00d3<\/a> 2. napirendi pont <a href=\"https:\/\/semmelweis.hu\/gytk\/files\/2024\/05\/2_napirend_KT_Eloterjesztes_docensi_palyazat_FI_VA.pdf\" target=\"_blank\" rel=\"noopener\">KT_El\u0151terjeszt\u00e9s_a_Farmakogn\u00f3ziai_int\u00e9zetben_ki\u00edrt_docensi_\u00e1ll\u00e1sp\u00e1ly\u00e1zat_v\u00e9lem\u00e9nyez\u00e9se_VA<\/a> 2_napirend_2_sz_mell\u00e9klet_ <a href=\"https:\/\/semmelweis.hu\/gytk\/files\/2024\/05\/Vanyolos_Attila_palyazat.pdf\" target=\"_blank\" rel=\"noopener\">sz\u0171k\u00edtett_p\u00e1ly\u00e1zat_VA<\/a> 2_napirend_3_sz_mell\u00e9klet <a href=\"https:\/\/semmelweis.hu\/gytk\/files\/2024\/05\/Munkavallaloi_forum_FI_docensi_palyazat_VA.pdf\" target=\"_blank\" rel=\"noopener\">_Munkav\u00e1llal\u00f3i_F\u00f3rum_jegyz\u0151k\u00f6nyv<\/a> \u00a0\u00a0 3. napirendi pont <a href=\"https:\/\/semmelweis.hu\/gytk\/files\/2024\/05\/KT_Eloterjesztes_az_Egyetem_altal_adomanyozhato_oraadoi_cimre_torteno_javaslatok_velemenyezese.pdf\" target=\"_blank\" rel=\"noopener\">KT_El\u0151terjeszt\u00e9s_az_Egyetem_\u00e1ltal_adom\u00e1nyozhat\u00f3_\u00f3raad\u00f3i_c\u00edmre_t\u00f6rt\u00e9n\u0151_javaslatok_v\u00e9lem\u00e9nyez\u00e9se<\/a> 3_napirendi_pont_2_sz_mell\u00e9klet <a href=\"https:\/\/semmelweis.hu\/gytk\/files\/2024\/05\/3_napirendi_pont_2_sz_melleklet_kerdoiv.pdf\" target=\"_blank\" rel=\"noopener\">_k\u00e9rd\u0151\u00edv<\/a> 3_napirendi_pont_3_sz_mell\u00e9klet <a href=\"https:\/\/semmelweis.hu\/gytk\/files\/2024\/05\/3_napirendi_pont_3_sz_melleklet_CV.pdf\" target=\"_blank\" rel=\"noopener\">_CV<\/a> 3_napirendi_pont_4_sz_mell\u00e9klet_ <a href=\"https:\/\/semmelweis.hu\/gytk\/files\/2024\/05\/3_napirendi_pont_4_sz_melleklet_publikacios_lista.pdf\" target=\"_blank\" rel=\"noopener\">publik\u00e1ci\u00f3s_lista<\/a> 3_napirendi_pont_5_sz_mell\u00e9klet_ <a href=\"https:\/\/semmelweis.hu\/gytk\/files\/2024\/05\/3_napirendi_pont_5_sz_melleklet_doktori_oklevel.pdf\" target=\"_blank\" rel=\"noopener\">doktori_oklev\u00e9l<\/a> 4. napirendi pont <a href=\"https:\/\/semmelweis.hu\/gytk\/files\/2025\/04\/KT_eloterjesztes_zv_bizottsag_osszetetele.pdf\" target=\"_blank\" rel=\"noopener\">KT_El\u0151terjeszt\u00e9s_javaslat_a_2024_\u00e9vi_z\u00e1r\u00f3vizsga_bizotts\u00e1gok_szem\u00e9lyi_\u00f6sszet\u00e9tel\u00e9re<\/a> 5. napirendi pont <a href=\"https:\/\/semmelweis.hu\/gytk\/files\/2024\/05\/KT_Eloterjesztes_Elofelteteli_kovetelmenyek_modositasanak_velemenyezese.pdf\" target=\"_blank\" rel=\"noopener\">KT_El\u0151terjeszt\u00e9s_El\u0151felt\u00e9teli_k\u00f6vetelm\u00e9nyek_m\u00f3dos\u00edt\u00e1s\u00e1nak_v\u00e9lem\u00e9nyez\u00e9se<\/a> 5_napirend_2sz_mell\u00e9klet <a href=\"https:\/\/semmelweis.hu\/gytk\/files\/2024\/05\/5_napirend_2sz_melleklet_modositott_elofeltetel_20240514.pdf\" target=\"_blank\" rel=\"noopener\">_m\u00f3dos\u00edtott_el\u0151felt\u00e9tel<\/a> 6. napirendi pont <a href=\"https:\/\/semmelweis.hu\/gytk\/files\/2024\/05\/KT_Eloterjesztes_a-2024_evi_jubileumi_diszoklevelek_odaitelese.pdf\" target=\"_blank\" rel=\"noopener\">KT_El\u0151terjeszt\u00e9s_a 2024_\u00e9vi_jubileumi_d\u00edszoklevelek_oda\u00edt\u00e9l\u00e9se<\/a> 6_napirend_2_sz_mell\u00e9klet_ <a href=\"https:\/\/semmelweis.hu\/gytk\/files\/2024\/05\/Jubileumi-diszoklevelet-igenylok-nevsora-2.pdf\" target=\"_blank\" rel=\"noopener\">Jubileumi d\u00edszoklevelet ig\u00e9nyl\u0151k n\u00e9vsora<\/a> 7. napirendi pont T\u00e1j\u00e9koztat\u00f3 az el\u0151z\u0151 f\u00e9l\u00e9v (2023\/2024\/1) tanulm\u00e1nyi eredm\u00e9nyeir\u0151l 7_napirend_1a_sz_mell\u00e9klet_ <a href=\"https:\/\/semmelweis.hu\/gytk\/files\/2024\/05\/tantargyi_statisztika_2023_24_1_magyar.pdf\" target=\"_blank\" rel=\"noopener\">2023_2024_1_ tanulm\u00e1nyi_eredm\u00e9ny_magyar<\/a> 7_napirend_1b_sz_mell\u00e9klet_ <a href=\"https:\/\/semmelweis.hu\/gytk\/files\/2024\/05\/tantargyi_statisztika_2023_24_1_angol.pdf\" target=\"_blank\" rel=\"noopener\">2023_2024_1_ tanulm\u00e1nyi_eredm\u00e9ny_angol<\/a> 7_napirend_1c_sz_mell\u00e9klet_ <a href=\"https:\/\/semmelweis.hu\/gytk\/files\/2024\/05\/tantargyi_statisztika_2023_24_1_nemet.pdf\" target=\"_blank\" rel=\"noopener\">2023_2024_1_ tanulm\u00e1nyi_eredm\u00e9ny_n\u00e9met<\/a> 8. napirendi pont <a href=\"https:\/\/semmelweis.hu\/gytk\/files\/2024\/05\/szakkepzohelyek_akkreditacios_kerelmek_-2023.12.05-2024.05.06.pdf\" target=\"_blank\" rel=\"noopener\">Szakk\u00e9pz\u0151 helyek akkredit\u00e1c\u00f3s k\u00e9relmeinek v\u00e9lem\u00e9nyez\u00e9se<\/a> &nbsp; &hellip;<\/p>\n","protected":false},"author":101431,"featured_media":0,"parent":5323,"menu_order":55,"comment_status":"closed","ping_status":"closed","template":"","meta":{"_acf_changed":false,"footnotes":""},"categories":[],"tags":[],"class_list":["post-16130","page","type-page","status-publish","hentry"],"acf":[],"_links":{"self":[{"href":"https:\/\/semmelweis.hu\/gytk\/wp-json\/wp\/v2\/pages\/16130","targetHints":{"allow":["GET"]}}],"collection":[{"href":"https:\/\/semmelweis.hu\/gytk\/wp-json\/wp\/v2\/pages"}],"about":[{"href":"https:\/\/semmelweis.hu\/gytk\/wp-json\/wp\/v2\/types\/page"}],"author":[{"embeddable":true,"href":"https:\/\/semmelweis.hu\/gytk\/wp-json\/wp\/v2\/users\/101431"}],"replies":[{"embeddable":true,"href":"https:\/\/semmelweis.hu\/gytk\/wp-json\/wp\/v2\/comments?post=16130"}],"version-history":[{"count":3,"href":"https:\/\/semmelweis.hu\/gytk\/wp-json\/wp\/v2\/pages\/16130\/revisions"}],"predecessor-version":[{"id":17109,"href":"https:\/\/semmelweis.hu\/gytk\/wp-json\/wp\/v2\/pages\/16130\/revisions\/17109"}],"up":[{"embeddable":true,"href":"https:\/\/semmelweis.hu\/gytk\/wp-json\/wp\/v2\/pages\/5323"}],"wp:attachment":[{"href":"https:\/\/semmelweis.hu\/gytk\/wp-json\/wp\/v2\/media?parent=16130"}],"wp:term":[{"taxonomy":"category","embeddable":true,"href":"https:\/\/semmelweis.hu\/gytk\/wp-json\/wp\/v2\/categories?post=16130"},{"taxonomy":"post_tag","embeddable":true,"href":"https:\/\/semmelweis.hu\/gytk\/wp-json\/wp\/v2\/tags?post=16130"}],"curies":[{"name":"wp","href":"https:\/\/api.w.org\/{rel}","templated":true}]}}