{"id":15840,"date":"2024-02-28T12:09:06","date_gmt":"2024-02-28T11:09:06","guid":{"rendered":"https:\/\/semmelweis.hu\/gytk\/?page_id=15840"},"modified":"2024-02-28T12:10:03","modified_gmt":"2024-02-28T11:10:03","slug":"kari-tanacsules-zoom-ertekezlet-2024-februar-21","status":"publish","type":"page","link":"https:\/\/semmelweis.hu\/gytk\/a-karrol\/kari-tanacs\/kari-tanacs-eloterjesztesek\/kari-tanacsules-zoom-ertekezlet-2024-februar-21\/","title":{"rendered":"2024. febru\u00e1r 21. zoom konferencia"},"content":{"rendered":"<p style=\"text-align: center\"><strong>Kari Tan\u00e1cs\u00fcl\u00e9s zoom konferencia 2024. febru\u00e1r 21. 16:00<\/strong><\/p>\n<p><a href=\"https:\/\/semmelweis.hu\/gytk\/files\/2024\/02\/MEGHIVO_20240221_zoomertekezlet-1.pdf\" target=\"_blank\" rel=\"noopener\">Megh\u00edv\u00f3<\/a><\/p>\n<ol>\n<li>napirendi pont: A Gy\u00f3gyszerhat\u00e1stani Int\u00e9zetben ki\u00edrt egyetemi tan\u00e1ri \u00e1ll\u00e1sp\u00e1ly\u00e1zat v\u00e9lem\u00e9nyez\u00e9se<\/li>\n<\/ol>\n<ul>\n<li style=\"list-style-type: none\">\n<ul>\n<li><a href=\"https:\/\/semmelweis.hu\/gytk\/files\/2024\/02\/1_napirend_KT_Eloterjesztes_egyetemitanari_palyazat-velemenyezese_JG.pdf\" target=\"_blank\" rel=\"noopener\">KT_El\u0151terjeszt\u00e9s_egyetemi_tan\u00e1ri_p\u00e1ly\u00e1zat v\u00e9lem\u00e9nyez\u00e9se_JG<\/a><\/li>\n<li><a href=\"https:\/\/semmelweis.hu\/gytk\/files\/2024\/02\/Dr_Juhasz_Gabriella_szukitett_palyazat.pdf\" target=\"_blank\" rel=\"noopener\">2_sz_mell\u00e9klet_sz\u0171k\u00edtett_p\u00e1ly\u00e1zat_JG<\/a><\/li>\n<li><a href=\"https:\/\/semmelweis.hu\/gytk\/files\/2024\/02\/1_sz_napirend_3_sz_melleklet_munkavallaloi_forum.pdf\" target=\"_blank\" rel=\"noopener\">1_sz_napirend_3_sz_mell\u00e9klet_munkav\u00e1llal\u00f3i_f\u00f3rum_v\u00e9lem\u00e9nyez\u00e9se<\/a><\/li>\n<\/ul>\n<\/li>\n<\/ul>\n<p>&nbsp;<\/p>\n","protected":false},"excerpt":{"rendered":"<p>Kari Tan\u00e1cs\u00fcl\u00e9s zoom konferencia 2024. febru\u00e1r 21. 16:00<br \/>\n<a href=\"https:\/\/semmelweis.hu\/gytk\/files\/2024\/02\/MEGHIVO_20240221_zoomertekezlet-1.pdf\" target=\"_blank\" rel=\"noopener\">Megh\u00edv\u00f3<\/a><\/p>\n<p>napirendi pont: A Gy\u00f3gyszerhat\u00e1stani Int\u00e9zetben ki\u00edrt egyetemi tan\u00e1ri \u00e1ll\u00e1sp\u00e1ly\u00e1zat v\u00e9lem\u00e9nyez\u00e9se<\/p>\n<p><a href=\"https:\/\/semmelweis.hu\/gytk\/files\/2024\/02\/1_napirend_KT_Eloterjesztes_egyetemitanari_palyazat-velemenyezese_JG.pdf\" target=\"_blank\" rel=\"noopener\">KT_El\u0151terjeszt\u00e9s_egyetemi_tan\u00e1ri_p\u00e1ly\u00e1zat v\u00e9lem\u00e9nyez\u00e9se_JG<\/a><br \/>\n<a href=\"https:\/\/semmelweis.hu\/gytk\/files\/2024\/02\/Dr_Juhasz_Gabriella_szukitett_palyazat.pdf\" target=\"_blank\" rel=\"noopener\">2_sz_mell\u00e9klet_sz\u0171k\u00edtett_p\u00e1ly\u00e1zat_JG<\/a><br \/>\n<a href=\"https:\/\/semmelweis.hu\/gytk\/files\/2024\/02\/1_sz_napirend_3_sz_melleklet_munkavallaloi_forum.pdf\" target=\"_blank\" rel=\"noopener\">1_sz_napirend_3_sz_mell\u00e9klet_munkav\u00e1llal\u00f3i_f\u00f3rum_v\u00e9lem\u00e9nyez\u00e9se<\/a><\/p>\n<p>&nbsp;<\/p>\n","protected":false},"author":101431,"featured_media":0,"parent":5323,"menu_order":54,"comment_status":"closed","ping_status":"closed","template":"","meta":{"_acf_changed":false,"footnotes":""},"categories":[],"tags":[],"class_list":["post-15840","page","type-page","status-publish","hentry"],"acf":[],"_links":{"self":[{"href":"https:\/\/semmelweis.hu\/gytk\/wp-json\/wp\/v2\/pages\/15840","targetHints":{"allow":["GET"]}}],"collection":[{"href":"https:\/\/semmelweis.hu\/gytk\/wp-json\/wp\/v2\/pages"}],"about":[{"href":"https:\/\/semmelweis.hu\/gytk\/wp-json\/wp\/v2\/types\/page"}],"author":[{"embeddable":true,"href":"https:\/\/semmelweis.hu\/gytk\/wp-json\/wp\/v2\/users\/101431"}],"replies":[{"embeddable":true,"href":"https:\/\/semmelweis.hu\/gytk\/wp-json\/wp\/v2\/comments?post=15840"}],"version-history":[{"count":2,"href":"https:\/\/semmelweis.hu\/gytk\/wp-json\/wp\/v2\/pages\/15840\/revisions"}],"predecessor-version":[{"id":15842,"href":"https:\/\/semmelweis.hu\/gytk\/wp-json\/wp\/v2\/pages\/15840\/revisions\/15842"}],"up":[{"embeddable":true,"href":"https:\/\/semmelweis.hu\/gytk\/wp-json\/wp\/v2\/pages\/5323"}],"wp:attachment":[{"href":"https:\/\/semmelweis.hu\/gytk\/wp-json\/wp\/v2\/media?parent=15840"}],"wp:term":[{"taxonomy":"category","embeddable":true,"href":"https:\/\/semmelweis.hu\/gytk\/wp-json\/wp\/v2\/categories?post=15840"},{"taxonomy":"post_tag","embeddable":true,"href":"https:\/\/semmelweis.hu\/gytk\/wp-json\/wp\/v2\/tags?post=15840"}],"curies":[{"name":"wp","href":"https:\/\/api.w.org\/{rel}","templated":true}]}}