{"id":15657,"date":"2023-12-06T12:48:13","date_gmt":"2023-12-06T11:48:13","guid":{"rendered":"https:\/\/semmelweis.hu\/gytk\/?page_id=15657"},"modified":"2023-12-06T12:49:11","modified_gmt":"2023-12-06T11:49:11","slug":"kari-tanacs-2023-december-5","status":"publish","type":"page","link":"https:\/\/semmelweis.hu\/gytk\/a-karrol\/kari-tanacs\/kari-tanacs-eloterjesztesek\/kari-tanacs-2023-december-5\/","title":{"rendered":"2023. december 5."},"content":{"rendered":"<p style=\"text-align: center\"><strong>Kari Tan\u00e1cs\u00fcl\u00e9s 2023. december 5. 15:00 \u00f3ra<\/strong><\/p>\n<p><a href=\"https:\/\/semmelweis.hu\/gytk\/files\/2023\/11\/KT_meghivo.pdf\" target=\"_blank\" rel=\"noopener\">MEGH\u00cdV\u00d3<\/a><\/p>\n<p><strong>2. napirendi pont<\/strong><br \/>\n<a href=\"https:\/\/semmelweis.hu\/gytk\/files\/2023\/11\/KT_Eloterjesztes_a-2024_evi_egyetemi_kituntetesek_adomanyozasara_vonatkozo_javaslat_velemenyezese.pdf\" target=\"_blank\" rel=\"noopener\">KT_El\u0151terjeszt\u00e9sz_2024_\u00e9vi_egyetemi_szint\u0171_kit\u00fcntet\u00e9si_javaslatok_v\u00e9lem\u00e9nyez\u00e9se_LK<\/a><\/p>\n<ul>\n<li><a href=\"https:\/\/semmelweis.hu\/gytk\/files\/2023\/11\/2.napirendi-pont-1sz.-melleklet.pdf\" target=\"_blank\" rel=\"noopener\">2_napirendi_pont_1.sz.mell\u00e9klet_kit\u00fcntet\u00e9si_javaslat<\/a><\/li>\n<li><a href=\"https:\/\/semmelweis.hu\/gytk\/files\/2023\/11\/Kivalo-Oktato-HOK-velemeny.pdf\" target=\"_blank\" rel=\"noopener\">2_napirendi_pont_2.sz. mell\u00e9klet_H\u00d6K_v\u00e9lem\u00e9ny<\/a><\/li>\n<\/ul>\n<p><strong>3. napirendi pont<\/strong><br \/>\n<a href=\"https:\/\/semmelweis.hu\/gytk\/files\/2023\/11\/KT_Eloterjesztes_a_2023_2024_tanevben_ervenyes_tantargyi_kovetelmenyrendszerek_elfogadasarol.pdf\" target=\"_blank\" rel=\"noopener\">KT_El\u0151terjeszt\u00e9s_a_2023\/2024_tan\u00e9v_tant\u00e1rgyi_programjainak_j\u00f3v\u00e1hagy\u00e1sa<\/a><\/p>\n<p>2_sz_mell\u00e9klet_I_\u00e9vfolyamra_iratkoz\u00f3_hallgat\u00f3k_r\u00e9sz\u00e9re_\u00e9rv\u00e9nyes_<br \/>\ntant\u00e1rgyi _programok_2023-2024_I_II_f\u00e9l\u00e9v<\/p>\n<ul>\n<li><a href=\"https:\/\/semmelweis.hu\/gytk\/files\/2023\/11\/I_I_magyar.zip\" target=\"_blank\" rel=\"noopener\">2a_sz. mell\u00e9klet_I_\u00e9vf_2023-2024_I_f\u00e9l\u00e9v _magyar<\/a><\/li>\n<li><a href=\"https:\/\/semmelweis.hu\/gytk\/files\/2023\/11\/I_II_magyar.zip\" target=\"_blank\" rel=\"noopener\">2b_sz. mell\u00e9klet_I_\u00e9vf_2023-2024_II_f\u00e9l\u00e9v_magyar<\/a><\/li>\n<li><a href=\"https:\/\/semmelweis.hu\/gytk\/files\/2023\/11\/I_I_nemet.zip\" target=\"_blank\" rel=\"noopener\">2c_sz. mell\u00e9klet_I_\u00e9vf_2023-2024_I_f\u00e9l\u00e9v_n\u00e9met<\/a><\/li>\n<li><a href=\"https:\/\/semmelweis.hu\/gytk\/files\/2023\/11\/I_II_nemet.zip\" target=\"_blank\" rel=\"noopener\">2c_sz. mell\u00e9klet_I_\u00e9vf_2023-2024_II_f\u00e9l\u00e9v_n\u00e9met<\/a><\/li>\n<\/ul>\n<p>3_sz_mell\u00e9klet_II_\u00e9vfolyamra_iratkoz\u00f3_hallgat\u00f3k_r\u00e9sz\u00e9re_\u00e9rv\u00e9nyes_<br \/>\ntant\u00e1rgyi _2023-2024_programok_I_II_f\u00e9l\u00e9v<\/p>\n<ul>\n<li><a href=\"https:\/\/semmelweis.hu\/gytk\/files\/2023\/11\/II_I_magyar.zip\" target=\"_blank\" rel=\"noopener\">3a_sz. mell\u00e9klet_II_\u00e9vf_2023-2024_I_f\u00e9l\u00e9v_magyar<\/a><\/li>\n<li><a href=\"https:\/\/semmelweis.hu\/gytk\/files\/2023\/11\/II_II_magyar.zip\" target=\"_blank\" rel=\"noopener\">3b_sz. mell\u00e9klet_II_\u00e9vf_2023-2024_II_f\u00e9l\u00e9v_magyar<\/a><\/li>\n<li><a href=\"https:\/\/semmelweis.hu\/gytk\/files\/2023\/11\/II_I_nemet.zip\" target=\"_blank\" rel=\"noopener\">3c_sz. mell\u00e9klet_II_\u00e9vf_2023-2024_I_f\u00e9l\u00e9v_n\u00e9met<\/a><\/li>\n<li><a href=\"https:\/\/semmelweis.hu\/gytk\/files\/2023\/11\/II_II_nemet.zip\" target=\"_blank\" rel=\"noopener\">3d_sz. mell\u00e9klet_II_\u00e9vf_2023-2024_II_f\u00e9l\u00e9v_n\u00e9met<\/a><\/li>\n<\/ul>\n<p>4_sz_mell\u00e9klet_III_\u00e9vfolyamra_iratkoz\u00f3_hallgat\u00f3k_r\u00e9sz\u00e9re_\u00e9rv\u00e9nyes_<br \/>\ntant\u00e1rgyi _2023-2024_programok_2023-2024_I_II_f\u00e9l\u00e9v<\/p>\n<ul>\n<li><a href=\"https:\/\/semmelweis.hu\/gytk\/files\/2023\/11\/III_I_magyar.zip\" target=\"_blank\" rel=\"noopener\">4a_sz. mell\u00e9klet_III_\u00e9vf_2023-2024_I_f\u00e9l\u00e9v_magyar<\/a><\/li>\n<li><a href=\"https:\/\/semmelweis.hu\/gytk\/files\/2023\/11\/III_II_magyar.zip\" target=\"_blank\" rel=\"noopener\">4b_sz. mell\u00e9klet_III_\u00e9vf_2023-2024_II_f\u00e9l\u00e9v_magyar<\/a><\/li>\n<li><a href=\"https:\/\/semmelweis.hu\/gytk\/files\/2023\/11\/III_I_nemet.zip\" target=\"_blank\" rel=\"noopener\">4c_sz. mell\u00e9klet_III_\u00e9vf_2023-2024_I_f\u00e9l\u00e9v_n\u00e9met<\/a><\/li>\n<li><a href=\"https:\/\/semmelweis.hu\/gytk\/files\/2023\/11\/III_II_nemet.zip\" target=\"_blank\" rel=\"noopener\">4d_sz. mell\u00e9klet_III_\u00e9vf_2023-2024_II_f\u00e9l\u00e9v_n\u00e9met<\/a><\/li>\n<\/ul>\n<p>5_sz_mell\u00e9klet_IV_\u00e9vfolyamra_iratkoz\u00f3_hallgat\u00f3k_r\u00e9sz\u00e9re_\u00e9rv\u00e9nyes_<br \/>\ntant\u00e1rgyi _2023-2024_programok_I_II_f\u00e9l\u00e9v<\/p>\n<ul>\n<li><a href=\"https:\/\/semmelweis.hu\/gytk\/files\/2023\/11\/IV_I_magyar.zip\" target=\"_blank\" rel=\"noopener\">5a_sz. mell\u00e9klet_IV_\u00e9vf_2023-2024_I_f\u00e9l\u00e9v_magyar<\/a><\/li>\n<li><a href=\"https:\/\/semmelweis.hu\/gytk\/files\/2023\/11\/IV_II_magyar.zip\" target=\"_blank\" rel=\"noopener\">5b_sz. mell\u00e9klet_IV_\u00e9vf_2023-2024_II_f\u00e9l\u00e9v_magyar<\/a><\/li>\n<li><a href=\"https:\/\/semmelweis.hu\/gytk\/files\/2023\/11\/IV_I_nemet.zip\" target=\"_blank\" rel=\"noopener\">5c_sz. mell\u00e9klet_IV_\u00e9vf_2023-2024_I_f\u00e9l\u00e9v_n\u00e9met<\/a><\/li>\n<li><a href=\"https:\/\/semmelweis.hu\/gytk\/files\/2023\/11\/IV_II_nemet.zip\" target=\"_blank\" rel=\"noopener\">5d_sz. mell\u00e9klet_IV_\u00e9vf_2023-2024_II_f\u00e9l\u00e9v_n\u00e9met<\/a><\/li>\n<\/ul>\n<p>6_sz_mell\u00e9klet_V_\u00e9vfolyamra_iratkoz\u00f3_hallgat\u00f3k_r\u00e9sz\u00e9re_\u00e9rv\u00e9nyes_<br \/>\ntant\u00e1rgyi _2023-2024_programok_I_f\u00e9l\u00e9v<\/p>\n<ul>\n<li><a href=\"https:\/\/semmelweis.hu\/gytk\/files\/2023\/12\/V_evf_I_.zip\" target=\"_blank\" rel=\"noopener\">6a_sz. mell\u00e9klet_V_\u00e9vf_2023-2024_I_f\u00e9l\u00e9v_magyar<\/a><\/li>\n<li><a href=\"https:\/\/semmelweis.hu\/gytk\/files\/2023\/11\/V_I_nemet.zip\" target=\"_blank\" rel=\"noopener\">6b_sz. mell\u00e9klet_V_\u00e9vf_2023-2024_I_f\u00e9l\u00e9v_n\u00e9met<\/a><\/li>\n<\/ul>\n<p><a href=\"https:\/\/semmelweis.hu\/gytk\/files\/2023\/12\/Szabadon-valaszthato-targyak.zip\" target=\"_blank\" rel=\"noopener\">7a_sz_mell\u00e9klet_szabadon_v\u00e1laszthat\u00f3_tant\u00e1rgyak_magyar<\/a><br \/>\n<a href=\"https:\/\/semmelweis.hu\/gytk\/files\/2023\/11\/szab_val_nemet.zip\" target=\"_blank\" rel=\"noopener\">7b_sz_mell\u00e9klet_szabadon_v\u00e1laszthat\u00f3_tant\u00e1rgyak_n\u00e9met<\/a><\/p>\n<p><strong>4. napirendi pont<\/strong><\/p>\n<p>T\u00e1j\u00e9koztat\u00f3 az el\u0151z\u0151 f\u00e9l\u00e9v (2022\/2023\/2) tanulm\u00e1nyi eredm\u00e9nyeir\u0151l<\/p>\n<ul>\n<li><a href=\"https:\/\/semmelweis.hu\/gytk\/files\/2023\/11\/4.napirendi-pont-1a-sz.-melleklet_tajekoztato_a_2022-23_II_felev_eredmenyerol_-magyar.pdf\" target=\"_blank\" rel=\"noopener\">4.napirendi pont_1a sz. mell\u00e9klet_t\u00e1j\u00e9koztat\u00f3_a_2022-23_II_f\u00e9l\u00e9v_eredm\u00e9ny\u00e9r\u0151l_ magyar<\/a><\/li>\n<li><a href=\"https:\/\/semmelweis.hu\/gytk\/files\/2023\/11\/4.-napirendi-pont_1b.sz_melleklet_tajekoztato_a_2022-23_II_felev_eredmenyerol_angol.pdf\" target=\"_blank\" rel=\"noopener\">4. napirendi pont_1b.sz_mell\u00e9klet_t\u00e1j\u00e9koztat\u00f3_a_2022-23_II_f\u00e9l\u00e9v_eredm\u00e9ny\u00e9r\u0151l_angol<\/a><\/li>\n<li><a href=\"https:\/\/semmelweis.hu\/gytk\/files\/2023\/11\/4.napirendi-pont-1c.sz_melleklet_tajekoztato_a_2022-23_II_felev_eredmenyerol_nemet.pdf\" target=\"_blank\" rel=\"noopener\">4.napirendi pont_1c.sz_mell\u00e9klet_t\u00e1j\u00e9koztat\u00f3_a_2022-23_II_f\u00e9l\u00e9v_eredm\u00e9ny\u00e9r\u0151l_n\u00e9met<\/a><\/li>\n<\/ul>\n<p><strong>5. napirendi pont<\/strong><\/p>\n<p><a href=\"https:\/\/semmelweis.hu\/gytk\/files\/2023\/11\/5_napirend_Szakkepzohelyek-akkreditacios-kerelmei.pdf\" target=\"_blank\" rel=\"noopener\">Szakk\u00e9pz\u0151helyek akkredit\u00e1ci\u00f3s k\u00e9relmeinek v\u00e9lem\u00e9nyez\u00e9se<\/a><\/p>\n<p>&nbsp;<\/p>\n","protected":false},"excerpt":{"rendered":"<p>Kari Tan\u00e1cs\u00fcl\u00e9s 2023. december 5. 15:00 \u00f3ra <a href=\"https:\/\/semmelweis.hu\/gytk\/files\/2023\/11\/KT_meghivo.pdf\" target=\"_blank\" rel=\"noopener\">MEGH\u00cdV\u00d3<\/a> 2. napirendi pont <a href=\"https:\/\/semmelweis.hu\/gytk\/files\/2023\/11\/KT_Eloterjesztes_a-2024_evi_egyetemi_kituntetesek_adomanyozasara_vonatkozo_javaslat_velemenyezese.pdf\" target=\"_blank\" rel=\"noopener\">KT_El\u0151terjeszt\u00e9sz_2024_\u00e9vi_egyetemi_szint\u0171_kit\u00fcntet\u00e9si_javaslatok_v\u00e9lem\u00e9nyez\u00e9se_LK<\/a> <a href=\"https:\/\/semmelweis.hu\/gytk\/files\/2023\/11\/2.napirendi-pont-1sz.-melleklet.pdf\" target=\"_blank\" rel=\"noopener\">2_napirendi_pont_1.sz.mell\u00e9klet_kit\u00fcntet\u00e9si_javaslat<\/a> <a href=\"https:\/\/semmelweis.hu\/gytk\/files\/2023\/11\/Kivalo-Oktato-HOK-velemeny.pdf\" target=\"_blank\" rel=\"noopener\">2_napirendi_pont_2.sz. mell\u00e9klet_H\u00d6K_v\u00e9lem\u00e9ny<\/a> 3. napirendi pont <a href=\"https:\/\/semmelweis.hu\/gytk\/files\/2023\/11\/KT_Eloterjesztes_a_2023_2024_tanevben_ervenyes_tantargyi_kovetelmenyrendszerek_elfogadasarol.pdf\" target=\"_blank\" rel=\"noopener\">KT_El\u0151terjeszt\u00e9s_a_2023\/2024_tan\u00e9v_tant\u00e1rgyi_programjainak_j\u00f3v\u00e1hagy\u00e1sa<\/a> 2_sz_mell\u00e9klet_I_\u00e9vfolyamra_iratkoz\u00f3_hallgat\u00f3k_r\u00e9sz\u00e9re_\u00e9rv\u00e9nyes_ tant\u00e1rgyi _programok_2023-2024_I_II_f\u00e9l\u00e9v <a href=\"https:\/\/semmelweis.hu\/gytk\/files\/2023\/11\/I_I_magyar.zip\" target=\"_blank\" rel=\"noopener\">2a_sz. mell\u00e9klet_I_\u00e9vf_2023-2024_I_f\u00e9l\u00e9v _magyar<\/a> <a href=\"https:\/\/semmelweis.hu\/gytk\/files\/2023\/11\/I_II_magyar.zip\" target=\"_blank\" rel=\"noopener\">2b_sz. mell\u00e9klet_I_\u00e9vf_2023-2024_II_f\u00e9l\u00e9v_magyar<\/a> <a href=\"https:\/\/semmelweis.hu\/gytk\/files\/2023\/11\/I_I_nemet.zip\" target=\"_blank\" rel=\"noopener\">2c_sz. mell\u00e9klet_I_\u00e9vf_2023-2024_I_f\u00e9l\u00e9v_n\u00e9met<\/a> <a href=\"https:\/\/semmelweis.hu\/gytk\/files\/2023\/11\/I_II_nemet.zip\" target=\"_blank\" rel=\"noopener\">2c_sz. mell\u00e9klet_I_\u00e9vf_2023-2024_II_f\u00e9l\u00e9v_n\u00e9met<\/a> 3_sz_mell\u00e9klet_II_\u00e9vfolyamra_iratkoz\u00f3_hallgat\u00f3k_r\u00e9sz\u00e9re_\u00e9rv\u00e9nyes_ tant\u00e1rgyi _2023-2024_programok_I_II_f\u00e9l\u00e9v <a href=\"https:\/\/semmelweis.hu\/gytk\/files\/2023\/11\/II_I_magyar.zip\" target=\"_blank\" rel=\"noopener\">3a_sz. mell\u00e9klet_II_\u00e9vf_2023-2024_I_f\u00e9l\u00e9v_magyar<\/a> <a href=\"https:\/\/semmelweis.hu\/gytk\/files\/2023\/11\/II_II_magyar.zip\" target=\"_blank\" rel=\"noopener\">3b_sz. mell\u00e9klet_II_\u00e9vf_2023-2024_II_f\u00e9l\u00e9v_magyar<\/a> <a href=\"https:\/\/semmelweis.hu\/gytk\/files\/2023\/11\/II_I_nemet.zip\" target=\"_blank\" rel=\"noopener\">3c_sz. mell\u00e9klet_II_\u00e9vf_2023-2024_I_f\u00e9l\u00e9v_n\u00e9met<\/a> <a href=\"https:\/\/semmelweis.hu\/gytk\/files\/2023\/11\/II_II_nemet.zip\" target=\"_blank\" rel=\"noopener\">3d_sz. mell\u00e9klet_II_\u00e9vf_2023-2024_II_f\u00e9l\u00e9v_n\u00e9met<\/a> 4_sz_mell\u00e9klet_III_\u00e9vfolyamra_iratkoz\u00f3_hallgat\u00f3k_r\u00e9sz\u00e9re_\u00e9rv\u00e9nyes_ tant\u00e1rgyi _2023-2024_programok_2023-2024_I_II_f\u00e9l\u00e9v <a href=\"https:\/\/semmelweis.hu\/gytk\/files\/2023\/11\/III_I_magyar.zip\" target=\"_blank\" rel=\"noopener\">4a_sz. mell\u00e9klet_III_\u00e9vf_2023-2024_I_f\u00e9l\u00e9v_magyar<\/a> <a href=\"https:\/\/semmelweis.hu\/gytk\/files\/2023\/11\/III_II_magyar.zip\" target=\"_blank\" rel=\"noopener\">4b_sz. mell\u00e9klet_III_\u00e9vf_2023-2024_II_f\u00e9l\u00e9v_magyar<\/a> <a href=\"https:\/\/semmelweis.hu\/gytk\/files\/2023\/11\/III_I_nemet.zip\" target=\"_blank\" rel=\"noopener\">4c_sz. mell\u00e9klet_III_\u00e9vf_2023-2024_I_f\u00e9l\u00e9v_n\u00e9met<\/a> <a href=\"https:\/\/semmelweis.hu\/gytk\/files\/2023\/11\/III_II_nemet.zip\" target=\"_blank\" rel=\"noopener\">4d_sz. mell\u00e9klet_III_\u00e9vf_2023-2024_II_f\u00e9l\u00e9v_n\u00e9met<\/a> 5_sz_mell\u00e9klet_IV_\u00e9vfolyamra_iratkoz\u00f3_hallgat\u00f3k_r\u00e9sz\u00e9re_\u00e9rv\u00e9nyes_ tant\u00e1rgyi _2023-2024_programok_I_II_f\u00e9l\u00e9v <a href=\"https:\/\/semmelweis.hu\/gytk\/files\/2023\/11\/IV_I_magyar.zip\" target=\"_blank\" rel=\"noopener\">5a_sz. mell\u00e9klet_IV_\u00e9vf_2023-2024_I_f\u00e9l\u00e9v_magyar<\/a> <a href=\"https:\/\/semmelweis.hu\/gytk\/files\/2023\/11\/IV_II_magyar.zip\" target=\"_blank\" rel=\"noopener\">5b_sz. mell\u00e9klet_IV_\u00e9vf_2023-2024_II_f\u00e9l\u00e9v_magyar<\/a> <a href=\"https:\/\/semmelweis.hu\/gytk\/files\/2023\/11\/IV_I_nemet.zip\" target=\"_blank\" rel=\"noopener\">5c_sz. mell\u00e9klet_IV_\u00e9vf_2023-2024_I_f\u00e9l\u00e9v_n\u00e9met<\/a> <a href=\"https:\/\/semmelweis.hu\/gytk\/files\/2023\/11\/IV_II_nemet.zip\" target=\"_blank\" rel=\"noopener\">5d_sz. mell\u00e9klet_IV_\u00e9vf_2023-2024_II_f\u00e9l\u00e9v_n\u00e9met<\/a> 6_sz_mell\u00e9klet_V_\u00e9vfolyamra_iratkoz\u00f3_hallgat\u00f3k_r\u00e9sz\u00e9re_\u00e9rv\u00e9nyes_ tant\u00e1rgyi _2023-2024_programok_I_f\u00e9l\u00e9v <a href=\"https:\/\/semmelweis.hu\/gytk\/files\/2023\/12\/V_evf_I_.zip\" target=\"_blank\" rel=\"noopener\">6a_sz. mell\u00e9klet_V_\u00e9vf_2023-2024_I_f\u00e9l\u00e9v_magyar<\/a> <a href=\"https:\/\/semmelweis.hu\/gytk\/files\/2023\/11\/V_I_nemet.zip\" target=\"_blank\" rel=\"noopener\">6b_sz. mell\u00e9klet_V_\u00e9vf_2023-2024_I_f\u00e9l\u00e9v_n\u00e9met<\/a> <a href=\"https:\/\/semmelweis.hu\/gytk\/files\/2023\/12\/Szabadon-valaszthato-targyak.zip\" target=\"_blank\" rel=\"noopener\">7a_sz_mell\u00e9klet_szabadon_v\u00e1laszthat\u00f3_tant\u00e1rgyak_magyar<\/a> <a href=\"https:\/\/semmelweis.hu\/gytk\/files\/2023\/11\/szab_val_nemet.zip\" target=\"_blank\" rel=\"noopener\">7b_sz_mell\u00e9klet_szabadon_v\u00e1laszthat\u00f3_tant\u00e1rgyak_n\u00e9met<\/a> 4. napirendi pont T\u00e1j\u00e9koztat\u00f3 az el\u0151z\u0151 f\u00e9l\u00e9v (2022\/2023\/2) tanulm\u00e1nyi eredm\u00e9nyeir\u0151l <a href=\"https:\/\/semmelweis.hu\/gytk\/files\/2023\/11\/4.napirendi-pont-1a-sz.-melleklet_tajekoztato_a_2022-23_II_felev_eredmenyerol_-magyar.pdf\" target=\"_blank\" rel=\"noopener\">4.napirendi pont_1a sz. mell\u00e9klet_t\u00e1j\u00e9koztat\u00f3_a_2022-23_II_f\u00e9l\u00e9v_eredm\u00e9ny\u00e9r\u0151l_ magyar<\/a> <a href=\"https:\/\/semmelweis.hu\/gytk\/files\/2023\/11\/4.-napirendi-pont_1b.sz_melleklet_tajekoztato_a_2022-23_II_felev_eredmenyerol_angol.pdf\" target=\"_blank\" rel=\"noopener\">4. napirendi pont_1b.sz_mell\u00e9klet_t\u00e1j\u00e9koztat\u00f3_a_2022-23_II_f\u00e9l\u00e9v_eredm\u00e9ny\u00e9r\u0151l_angol<\/a> <a href=\"https:\/\/semmelweis.hu\/gytk\/files\/2023\/11\/4.napirendi-pont-1c.sz_melleklet_tajekoztato_a_2022-23_II_felev_eredmenyerol_nemet.pdf\" target=\"_blank\" rel=\"noopener\">4.napirendi pont_1c.sz_mell\u00e9klet_t\u00e1j\u00e9koztat\u00f3_a_2022-23_II_f\u00e9l\u00e9v_eredm\u00e9ny\u00e9r\u0151l_n\u00e9met<\/a> 5. napirendi pont <a href=\"https:\/\/semmelweis.hu\/gytk\/files\/2023\/11\/5_napirend_Szakkepzohelyek-akkreditacios-kerelmei.pdf\" target=\"_blank\" rel=\"noopener\">Szakk\u00e9pz\u0151helyek akkredit\u00e1ci\u00f3s k\u00e9relmeinek v\u00e9lem\u00e9nyez\u00e9se<\/a> &hellip;<\/p>\n","protected":false},"author":101431,"featured_media":0,"parent":5323,"menu_order":53,"comment_status":"closed","ping_status":"closed","template":"","meta":{"_acf_changed":false,"footnotes":""},"categories":[],"tags":[],"class_list":["post-15657","page","type-page","status-publish","hentry"],"acf":[],"_links":{"self":[{"href":"https:\/\/semmelweis.hu\/gytk\/wp-json\/wp\/v2\/pages\/15657","targetHints":{"allow":["GET"]}}],"collection":[{"href":"https:\/\/semmelweis.hu\/gytk\/wp-json\/wp\/v2\/pages"}],"about":[{"href":"https:\/\/semmelweis.hu\/gytk\/wp-json\/wp\/v2\/types\/page"}],"author":[{"embeddable":true,"href":"https:\/\/semmelweis.hu\/gytk\/wp-json\/wp\/v2\/users\/101431"}],"replies":[{"embeddable":true,"href":"https:\/\/semmelweis.hu\/gytk\/wp-json\/wp\/v2\/comments?post=15657"}],"version-history":[{"count":3,"href":"https:\/\/semmelweis.hu\/gytk\/wp-json\/wp\/v2\/pages\/15657\/revisions"}],"predecessor-version":[{"id":15660,"href":"https:\/\/semmelweis.hu\/gytk\/wp-json\/wp\/v2\/pages\/15657\/revisions\/15660"}],"up":[{"embeddable":true,"href":"https:\/\/semmelweis.hu\/gytk\/wp-json\/wp\/v2\/pages\/5323"}],"wp:attachment":[{"href":"https:\/\/semmelweis.hu\/gytk\/wp-json\/wp\/v2\/media?parent=15657"}],"wp:term":[{"taxonomy":"category","embeddable":true,"href":"https:\/\/semmelweis.hu\/gytk\/wp-json\/wp\/v2\/categories?post=15657"},{"taxonomy":"post_tag","embeddable":true,"href":"https:\/\/semmelweis.hu\/gytk\/wp-json\/wp\/v2\/tags?post=15657"}],"curies":[{"name":"wp","href":"https:\/\/api.w.org\/{rel}","templated":true}]}}