{"id":15575,"date":"2023-11-29T12:15:41","date_gmt":"2023-11-29T11:15:41","guid":{"rendered":"https:\/\/semmelweis.hu\/gytk\/?page_id=15575"},"modified":"2023-11-29T12:17:07","modified_gmt":"2023-11-29T11:17:07","slug":"kt-elektronikus-szavazas-2023-november-28-29","status":"publish","type":"page","link":"https:\/\/semmelweis.hu\/gytk\/a-karrol\/kari-tanacs\/kari-tanacs-eloterjesztesek\/kt-elektronikus-szavazas-2023-november-28-29\/","title":{"rendered":"2023. november 28-29. elektronikus szavaz\u00e1s"},"content":{"rendered":"<p style=\"text-align: center\"><strong>KT Elektronikus szavaz\u00e1s 2023. november 28. 11:00 november 29. 11:00<\/strong><\/p>\n<p><a href=\"https:\/\/semmelweis.hu\/gytk\/files\/2023\/11\/Elektronikus-szavazas-elrendelese.pdf\" target=\"_blank\" rel=\"noopener\">Elektronikus szavaz\u00e1s elrendel\u00e9se<\/a><\/p>\n<p><a href=\"https:\/\/semmelweis.hu\/gytk\/files\/2023\/11\/KT_Eloterjeszet_kari_OMHV_szabalyzat_modositasa_testneveles_kerdessor-1.pdf\" target=\"_blank\" rel=\"noopener\">KT_El\u0151terjeszt\u00e9s_a_kari_OMHV_Szab\u00e1lyzat_m\u00f3dos\u00edt\u00e1sa (testnevel\u00e9s k\u00e9rd\u00e9ssor)<\/a><\/p>\n<ul>\n<li><a href=\"https:\/\/semmelweis.hu\/gytk\/files\/2023\/11\/2sz_melleklet_Javaslolat_uj_OMHV_kerdessor_a_Testneveles_targy_vonatkozasaban.pdf\" target=\"_blank\" rel=\"noopener\">2sz_mell\u00e9klet_Javaslolat_\u00faj_OMHV_k\u00e9rd\u00e9ssor_a_Testnevel\u00e9s_t\u00e1rgy_vonatkoz\u00e1s\u00e1ban<\/a><\/li>\n<li><a href=\"https:\/\/semmelweis.hu\/gytk\/files\/2023\/11\/3sz_melleklet_Modositott_kari_OMHV_eljarasrend_20231129.pdf\" target=\"_blank\" rel=\"noopener\">3sz_mell\u00e9klet_M\u00f3dos\u00edtott_kari_OMHV_elj\u00e1r\u00e1srend_20231129<\/a><\/li>\n<\/ul>\n<p>&nbsp;<\/p>\n","protected":false},"excerpt":{"rendered":"<p>KT Elektronikus szavaz\u00e1s 2023. november 28. 11:00 november 29. 11:00<br \/>\n<a href=\"https:\/\/semmelweis.hu\/gytk\/files\/2023\/11\/Elektronikus-szavazas-elrendelese.pdf\" target=\"_blank\" rel=\"noopener\">Elektronikus szavaz\u00e1s elrendel\u00e9se<\/a><br \/>\n<a href=\"https:\/\/semmelweis.hu\/gytk\/files\/2023\/11\/KT_Eloterjeszet_kari_OMHV_szabalyzat_modositasa_testneveles_kerdessor-1.pdf\" target=\"_blank\" rel=\"noopener\">KT_El\u0151terjeszt\u00e9s_a_kari_OMHV_Szab\u00e1lyzat_m\u00f3dos\u00edt\u00e1sa (testnevel\u00e9s k\u00e9rd\u00e9ssor)<\/a><\/p>\n<p><a href=\"https:\/\/semmelweis.hu\/gytk\/files\/2023\/11\/2sz_melleklet_Javaslolat_uj_OMHV_kerdessor_a_Testneveles_targy_vonatkozasaban.pdf\" target=\"_blank\" rel=\"noopener\">2sz_mell\u00e9klet_Javaslolat_\u00faj_OMHV_k\u00e9rd\u00e9ssor_a_Testnevel\u00e9s_t\u00e1rgy_vonatkoz\u00e1s\u00e1ban<\/a><br \/>\n<a href=\"https:\/\/semmelweis.hu\/gytk\/files\/2023\/11\/3sz_melleklet_Modositott_kari_OMHV_eljarasrend_20231129.pdf\" target=\"_blank\" rel=\"noopener\">3sz_mell\u00e9klet_M\u00f3dos\u00edtott_kari_OMHV_elj\u00e1r\u00e1srend_20231129<\/a><\/p>\n<p>&nbsp;<\/p>\n","protected":false},"author":101431,"featured_media":0,"parent":5323,"menu_order":52,"comment_status":"closed","ping_status":"closed","template":"","meta":{"_acf_changed":false,"footnotes":""},"categories":[],"tags":[],"class_list":["post-15575","page","type-page","status-publish","hentry"],"acf":[],"_links":{"self":[{"href":"https:\/\/semmelweis.hu\/gytk\/wp-json\/wp\/v2\/pages\/15575","targetHints":{"allow":["GET"]}}],"collection":[{"href":"https:\/\/semmelweis.hu\/gytk\/wp-json\/wp\/v2\/pages"}],"about":[{"href":"https:\/\/semmelweis.hu\/gytk\/wp-json\/wp\/v2\/types\/page"}],"author":[{"embeddable":true,"href":"https:\/\/semmelweis.hu\/gytk\/wp-json\/wp\/v2\/users\/101431"}],"replies":[{"embeddable":true,"href":"https:\/\/semmelweis.hu\/gytk\/wp-json\/wp\/v2\/comments?post=15575"}],"version-history":[{"count":3,"href":"https:\/\/semmelweis.hu\/gytk\/wp-json\/wp\/v2\/pages\/15575\/revisions"}],"predecessor-version":[{"id":15578,"href":"https:\/\/semmelweis.hu\/gytk\/wp-json\/wp\/v2\/pages\/15575\/revisions\/15578"}],"up":[{"embeddable":true,"href":"https:\/\/semmelweis.hu\/gytk\/wp-json\/wp\/v2\/pages\/5323"}],"wp:attachment":[{"href":"https:\/\/semmelweis.hu\/gytk\/wp-json\/wp\/v2\/media?parent=15575"}],"wp:term":[{"taxonomy":"category","embeddable":true,"href":"https:\/\/semmelweis.hu\/gytk\/wp-json\/wp\/v2\/categories?post=15575"},{"taxonomy":"post_tag","embeddable":true,"href":"https:\/\/semmelweis.hu\/gytk\/wp-json\/wp\/v2\/tags?post=15575"}],"curies":[{"name":"wp","href":"https:\/\/api.w.org\/{rel}","templated":true}]}}