{"id":14846,"date":"2023-09-25T10:01:27","date_gmt":"2023-09-25T08:01:27","guid":{"rendered":"https:\/\/semmelweis.hu\/gytk\/?page_id=14846"},"modified":"2023-09-25T10:01:51","modified_gmt":"2023-09-25T08:01:51","slug":"kari-tanacs-2023-szeptember-20","status":"publish","type":"page","link":"https:\/\/semmelweis.hu\/gytk\/a-karrol\/kari-tanacs\/kari-tanacs-eloterjesztesek\/kari-tanacs-2023-szeptember-20\/","title":{"rendered":"2023. szeptember 20."},"content":{"rendered":"<p style=\"text-align: center\"><strong>Kari Tan\u00e1cs\u00fcl\u00e9s 2023. Szeptember 20. 14:30 \u00f3ra<\/strong><\/p>\n<p><a href=\"https:\/\/semmelweis.hu\/gytk\/files\/2023\/09\/KT_Meghivo_20230920.pdf\" target=\"_blank\" rel=\"noopener\">MEGH\u00cdV\u00d3<\/a><\/p>\n<p><strong>3. napirendi pont<\/strong><\/p>\n<ul>\n<li>A Kari Tan\u00e1cs 2023-2024. tan\u00e9vi \u00fcl\u00e9s- \u00e9s munkaterv\u00e9nek elfogad\u00e1sa\n<ul>\n<li><a href=\"https:\/\/semmelweis.hu\/gytk\/files\/2023\/09\/3_napirend_KT_eloterjesztes_KT_2023_24_tanevi_ules_es_munkaterverol.pdf\" target=\"_blank\" rel=\"noopener\">3_napirend_KT_el\u0151terjeszt\u00e9s_KT_2023_24_tan\u00e9vi_\u00fcl\u00e9s_\u00e9s_munkaterv\u00e9r\u0151l(pdf)<\/a><\/li>\n<li><a href=\"https:\/\/semmelweis.hu\/gytk\/files\/2023\/09\/3_napirend_2sz_melleklet_KT_2023_24_tanevi_ules_es_munkaterve-1.pdf\" target=\"_blank\" rel=\"noopener\">3_napirend_2sz_mell\u00e9klet_KT_2023_24_tan\u00e9vi_\u00fcl\u00e9s_\u00e9s_munkaterve(pdf)<\/a><\/li>\n<\/ul>\n<\/li>\n<\/ul>\n<p><strong>4. napirendi pont<\/strong><\/p>\n<ul>\n<li>A Gy\u00f3gyszer\u00e9szi K\u00e9miai Int\u00e9zetben ki\u00edrt docensi \u00e1ll\u00e1sp\u00e1ly\u00e1zat v\u00e9lem\u00e9nyez\u00e9se\n<ul>\n<li><a href=\"https:\/\/semmelweis.hu\/gytk\/files\/2023\/09\/KT_Eloterjesztes_A_Gyogyszereszi-_Kemiai_-Intezetben-_kiirt-_docensi-_allaspalyazat-_velemenyezese.pdf\" target=\"_blank\" rel=\"noopener\">4_napirend_KT_El\u0151terjeszt\u00e9s_docensi_p\u00e1ly\u00e1zat_GYKI_TG(pdf)<\/a><\/li>\n<li><a href=\"https:\/\/semmelweis.hu\/gytk\/files\/2023\/09\/4_napirendi_pont_2_sz_melleklet_GYK_docensi_palyazat_TG.pdf\" target=\"_blank\" rel=\"noopener\">4_napirendi_pont_2_sz_mell\u00e9klet_docensi_p\u00e1ly\u00e1zat_GYK_TG(pdf)<\/a><\/li>\n<li><a href=\"https:\/\/semmelweis.hu\/gytk\/files\/2023\/09\/4_napirend_3_sz_melleklet_Alkalmazotti_forum_jegyzokonyv.pdf\" target=\"_blank\" rel=\"noopener\">4_napirend_3_sz_mell\u00e9klet_Alkalmazotti_f\u00f3rum_jegyz\u0151k\u00f6nyv(pdf)<\/a><\/li>\n<\/ul>\n<\/li>\n<\/ul>\n<p><strong>5. napirendi pont<\/strong><\/p>\n<ul>\n<li>Kari \u00c1lland\u00f3 bizotts\u00e1gok szem\u00e9lyi \u00f6sszet\u00e9tel\u00e9nek m\u00f3dos\u00edt\u00e1sa\n<ul>\n<li><a href=\"https:\/\/semmelweis.hu\/gytk\/files\/2023\/09\/5_napirend_KT_eloterjesztes_kari_allando_bizottsagok_szemelyi_osszetetelenek_modositasarolpdf.pdf\" target=\"_blank\" rel=\"noopener\">5_napirend_KT_el\u0151terjeszt\u00e9s_kari_\u00e1lland\u00f3_bizotts\u00e1gok_szem\u00e9lyi_\u00f6sszet\u00e9tel\u00e9nek_m\u00f3dos\u00edt\u00e1s\u00e1r\u00f3l(pdf)<\/a><\/li>\n<\/ul>\n<\/li>\n<\/ul>\n<p><strong>6. napirendi pont<\/strong><\/p>\n<ul>\n<li>A &#8222;GYTK Oktat\u00f3 Gy\u00f3gyszer\u00e9sze&#8221; \u00e9s a &#8222;GYTK T\u00e1rsult Oktat\u00f3ja&#8221; elismer\u0151 oklevelek adom\u00e1nyoz\u00e1s\u00e1ra vonatkoz\u00f3 javaslatok v\u00e9lem\u00e9nyez\u00e9se<\/li>\n<li><a href=\"https:\/\/semmelweis.hu\/gytk\/files\/2023\/09\/6a_napirend_KT_eloterjesztes_GYTK_Oktato_Gyogyszeresze_elismero_cim_adomanyozasa_2023.pdf\" target=\"_blank\" rel=\"noopener\">6a_napirend_KT_el\u0151terjeszt\u00e9s_GYTK_Oktat\u00f3_Gy\u00f3gyszer\u00e9sze_elismer\u0151_c\u00edm_adom\u00e1nyoz\u00e1sa_2023(pdf)<\/a>\u00a0\n<ul>\n<li><a href=\"https:\/\/semmelweis.hu\/gytk\/files\/2023\/09\/6a_napirend_2sz_melleklet_Oktato-gyogyszereszek_2023-1.pdf\" target=\"_blank\" rel=\"noopener\">6a_napirend_2sz_mell\u00e9klet_Oktat\u00f3 gy\u00f3gyszer\u00e9szek_2023<\/a><\/li>\n<\/ul>\n<\/li>\n<li><a href=\"https:\/\/semmelweis.hu\/gytk\/files\/2023\/09\/6b_napirend_KT_eloterjesztes_GYTK_Tarsult_Oktatoja_elismero_cim_adomanyozasa_2023.pdf\" target=\"_blank\" rel=\"noopener\">6b_napirend_KT_el\u0151terjeszt\u00e9s_GYTK_T\u00e1rsult_Oktat\u00f3ja_elismer\u0151_c\u00edm_adom\u00e1nyoz\u00e1sa_2023(pdf)<\/a>\n<ul>\n<li><a href=\"https:\/\/semmelweis.hu\/gytk\/files\/2023\/09\/6b_napirend_2sz_melleklet_Tarsult_oktatok_2023-1.pdf\" target=\"_blank\" rel=\"noopener\">6b_napirend_2sz_mell\u00e9klet_T\u00e1rsult_oktat\u00f3k_2023<\/a><\/li>\n<\/ul>\n<\/li>\n<\/ul>\n<p><strong>7. napirendi pont<\/strong><\/p>\n<ul>\n<li>T\u00e1j\u00e9koztat\u00f3 a 2023. \u00e9vi z\u00e1r\u00f3vizsg\u00e1kr\u00f3l\n<ul>\n<li><a href=\"https:\/\/semmelweis.hu\/gytk\/files\/2023\/09\/7_napirend_1sz_melleklet_2023evi_ZV_beszamolo.pdf\" target=\"_blank\" rel=\"noopener\">7_napirend_1sz_mell\u00e9klet_2023\u00e9vi_ZV_besz\u00e1mol\u00f3(pdf)<\/a><\/li>\n<\/ul>\n<\/li>\n<\/ul>\n<p><strong>8. napirendi pont<\/strong><\/p>\n<ul>\n<li>T\u00e1j\u00e9koztat\u00f3 a 2024. \u00e9vi felv\u00e9teli elj\u00e1r\u00e1sr\u00f3l, beiratkoz\u00e1s\/bejelentkez\u00e9si adatokr\u00f3l\n<ul>\n<li><a href=\"https:\/\/semmelweis.hu\/gytk\/files\/2023\/09\/8_napirend_1sz_melleklet_2023evi_felveteli_adatok.pdf\" target=\"_blank\" rel=\"noopener\">8_napirend_1sz_mell\u00e9klet_2023\u00e9vi_felv\u00e9teli_adatok(pdf)<\/a><\/li>\n<li><a href=\"https:\/\/semmelweis.hu\/gytk\/files\/2023\/09\/8_napirend_2sz_melleklet_2023_24_1felevi_beiratkozasi_adatok.pdf\" target=\"_blank\" rel=\"noopener\">8_napirend_2sz_mell\u00e9klet_2023_24_1f\u00e9l\u00e9vi_beiratkoz\u00e1si_adatok(pdf)<\/a><\/li>\n<\/ul>\n<\/li>\n<\/ul>\n<p><strong>9. napirendi pont<\/strong><\/p>\n<ul>\n<li>Szakk\u00e9pz\u0151 helyek akkredit\u00e1ci\u00f3s k\u00e9relmeinek v\u00e9lem\u00e9nyez\u00e9se\n<ul>\n<li><a href=\"https:\/\/semmelweis.hu\/gytk\/files\/2023\/09\/9.-napirendi-pont-szakkepzo-helyek-akkreditacios-kerelme_20230920(pdf)\" target=\"_blank\" rel=\"noopener\">9. napirendi pont szakk\u00e9pz\u0151 helyek akkredit\u00e1ci\u00f3s k\u00e9relme_20230920(pdf)<\/a><\/li>\n<\/ul>\n<\/li>\n<\/ul>\n<p>&nbsp;<\/p>\n<p>&nbsp;<\/p>\n<p>&nbsp;<\/p>\n<p>&nbsp;<\/p>\n<p>&nbsp;<\/p>\n","protected":false},"excerpt":{"rendered":"<p>Kari Tan\u00e1cs\u00fcl\u00e9s 2023. Szeptember 20. 14:30 \u00f3ra <a href=\"https:\/\/semmelweis.hu\/gytk\/files\/2023\/09\/KT_Meghivo_20230920.pdf\" target=\"_blank\" rel=\"noopener\">MEGH\u00cdV\u00d3<\/a> 3. napirendi pont A Kari Tan\u00e1cs 2023-2024. tan\u00e9vi \u00fcl\u00e9s- \u00e9s munkaterv\u00e9nek elfogad\u00e1sa <a href=\"https:\/\/semmelweis.hu\/gytk\/files\/2023\/09\/3_napirend_KT_eloterjesztes_KT_2023_24_tanevi_ules_es_munkaterverol.pdf\" target=\"_blank\" rel=\"noopener\">3_napirend_KT_el\u0151terjeszt\u00e9s_KT_2023_24_tan\u00e9vi_\u00fcl\u00e9s_\u00e9s_munkaterv\u00e9r\u0151l(pdf)<\/a> <a href=\"https:\/\/semmelweis.hu\/gytk\/files\/2023\/09\/3_napirend_2sz_melleklet_KT_2023_24_tanevi_ules_es_munkaterve-1.pdf\" target=\"_blank\" rel=\"noopener\">3_napirend_2sz_mell\u00e9klet_KT_2023_24_tan\u00e9vi_\u00fcl\u00e9s_\u00e9s_munkaterve(pdf)<\/a> 4. napirendi pont A Gy\u00f3gyszer\u00e9szi K\u00e9miai Int\u00e9zetben ki\u00edrt docensi \u00e1ll\u00e1sp\u00e1ly\u00e1zat v\u00e9lem\u00e9nyez\u00e9se <a href=\"https:\/\/semmelweis.hu\/gytk\/files\/2023\/09\/KT_Eloterjesztes_A_Gyogyszereszi-_Kemiai_-Intezetben-_kiirt-_docensi-_allaspalyazat-_velemenyezese.pdf\" target=\"_blank\" rel=\"noopener\">4_napirend_KT_El\u0151terjeszt\u00e9s_docensi_p\u00e1ly\u00e1zat_GYKI_TG(pdf)<\/a> <a href=\"https:\/\/semmelweis.hu\/gytk\/files\/2023\/09\/4_napirendi_pont_2_sz_melleklet_GYK_docensi_palyazat_TG.pdf\" target=\"_blank\" rel=\"noopener\">4_napirendi_pont_2_sz_mell\u00e9klet_docensi_p\u00e1ly\u00e1zat_GYK_TG(pdf)<\/a> <a href=\"https:\/\/semmelweis.hu\/gytk\/files\/2023\/09\/4_napirend_3_sz_melleklet_Alkalmazotti_forum_jegyzokonyv.pdf\" target=\"_blank\" rel=\"noopener\">4_napirend_3_sz_mell\u00e9klet_Alkalmazotti_f\u00f3rum_jegyz\u0151k\u00f6nyv(pdf)<\/a> 5. napirendi pont Kari \u00c1lland\u00f3 bizotts\u00e1gok szem\u00e9lyi \u00f6sszet\u00e9tel\u00e9nek m\u00f3dos\u00edt\u00e1sa <a href=\"https:\/\/semmelweis.hu\/gytk\/files\/2023\/09\/5_napirend_KT_eloterjesztes_kari_allando_bizottsagok_szemelyi_osszetetelenek_modositasarolpdf.pdf\" target=\"_blank\" rel=\"noopener\">5_napirend_KT_el\u0151terjeszt\u00e9s_kari_\u00e1lland\u00f3_bizotts\u00e1gok_szem\u00e9lyi_\u00f6sszet\u00e9tel\u00e9nek_m\u00f3dos\u00edt\u00e1s\u00e1r\u00f3l(pdf)<\/a> 6. napirendi pont A &#8222;GYTK Oktat\u00f3 Gy\u00f3gyszer\u00e9sze&#8221; \u00e9s a &#8222;GYTK T\u00e1rsult Oktat\u00f3ja&#8221; elismer\u0151 oklevelek adom\u00e1nyoz\u00e1s\u00e1ra vonatkoz\u00f3 &hellip;<\/p>\n","protected":false},"author":101431,"featured_media":0,"parent":5323,"menu_order":51,"comment_status":"closed","ping_status":"closed","template":"","meta":{"_acf_changed":false,"footnotes":""},"categories":[],"tags":[],"class_list":["post-14846","page","type-page","status-publish","hentry"],"acf":[],"_links":{"self":[{"href":"https:\/\/semmelweis.hu\/gytk\/wp-json\/wp\/v2\/pages\/14846","targetHints":{"allow":["GET"]}}],"collection":[{"href":"https:\/\/semmelweis.hu\/gytk\/wp-json\/wp\/v2\/pages"}],"about":[{"href":"https:\/\/semmelweis.hu\/gytk\/wp-json\/wp\/v2\/types\/page"}],"author":[{"embeddable":true,"href":"https:\/\/semmelweis.hu\/gytk\/wp-json\/wp\/v2\/users\/101431"}],"replies":[{"embeddable":true,"href":"https:\/\/semmelweis.hu\/gytk\/wp-json\/wp\/v2\/comments?post=14846"}],"version-history":[{"count":2,"href":"https:\/\/semmelweis.hu\/gytk\/wp-json\/wp\/v2\/pages\/14846\/revisions"}],"predecessor-version":[{"id":14848,"href":"https:\/\/semmelweis.hu\/gytk\/wp-json\/wp\/v2\/pages\/14846\/revisions\/14848"}],"up":[{"embeddable":true,"href":"https:\/\/semmelweis.hu\/gytk\/wp-json\/wp\/v2\/pages\/5323"}],"wp:attachment":[{"href":"https:\/\/semmelweis.hu\/gytk\/wp-json\/wp\/v2\/media?parent=14846"}],"wp:term":[{"taxonomy":"category","embeddable":true,"href":"https:\/\/semmelweis.hu\/gytk\/wp-json\/wp\/v2\/categories?post=14846"},{"taxonomy":"post_tag","embeddable":true,"href":"https:\/\/semmelweis.hu\/gytk\/wp-json\/wp\/v2\/tags?post=14846"}],"curies":[{"name":"wp","href":"https:\/\/api.w.org\/{rel}","templated":true}]}}