{"id":14570,"date":"2023-08-23T09:45:31","date_gmt":"2023-08-23T07:45:31","guid":{"rendered":"https:\/\/semmelweis.hu\/gytk\/?page_id=14570"},"modified":"2023-08-23T09:47:03","modified_gmt":"2023-08-23T07:47:03","slug":"kari-tanacs-elektronikus-szavazas-augusztus-11-17","status":"publish","type":"page","link":"https:\/\/semmelweis.hu\/gytk\/a-karrol\/kari-tanacs\/kari-tanacs-eloterjesztesek\/kari-tanacs-elektronikus-szavazas-augusztus-11-17\/","title":{"rendered":"2023. augusztus 11-17. elektronikus szavaz\u00e1s"},"content":{"rendered":"<p style=\"text-align: center\"><strong>Kari Tan\u00e1cs Elektronikus szavaz\u00e1s <br \/>\n<\/strong><strong>2023. augusztus 11. 14:00 \u00f3r\u00e1t\u00f3l augusztus 17. 16:00 \u00f3r\u00e1ig<\/strong><\/p>\n<p>&nbsp;<\/p>\n<p><a href=\"https:\/\/semmelweis.hu\/gytk\/files\/2023\/08\/KT-Elektronikus-szavazas-elrendelese-2023_aug_11_17.pdf\" target=\"_blank\" rel=\"noopener\">Elektronikus szavaz\u00e1s elrendel\u00e9se<\/a><\/p>\n<p>&nbsp;<\/p>\n<p>1.napirendi pont<\/p>\n<p><a href=\"https:\/\/semmelweis.hu\/gytk\/files\/2023\/08\/KT_Elo\u030bterjeszte\u0301s_szabadon_va\u0301laszthato\u0301_ta\u0301rgy_mo\u0301dosi\u0301ta\u0301s_ve\u0301leme\u0301nyeze\u0301se_.pdf\" target=\"_blank\" rel=\"noopener\">KT_El\u0151terjeszt\u00e9s_kor\u00e1bban_bevezetett_szabadon_v\u00e1laszthat\u00f3_tant\u00e1rgy_m\u00f3dos\u00edt\u00e1s\u00e1nak_v\u00e9lem\u00e9nyez\u00e9se<\/a><\/p>\n<ul>\n<li><a href=\"https:\/\/semmelweis.hu\/gytk\/files\/2023\/08\/2sz_melleklet_Altalanos-kemiai-alapismeretek-_-tantargyi_adatlap_2023_24.pdf\" target=\"_blank\" rel=\"noopener\">1napirendi_pont_2_mell\u00e9klet_\u00c1ltal\u00e1nos_k\u00e9miai_alapismeretek_tant\u00e1rgyi_adatlap<\/a><\/li>\n<li><a href=\"https:\/\/semmelweis.hu\/gytk\/files\/2023\/08\/3sz_melleklet_Molekulaszerkezet_meghatarozas_tantargyi_adatlap_2023_24.pdf\" target=\"_blank\" rel=\"noopener\">1napirendi_pont_3_mell\u00e9klet_Molekulaszerkezet-meghat\u00e1roz\u00e1s_spektroszk\u00f3piai_m\u00f3dszerekkel_tant\u00e1rgyi_adatlap<\/a><\/li>\n<\/ul>\n<p>&nbsp;<\/p>\n","protected":false},"excerpt":{"rendered":"<p>Kari Tan\u00e1cs Elektronikus szavaz\u00e1s<br \/>\n2023. augusztus 11. 14:00 \u00f3r\u00e1t\u00f3l augusztus 17. 16:00 \u00f3r\u00e1ig<br \/>\n&nbsp;<br \/>\n<a href=\"https:\/\/semmelweis.hu\/gytk\/files\/2023\/08\/KT-Elektronikus-szavazas-elrendelese-2023_aug_11_17.pdf\" target=\"_blank\" rel=\"noopener\">Elektronikus szavaz\u00e1s elrendel\u00e9se<\/a><br \/>\n&nbsp;<br \/>\n1.napirendi pont<br \/>\n<a href=\"https:\/\/semmelweis.hu\/gytk\/files\/2023\/08\/KT_Elo\u030bterjeszte\u0301s_szabadon_va\u0301laszthato\u0301_ta\u0301rgy_mo\u0301dosi\u0301ta\u0301s_ve\u0301leme\u0301nyeze\u0301se_.pdf\" target=\"_blank\" rel=\"noopener\">KT_El\u0151terjeszt\u00e9s_kor\u00e1bban_bevezetett_szabadon_v\u00e1laszthat\u00f3_tant\u00e1rgy_m\u00f3dos\u00edt\u00e1s\u00e1nak_v\u00e9lem\u00e9nyez\u00e9se<\/a><\/p>\n<p><a href=\"https:\/\/semmelweis.hu\/gytk\/files\/2023\/08\/2sz_melleklet_Altalanos-kemiai-alapismeretek-_-tantargyi_adatlap_2023_24.pdf\" target=\"_blank\" rel=\"noopener\">1napirendi_pont_2_mell\u00e9klet_\u00c1ltal\u00e1nos_k\u00e9miai_alapismeretek_tant\u00e1rgyi_adatlap<\/a><br \/>\n<a href=\"https:\/\/semmelweis.hu\/gytk\/files\/2023\/08\/3sz_melleklet_Molekulaszerkezet_meghatarozas_tantargyi_adatlap_2023_24.pdf\" target=\"_blank\" rel=\"noopener\">1napirendi_pont_3_mell\u00e9klet_Molekulaszerkezet-meghat\u00e1roz\u00e1s_spektroszk\u00f3piai_m\u00f3dszerekkel_tant\u00e1rgyi_adatlap<\/a><\/p>\n<p>&nbsp;<\/p>\n","protected":false},"author":101431,"featured_media":0,"parent":5323,"menu_order":50,"comment_status":"closed","ping_status":"closed","template":"","meta":{"_acf_changed":false,"footnotes":""},"categories":[],"tags":[],"class_list":["post-14570","page","type-page","status-publish","hentry"],"acf":[],"_links":{"self":[{"href":"https:\/\/semmelweis.hu\/gytk\/wp-json\/wp\/v2\/pages\/14570","targetHints":{"allow":["GET"]}}],"collection":[{"href":"https:\/\/semmelweis.hu\/gytk\/wp-json\/wp\/v2\/pages"}],"about":[{"href":"https:\/\/semmelweis.hu\/gytk\/wp-json\/wp\/v2\/types\/page"}],"author":[{"embeddable":true,"href":"https:\/\/semmelweis.hu\/gytk\/wp-json\/wp\/v2\/users\/101431"}],"replies":[{"embeddable":true,"href":"https:\/\/semmelweis.hu\/gytk\/wp-json\/wp\/v2\/comments?post=14570"}],"version-history":[{"count":2,"href":"https:\/\/semmelweis.hu\/gytk\/wp-json\/wp\/v2\/pages\/14570\/revisions"}],"predecessor-version":[{"id":14572,"href":"https:\/\/semmelweis.hu\/gytk\/wp-json\/wp\/v2\/pages\/14570\/revisions\/14572"}],"up":[{"embeddable":true,"href":"https:\/\/semmelweis.hu\/gytk\/wp-json\/wp\/v2\/pages\/5323"}],"wp:attachment":[{"href":"https:\/\/semmelweis.hu\/gytk\/wp-json\/wp\/v2\/media?parent=14570"}],"wp:term":[{"taxonomy":"category","embeddable":true,"href":"https:\/\/semmelweis.hu\/gytk\/wp-json\/wp\/v2\/categories?post=14570"},{"taxonomy":"post_tag","embeddable":true,"href":"https:\/\/semmelweis.hu\/gytk\/wp-json\/wp\/v2\/tags?post=14570"}],"curies":[{"name":"wp","href":"https:\/\/api.w.org\/{rel}","templated":true}]}}