{"id":143,"date":"2014-01-07T17:24:28","date_gmt":"2014-01-07T16:24:28","guid":{"rendered":"http:\/\/semmelweis.hu\/gytk\/?page_id=143"},"modified":"2025-05-26T09:31:30","modified_gmt":"2025-05-26T07:31:30","slug":"posztgradualis-kepzes","status":"publish","type":"page","link":"https:\/\/semmelweis.hu\/gytk\/posztgradualis-kepzes\/","title":{"rendered":"Gy\u00f3gyszer\u00e9sz szak- \u00e9s tov\u00e1bbk\u00e9pz\u00e9s"},"content":{"rendered":"","protected":false},"excerpt":{"rendered":"","protected":false},"author":12,"featured_media":0,"parent":0,"menu_order":2,"comment_status":"closed","ping_status":"closed","template":"","meta":{"_acf_changed":false,"footnotes":""},"categories":[],"tags":[],"class_list":["post-143","page","type-page","status-publish","hentry"],"acf":[],"_links":{"self":[{"href":"https:\/\/semmelweis.hu\/gytk\/wp-json\/wp\/v2\/pages\/143","targetHints":{"allow":["GET"]}}],"collection":[{"href":"https:\/\/semmelweis.hu\/gytk\/wp-json\/wp\/v2\/pages"}],"about":[{"href":"https:\/\/semmelweis.hu\/gytk\/wp-json\/wp\/v2\/types\/page"}],"author":[{"embeddable":true,"href":"https:\/\/semmelweis.hu\/gytk\/wp-json\/wp\/v2\/users\/12"}],"replies":[{"embeddable":true,"href":"https:\/\/semmelweis.hu\/gytk\/wp-json\/wp\/v2\/comments?post=143"}],"version-history":[{"count":13,"href":"https:\/\/semmelweis.hu\/gytk\/wp-json\/wp\/v2\/pages\/143\/revisions"}],"predecessor-version":[{"id":17372,"href":"https:\/\/semmelweis.hu\/gytk\/wp-json\/wp\/v2\/pages\/143\/revisions\/17372"}],"wp:attachment":[{"href":"https:\/\/semmelweis.hu\/gytk\/wp-json\/wp\/v2\/media?parent=143"}],"wp:term":[{"taxonomy":"category","embeddable":true,"href":"https:\/\/semmelweis.hu\/gytk\/wp-json\/wp\/v2\/categories?post=143"},{"taxonomy":"post_tag","embeddable":true,"href":"https:\/\/semmelweis.hu\/gytk\/wp-json\/wp\/v2\/tags?post=143"}],"curies":[{"name":"wp","href":"https:\/\/api.w.org\/{rel}","templated":true}]}}