{"id":14246,"date":"2023-06-22T09:49:44","date_gmt":"2023-06-22T07:49:44","guid":{"rendered":"https:\/\/semmelweis.hu\/gytk\/?page_id=14246"},"modified":"2023-06-22T09:50:15","modified_gmt":"2023-06-22T07:50:15","slug":"2023-junius-21","status":"publish","type":"page","link":"https:\/\/semmelweis.hu\/gytk\/a-karrol\/kari-tanacs\/kari-tanacs-eloterjesztesek\/2023-junius-21\/","title":{"rendered":"2023. j\u00fanius 21."},"content":{"rendered":"<p style=\"text-align: center\"><strong>Kari Tan\u00e1cs\u00fcl\u00e9s 2023 j\u00fanius 21. 14:30<\/strong><\/p>\n<p><a href=\"https:\/\/semmelweis.hu\/gytk\/files\/2023\/06\/Meghivo.pdf\" target=\"_blank\" rel=\"noopener\">Megh\u00edv\u00f3<\/a><\/p>\n<p><strong>2. napirend<\/strong><br \/>\n<a href=\"https:\/\/semmelweis.hu\/gytk\/files\/2023\/06\/KT_Eloterjesztes_a_Doctor_Honoris_Causa_cim_adomanyozasara.pdf\" target=\"_blank\" rel=\"noopener\">KT_ El\u0151terjeszt\u00e9s_ DHC_c\u00edm_adom\u00e1nyoz\u00e1s\u00e1ra_vonatkoz\u00f3_javaslat_v\u00e9lem\u00e9nyez\u00e9se<\/a><\/p>\n<ul>\n<li><span style=\"font-size: 12pt\"><a href=\"https:\/\/semmelweis.hu\/gytk\/files\/2023\/06\/DHC_adatlap_D.A_Lamprou.pdf\" target=\"_blank\" rel=\"noopener\">2_napirendi_pont_2_sz_ mell\u00e9klet_Dr. Dimitrios_A_Lampour_adatlap<\/a><\/span><\/li>\n<li><span style=\"font-size: 12pt\"><a href=\"https:\/\/semmelweis.hu\/gytk\/files\/2023\/06\/2.-napirendi-pont-3.-sz.-melleklet-1.pdf\" target=\"_blank\" rel=\"noopener\">2_napirendi_pont_3_sz_mell\u00e9klet_Dr. Dimitrios_A_Lampour_CV<\/a><\/span><\/li>\n<li><span style=\"font-size: 12pt\"><a href=\"https:\/\/semmelweis.hu\/gytk\/files\/2023\/06\/DHC-Nomination_Dimitrios_publikacio.pdf\" target=\"_blank\" rel=\"noopener\">2. napirendi_pont_4_sz_mell\u00e9klet_Dr. Dimitrios_A_Lampour_ Publik\u00e1ci\u00f3s_jegyz\u00e9k<\/a><\/span><\/li>\n<\/ul>\n<p><strong>3. napirend<\/strong><br \/>\n<a href=\"https:\/\/semmelweis.hu\/gytk\/files\/2023\/06\/KT_Eloterjesztes_cimzetes_egyetemi_docensi_cim_velemenyezese.pdf\" target=\"_blank\" rel=\"noopener\">KT_El\u0151terjeszt\u00e9s_C\u00edmzetes_egyetemi_docensi_c\u00edm_adom\u00e1nyoz\u00e1s\u00e1ra_vonatkoz\u00f3_javaslat_v\u00e9lem\u00e9nyez\u00e9se<\/a><\/p>\n<ul>\n<li><a href=\"https:\/\/semmelweis.hu\/gytk\/files\/2023\/06\/3_napirendi_pont_2_sz_melleklet_BGK_kerdoiv.pdf\" target=\"_blank\" rel=\"noopener\"><span style=\"font-size: 12pt\">3_napirendi_pont_2_sz_mell\u00e9klet_Barany\u00e1n\u00e9_Dr_Ganzler_Katalin_k\u00e9rd\u0151\u00edv<\/span><\/a><\/li>\n<li><span style=\"font-size: 12pt\"><a href=\"https:\/\/semmelweis.hu\/gytk\/files\/2023\/06\/3_napirendi_pont_3_sz_melleklet_BGKCV.pdf\" target=\"_blank\" rel=\"noopener\">3_napirendi_pont_3_sz_mell\u00e9klet_Barany\u00e1n\u00e9_Dr_Ganzler_Katalin_CV<\/a><\/span><\/li>\n<li><span style=\"font-size: 12pt\"><a href=\"https:\/\/semmelweis.hu\/gytk\/files\/2023\/06\/3_napirendi_pont_4_sz_melleklet_BGK_publikacios_lista.pdf\" target=\"_blank\" rel=\"noopener\">3_napirendi_pont_4_sz_mell\u00e9klet_Barany\u00e1n\u00e9_Dr_Ganzler_Katalin_publik\u00e1ci\u00f3s_lista<\/a><\/span><\/li>\n<li><span style=\"font-size: 12pt\"><a href=\"https:\/\/semmelweis.hu\/gytk\/files\/2023\/06\/3_napiremdi_pont_5_sz_melleklet_BGK_Candidatusi_fokozat.pdf\" target=\"_blank\" rel=\"noopener\">3_napirendi_pont_5_sz_mell\u00e9klet_Barany\u00e1n\u00e9_Dr_Ganzler_Katalin_kandid\u00e1tusi_fokozat_igazol\u00e1sa<\/a><\/span><\/li>\n<\/ul>\n<p><strong>4. napirend<\/strong><br \/>\n<a href=\"https:\/\/semmelweis.hu\/gytk\/files\/2023\/06\/KT_Eloterjesztes_kari_allando_bizottsagok_szemelyi_osszetetelenek_megujitasarol.pdf\" target=\"_blank\" rel=\"noopener\">KT_El\u0151terjeszt\u00e9s_Kari_\u00e1lland\u00f3_bizotts\u00e1gok_szem\u00e9lyi_\u00f6sszet\u00e9tel\u00e9nek_meg\u00faj\u00edt\u00e1sa<\/a><\/p>\n<ul>\n<li><span style=\"font-size: 12pt\"><a href=\"https:\/\/semmelweis.hu\/gytk\/files\/2023\/06\/4.-napirendi-pont_2_sz_melleklet.pdf\" target=\"_blank\" rel=\"noopener\">4_napirendi_pont_2_sz_mell\u00e9klet<\/a><\/span><\/li>\n<\/ul>\n<p><strong>5. napirend<\/strong><br \/>\n<a href=\"https:\/\/semmelweis.hu\/gytk\/files\/2023\/06\/KT_Eloterjesztes_-2023_evi_Jubileumi_Diszoklevelek_odaitelesenek_velemenyezese.pdf\" target=\"_blank\" rel=\"noopener\">KT_El\u0151terjeszt\u00e9s_a 2023_\u00e9vi_jubileumi_d\u00edszoklevelek_oda\u00edt\u00e9l\u00e9se<\/a><\/p>\n<ul>\n<li><span style=\"font-size: 12pt\"><a href=\"https:\/\/semmelweis.hu\/gytk\/files\/2023\/06\/Jubileumi-diszoklevel-igenylesek.pdf\" target=\"_blank\" rel=\"noopener\">5_napirendi_pont_2_sz_mell\u00e9klet_2023-ban_jubileumi_d\u00edszoklevelet_ig\u00e9nyl\u0151k_n\u00e9vsora<\/a><\/span><\/li>\n<\/ul>\n<p><strong>6. napirend<\/strong><br \/>\n<a href=\"https:\/\/semmelweis.hu\/gytk\/files\/2023\/06\/6napirend_melleklet_szakkepzohelyek_20230615.pdf\" target=\"_blank\" rel=\"noopener\">Szakk\u00e9pz\u0151 helyek akkredit\u00e1ci\u00f3s k\u00e9relmeinek v\u00e9lem\u00e9nyez\u00e9se<\/a><\/p>\n<p>&nbsp;<\/p>\n<p>&nbsp;<\/p>\n","protected":false},"excerpt":{"rendered":"<p>Kari Tan\u00e1cs\u00fcl\u00e9s 2023 j\u00fanius 21. 14:30<br \/>\n<a href=\"https:\/\/semmelweis.hu\/gytk\/files\/2023\/06\/Meghivo.pdf\" target=\"_blank\" rel=\"noopener\">Megh\u00edv\u00f3<\/a><br \/>\n2. napirend<br \/>\n<a href=\"https:\/\/semmelweis.hu\/gytk\/files\/2023\/06\/KT_Eloterjesztes_a_Doctor_Honoris_Causa_cim_adomanyozasara.pdf\" target=\"_blank\" rel=\"noopener\">KT_ El\u0151terjeszt\u00e9s_ DHC_c\u00edm_adom\u00e1nyoz\u00e1s\u00e1ra_vonatkoz\u00f3_javaslat_v\u00e9lem\u00e9nyez\u00e9se<\/a><\/p>\n<p><a href=\"https:\/\/semmelweis.hu\/gytk\/files\/2023\/06\/DHC_adatlap_D.A_Lamprou.pdf\" target=\"_blank\" rel=\"noopener\">2_napirendi_pont_2_sz_ mell\u00e9klet_Dr. Dimitrios_A_Lampour_adatlap<\/a><br \/>\n<a href=\"https:\/\/semmelweis.hu\/gytk\/files\/2023\/06\/2.-napirendi-pont-3.-sz.-melleklet-1.pdf\" target=\"_blank\" rel=\"noopener\">2_napirendi_pont_3_sz_mell\u00e9klet_Dr. Dimitrios_A_Lampour_CV<\/a><br \/>\n<a href=\"https:\/\/semmelweis.hu\/gytk\/files\/2023\/06\/DHC-Nomination_Dimitrios_publikacio.pdf\" target=\"_blank\" rel=\"noopener\">2. napirendi_pont_4_sz_mell\u00e9klet_Dr. Dimitrios_A_Lampour_ Publik\u00e1ci\u00f3s_jegyz\u00e9k<\/a><\/p>\n<p>3. napirend<br \/>\n<a href=\"https:\/\/semmelweis.hu\/gytk\/files\/2023\/06\/KT_Eloterjesztes_cimzetes_egyetemi_docensi_cim_velemenyezese.pdf\" target=\"_blank\" rel=\"noopener\">KT_El\u0151terjeszt\u00e9s_C\u00edmzetes_egyetemi_docensi_c\u00edm_adom\u00e1nyoz\u00e1s\u00e1ra_vonatkoz\u00f3_javaslat_v\u00e9lem\u00e9nyez\u00e9se<\/a><\/p>\n<p><a href=\"https:\/\/semmelweis.hu\/gytk\/files\/2023\/06\/3_napirendi_pont_2_sz_melleklet_BGK_kerdoiv.pdf\" target=\"_blank\" rel=\"noopener\">3_napirendi_pont_2_sz_mell\u00e9klet_Barany\u00e1n\u00e9_Dr_Ganzler_Katalin_k\u00e9rd\u0151\u00edv<\/a><br \/>\n<a href=\"https:\/\/semmelweis.hu\/gytk\/files\/2023\/06\/3_napirendi_pont_3_sz_melleklet_BGKCV.pdf\" target=\"_blank\" rel=\"noopener\">3_napirendi_pont_3_sz_mell\u00e9klet_Barany\u00e1n\u00e9_Dr_Ganzler_Katalin_CV<\/a><br \/>\n<a href=\"https:\/\/semmelweis.hu\/gytk\/files\/2023\/06\/3_napirendi_pont_4_sz_melleklet_BGK_publikacios_lista.pdf\" target=\"_blank\" rel=\"noopener\">3_napirendi_pont_4_sz_mell\u00e9klet_Barany\u00e1n\u00e9_Dr_Ganzler_Katalin_publik\u00e1ci\u00f3s_lista<\/a><br \/>\n<a href=\"https:\/\/semmelweis.hu\/gytk\/files\/2023\/06\/3_napiremdi_pont_5_sz_melleklet_BGK_Candidatusi_fokozat.pdf\" target=\"_blank\" rel=\"noopener\">3_napirendi_pont_5_sz_mell\u00e9klet_Barany\u00e1n\u00e9_Dr_Ganzler_Katalin_kandid\u00e1tusi_fokozat_igazol\u00e1sa<\/a><\/p>\n<p>4. napirend<br \/>\n<a href=\"https:\/\/semmelweis.hu\/gytk\/files\/2023\/06\/KT_Eloterjesztes_kari_allando_bizottsagok_szemelyi_osszetetelenek_megujitasarol.pdf\" target=\"_blank\" rel=\"noopener\">KT_El\u0151terjeszt\u00e9s_Kari_\u00e1lland\u00f3_bizotts\u00e1gok_szem\u00e9lyi_\u00f6sszet\u00e9tel\u00e9nek_meg\u00faj\u00edt\u00e1sa<\/a><\/p>\n<p><a href=\"https:\/\/semmelweis.hu\/gytk\/files\/2023\/06\/4.-napirendi-pont_2_sz_melleklet.pdf\" target=\"_blank\" rel=\"noopener\">4_napirendi_pont_2_sz_mell\u00e9klet<\/a><\/p>\n<p>5. napirend<br \/>\n<a href=\"https:\/\/semmelweis.hu\/gytk\/files\/2023\/06\/KT_Eloterjesztes_-2023_evi_Jubileumi_Diszoklevelek_odaitelesenek_velemenyezese.pdf\" target=\"_blank\" rel=\"noopener\">KT_El\u0151terjeszt\u00e9s_a 2023_\u00e9vi_jubileumi_d\u00edszoklevelek_oda\u00edt\u00e9l\u00e9se<\/a><\/p>\n<p><a href=\"https:\/\/semmelweis.hu\/gytk\/files\/2023\/06\/Jubileumi-diszoklevel-igenylesek.pdf\" target=\"_blank\" rel=\"noopener\">5_napirendi_pont_2_sz_mell\u00e9klet_2023-ban_jubileumi_d\u00edszoklevelet_ig\u00e9nyl\u0151k_n\u00e9vsora<\/a><\/p>\n<p>6. napirend<br \/>\n<a href=\"https:\/\/semmelweis.hu\/gytk\/files\/2023\/06\/6napirend_melleklet_szakkepzohelyek_20230615.pdf\" target=\"_blank\" rel=\"noopener\">Szakk\u00e9pz\u0151 helyek akkredit\u00e1ci\u00f3s k\u00e9relmeinek v\u00e9lem\u00e9nyez\u00e9se<\/a><br \/>\n&nbsp;<br \/>\n&nbsp;<\/p>\n","protected":false},"author":101431,"featured_media":0,"parent":5323,"menu_order":49,"comment_status":"closed","ping_status":"closed","template":"","meta":{"_acf_changed":false,"footnotes":""},"categories":[],"tags":[],"class_list":["post-14246","page","type-page","status-publish","hentry"],"acf":[],"_links":{"self":[{"href":"https:\/\/semmelweis.hu\/gytk\/wp-json\/wp\/v2\/pages\/14246","targetHints":{"allow":["GET"]}}],"collection":[{"href":"https:\/\/semmelweis.hu\/gytk\/wp-json\/wp\/v2\/pages"}],"about":[{"href":"https:\/\/semmelweis.hu\/gytk\/wp-json\/wp\/v2\/types\/page"}],"author":[{"embeddable":true,"href":"https:\/\/semmelweis.hu\/gytk\/wp-json\/wp\/v2\/users\/101431"}],"replies":[{"embeddable":true,"href":"https:\/\/semmelweis.hu\/gytk\/wp-json\/wp\/v2\/comments?post=14246"}],"version-history":[{"count":2,"href":"https:\/\/semmelweis.hu\/gytk\/wp-json\/wp\/v2\/pages\/14246\/revisions"}],"predecessor-version":[{"id":14248,"href":"https:\/\/semmelweis.hu\/gytk\/wp-json\/wp\/v2\/pages\/14246\/revisions\/14248"}],"up":[{"embeddable":true,"href":"https:\/\/semmelweis.hu\/gytk\/wp-json\/wp\/v2\/pages\/5323"}],"wp:attachment":[{"href":"https:\/\/semmelweis.hu\/gytk\/wp-json\/wp\/v2\/media?parent=14246"}],"wp:term":[{"taxonomy":"category","embeddable":true,"href":"https:\/\/semmelweis.hu\/gytk\/wp-json\/wp\/v2\/categories?post=14246"},{"taxonomy":"post_tag","embeddable":true,"href":"https:\/\/semmelweis.hu\/gytk\/wp-json\/wp\/v2\/tags?post=14246"}],"curies":[{"name":"wp","href":"https:\/\/api.w.org\/{rel}","templated":true}]}}