{"id":13937,"date":"2023-05-18T15:32:11","date_gmt":"2023-05-18T13:32:11","guid":{"rendered":"https:\/\/semmelweis.hu\/gytk\/?page_id=13937"},"modified":"2026-01-09T10:37:28","modified_gmt":"2026-01-09T09:37:28","slug":"dr-ludanyi-krisztina","status":"publish","type":"page","link":"https:\/\/semmelweis.hu\/gytk\/a-karrol\/kari-vezetok\/dr-ludanyi-krisztina\/","title":{"rendered":"Dr. Lud\u00e1nyi Krisztina"},"content":{"rendered":"<h4 style=\"text-align: justify\"><a href=\"https:\/\/semmelweis.hu\/gytk\/files\/2023\/05\/tablofoto.jpg\"><img loading=\"lazy\" decoding=\"async\" class=\"alignright wp-image-14051 \" style=\"font-size: 18.6667px\" src=\"https:\/\/semmelweis.hu\/gytk\/files\/2023\/05\/tablofoto-280x400.jpg\" alt=\"\" width=\"263\" height=\"376\" srcset=\"https:\/\/semmelweis.hu\/gytk\/files\/2023\/05\/tablofoto-280x400.jpg 280w, https:\/\/semmelweis.hu\/gytk\/files\/2023\/05\/tablofoto-717x1024.jpg 717w, https:\/\/semmelweis.hu\/gytk\/files\/2023\/05\/tablofoto-768x1097.jpg 768w, https:\/\/semmelweis.hu\/gytk\/files\/2023\/05\/tablofoto-1075x1536.jpg 1075w, https:\/\/semmelweis.hu\/gytk\/files\/2023\/05\/tablofoto-1434x2048.jpg 1434w, https:\/\/semmelweis.hu\/gytk\/files\/2023\/05\/tablofoto-753x1076.jpg 753w, https:\/\/semmelweis.hu\/gytk\/files\/2023\/05\/tablofoto.jpg 1479w\" sizes=\"auto, (max-width: 263px) 100vw, 263px\" \/><\/a><strong>Gy\u00f3gyszer\u00e9sztudom\u00e1nyi Kar,<br \/>\nd\u00e9k\u00e1nhelyettes<\/strong><\/h4>\n<h5>Egyetemi v\u00e9gzetts\u00e9g \u00e9s tudom\u00e1nyos fokozat<\/h5>\n<table class=\"plain\" style=\"width: 36.6969%\" width=\"100%\">\n<tbody>\n<tr>\n<td style=\"width: 6.58182%\"><span style=\"font-size: 14pt\">1991<\/span><\/td>\n<td style=\"width: 53.739%\"><span style=\"font-size: 14pt\">vegy\u00e9sz \u00fczemm\u00e9rn\u00f6k diploma, Veszpr\u00e9mi Egyetem<\/span><\/td>\n<\/tr>\n<tr>\n<td style=\"width: 6.58182%\"><span style=\"font-size: 14pt\">1993<\/span><\/td>\n<td style=\"width: 53.739%\"><span style=\"font-size: 14pt\">okleveles vegy\u00e9szm\u00e9rn\u00f6k diploma (MSc),\u00a0Veszpr\u00e9mi Egyetem<\/span><\/td>\n<\/tr>\n<tr>\n<td style=\"width: 6.58182%\"><span style=\"font-size: 14pt\">2000<\/span><\/td>\n<td style=\"width: 53.739%\"><span style=\"font-size: 14pt\">PhD fokozat, ELTE TTK K\u00e9mia Doktori Iskola <\/span><\/td>\n<\/tr>\n<\/tbody>\n<\/table>\n<p>&nbsp;<\/p>\n<hr \/>\n<h5>Munkahelyek, beoszt\u00e1sok<\/h5>\n<table class=\"plain\" style=\"width: 100.364%;height: 301px\" width=\"100%\">\n<tbody>\n<tr style=\"height: 63px\">\n<td style=\"width: 21.2%;height: 63px\"><span style=\"font-size: 14pt\">1993\u20131999<\/span><\/td>\n<td style=\"width: 79.1636%;height: 63px\"><span style=\"font-size: 14pt\">MTA K\u00e9miai Kutat\u00f3k\u00f6zpont, T\u00f6megspektrometriai Oszt\u00e1ly, tudom\u00e1nyos seg\u00e9dmunkat\u00e1rs<\/span><\/td>\n<\/tr>\n<tr style=\"height: 63px\">\n<td style=\"width: 21.2%;height: 63px\"><span style=\"font-size: 14pt\">2000\u20132004 <\/span><\/td>\n<td style=\"width: 79.1636%;height: 63px\"><span style=\"font-size: 14pt\">MTA K\u00e9miai Kutat\u00f3k\u00f6zpont, T\u00f6megspektrometriai Oszt\u00e1ly,<br \/>\ntudom\u00e1nyos munkat\u00e1rs<\/span><\/td>\n<\/tr>\n<tr style=\"height: 33px\">\n<td style=\"width: 21.2%\"><span style=\"font-size: 14pt\">2005\u00a0<\/span><\/td>\n<td style=\"width: 79.1636%\"><span style=\"font-size: 14pt\">MTA K\u00e9miai Kutat\u00f3k\u00f6zpont, T\u00f6megspektrometriai Oszt\u00e1ly,<br \/>\ntudom\u00e1nyos f\u0151munkat\u00e1rs<\/span><\/td>\n<\/tr>\n<tr>\n<td style=\"width: 21.2%;height: 33px\"><span style=\"font-size: 14pt\">2005\u2013\u00a0<\/span><\/td>\n<td style=\"width: 79.1636%;height: 33px\"><span style=\"font-size: 14pt\">Semmelweis Egyetem, Gy\u00f3gyszer\u00e9szeti Int\u00e9zet,<br \/>\nK\u00e9miai Ellen\u0151rz\u0151 \u00e9s Bioanalitikai Laborat\u00f3rium, laborat\u00f3riumvezet\u0151<\/span><\/td>\n<\/tr>\n<tr>\n<td><span style=\"font-size: 14pt\">2005\u20132009<\/span><\/td>\n<td><span style=\"font-size: 14pt\">Semmelweis Egyetem, Gy\u00f3gyszer\u00e9szeti Int\u00e9zet,<br \/>\n<\/span><span style=\"font-size: 14pt\">tudom\u00e1nyos f\u0151munkat\u00e1rs<\/span><\/td>\n<\/tr>\n<tr>\n<td style=\"width: 21.2%;height: 33px\"><span style=\"font-size: 14pt\">2009\u2013<\/span><\/td>\n<td style=\"width: 79.1636%;height: 33px\"><span style=\"font-size: 14pt\">Semmelweis Egyetem, Gy\u00f3gyszer\u00e9szeti Int\u00e9zet, egyetemi docens<\/span><\/td>\n<\/tr>\n<tr>\n<td style=\"width: 21.2%\"><span style=\"font-size: 14pt\">2018\u2013<\/span><\/td>\n<td style=\"width: 79.1636%\"><span style=\"font-size: 14pt\">Semmelweis Egyetem, Gy\u00f3gyszer\u00e9szeti Int\u00e9zet, int\u00e9zetigazgat\u00f3-helyettes<\/span><\/td>\n<\/tr>\n<tr style=\"height: 33px\">\n<td style=\"width: 21.2%;height: 33px\"><span style=\"font-size: 14pt\">2023\u2013<\/span><\/td>\n<td style=\"width: 79.1636%;height: 33px\"><span style=\"font-size: 14pt\">Semmelweis Egyetem, Gy\u00f3gyszer\u00e9sztudom\u00e1nyi Kar, d\u00e9k\u00e1nhelyettes<\/span><\/td>\n<\/tr>\n<\/tbody>\n<\/table>\n<h5>Oktat\u00e1si tev\u00e9kenys\u00e9g<\/h5>\n<p style=\"text-align: justify\"><span style=\"font-size: 14pt\"><strong>Semmelweis Egyetem<\/strong><\/span><\/p>\n<p style=\"text-align: justify;padding-left: 40px\"><span style=\"font-size: 14pt\"><strong>Gradu\u00e1lis k\u00e9pz\u00e9s <\/strong>(magyar, angol)<strong>\u00a0\u00a0\u00a0\u00a0\u00a0\u00a0<\/strong><\/span><\/p>\n<ul>\n<li>El\u0151ad\u00f3, tant\u00e1rgyfelel\u0151s, tanulm\u00e1nyi felel\u0151s: Biotechnol\u00f3gia; Biol\u00f3giai gy\u00f3gyszerek; Kolloidika<\/li>\n<li>Tanulm\u00e1nyi felel\u0151s, tant\u00e1rgyfelel\u0151s helyettes: Fizikai k\u00e9mia gy\u00f3gyszer\u00e9szeknek<\/li>\n<li>Vezet\u0151 oktat\u00f3: A Gy\u00f3gyszertechnol\u00f3gia III., IV. K\u00e9miai ellen\u0151rz\u0151 vizsg\u00e1latai laborat\u00f3riumi gyakorlatok<\/li>\n<li>El\u0151ad\u00f3: Gy\u00f3gyszertechnol\u00f3gia III; Klinikai farmakokinetika \u00e9s biofarm\u00e1cia; Bioanalitikai m\u00f3dszerek a farmakokinetik\u00e1ban<\/li>\n<\/ul>\n<p style=\"padding-left: 40px\"><strong>Posztgradu\u00e1lis k\u00e9pz\u00e9s <\/strong><\/p>\n<ul>\n<li>T\u00e1rgy meghirdet\u0151: Feh\u00e9rj\u00e9k analitikai vizsg\u00e1lati m\u00f3dszerei (PhD k\u00e9pz\u00e9s)<\/li>\n<li>El\u0151ad\u00f3: Szakgy\u00f3gyszer\u00e9sz-k\u00e9pz\u00e9s, ipari szakir\u00e1ny, t\u00f6rzsk\u00e9pz\u00e9s; SE-BME QP k\u00e9pz\u00e9s; Richter Gedeon Nyrt. tov\u00e1bbk\u00e9pz\u00e9s<\/li>\n<\/ul>\n<p style=\"text-align: justify\"><span style=\"font-size: 14pt\"><strong>BME Vegy\u00e9szm\u00e9rn\u00f6ki \u00e9s Biom\u00e9rn\u00f6ki Kar<\/strong><\/span><\/p>\n<ul style=\"text-align: justify\">\n<li><span style=\"font-size: 14pt\">El\u0151ad\u00f3, 2020-t\u00f3l vezet\u0151 oktat\u00f3: Bioanalitika \u00e9s metabolitvizsg\u00e1lat k\u00f6telez\u0151 t\u00e1rgy (MSc k\u00e9pz\u00e9s)<\/span><\/li>\n<\/ul>\n<p style=\"text-align: justify\"><span style=\"font-size: 14pt\"><strong>Egy\u00e9b<\/strong><\/span><\/p>\n<ul style=\"text-align: justify\">\n<li><span style=\"font-size: 14pt\">T\u00e9mavezet\u0151 (magyar, angol): PhD, TDK, szakdolgozat<\/span><\/li>\n<li><span style=\"font-size: 14pt\">Tudom\u00e1nyos\/szakmai tov\u00e1bbk\u00e9pz\u0151 iskol\u00e1k, tudom\u00e1nyos napok szervez\u00e9se: T\u00f6megspektrometria, Korszer\u0171 bioanalitikai m\u00f3dszerek a feh\u00e9rjekutat\u00e1sban, Biol\u00f3giai gy\u00f3gyszerek el\u0151\u00e1ll\u00edt\u00e1sa, jellemz\u00e9se, T\u00f6megspektrometria az alapkutat\u00e1st\u00f3l az iparig; MKE T\u00f6megspektrometriai T\u00e1rsas\u00e1g<\/span><\/li>\n<\/ul>\n<h5>Tudom\u00e1nyos tev\u00e9kenys\u00e9g<\/h5>\n<ul style=\"text-align: justify\">\n<li><span style=\"font-size: 14pt\">(Gliko)proteinek, oligoszacharidok, oligonukleotidok, szintetikus szerves vegy\u00fcletek, gy\u00f3gyszermetabolitok szerkezet vizsg\u00e1lata \u00e9s kvantitat\u00edv meghat\u00e1roz\u00e1sa kromatogr\u00e1fi\u00e1s \u00e9s t\u00f6megspektrometri\u00e1s m\u00f3dszerekkel<\/span><\/li>\n<li><span style=\"font-size: 14pt\">Biomarker kutat\u00e1s \u2013 Glikoproteinek anom\u00e1lis szerkezet\u0171 molekulavari\u00e1nsainak szerkezeti jellemz\u00e9se MS proteomikai alap\u00fa technik\u00e1kkal<\/span><\/li>\n<li><span style=\"font-size: 14pt\">Enzimhat\u00f3anyag-tartalm\u00fa k\u00e9sz\u00edtm\u00e9nyek formul\u00e1l\u00e1sa sor\u00e1n ill. k\u00f6rnyezeti t\u00e9nyez\u0151k hat\u00e1s\u00e1ra bek\u00f6vetkez\u0151 szerkezet-hat\u00e1s v\u00e1ltoz\u00e1sainak vizsg\u00e1lata<\/span><\/li>\n<li><span style=\"font-size: 14pt\">Gyakorlati tapasztalat farmakokinetikai kutat\u00e1sokhoz \u00e9s gy\u00f3gyszertechnol\u00f3giai fejleszt\u00e9sekhez kapcsol\u00f3d\u00f3 analitikai vizsg\u00e1latokban: metabolitok szerkezet \u00e9s kvantitat\u00edv meghat\u00e1roz\u00e1sa, stabilit\u00e1s vizsg\u00e1lat, szennyez\u00e9s \u00e9s boml\u00e1sterm\u00e9k profil meghat\u00e1roz\u00e1s, m\u00f3dszer valid\u00e1l\u00e1s<\/span><\/li>\n<\/ul>\n<h5>\u00d6szt\u00f6nd\u00edjak, tanulm\u00e1nyutak<\/h5>\n<table class=\"plain\" style=\"width: 96.2183%\" width=\"100%\">\n<tbody>\n<tr>\n<td style=\"width: 20.2545%\"><span style=\"font-size: 14pt\">1995<\/span><\/td>\n<td style=\"width: 96.1281%\"><span style=\"font-size: 14pt\">Warwick-i Egyetem, Nagy-Britannia<\/span><\/td>\n<\/tr>\n<tr>\n<td style=\"width: 20.2545%\"><span style=\"font-size: 14pt\">1999\u00a0 <\/span><\/td>\n<td style=\"width: 96.1281%\"><span style=\"font-size: 14pt\">FOM AMOLF, Amszterdam, Hollandia<\/span><\/td>\n<\/tr>\n<tr>\n<td style=\"width: 20.2545%\"><span style=\"font-size: 14pt\">2006\u20132008<\/span><\/td>\n<td style=\"width: 96.1281%\"><span style=\"font-size: 14pt\">Bolyai J\u00e1nos Kutat\u00e1si \u00f6szt\u00f6nd\u00edj<\/span><\/td>\n<\/tr>\n<tr>\n<td style=\"width: 20.2545%\"><span style=\"font-size: 14pt\">2019\u00a0 <\/span><\/td>\n<td style=\"width: 96.1281%\"><span style=\"font-size: 14pt\">Palerm\u00f3i Egyetem (Progetto CoRI 2018)<\/span><\/td>\n<\/tr>\n<tr>\n<td style=\"width: 20.2545%\"><span style=\"font-size: 14pt\">2022\u00a0 \u00a0 \u00a0<\/span><\/td>\n<td style=\"width: 96.1281%\"><span style=\"font-size: 14pt\">Marosv\u00e1s\u00e1rhelyi Orvosi \u00e9s Gy\u00f3gyszer\u00e9szeti Egyetem, Gy\u00f3gyszer\u00e9szeti Kar <br \/>\n(Erasmus+ oktat\u00f3i mobilit\u00e1s program)<\/span><\/td>\n<\/tr>\n<\/tbody>\n<\/table>\n<h6 style=\"text-align: justify\"><span style=\"font-size: 14pt\"><strong>Tudom\u00e1nymetriai adatok<\/strong> (2023. m\u00e1jus)<\/span><\/h6>\n<table class=\"plain\" style=\"width: 100%\" width=\"100%\">\n<tbody>\n<tr style=\"height: 33px\">\n<td style=\"width: 39.5273%;height: 33px\"><span style=\"font-size: 14pt\">\u00d6sszes k\u00f6zlem\u00e9ny:\u00a0 <\/span><\/td>\n<td style=\"width: 60.4727%;height: 33px\"><span style=\"font-size: 14pt\">143<\/span><\/td>\n<\/tr>\n<tr style=\"height: 33px\">\n<td style=\"width: 39.5273%;height: 33px\"><span style=\"font-size: 14pt\">F\u00fcggetlen id\u00e9zetek sz\u00e1ma:\u00a0<\/span><\/td>\n<td style=\"width: 60.4727%;height: 33px\"><span style=\"font-size: 14pt\">1471<\/span><\/td>\n<\/tr>\n<tr style=\"height: 33px\">\n<td style=\"width: 39.5273%;height: 33px\"><span style=\"font-size: 14pt\">Hirsch index:<\/span><\/td>\n<td style=\"width: 60.4727%;height: 33px\"><span style=\"font-size: 14pt\">28<\/span><\/td>\n<\/tr>\n<tr style=\"height: 33px\">\n<td style=\"width: 39.5273%;height: 33px\"><span style=\"font-size: 14pt\">MTMT:<\/span><\/td>\n<td style=\"width: 60.4727%;height: 33px\"><a href=\"https:\/\/m2.mtmt.hu\/gui2\/?type=authors&amp;mode=browse&amp;sel=authors10014788\" target=\"_blank\" rel=\"noopener\">https:\/\/m2.mtmt.hu\/gui2\/?type=authors&amp;mode=browse&amp;sel=authors10014788<\/a><\/td>\n<\/tr>\n<\/tbody>\n<\/table>\n<h5>Egyetemi bizotts\u00e1gi tags\u00e1gok \u00e9s tiszts\u00e9gek:<\/h5>\n<table class=\"plain\" style=\"width: 99.8545%;height: 215px\" width=\"100%\">\n<tbody>\n<tr style=\"height: 63px\">\n<td style=\"width: 18.5988%;height: 13px\"><span style=\"font-size: 14pt\">2009\u2013\u00a0<\/span><\/td>\n<td style=\"width: 81.4012%;height: 13px\"><span style=\"font-size: 14pt\">Semmelweis Egyetem, Gy\u00f3gyszer\u00e9sztudom\u00e1nyi Kar, Tudom\u00e1nyos Bizotts\u00e1g, tag<\/span><\/td>\n<\/tr>\n<tr style=\"height: 33px\">\n<td style=\"width: 18.5988%;height: 33px\"><span style=\"font-size: 14pt\">2016\u20132019 <\/span><\/td>\n<td style=\"width: 81.4012%;height: 33px\"><span style=\"font-size: 14pt\">Semmelweis Egyetem, Tudom\u00e1nyos Tan\u00e1cs, tag<\/span><\/td>\n<\/tr>\n<tr style=\"height: 63px\">\n<td style=\"width: 18.5988%;height: 63px\"><span style=\"font-size: 14pt\">2021-2022\u00a0\u00a0<\/span><\/td>\n<td style=\"width: 81.4012%;height: 63px\"><span style=\"font-size: 14pt\">Semmelweis Egyetem, Gy\u00f3gyszer\u00e9sztudom\u00e1nyi Kar, Kari Tan\u00e1cs, tag<\/span><\/td>\n<\/tr>\n<tr style=\"height: 63px\">\n<td style=\"width: 18.5988%;height: 63px\"><span style=\"font-size: 14pt\">2023\u2013\u00a0\u00a0\u00a0<\/span><\/td>\n<td style=\"width: 81.4012%;height: 63px\"><span style=\"font-size: 14pt\">Semmelweis Egyetem, Gy\u00f3gyszer\u00e9sztudom\u00e1nyi Kar,Tudom\u00e1nyos \u00e9s Min\u0151s\u00e9gbiztos\u00edt\u00e1si Bizotts\u00e1g, eln\u00f6k\u00a0 \u00a0 \u00a0 \u00a0 \u00a0 \u00a0 \u00a0 \u00a0 \u00a0<\/span><\/td>\n<\/tr>\n<\/tbody>\n<\/table>\n<h5>Tudom\u00e1nyos \u00e9s szakmai t\u00e1rsas\u00e1gi szervezeti, bizotts\u00e1gi tags\u00e1gok \u00e9s tiszts\u00e9gek:<\/h5>\n<table class=\"plain\" style=\"width: 100%\" width=\"100%\">\n<tbody>\n<tr style=\"height: 33px\">\n<td style=\"width: 17.7818%;height: 33px\"><span style=\"font-size: 14pt\">1998\u2013<\/span><\/td>\n<td style=\"width: 82.218%;height: 33px\"><span style=\"font-size: 14pt\">Magyar Elv\u00e1laszt\u00e1studom\u00e1nyi T\u00e1rsas\u00e1g, tag<\/span><\/td>\n<\/tr>\n<tr style=\"height: 33px\">\n<td style=\"width: 17.7818%;height: 33px\"><span style=\"font-size: 14pt\">2005\u2013\u00a0<\/span><\/td>\n<td style=\"width: 82.218%;height: 33px\"><span style=\"font-size: 14pt\">Magyar Gy\u00f3gyszer\u00e9sztudom\u00e1nyi T\u00e1rsas\u00e1g, Gy\u00f3gyszeripari Szervezet, tag<\/span><\/td>\n<\/tr>\n<tr style=\"height: 33px\">\n<td style=\"width: 17.7818%;height: 33px\"><span style=\"font-size: 14pt\">2007\u20132022\u00a0<\/span><\/td>\n<td style=\"width: 82.218%;height: 33px\"><span style=\"font-size: 14pt\">Magyar K\u00e9mikusok Egyes\u00fclete, T\u00f6megspektrometriai T\u00e1rsas\u00e1g, titk\u00e1r<\/span><\/td>\n<\/tr>\n<tr style=\"height: 33px\">\n<td style=\"width: 17.7818%;height: 33px\"><span style=\"font-size: 14pt\">2012\u2013\u00a0\u00a0<\/span><\/td>\n<td style=\"width: 82.218%;height: 33px\"><span style=\"font-size: 14pt\">MTA K\u00f6ztest\u00fcleti tag<\/span><\/td>\n<\/tr>\n<tr style=\"height: 33px\">\n<td style=\"width: 17.7818%;height: 33px\"><span style=\"font-size: 14pt\">2014\u2013 \u00a0<\/span><\/td>\n<td style=\"width: 82.218%;height: 33px\"><span style=\"font-size: 14pt\">Magyar Tudom\u00e1nyos Akad\u00e9mia, Analitikai \u00e9s K\u00f6rnyezetk\u00e9miai Tudom\u00e1nyos Bizotts\u00e1g, v\u00e1lasztott tag<\/span><\/td>\n<\/tr>\n<tr style=\"height: 33px\">\n<td style=\"width: 17.7818%;height: 33px\"><span style=\"font-size: 14pt\">2023\u2013\u00a0\u00a0<\/span><\/td>\n<td style=\"width: 82.218%;height: 33px\"><span style=\"font-size: 14pt\">Magyar K\u00e9mikusok Egyes\u00fclete, T\u00f6megspektrometriai T\u00e1rsas\u00e1g, eln\u00f6k<\/span><\/td>\n<\/tr>\n<\/tbody>\n<\/table>\n<h5>Szakmai kit\u00fcntet\u00e9sek, d\u00edjak:<\/h5>\n<table class=\"plain\" style=\"width: 100%\" width=\"100%\">\n<tbody>\n<tr style=\"height: 63px\">\n<td style=\"width: 17.7818%;height: 63px\"><span style=\"font-size: 14pt\">1996\u00a0<\/span><\/td>\n<td style=\"width: 82.2181%;height: 63px\"><span style=\"font-size: 14pt\">legjobb poszter d\u00edj: 14<sup>th<\/sup> Informal Meeting on Mass Spectrometry, <br \/>\nPadova, Olaszorsz\u00e1g<\/span><\/td>\n<\/tr>\n<tr style=\"height: 33px\">\n<td style=\"width: 17.7818%;height: 33px\"><span style=\"font-size: 14pt\">2006\u00a0<\/span><\/td>\n<td style=\"width: 82.2181%;height: 33px\"><span style=\"font-size: 14pt\"> legjobb poszter d\u00edj: Congressus Pharmaceuticus Hungaricus XIII., Budapest<\/span><\/td>\n<\/tr>\n<tr style=\"height: 63px\">\n<td style=\"width: 17.7818%;height: 63px\"><span style=\"font-size: 14pt\">2009<\/span><\/td>\n<td style=\"width: 82.2181%;height: 63px\"><span style=\"font-size: 14pt\">Bruckner Gy\u0151z\u0151 d\u00edj (40 \u00e9v alatti kateg\u00f3ria), <br \/>\nMagyar Tudom\u00e1nyos Akad\u00e9mia-Richter Gedeon Nyrt.<\/span><\/td>\n<\/tr>\n<tr style=\"height: 33px\">\n<td style=\"width: 17.7818%;height: 33px\"><span style=\"font-size: 14pt\">2013\u00a0\u00a0\u00a0\u00a0<\/span><\/td>\n<td style=\"width: 82.2181%;height: 33px\"><span style=\"font-size: 14pt\">Hugonnai Vilma eml\u00e9k\u00e9rem \u00e9s jutalomd\u00edj, Semmelweis Egyetem<\/span><\/td>\n<\/tr>\n<tr style=\"height: 33px\">\n<td style=\"width: 17.7818%;height: 33px\"><span style=\"font-size: 14pt\">2019\u00a0\u00a0\u00a0<\/span><\/td>\n<td style=\"width: 82.2181%;height: 33px\"><span style=\"font-size: 14pt\">Rektori dics\u00e9ret, Semmelweis Egyetem<\/span><\/td>\n<\/tr>\n<\/tbody>\n<\/table>\n<h5 style=\"text-align: justify\">Egy\u00e9b szakmai tev\u00e9kenys\u00e9g:\u00a0\u00a0<\/h5>\n<table class=\"plain\" style=\"width: 100%\" width=\"100%\">\n<tbody>\n<tr>\n<td style=\"width: 17.8546%\"><span style=\"font-size: 14pt\">1995\u2013\u00a0\u00a0\u00a0<\/span><\/td>\n<td style=\"width: 82.1455%\"><span style=\"font-size: 14pt\">Informal Meeting on Mass Spectrometry konferencia,<br \/>\nszervez\u0151bizotts\u00e1gi tag<\/span><\/td>\n<\/tr>\n<tr>\n<td style=\"width: 17.8546%\"><span style=\"font-size: 14pt\">2018\u20132020 <\/span><\/td>\n<td style=\"width: 82.1455%\"><span style=\"font-size: 14pt\">Foly\u00f3irat szerkeszt\u0151 bizotts\u00e1gi tag:<br \/>\nRapid Communication in Mass Spectrometry<\/span><\/td>\n<\/tr>\n<\/tbody>\n<\/table>\n<p style=\"text-align: justify\"><span style=\"font-size: 14pt\">PhD hallgat\u00f3k komplexvizsg\u00e1ztat\u00e1sa, PhD felv\u00e9teli, zs\u0171ribizotts\u00e1gi tag (PhD napok, TDK napok, Clauder Ott\u00f3 eml\u00e9kverseny)<\/span><\/p>\n<p style=\"text-align: justify\"><span style=\"font-size: 14pt\">H\u00e1zas, 3 gyermek \u00e9desanyja.<\/span><\/p>\n","protected":false},"excerpt":{"rendered":"<p><a href=\"https:\/\/semmelweis.hu\/gytk\/files\/2023\/05\/tablofoto.jpg\"><\/a> Gy\u00f3gyszer\u00e9sztudom\u00e1nyi Kar, d\u00e9k\u00e1nhelyettes Egyetemi v\u00e9gzetts\u00e9g \u00e9s tudom\u00e1nyos fokozat 1991 vegy\u00e9sz \u00fczemm\u00e9rn\u00f6k diploma, Veszpr\u00e9mi Egyetem 1993 okleveles vegy\u00e9szm\u00e9rn\u00f6k diploma (MSc),\u00a0Veszpr\u00e9mi Egyetem 2000 PhD fokozat, ELTE TTK K\u00e9mia Doktori Iskola &nbsp; Munkahelyek, beoszt\u00e1sok 1993\u20131999 MTA K\u00e9miai Kutat\u00f3k\u00f6zpont, T\u00f6megspektrometriai Oszt\u00e1ly, tudom\u00e1nyos seg\u00e9dmunkat\u00e1rs 2000\u20132004 MTA K\u00e9miai Kutat\u00f3k\u00f6zpont, T\u00f6megspektrometriai Oszt\u00e1ly, tudom\u00e1nyos munkat\u00e1rs 2005\u00a0 MTA K\u00e9miai Kutat\u00f3k\u00f6zpont, T\u00f6megspektrometriai Oszt\u00e1ly, tudom\u00e1nyos f\u0151munkat\u00e1rs &hellip;<\/p>\n","protected":false},"author":101431,"featured_media":0,"parent":6,"menu_order":4,"comment_status":"closed","ping_status":"closed","template":"","meta":{"_acf_changed":false,"footnotes":""},"categories":[],"tags":[],"class_list":["post-13937","page","type-page","status-publish","hentry"],"acf":[],"_links":{"self":[{"href":"https:\/\/semmelweis.hu\/gytk\/wp-json\/wp\/v2\/pages\/13937","targetHints":{"allow":["GET"]}}],"collection":[{"href":"https:\/\/semmelweis.hu\/gytk\/wp-json\/wp\/v2\/pages"}],"about":[{"href":"https:\/\/semmelweis.hu\/gytk\/wp-json\/wp\/v2\/types\/page"}],"author":[{"embeddable":true,"href":"https:\/\/semmelweis.hu\/gytk\/wp-json\/wp\/v2\/users\/101431"}],"replies":[{"embeddable":true,"href":"https:\/\/semmelweis.hu\/gytk\/wp-json\/wp\/v2\/comments?post=13937"}],"version-history":[{"count":10,"href":"https:\/\/semmelweis.hu\/gytk\/wp-json\/wp\/v2\/pages\/13937\/revisions"}],"predecessor-version":[{"id":18149,"href":"https:\/\/semmelweis.hu\/gytk\/wp-json\/wp\/v2\/pages\/13937\/revisions\/18149"}],"up":[{"embeddable":true,"href":"https:\/\/semmelweis.hu\/gytk\/wp-json\/wp\/v2\/pages\/6"}],"wp:attachment":[{"href":"https:\/\/semmelweis.hu\/gytk\/wp-json\/wp\/v2\/media?parent=13937"}],"wp:term":[{"taxonomy":"category","embeddable":true,"href":"https:\/\/semmelweis.hu\/gytk\/wp-json\/wp\/v2\/categories?post=13937"},{"taxonomy":"post_tag","embeddable":true,"href":"https:\/\/semmelweis.hu\/gytk\/wp-json\/wp\/v2\/tags?post=13937"}],"curies":[{"name":"wp","href":"https:\/\/api.w.org\/{rel}","templated":true}]}}