{"id":13854,"date":"2023-04-21T08:18:02","date_gmt":"2023-04-21T06:18:02","guid":{"rendered":"https:\/\/semmelweis.hu\/gytk\/?page_id=13854"},"modified":"2023-06-15T07:56:24","modified_gmt":"2023-06-15T05:56:24","slug":"kari-tanacsules-2023-aprilis-20","status":"publish","type":"page","link":"https:\/\/semmelweis.hu\/gytk\/a-karrol\/kari-tanacs\/kari-tanacs-eloterjesztesek\/kari-tanacsules-2023-aprilis-20\/","title":{"rendered":"2023. \u00e1prilis 20."},"content":{"rendered":"<p style=\"text-align: center\"><strong>Kari Tan\u00e1cs\u00fcl\u00e9s 2023. \u00e1prilis 20.<\/strong><\/p>\n<p><a href=\"https:\/\/semmelweis.hu\/gytk\/files\/2023\/04\/Meghivo_KT.pdf\" target=\"_blank\" rel=\"noopener\">MEGH\u00cdV\u00d3<\/a><\/p>\n<p>2. napirend<\/p>\n<ul>\n<li><a href=\"https:\/\/semmelweis.hu\/gytk\/files\/2023\/04\/2_napirend_KT_Eloterjesztes_GYKI_intezetigazgatoi_palyazat_velemenyezese.pdf\" target=\"_blank\" rel=\"noopener\">KT_El\u0151terjeszt\u00e9s_a_ Gy\u00f3gyszer\u00e9szi_K\u00e9miai_Int\u00e9zetben_ki\u00edrt_vezet\u0151i_megb\u00edz\u00e1sra_ir\u00e1nyul\u00f3_p\u00e1ly\u00e1zat_v\u00e9lem\u00e9nyez\u00e9se<\/a>\n<ul>\n<li>2a mell\u00e9klet<a href=\"https:\/\/semmelweis.hu\/gytk\/files\/2023\/04\/2a-melleklet_intezetigazgatoi_palyazat_BGY.pdf\" target=\"_blank\" rel=\"noopener\">_Dr_Balogh_Gy\u00f6rgy_Tibor_beny\u00fajtott_p\u00e1ly\u00e1zata<\/a><\/li>\n<li>2b mell\u00e9klet<a href=\"https:\/\/semmelweis.hu\/gytk\/files\/2023\/04\/2b-melleklet_MTMT_osszefoglalo.pdf\" target=\"_blank\" rel=\"noopener\">_MTMT_\u00f6sszefoglal\u00f3<\/a><\/li>\n<li>3. mell\u00e9klet_ <a href=\"https:\/\/semmelweis.hu\/gytk\/files\/2023\/04\/Biralo-Bizottsag-Jegyzokonyv.pdf\" target=\"_blank\" rel=\"noopener\">B\u00edr\u00e1l\u00f3 Bizotts\u00e1g Jegyz\u0151k\u00f6nyv<\/a><\/li>\n<li>4. mell\u00e9klet<a href=\"https:\/\/semmelweis.hu\/gytk\/files\/2023\/04\/Alkalmazotti-Forum-Jegyzokonyv.pdf\" target=\"_blank\" rel=\"noopener\">_Alkalmazotti_F\u00f3rum_jegyz\u0151k\u00f6nyv<\/a><\/li>\n<\/ul>\n<\/li>\n<\/ul>\n<p>3. napirend<\/p>\n<ul>\n<li><a href=\"https:\/\/semmelweis.hu\/gytk\/files\/2023\/04\/KT_Eloterjesztes_a_2023_evi_zarovizsga_bizottsagok_szemelyi_osszetetelenek-_meghatarozasara-1.pdf\" target=\"_blank\" rel=\"noopener\">KT_El\u0151terjeszt\u00e9s_z\u00e1r\u00f3vizsga_bizotts\u00e1gok_2023_\u00e9vi_\u00f6sszet\u00e9tel\u00e9nek_meghat\u00e1roz\u00e1sa<\/a><\/li>\n<\/ul>\n<p><strong>\u00a0<\/strong><\/p>\n","protected":false},"excerpt":{"rendered":"<p>Kari Tan\u00e1cs\u00fcl\u00e9s 2023. \u00e1prilis 20.<br \/>\n<a href=\"https:\/\/semmelweis.hu\/gytk\/files\/2023\/04\/Meghivo_KT.pdf\" target=\"_blank\" rel=\"noopener\">MEGH\u00cdV\u00d3<\/a><br \/>\n2. napirend<\/p>\n<p><a href=\"https:\/\/semmelweis.hu\/gytk\/files\/2023\/04\/2_napirend_KT_Eloterjesztes_GYKI_intezetigazgatoi_palyazat_velemenyezese.pdf\" target=\"_blank\" rel=\"noopener\">KT_El\u0151terjeszt\u00e9s_a_ Gy\u00f3gyszer\u00e9szi_K\u00e9miai_Int\u00e9zetben_ki\u00edrt_vezet\u0151i_megb\u00edz\u00e1sra_ir\u00e1nyul\u00f3_p\u00e1ly\u00e1zat_v\u00e9lem\u00e9nyez\u00e9se<\/a><\/p>\n<p>2a mell\u00e9klet<a href=\"https:\/\/semmelweis.hu\/gytk\/files\/2023\/04\/2a-melleklet_intezetigazgatoi_palyazat_BGY.pdf\" target=\"_blank\" rel=\"noopener\">_Dr_Balogh_Gy\u00f6rgy_Tibor_beny\u00fajtott_p\u00e1ly\u00e1zata<\/a><br \/>\n2b mell\u00e9klet<a href=\"https:\/\/semmelweis.hu\/gytk\/files\/2023\/04\/2b-melleklet_MTMT_osszefoglalo.pdf\" target=\"_blank\" rel=\"noopener\">_MTMT_\u00f6sszefoglal\u00f3<\/a><br \/>\n3. mell\u00e9klet_ <a href=\"https:\/\/semmelweis.hu\/gytk\/files\/2023\/04\/Biralo-Bizottsag-Jegyzokonyv.pdf\" target=\"_blank\" rel=\"noopener\">B\u00edr\u00e1l\u00f3 Bizotts\u00e1g Jegyz\u0151k\u00f6nyv<\/a><br \/>\n4. mell\u00e9klet<a href=\"https:\/\/semmelweis.hu\/gytk\/files\/2023\/04\/Alkalmazotti-Forum-Jegyzokonyv.pdf\" target=\"_blank\" rel=\"noopener\">_Alkalmazotti_F\u00f3rum_jegyz\u0151k\u00f6nyv<\/a><\/p>\n<p>3. napirend<\/p>\n<p><a href=\"https:\/\/semmelweis.hu\/gytk\/files\/2023\/04\/KT_Eloterjesztes_a_2023_evi_zarovizsga_bizottsagok_szemelyi_osszetetelenek-_meghatarozasara-1.pdf\" target=\"_blank\" rel=\"noopener\">KT_El\u0151terjeszt\u00e9s_z\u00e1r\u00f3vizsga_bizotts\u00e1gok_2023_\u00e9vi_\u00f6sszet\u00e9tel\u00e9nek_meghat\u00e1roz\u00e1sa<\/a><\/p>\n<p>\u00a0<\/p>\n","protected":false},"author":101431,"featured_media":0,"parent":5323,"menu_order":48,"comment_status":"closed","ping_status":"closed","template":"","meta":{"_acf_changed":false,"footnotes":""},"categories":[],"tags":[],"class_list":["post-13854","page","type-page","status-publish","hentry"],"acf":[],"_links":{"self":[{"href":"https:\/\/semmelweis.hu\/gytk\/wp-json\/wp\/v2\/pages\/13854","targetHints":{"allow":["GET"]}}],"collection":[{"href":"https:\/\/semmelweis.hu\/gytk\/wp-json\/wp\/v2\/pages"}],"about":[{"href":"https:\/\/semmelweis.hu\/gytk\/wp-json\/wp\/v2\/types\/page"}],"author":[{"embeddable":true,"href":"https:\/\/semmelweis.hu\/gytk\/wp-json\/wp\/v2\/users\/101431"}],"replies":[{"embeddable":true,"href":"https:\/\/semmelweis.hu\/gytk\/wp-json\/wp\/v2\/comments?post=13854"}],"version-history":[{"count":3,"href":"https:\/\/semmelweis.hu\/gytk\/wp-json\/wp\/v2\/pages\/13854\/revisions"}],"predecessor-version":[{"id":14199,"href":"https:\/\/semmelweis.hu\/gytk\/wp-json\/wp\/v2\/pages\/13854\/revisions\/14199"}],"up":[{"embeddable":true,"href":"https:\/\/semmelweis.hu\/gytk\/wp-json\/wp\/v2\/pages\/5323"}],"wp:attachment":[{"href":"https:\/\/semmelweis.hu\/gytk\/wp-json\/wp\/v2\/media?parent=13854"}],"wp:term":[{"taxonomy":"category","embeddable":true,"href":"https:\/\/semmelweis.hu\/gytk\/wp-json\/wp\/v2\/categories?post=13854"},{"taxonomy":"post_tag","embeddable":true,"href":"https:\/\/semmelweis.hu\/gytk\/wp-json\/wp\/v2\/tags?post=13854"}],"curies":[{"name":"wp","href":"https:\/\/api.w.org\/{rel}","templated":true}]}}