{"id":138,"date":"2014-01-07T17:16:10","date_gmt":"2014-01-07T17:16:10","guid":{"rendered":"http:\/\/semmelweis.hu\/gytk\/?page_id=138"},"modified":"2025-09-30T15:41:00","modified_gmt":"2025-09-30T13:41:00","slug":"gradualis-kepzes","status":"publish","type":"page","link":"https:\/\/semmelweis.hu\/gytk\/oktatas\/gradualis-kepzes\/","title":{"rendered":"Inform\u00e1ci\u00f3k a tan\u00e9vr\u0151l"},"content":{"rendered":"<div class=\"responsive-tabs\">\n<h2 class=\"tabtitle\">Tan\u00e9v beoszt\u00e1s<\/h2>\n<div class=\"tabcontent\">\n\n<ul>\n<li style=\"list-style-type: none\">\n<ul>\n<li><a href=\"https:\/\/semmelweis.hu\/gytk\/esemenyek\" target=\"_blank\" rel=\"noopener\">A 2025\/2026. tan\u00e9v beoszt\u00e1sa<\/a><\/li>\n<li><a href=\"https:\/\/semmelweis.hu\/gytk\/esemenyek\" target=\"_blank\" rel=\"noopener\">A 2024\/2025. tan\u00e9v beoszt\u00e1sa<\/a><\/li>\n<li><a href=\"https:\/\/semmelweis.hu\/gytk\/esemenyek\" target=\"_blank\" rel=\"noopener\">A 2023\/2024. tan\u00e9v beoszt\u00e1sa<\/a><\/li>\n<li><a href=\"https:\/\/semmelweis.hu\/gytk\/esemenyek\" target=\"_blank\" rel=\"noopener\">A 2022\/2023. tan\u00e9v beoszt\u00e1sa<\/a><\/li>\n<li><a href=\"https:\/\/semmelweis.hu\/gytk\/files\/2022\/02\/Tanevbeoszt_2021_22.pdf\" target=\"_blank\" rel=\"noopener\">A 2021\/2022. tan\u00e9v beoszt\u00e1sa<\/a><\/li>\n<li><a href=\"https:\/\/semmelweis.hu\/gytk\/files\/2021\/02\/tanevbeoszt_2020_21_M.pdf\" target=\"_blank\" rel=\"noopener noreferrer\">A 2020\/2021. tan\u00e9v beoszt\u00e1sa<\/a><\/li>\n<li><a href=\"https:\/\/semmelweis.hu\/gytk\/files\/2019\/11\/Tan\u00e9vbeoszt\u00e1s-2019_20..pdf\" target=\"_blank\" rel=\"noopener noreferrer\">A 2019\/2020. tan\u00e9v beoszt\u00e1sa<\/a><\/li>\n<li><a href=\"https:\/\/semmelweis.hu\/gytk\/files\/2018\/05\/2018-2019-tan\u00e9v-beoszt\u00e1sa.pdf\" target=\"_blank\" rel=\"noopener noreferrer\">A 2018\/2019. tan\u00e9v beoszt\u00e1sa<\/a><\/li>\n<li><a href=\"https:\/\/semmelweis.hu\/gytk\/files\/2017\/05\/tanevbeoszt_1718_GYTK.pdf\" target=\"_blank\" rel=\"noopener noreferrer\">A 2017\/2018. tan\u00e9v beoszt\u00e1sa<\/a><\/li>\n<\/ul>\n<\/li>\n<\/ul>\n\n<\/div><h2 class=\"tabtitle\">F\u00e9l\u00e9vk\u00f6zi sz\u00e1monk\u00e9r\u00e9sek<\/h2>\n<div class=\"tabcontent\">\n\n<ul>\n<li>F\u00e9l\u00e9vk\u00f6zi sz\u00e1monk\u00e9r\u00e9sek a 2025\/2026. tan\u00e9vben<\/li>\n<\/ul>\n<ul>\n<li style=\"list-style-type: none\">\n<ul style=\"list-style-type: square\">\n<li><a href=\"https:\/\/semmelweis.hu\/gytk\/oktatas\/gradualis-kepzes\/felevkozi-szamonkeresek\/\">2025\/2026 I. f\u00e9l\u00e9v<\/a><\/li>\n<\/ul>\n<\/li>\n<\/ul>\n\n<\/div><h2 class=\"tabtitle\">Tan\u00e9vk\u00f6nyv<\/h2>\n<div class=\"tabcontent\">\n\n<ul>\n<li style=\"list-style-type: none\">\n<ul>\n<li>Aktu\u00e1lis, k\u00e9pz\u00e9ssel kapcsolatos inform\u00e1ci\u00f3k el\u00e9rhet\u0151k a <a href=\"https:\/\/www.semmelweiskiado.hu\/letoltesek\/EgyetemiTanevkonyv20242025\" target=\"_blank\" rel=\"noopener\">2024\/2025. \u00e9vi tan\u00e9vk\u00f6nyvben.<\/a><\/li>\n<li>Aktu\u00e1lis, k\u00e9pz\u00e9ssel kapcsolatos inform\u00e1ci\u00f3k el\u00e9rhet\u0151k a <a href=\"https:\/\/www.semmelweiskiado.hu\/letoltesek\/EgyetemiTanevkonyv\" target=\"_blank\" rel=\"noopener\">2023\/2024. \u00e9vi tan\u00e9vk\u00f6nyvben.<\/a><\/li>\n<li>Aktu\u00e1lis, k\u00e9pz\u00e9ssel kapcsolatos inform\u00e1ci\u00f3k el\u00e9rhet\u0151k a <a href=\"https:\/\/www.semmelweiskiado.hu\/letoltesek\/EgyetemiTanevkonyv2022-2023\" target=\"_blank\" rel=\"noopener\">2022\/2023. \u00e9vi tan\u00e9vk\u00f6nyvben.<\/a><\/li>\n<li>Aktu\u00e1lis, k\u00e9pz\u00e9ssel kapcsolatos inform\u00e1ci\u00f3k el\u00e9rhet\u0151k a <a href=\"https:\/\/www.semmelweiskiado.hu\/letoltesek\/EgyetemiTanevkonyv2021-2022\" target=\"_blank\" rel=\"noopener noreferrer\">2021\/2022. \u00e9vi tan\u00e9vk\u00f6nyvben.<\/a><\/li>\n<li>Aktu\u00e1lis, k\u00e9pz\u00e9ssel kapcsolatos inform\u00e1ci\u00f3k el\u00e9rhet\u0151k a <a href=\"https:\/\/www.semmelweiskiado.hu\/downloads\/1\/45\/semmelweis_kiado_file_1597666622.pdf\" target=\"_blank\" rel=\"noopener noreferrer\">2020\/2021. \u00e9vi tan\u00e9vk\u00f6nyvben.<\/a><\/li>\n<li>Aktu\u00e1lis, k\u00e9pz\u00e9ssel kapcsolatos inform\u00e1ci\u00f3k el\u00e9rhet\u0151k a <a href=\"https:\/\/semmelweis.hu\/gytk\/files\/2020\/08\/semmelweis_kiado_file_1566988935.pdf\" target=\"_blank\" rel=\"noopener noreferrer\">2019\/2020. \u00e9vi tan\u00e9vk\u00f6nyvben.<\/a><\/li>\n<li>Aktu\u00e1lis, k\u00e9pz\u00e9ssel kapcsolatos inform\u00e1ci\u00f3k el\u00e9rhet\u0151k a <a href=\"https:\/\/semmelweis.hu\/gytk\/files\/2018\/08\/SE-evkonyv-veglegES-2018.vp_.pdf\" target=\"_blank\" rel=\"noopener noreferrer\">2018\/2019. \u00e9vi tan\u00e9vk\u00f6nyvben<\/a>.<\/li>\n<\/ul>\n<\/li>\n<\/ul>\n\n<\/div><h2 class=\"tabtitle\">Mintatanterv<\/h2>\n<div class=\"tabcontent\">\n\n<ul>\n<li><a href=\"https:\/\/semmelweis.hu\/gytk\/oktatas\/2024-2025-tanevtol-ervenyes-mintatantervek-i-v-evfolyam\/\" target=\"_blank\" rel=\"noopener\">Mintatanterv a 2025\/2026. tan\u00e9vben<\/a><\/li>\n<li><a href=\"https:\/\/semmelweis.hu\/gytk\/oktatas\/2024-2025-tanevtol-ervenyes-mintatantervek-i-v-evfolyam\/\" target=\"_blank\" rel=\"noopener\">Mintatanterv a 2024\/2025. tan\u00e9vben<\/a><\/li>\n<li><a href=\"https:\/\/semmelweis.hu\/gytk\/oktatas\/celkituzeseink\/2023-2024-tanevtol-ervenyes-mintatantervek-i-v-evfolyam\/\" target=\"_blank\" rel=\"noopener\">Mintatanterv a 2023\/2024. tan\u00e9vben<\/a><\/li>\n<li><a href=\"https:\/\/semmelweis.hu\/gytk\/oktatas\/celkituzeseink\/2023-2024-tanevtol-ervenyes-mintatantervek-i-v-evfolyam\/\" target=\"_blank\" rel=\"noopener\">Mintatanterv a 2022\/2023. tan\u00e9vben<\/a><\/li>\n<li><a href=\"https:\/\/semmelweis.hu\/gytk\/oktatas\/celkituzeseink\/2023-2024-tanevtol-ervenyes-mintatantervek-i-v-evfolyam\/\" target=\"_blank\" rel=\"noopener\">Mintatanterv a 2021\/2022. tan\u00e9vben<\/a><\/li>\n<li><a href=\"https:\/\/semmelweis.hu\/gytk\/oktatas\/celkituzeseink\/2023-2024-tanevtol-ervenyes-mintatantervek-i-v-evfolyam\/\" target=\"_blank\" rel=\"noopener\">Mintatanterv a 2020\/2021. tan\u00e9vben<\/a><\/li>\n<li><a href=\"https:\/\/semmelweis.hu\/gytk\/files\/2020\/08\/Mintatanterv-2019-2020.-tan\u00e9v.pdf\" target=\"_blank\" rel=\"noopener noreferrer\">Mintatanterv a 2019\/2020. tan\u00e9vben<\/a><\/li>\n<li><a href=\"https:\/\/semmelweis.hu\/gytk\/files\/2018\/08\/mintatanterv-2018_19.pdf\" target=\"_blank\" rel=\"noopener noreferrer\">Mintatanterv a 2018\/2019. tan\u00e9vben<\/a><\/li>\n<li><a href=\"https:\/\/semmelweis.hu\/gytk\/files\/2017\/09\/Mintatanterv-2017.pdf\" target=\"_blank\" rel=\"noopener noreferrer\">Mintatanterv a 2017\/2018. tan\u00e9vben<\/a><\/li>\n<\/ul>\n<\/div><\/div>\n<p><img loading=\"lazy\" decoding=\"async\" class=\"wp-image-2167 aligncenter\" src=\"https:\/\/semmelweis.hu\/gytk\/files\/2015\/11\/RS22510__ZZS9673-scr-300x200.jpg\" alt=\"\" width=\"517\" height=\"344\" srcset=\"https:\/\/semmelweis.hu\/gytk\/files\/2015\/11\/RS22510__ZZS9673-scr-300x200.jpg 300w, https:\/\/semmelweis.hu\/gytk\/files\/2015\/11\/RS22510__ZZS9673-scr-450x300.jpg 450w, https:\/\/semmelweis.hu\/gytk\/files\/2015\/11\/RS22510__ZZS9673-scr.jpg 950w\" sizes=\"auto, (max-width: 517px) 100vw, 517px\" \/><\/p>\n","protected":false},"excerpt":{"rendered":"<p><a href=\"https:\/\/semmelweis.hu\/gytk\/esemenyek\" target=\"_blank\" rel=\"noopener\">A 2025\/2026. tan\u00e9v beoszt\u00e1sa<\/a> <a href=\"https:\/\/semmelweis.hu\/gytk\/esemenyek\" target=\"_blank\" rel=\"noopener\">A 2024\/2025. tan\u00e9v beoszt\u00e1sa<\/a> <a href=\"https:\/\/semmelweis.hu\/gytk\/esemenyek\" target=\"_blank\" rel=\"noopener\">A 2023\/2024. tan\u00e9v beoszt\u00e1sa<\/a> <a href=\"https:\/\/semmelweis.hu\/gytk\/esemenyek\" target=\"_blank\" rel=\"noopener\">A 2022\/2023. tan\u00e9v beoszt\u00e1sa<\/a> <a href=\"https:\/\/semmelweis.hu\/gytk\/files\/2022\/02\/Tanevbeoszt_2021_22.pdf\" target=\"_blank\" rel=\"noopener\">A 2021\/2022. tan\u00e9v beoszt\u00e1sa<\/a> <a href=\"https:\/\/semmelweis.hu\/gytk\/files\/2021\/02\/tanevbeoszt_2020_21_M.pdf\" target=\"_blank\" rel=\"noopener noreferrer\">A 2020\/2021. tan\u00e9v beoszt\u00e1sa<\/a> <a href=\"https:\/\/semmelweis.hu\/gytk\/files\/2019\/11\/Tan\u00e9vbeoszt\u00e1s-2019_20..pdf\" target=\"_blank\" rel=\"noopener noreferrer\">A 2019\/2020. tan\u00e9v beoszt\u00e1sa<\/a> <a href=\"https:\/\/semmelweis.hu\/gytk\/files\/2018\/05\/2018-2019-tan\u00e9v-beoszt\u00e1sa.pdf\" target=\"_blank\" rel=\"noopener noreferrer\">A 2018\/2019. tan\u00e9v beoszt\u00e1sa<\/a> <a href=\"https:\/\/semmelweis.hu\/gytk\/files\/2017\/05\/tanevbeoszt_1718_GYTK.pdf\" target=\"_blank\" rel=\"noopener noreferrer\">A 2017\/2018. tan\u00e9v beoszt\u00e1sa<\/a> F\u00e9l\u00e9vk\u00f6zi sz\u00e1monk\u00e9r\u00e9sek a 2025\/2026. tan\u00e9vben <a href=\"https:\/\/semmelweis.hu\/gytk\/oktatas\/gradualis-kepzes\/felevkozi-szamonkeresek\/\">2025\/2026 I. f\u00e9l\u00e9v<\/a> Aktu\u00e1lis, k\u00e9pz\u00e9ssel kapcsolatos inform\u00e1ci\u00f3k el\u00e9rhet\u0151k a <a href=\"https:\/\/www.semmelweiskiado.hu\/letoltesek\/EgyetemiTanevkonyv20242025\" target=\"_blank\" rel=\"noopener\">2024\/2025. \u00e9vi tan\u00e9vk\u00f6nyvben.<\/a> Aktu\u00e1lis, k\u00e9pz\u00e9ssel kapcsolatos inform\u00e1ci\u00f3k el\u00e9rhet\u0151k a <a href=\"https:\/\/www.semmelweiskiado.hu\/letoltesek\/EgyetemiTanevkonyv\" target=\"_blank\" rel=\"noopener\">2023\/2024. \u00e9vi tan\u00e9vk\u00f6nyvben.<\/a> Aktu\u00e1lis, k\u00e9pz\u00e9ssel kapcsolatos inform\u00e1ci\u00f3k el\u00e9rhet\u0151k a <a href=\"https:\/\/www.semmelweiskiado.hu\/letoltesek\/EgyetemiTanevkonyv2022-2023\" target=\"_blank\" rel=\"noopener\">2022\/2023. \u00e9vi tan\u00e9vk\u00f6nyvben.<\/a> Aktu\u00e1lis, k\u00e9pz\u00e9ssel kapcsolatos inform\u00e1ci\u00f3k el\u00e9rhet\u0151k a <a href=\"https:\/\/www.semmelweiskiado.hu\/letoltesek\/EgyetemiTanevkonyv2021-2022\" target=\"_blank\" rel=\"noopener noreferrer\">2021\/2022. \u00e9vi tan\u00e9vk\u00f6nyvben.<\/a> Aktu\u00e1lis, k\u00e9pz\u00e9ssel kapcsolatos inform\u00e1ci\u00f3k el\u00e9rhet\u0151k a <a href=\"https:\/\/www.semmelweiskiado.hu\/downloads\/1\/45\/semmelweis_kiado_file_1597666622.pdf\" target=\"_blank\" rel=\"noopener noreferrer\">2020\/2021. \u00e9vi tan\u00e9vk\u00f6nyvben.<\/a> Aktu\u00e1lis, k\u00e9pz\u00e9ssel kapcsolatos inform\u00e1ci\u00f3k el\u00e9rhet\u0151k a <a href=\"https:\/\/semmelweis.hu\/gytk\/files\/2020\/08\/semmelweis_kiado_file_1566988935.pdf\" target=\"_blank\" rel=\"noopener noreferrer\">2019\/2020. \u00e9vi tan\u00e9vk\u00f6nyvben.<\/a> Aktu\u00e1lis, k\u00e9pz\u00e9ssel kapcsolatos inform\u00e1ci\u00f3k el\u00e9rhet\u0151k a <a href=\"https:\/\/semmelweis.hu\/gytk\/files\/2018\/08\/SE-evkonyv-veglegES-2018.vp_.pdf\" target=\"_blank\" rel=\"noopener noreferrer\">2018\/2019. \u00e9vi tan\u00e9vk\u00f6nyvben<\/a> . <a href=\"https:\/\/semmelweis.hu\/gytk\/oktatas\/2024-2025-tanevtol-ervenyes-mintatantervek-i-v-evfolyam\/\" target=\"_blank\" rel=\"noopener\">Mintatanterv a 2025\/2026. tan\u00e9vben<\/a> <a href=\"https:\/\/semmelweis.hu\/gytk\/oktatas\/2024-2025-tanevtol-ervenyes-mintatantervek-i-v-evfolyam\/\" target=\"_blank\" rel=\"noopener\">Mintatanterv a 2024\/2025. tan\u00e9vben<\/a> <a href=\"https:\/\/semmelweis.hu\/gytk\/oktatas\/celkituzeseink\/2023-2024-tanevtol-ervenyes-mintatantervek-i-v-evfolyam\/\" target=\"_blank\" rel=\"noopener\">Mintatanterv a 2023\/2024. tan\u00e9vben<\/a> <a href=\"https:\/\/semmelweis.hu\/gytk\/oktatas\/celkituzeseink\/2023-2024-tanevtol-ervenyes-mintatantervek-i-v-evfolyam\/\" target=\"_blank\" rel=\"noopener\">Mintatanterv a 2022\/2023. tan\u00e9vben<\/a> <a href=\"https:\/\/semmelweis.hu\/gytk\/oktatas\/celkituzeseink\/2023-2024-tanevtol-ervenyes-mintatantervek-i-v-evfolyam\/\" target=\"_blank\" rel=\"noopener\">Mintatanterv a 2021\/2022. tan\u00e9vben<\/a> <a href=\"https:\/\/semmelweis.hu\/gytk\/oktatas\/celkituzeseink\/2023-2024-tanevtol-ervenyes-mintatantervek-i-v-evfolyam\/\" target=\"_blank\" rel=\"noopener\">Mintatanterv a 2020\/2021. tan\u00e9vben<\/a> <a href=\"https:\/\/semmelweis.hu\/gytk\/files\/2020\/08\/Mintatanterv-2019-2020.-tan\u00e9v.pdf\" target=\"_blank\" rel=\"noopener noreferrer\">Mintatanterv a 2019\/2020. tan\u00e9vben<\/a> <a href=\"https:\/\/semmelweis.hu\/gytk\/files\/2018\/08\/mintatanterv-2018_19.pdf\" target=\"_blank\" rel=\"noopener noreferrer\">Mintatanterv a 2018\/2019. tan\u00e9vben<\/a> &hellip;<\/p>\n","protected":false},"author":12,"featured_media":0,"parent":2088,"menu_order":2,"comment_status":"closed","ping_status":"closed","template":"","meta":{"_acf_changed":false,"footnotes":""},"categories":[],"tags":[],"class_list":["post-138","page","type-page","status-publish","hentry"],"acf":[],"_links":{"self":[{"href":"https:\/\/semmelweis.hu\/gytk\/wp-json\/wp\/v2\/pages\/138","targetHints":{"allow":["GET"]}}],"collection":[{"href":"https:\/\/semmelweis.hu\/gytk\/wp-json\/wp\/v2\/pages"}],"about":[{"href":"https:\/\/semmelweis.hu\/gytk\/wp-json\/wp\/v2\/types\/page"}],"author":[{"embeddable":true,"href":"https:\/\/semmelweis.hu\/gytk\/wp-json\/wp\/v2\/users\/12"}],"replies":[{"embeddable":true,"href":"https:\/\/semmelweis.hu\/gytk\/wp-json\/wp\/v2\/comments?post=138"}],"version-history":[{"count":12,"href":"https:\/\/semmelweis.hu\/gytk\/wp-json\/wp\/v2\/pages\/138\/revisions"}],"predecessor-version":[{"id":17796,"href":"https:\/\/semmelweis.hu\/gytk\/wp-json\/wp\/v2\/pages\/138\/revisions\/17796"}],"up":[{"embeddable":true,"href":"https:\/\/semmelweis.hu\/gytk\/wp-json\/wp\/v2\/pages\/2088"}],"wp:attachment":[{"href":"https:\/\/semmelweis.hu\/gytk\/wp-json\/wp\/v2\/media?parent=138"}],"wp:term":[{"taxonomy":"category","embeddable":true,"href":"https:\/\/semmelweis.hu\/gytk\/wp-json\/wp\/v2\/categories?post=138"},{"taxonomy":"post_tag","embeddable":true,"href":"https:\/\/semmelweis.hu\/gytk\/wp-json\/wp\/v2\/tags?post=138"}],"curies":[{"name":"wp","href":"https:\/\/api.w.org\/{rel}","templated":true}]}}