{"id":13545,"date":"2023-01-30T12:10:41","date_gmt":"2023-01-30T11:10:41","guid":{"rendered":"https:\/\/semmelweis.hu\/gytk\/?page_id=13545"},"modified":"2025-09-01T13:40:18","modified_gmt":"2025-09-01T11:40:18","slug":"kari-tanacs-elektronikus-szavazas-2023-januar-24","status":"publish","type":"page","link":"https:\/\/semmelweis.hu\/gytk\/a-karrol\/kari-tanacs\/kari-tanacs-eloterjesztesek\/kari-tanacs-elektronikus-szavazas-2023-januar-24\/","title":{"rendered":"2023. janu\u00e1r 24-26. elektronikus szavaz\u00e1s"},"content":{"rendered":"<p style=\"text-align: center\"><strong>Kari Tan\u00e1cs elektronikus szavaz\u00e1s 2023. janu\u00e1r 24. 10:00 \u00f3r\u00e1t\u00f3l &#8211; 2023. janu\u00e1r 26. 14:00 \u00f3r\u00e1ig<\/strong><\/p>\n<p><a href=\"https:\/\/semmelweis.hu\/gytk\/files\/2023\/01\/Elektronikus_szavazas_elrendelese_20230124_26.pdf\" target=\"_blank\" rel=\"noopener\">Elektronikus szavaz\u00e1s elrendel\u00e9se<\/a><\/p>\n<p>1 napirend: <a href=\"https:\/\/semmelweis.hu\/gytk\/files\/2023\/01\/KT_Eloterjesztes_uj_szabval_targy_bevezetesere.pdf\" target=\"_blank\" rel=\"noopener\">KT_El\u0151terjeszt\u00e9s_\u00faj_szabv\u00e1l_t\u00e1rgy_bevezet\u00e9s\u00e9re<\/a><\/p>\n<ul>\n<li>1_napirend_2mell\u00e9klet_Tant\u00e1rgyi_program_<a href=\"https:\/\/semmelweis.hu\/gytk\/files\/2023\/01\/1_napirend_2melleklet_Tantargyi_program_BEVEZETES-A-PYTHON-PROGRAMOZASBA.pdf\" target=\"_blank\" rel=\"noopener\">BEVEZET\u00c9S A PYTHON PROGRAMOZ\u00c1SBA \u2013 ALKALMAZ\u00c1SOK A G\u00c9PI TANUL\u00c1SBAN \u00c9S A MESTERS\u00c9GES INTELLIGENCI\u00c1BAN<\/a><\/li>\n<\/ul>\n<p>&nbsp;<\/p>\n<p>&nbsp;<\/p>\n","protected":false},"excerpt":{"rendered":"<p>Kari Tan\u00e1cs elektronikus szavaz\u00e1s 2023. janu\u00e1r 24. 10:00 \u00f3r\u00e1t\u00f3l &#8211; 2023. janu\u00e1r 26. 14:00 \u00f3r\u00e1ig<br \/>\n<a href=\"https:\/\/semmelweis.hu\/gytk\/files\/2023\/01\/Elektronikus_szavazas_elrendelese_20230124_26.pdf\" target=\"_blank\" rel=\"noopener\">Elektronikus szavaz\u00e1s elrendel\u00e9se<\/a><br \/>\n1 napirend: <a href=\"https:\/\/semmelweis.hu\/gytk\/files\/2023\/01\/KT_Eloterjesztes_uj_szabval_targy_bevezetesere.pdf\" target=\"_blank\" rel=\"noopener\">KT_El\u0151terjeszt\u00e9s_\u00faj_szabv\u00e1l_t\u00e1rgy_bevezet\u00e9s\u00e9re<\/a><\/p>\n<p>1_napirend_2mell\u00e9klet_Tant\u00e1rgyi_program_<a href=\"https:\/\/semmelweis.hu\/gytk\/files\/2023\/01\/1_napirend_2melleklet_Tantargyi_program_BEVEZETES-A-PYTHON-PROGRAMOZASBA.pdf\" target=\"_blank\" rel=\"noopener\">BEVEZET\u00c9S A PYTHON PROGRAMOZ\u00c1SBA \u2013 ALKALMAZ\u00c1SOK A G\u00c9PI TANUL\u00c1SBAN \u00c9S A MESTERS\u00c9GES INTELLIGENCI\u00c1BAN<\/a><\/p>\n<p>&nbsp;<br \/>\n&nbsp;<\/p>\n","protected":false},"author":101431,"featured_media":0,"parent":5323,"menu_order":46,"comment_status":"closed","ping_status":"closed","template":"","meta":{"_acf_changed":false,"footnotes":""},"categories":[],"tags":[],"class_list":["post-13545","page","type-page","status-publish","hentry"],"acf":[],"_links":{"self":[{"href":"https:\/\/semmelweis.hu\/gytk\/wp-json\/wp\/v2\/pages\/13545","targetHints":{"allow":["GET"]}}],"collection":[{"href":"https:\/\/semmelweis.hu\/gytk\/wp-json\/wp\/v2\/pages"}],"about":[{"href":"https:\/\/semmelweis.hu\/gytk\/wp-json\/wp\/v2\/types\/page"}],"author":[{"embeddable":true,"href":"https:\/\/semmelweis.hu\/gytk\/wp-json\/wp\/v2\/users\/101431"}],"replies":[{"embeddable":true,"href":"https:\/\/semmelweis.hu\/gytk\/wp-json\/wp\/v2\/comments?post=13545"}],"version-history":[{"count":4,"href":"https:\/\/semmelweis.hu\/gytk\/wp-json\/wp\/v2\/pages\/13545\/revisions"}],"predecessor-version":[{"id":17673,"href":"https:\/\/semmelweis.hu\/gytk\/wp-json\/wp\/v2\/pages\/13545\/revisions\/17673"}],"up":[{"embeddable":true,"href":"https:\/\/semmelweis.hu\/gytk\/wp-json\/wp\/v2\/pages\/5323"}],"wp:attachment":[{"href":"https:\/\/semmelweis.hu\/gytk\/wp-json\/wp\/v2\/media?parent=13545"}],"wp:term":[{"taxonomy":"category","embeddable":true,"href":"https:\/\/semmelweis.hu\/gytk\/wp-json\/wp\/v2\/categories?post=13545"},{"taxonomy":"post_tag","embeddable":true,"href":"https:\/\/semmelweis.hu\/gytk\/wp-json\/wp\/v2\/tags?post=13545"}],"curies":[{"name":"wp","href":"https:\/\/api.w.org\/{rel}","templated":true}]}}