{"id":13441,"date":"2022-12-12T10:24:09","date_gmt":"2022-12-12T09:24:09","guid":{"rendered":"https:\/\/semmelweis.hu\/gytk\/?page_id=13441"},"modified":"2022-12-12T10:24:32","modified_gmt":"2022-12-12T09:24:32","slug":"kari-tanacsules-2022-december-7","status":"publish","type":"page","link":"https:\/\/semmelweis.hu\/gytk\/a-karrol\/kari-tanacs\/kari-tanacs-eloterjesztesek\/kari-tanacsules-2022-december-7\/","title":{"rendered":"2022. december 7."},"content":{"rendered":"<p style=\"padding-left: 280px\"><strong>Kari Tan\u00e1cs\u00fcl\u00e9s 2022. December 7. 13:30<\/strong><\/p>\n<p><strong>MEGH\u00cdV\u00d3<\/strong><\/p>\n<p><strong>2. napirendi pont:<\/strong><\/p>\n<p>A 2023. \u00e9vi egyetemi szint\u0171 kit\u00fcntet\u00e9si javaslat v\u00e9lem\u00e9nyez\u00e9se \u2013 <em>\u201ePro Universitate D\u00edj\u201d<br \/>\n<\/em><\/p>\n<ul>\n<li><a href=\"https:\/\/semmelweis.hu\/gytk\/files\/2022\/12\/KT_Eloterjesztes_egyetemi_kituntetes_velemenyezese_Pro_Universitate.pdf\" target=\"_blank\" rel=\"noopener\">KT_El\u0151terjeszt\u00e9s_egyetemi_kit\u00fcntet\u00e9s_v\u00e9lem\u00e9nyez\u00e9se_Pro_Universitate<\/a><\/li>\n<li><a href=\"https:\/\/semmelweis.hu\/gytk\/files\/2022\/12\/Pro_Univ_dij_javaslat.pdf\" target=\"_blank\" rel=\"noopener\">2_napirend_2_sz_mell\u00e9klet_Pro_Univ_d\u00edj_javaslat<\/a><\/li>\n<\/ul>\n<p><strong>3.napirendi pont:<\/strong>\u00a0<\/p>\n<p>Kari \u00e1lland\u00f3 bizotts\u00e1gok meg\u00faj\u00edt\u00e1sa<\/p>\n<ul>\n<li><a href=\"https:\/\/semmelweis.hu\/gytk\/files\/2022\/12\/KT_Eloterjesztes_kari_allando_bizottsagok_megujitasa%EF%BB%BF.pdf\" target=\"_blank\" rel=\"noopener\">KT_El\u0151terjeszt\u00e9s_kari_\u00e1lland\u00f3_bizotts\u00e1gok_meg\u00faj\u00edt\u00e1sa<\/a><\/li>\n<\/ul>\n<p><strong>4. napirendi pont:<\/strong><\/p>\n<p><em>\u201eSzakmai gyakorl\u00f3 helyek int\u00e9zm\u00e9ny \u00e1ltali min\u0151s\u00edt\u00e9se\u201d <\/em>kari elj\u00e1r\u00e1srend elfogad\u00e1sa<\/p>\n<ul>\n<li><a href=\"https:\/\/semmelweis.hu\/gytk\/files\/2022\/12\/KT_Eloterjesztes_szakmai_gyakorlohely_felsooktatasi_int_altali_minositese.pdf\" target=\"_blank\" rel=\"noopener\">KT_El\u0151terjeszt\u00e9s_szakmai_gyakorl\u00f3hely_fels\u0151oktat\u00e1si_int_\u00e1ltali_min\u0151s\u00edt\u00e9se<\/a><\/li>\n<li><a href=\"https:\/\/semmelweis.hu\/gytk\/files\/2022\/12\/4_napirend_2sz_melleklet_Szakmai-gyakorlohely-minositese_eljarasrend.pdf\" target=\"_blank\" rel=\"noopener\">4_napirend_2sz_mell\u00e9klet_Szakmai gyakorl\u00f3hely min\u0151s\u00edt\u00e9se_elj\u00e1r\u00e1srend<\/a><\/li>\n<li><a href=\"https:\/\/semmelweis.hu\/gytk\/files\/2022\/12\/4_napirend_3sz_melleklet_Szakmai-gyakorlohely-minositese_adatlap.pdf\" target=\"_blank\" rel=\"noopener\">4_napirend_3sz_mell\u00e9klet_Szakmai gyakorl\u00f3hely min\u0151s\u00edt\u00e9se_adatlap<\/a><\/li>\n<\/ul>\n<p><strong>5. napirendi pont:<\/strong><\/p>\n<p>T\u00e1j\u00e9koztat\u00f3 az el\u0151z\u0151 f\u00e9l\u00e9v (2021\/22\/2) tanulm\u00e1nyi eredm\u00e9nyeir\u0151l<\/p>\n<ul>\n<li><a href=\"https:\/\/semmelweis.hu\/gytk\/files\/2022\/10\/7_napirend_2sz_melleklet_Tajekozato_a_2021_22_2_felev_tanulmanyi_eredmenyeirol_magyar.pdf\" target=\"_blank\" rel=\"noopener\">5_napirend_2sz_mell\u00e9klet_T\u00e1j\u00e9kozat\u00f3_a_2021_22_2_f\u00e9l\u00e9v_tanulm\u00e1nyi_eredm\u00e9nyeir\u0151l_magyar<\/a><\/li>\n<li><a href=\"https:\/\/semmelweis.hu\/gytk\/files\/2022\/10\/7_napirend_3sz_melleklet_Tajekoztato_a_2021_22_2_felev_tanulmanyi-eredmenyeirol_angol.pdf\" target=\"_blank\" rel=\"noopener\">5_napirend_3sz_mell\u00e9klet_T\u00e1j\u00e9koztat\u00f3_a_2021_22_2_f\u00e9l\u00e9v_tanulm\u00e1nyi eredm\u00e9nyeir\u0151l_angol<\/a><\/li>\n<li><a href=\"https:\/\/semmelweis.hu\/gytk\/files\/2022\/10\/7_napirend_4sz_melleklet_Tajekoztato_a_2021_22_2_felev_tanulmanyi_eredmenyeirol_nemet.pdf\" target=\"_blank\" rel=\"noopener\">5_napirend_4sz_mell\u00e9klet_T\u00e1j\u00e9koztat\u00f3_a_2021_22_2_f\u00e9l\u00e9v_tanulm\u00e1nyi_eredm\u00e9nyeir\u0151l_n\u00e9met<\/a><\/li>\n<\/ul>\n<p><strong>6. napirendipont:<\/strong>\u00a0<\/p>\n<p>Szakk\u00e9pz\u0151 helyek akkredit\u00e1ci\u00f3s k\u00e9relmeinek v\u00e9lem\u00e9nyez\u00e9se<\/p>\n<ul>\n<li><a href=\"https:\/\/semmelweis.hu\/gytk\/files\/2022\/12\/6_napirend_2sz_melleklet_Szakkepzohelyek_akkr_kerelmeinek_velemenyezese-1.pdf\" target=\"_blank\" rel=\"noopener\">6_napirend_2sz_mell\u00e9klet_Szakk\u00e9pz\u0151helyek_akkr_k\u00e9relmeinek_v\u00e9lem\u00e9nyez\u00e9se<\/a><\/li>\n<\/ul>\n<p>&nbsp;<\/p>\n<p><strong>\u00a0<\/strong><\/p>\n","protected":false},"excerpt":{"rendered":"<p>Kari Tan\u00e1cs\u00fcl\u00e9s 2022. December 7. 13:30 MEGH\u00cdV\u00d3 2. napirendi pont: A 2023. \u00e9vi egyetemi szint\u0171 kit\u00fcntet\u00e9si javaslat v\u00e9lem\u00e9nyez\u00e9se \u2013 \u201ePro Universitate D\u00edj\u201d <a href=\"https:\/\/semmelweis.hu\/gytk\/files\/2022\/12\/KT_Eloterjesztes_egyetemi_kituntetes_velemenyezese_Pro_Universitate.pdf\" target=\"_blank\" rel=\"noopener\">KT_El\u0151terjeszt\u00e9s_egyetemi_kit\u00fcntet\u00e9s_v\u00e9lem\u00e9nyez\u00e9se_Pro_Universitate<\/a> <a href=\"https:\/\/semmelweis.hu\/gytk\/files\/2022\/12\/Pro_Univ_dij_javaslat.pdf\" target=\"_blank\" rel=\"noopener\">2_napirend_2_sz_mell\u00e9klet_Pro_Univ_d\u00edj_javaslat<\/a> 3.napirendi pont:\u00a0 Kari \u00e1lland\u00f3 bizotts\u00e1gok meg\u00faj\u00edt\u00e1sa <a href=\"https:\/\/semmelweis.hu\/gytk\/files\/2022\/12\/KT_Eloterjesztes_kari_allando_bizottsagok_megujitasa%EF%BB%BF.pdf\" target=\"_blank\" rel=\"noopener\">KT_El\u0151terjeszt\u00e9s_kari_\u00e1lland\u00f3_bizotts\u00e1gok_meg\u00faj\u00edt\u00e1sa<\/a> 4. napirendi pont: \u201eSzakmai gyakorl\u00f3 helyek int\u00e9zm\u00e9ny \u00e1ltali min\u0151s\u00edt\u00e9se\u201d kari elj\u00e1r\u00e1srend elfogad\u00e1sa <a href=\"https:\/\/semmelweis.hu\/gytk\/files\/2022\/12\/KT_Eloterjesztes_szakmai_gyakorlohely_felsooktatasi_int_altali_minositese.pdf\" target=\"_blank\" rel=\"noopener\">KT_El\u0151terjeszt\u00e9s_szakmai_gyakorl\u00f3hely_fels\u0151oktat\u00e1si_int_\u00e1ltali_min\u0151s\u00edt\u00e9se<\/a> <a href=\"https:\/\/semmelweis.hu\/gytk\/files\/2022\/12\/4_napirend_2sz_melleklet_Szakmai-gyakorlohely-minositese_eljarasrend.pdf\" target=\"_blank\" rel=\"noopener\">4_napirend_2sz_mell\u00e9klet_Szakmai gyakorl\u00f3hely min\u0151s\u00edt\u00e9se_elj\u00e1r\u00e1srend<\/a> <a href=\"https:\/\/semmelweis.hu\/gytk\/files\/2022\/12\/4_napirend_3sz_melleklet_Szakmai-gyakorlohely-minositese_adatlap.pdf\" target=\"_blank\" rel=\"noopener\">4_napirend_3sz_mell\u00e9klet_Szakmai gyakorl\u00f3hely min\u0151s\u00edt\u00e9se_adatlap<\/a> 5. napirendi pont: T\u00e1j\u00e9koztat\u00f3 az el\u0151z\u0151 f\u00e9l\u00e9v (2021\/22\/2) tanulm\u00e1nyi eredm\u00e9nyeir\u0151l <a href=\"https:\/\/semmelweis.hu\/gytk\/files\/2022\/10\/7_napirend_2sz_melleklet_Tajekozato_a_2021_22_2_felev_tanulmanyi_eredmenyeirol_magyar.pdf\" target=\"_blank\" rel=\"noopener\">5_napirend_2sz_mell\u00e9klet_T\u00e1j\u00e9kozat\u00f3_a_2021_22_2_f\u00e9l\u00e9v_tanulm\u00e1nyi_eredm\u00e9nyeir\u0151l_magyar<\/a> <a href=\"https:\/\/semmelweis.hu\/gytk\/files\/2022\/10\/7_napirend_3sz_melleklet_Tajekoztato_a_2021_22_2_felev_tanulmanyi-eredmenyeirol_angol.pdf\" target=\"_blank\" rel=\"noopener\">5_napirend_3sz_mell\u00e9klet_T\u00e1j\u00e9koztat\u00f3_a_2021_22_2_f\u00e9l\u00e9v_tanulm\u00e1nyi eredm\u00e9nyeir\u0151l_angol<\/a> <a href=\"https:\/\/semmelweis.hu\/gytk\/files\/2022\/10\/7_napirend_4sz_melleklet_Tajekoztato_a_2021_22_2_felev_tanulmanyi_eredmenyeirol_nemet.pdf\" target=\"_blank\" rel=\"noopener\">5_napirend_4sz_mell\u00e9klet_T\u00e1j\u00e9koztat\u00f3_a_2021_22_2_f\u00e9l\u00e9v_tanulm\u00e1nyi_eredm\u00e9nyeir\u0151l_n\u00e9met<\/a> 6. napirendipont:\u00a0 Szakk\u00e9pz\u0151 helyek akkredit\u00e1ci\u00f3s &hellip;<\/p>\n","protected":false},"author":101431,"featured_media":0,"parent":5323,"menu_order":45,"comment_status":"closed","ping_status":"closed","template":"","meta":{"_acf_changed":false,"footnotes":""},"categories":[],"tags":[],"class_list":["post-13441","page","type-page","status-publish","hentry"],"acf":[],"_links":{"self":[{"href":"https:\/\/semmelweis.hu\/gytk\/wp-json\/wp\/v2\/pages\/13441","targetHints":{"allow":["GET"]}}],"collection":[{"href":"https:\/\/semmelweis.hu\/gytk\/wp-json\/wp\/v2\/pages"}],"about":[{"href":"https:\/\/semmelweis.hu\/gytk\/wp-json\/wp\/v2\/types\/page"}],"author":[{"embeddable":true,"href":"https:\/\/semmelweis.hu\/gytk\/wp-json\/wp\/v2\/users\/101431"}],"replies":[{"embeddable":true,"href":"https:\/\/semmelweis.hu\/gytk\/wp-json\/wp\/v2\/comments?post=13441"}],"version-history":[{"count":2,"href":"https:\/\/semmelweis.hu\/gytk\/wp-json\/wp\/v2\/pages\/13441\/revisions"}],"predecessor-version":[{"id":13443,"href":"https:\/\/semmelweis.hu\/gytk\/wp-json\/wp\/v2\/pages\/13441\/revisions\/13443"}],"up":[{"embeddable":true,"href":"https:\/\/semmelweis.hu\/gytk\/wp-json\/wp\/v2\/pages\/5323"}],"wp:attachment":[{"href":"https:\/\/semmelweis.hu\/gytk\/wp-json\/wp\/v2\/media?parent=13441"}],"wp:term":[{"taxonomy":"category","embeddable":true,"href":"https:\/\/semmelweis.hu\/gytk\/wp-json\/wp\/v2\/categories?post=13441"},{"taxonomy":"post_tag","embeddable":true,"href":"https:\/\/semmelweis.hu\/gytk\/wp-json\/wp\/v2\/tags?post=13441"}],"curies":[{"name":"wp","href":"https:\/\/api.w.org\/{rel}","templated":true}]}}