{"id":13348,"date":"2022-10-24T12:48:20","date_gmt":"2022-10-24T10:48:20","guid":{"rendered":"https:\/\/semmelweis.hu\/gytk\/?page_id=13348"},"modified":"2022-11-29T15:37:48","modified_gmt":"2022-11-29T14:37:48","slug":"kari-tanacsules-2022-oktober-19","status":"publish","type":"page","link":"https:\/\/semmelweis.hu\/gytk\/a-karrol\/kari-tanacs\/kari-tanacs-eloterjesztesek\/kari-tanacsules-2022-oktober-19\/","title":{"rendered":"2022. okt\u00f3ber 19."},"content":{"rendered":"<p style=\"text-align: center\"><strong>Kari Tan\u00e1cs\u00fcl\u00e9s 2022. okt\u00f3ber 19. 16:00<\/strong><\/p>\n<p><a href=\"https:\/\/semmelweis.hu\/gytk\/files\/2022\/10\/Meghivo.pdf\" target=\"_blank\" rel=\"noopener\">Megh\u00edv\u00f3<\/a><\/p>\n<p><strong>3.napirendi pont:<\/strong><\/p>\n<p>A Kari Tan\u00e1cs 2022-2023. tan\u00e9vi \u00fcl\u00e9s- \u00e9s munkaterv\u00e9nek elfogad\u00e1sa<\/p>\n<p><a href=\"https:\/\/semmelweis.hu\/gytk\/files\/2022\/10\/KT_eloterjesztes_KT_2022_23_tanevi_ules_es_munkaterverol.pdf\" target=\"_blank\" rel=\"noopener\">KT_el\u0151terjeszt\u00e9s_KT_2022_23_tan\u00e9vi_\u00fcl\u00e9s_\u00e9s_munkaterv\u00e9r\u0151l<\/a><\/p>\n<ul>\n<li><a href=\"https:\/\/semmelweis.hu\/gytk\/files\/2022\/10\/3_napirend_2sz_melleklet_KT_2022_23_tanevi_ules_es_munkaterve-1.pdf\" target=\"_blank\" rel=\"noopener\">2sz_mell\u00e9klet_KT_2022_23_tan\u00e9vi_\u00fcl\u00e9s_\u00e9s_munkaterve<\/a><\/li>\n<\/ul>\n<p><strong>4. napirendi pont:<\/strong><\/p>\n<p>A &#8222;GYTK Oktat\u00f3 Gy\u00f3gyszer\u00e9sze&#8221; \u00e9s a &#8222;GYTK T\u00e1rsult Oktat\u00f3ja&#8221; elismer\u0151 oklevelek adom\u00e1nyoz\u00e1s\u00e1ra vonatkoz\u00f3 javaslatok v\u00e9lem\u00e9nyez\u00e9se<\/p>\n<ul>\n<li><a href=\"https:\/\/semmelweis.hu\/gytk\/files\/2022\/10\/4a_napirend_KT_eloterjesztes_GYTK_Oktato_Gyogyszeresze_elismero_cim_adomanyozasa_2022.pdf\" target=\"_blank\" rel=\"noopener\">KT_el\u0151terjeszt\u00e9s_GYTK_Oktat\u00f3_Gy\u00f3gyszer\u00e9sze_elismer\u0151_c\u00edm_adom\u00e1nyoz\u00e1sa_2022<\/a>\n<ul>\n<li><a href=\"https:\/\/semmelweis.hu\/gytk\/files\/2022\/10\/4a_napirend_2sz_melleklet_GYTK_OKTATO_GYOGYSZERESZE_2022.pdf\" target=\"_blank\" rel=\"noopener\">4a_napirend_2sz_mell\u00e9klet_GYTK_OKTAT\u00d3_GY\u00d3GYSZER\u00c9SZE_2022<\/a><\/li>\n<\/ul>\n<\/li>\n<li><a href=\"https:\/\/semmelweis.hu\/gytk\/files\/2022\/10\/4b_napirend_KT_eloterjesztes_GYTK_Tarsult_Oktatoja_elismero_cim_adomanyozasa_2022.pdf\" target=\"_blank\" rel=\"noopener\">KT_el\u0151terjeszt\u00e9s_GYTK_T\u00e1rsult_Oktat\u00f3ja_elismer\u0151_c\u00edm_adom\u00e1nyoz\u00e1sa_2022<\/a>\n<ul>\n<li><a href=\"https:\/\/semmelweis.hu\/gytk\/files\/2022\/10\/4b_napirend_2sz_melleklet_GYTK_TARSULT_OKTATOJA_2022.pdf\" target=\"_blank\" rel=\"noopener\">4b_napirend_2sz_mell\u00e9klet_GYTK_T\u00c1RSULT_OKTAT\u00d3JA_2022<\/a><\/li>\n<\/ul>\n<\/li>\n<\/ul>\n<p><strong>5.napirendi pont:<\/strong><\/p>\n<ul>\n<li><a href=\"https:\/\/semmelweis.hu\/gytk\/files\/2022\/10\/5_napirend_Tajekoztato_a_2022_evi_zarovizsgakrol.pdf\" target=\"_blank\" rel=\"noopener\">T\u00e1j\u00e9koztat\u00f3 a 2022. \u00e9vi z\u00e1r\u00f3vizsg\u00e1kr\u00f3l<\/a><\/li>\n<\/ul>\n<p><strong>6. napirendi pont:<\/strong><\/p>\n<ul>\n<li><a href=\"https:\/\/semmelweis.hu\/gytk\/files\/2022\/10\/6_napirend_Tajekoztato_felveteli_eljarasrol_beiratkozasi_adatokrol.pdf\" target=\"_blank\" rel=\"noopener\">T\u00e1j\u00e9koztat\u00f3 a 2022. \u00e9vi felv\u00e9teli elj\u00e1r\u00e1sr\u00f3l, beiratkoz\u00e1si\/bejelentkez\u00e9si adatokr\u00f3l<\/a><\/li>\n<\/ul>\n<p><strong>7. napirendi pont:<\/strong><\/p>\n<ul>\n<li><a href=\"https:\/\/semmelweis.hu\/gytk\/files\/2022\/10\/7_napirend_Szakkepzohelyek_akkreditacios_kerelmeinek_velemenyezese.pdf\" target=\"_blank\" rel=\"noopener\">Szakk\u00e9pz\u0151 helyek akkredit\u00e1ci\u00f3s k\u00e9relmeinek v\u00e9lem\u00e9nyez\u00e9se<\/a><\/li>\n<\/ul>\n<p>&nbsp;<\/p>\n<p>&nbsp;<\/p>\n","protected":false},"excerpt":{"rendered":"<p>Kari Tan\u00e1cs\u00fcl\u00e9s 2022. okt\u00f3ber 19. 16:00<br \/>\n<a href=\"https:\/\/semmelweis.hu\/gytk\/files\/2022\/10\/Meghivo.pdf\" target=\"_blank\" rel=\"noopener\">Megh\u00edv\u00f3<\/a><br \/>\n3.napirendi pont:<br \/>\nA Kari Tan\u00e1cs 2022-2023. tan\u00e9vi \u00fcl\u00e9s- \u00e9s munkaterv\u00e9nek elfogad\u00e1sa<br \/>\n<a href=\"https:\/\/semmelweis.hu\/gytk\/files\/2022\/10\/KT_eloterjesztes_KT_2022_23_tanevi_ules_es_munkaterverol.pdf\" target=\"_blank\" rel=\"noopener\">KT_el\u0151terjeszt\u00e9s_KT_2022_23_tan\u00e9vi_\u00fcl\u00e9s_\u00e9s_munkaterv\u00e9r\u0151l<\/a><\/p>\n<p><a href=\"https:\/\/semmelweis.hu\/gytk\/files\/2022\/10\/3_napirend_2sz_melleklet_KT_2022_23_tanevi_ules_es_munkaterve-1.pdf\" target=\"_blank\" rel=\"noopener\">2sz_mell\u00e9klet_KT_2022_23_tan\u00e9vi_\u00fcl\u00e9s_\u00e9s_munkaterve<\/a><\/p>\n<p>4. napirendi pont:<br \/>\nA &#8222;GYTK Oktat\u00f3 Gy\u00f3gyszer\u00e9sze&#8221; \u00e9s a &#8222;GYTK T\u00e1rsult Oktat\u00f3ja&#8221; elismer\u0151 oklevelek adom\u00e1nyoz\u00e1s\u00e1ra vonatkoz\u00f3 javaslatok v\u00e9lem\u00e9nyez\u00e9se<\/p>\n<p><a href=\"https:\/\/semmelweis.hu\/gytk\/files\/2022\/10\/4a_napirend_KT_eloterjesztes_GYTK_Oktato_Gyogyszeresze_elismero_cim_adomanyozasa_2022.pdf\" target=\"_blank\" rel=\"noopener\">KT_el\u0151terjeszt\u00e9s_GYTK_Oktat\u00f3_Gy\u00f3gyszer\u00e9sze_elismer\u0151_c\u00edm_adom\u00e1nyoz\u00e1sa_2022<\/a><\/p>\n<p><a href=\"https:\/\/semmelweis.hu\/gytk\/files\/2022\/10\/4a_napirend_2sz_melleklet_GYTK_OKTATO_GYOGYSZERESZE_2022.pdf\" target=\"_blank\" rel=\"noopener\">4a_napirend_2sz_mell\u00e9klet_GYTK_OKTAT\u00d3_GY\u00d3GYSZER\u00c9SZE_2022<\/a><\/p>\n<p><a href=\"https:\/\/semmelweis.hu\/gytk\/files\/2022\/10\/4b_napirend_KT_eloterjesztes_GYTK_Tarsult_Oktatoja_elismero_cim_adomanyozasa_2022.pdf\" target=\"_blank\" rel=\"noopener\">KT_el\u0151terjeszt\u00e9s_GYTK_T\u00e1rsult_Oktat\u00f3ja_elismer\u0151_c\u00edm_adom\u00e1nyoz\u00e1sa_2022<\/a><\/p>\n<p><a href=\"https:\/\/semmelweis.hu\/gytk\/files\/2022\/10\/4b_napirend_2sz_melleklet_GYTK_TARSULT_OKTATOJA_2022.pdf\" target=\"_blank\" rel=\"noopener\">4b_napirend_2sz_mell\u00e9klet_GYTK_T\u00c1RSULT_OKTAT\u00d3JA_2022<\/a><\/p>\n<p>5.napirendi pont:<\/p>\n<p><a href=\"https:\/\/semmelweis.hu\/gytk\/files\/2022\/10\/5_napirend_Tajekoztato_a_2022_evi_zarovizsgakrol.pdf\" target=\"_blank\" rel=\"noopener\">T\u00e1j\u00e9koztat\u00f3 a 2022. \u00e9vi z\u00e1r\u00f3vizsg\u00e1kr\u00f3l<\/a><\/p>\n<p>6. napirendi pont:<\/p>\n<p><a href=\"https:\/\/semmelweis.hu\/gytk\/files\/2022\/10\/6_napirend_Tajekoztato_felveteli_eljarasrol_beiratkozasi_adatokrol.pdf\" target=\"_blank\" rel=\"noopener\">T\u00e1j\u00e9koztat\u00f3 a 2022. \u00e9vi felv\u00e9teli elj\u00e1r\u00e1sr\u00f3l, beiratkoz\u00e1si\/bejelentkez\u00e9si adatokr\u00f3l<\/a><\/p>\n<p>7. napirendi pont:<\/p>\n<p><a href=\"https:\/\/semmelweis.hu\/gytk\/files\/2022\/10\/7_napirend_Szakkepzohelyek_akkreditacios_kerelmeinek_velemenyezese.pdf\" target=\"_blank\" rel=\"noopener\">Szakk\u00e9pz\u0151 helyek akkredit\u00e1ci\u00f3s k\u00e9relmeinek v\u00e9lem\u00e9nyez\u00e9se<\/a><\/p>\n<p>&nbsp;<br \/>\n&nbsp;<\/p>\n","protected":false},"author":101431,"featured_media":0,"parent":5323,"menu_order":44,"comment_status":"closed","ping_status":"closed","template":"","meta":{"_acf_changed":false,"footnotes":""},"categories":[],"tags":[],"class_list":["post-13348","page","type-page","status-publish","hentry"],"acf":[],"_links":{"self":[{"href":"https:\/\/semmelweis.hu\/gytk\/wp-json\/wp\/v2\/pages\/13348","targetHints":{"allow":["GET"]}}],"collection":[{"href":"https:\/\/semmelweis.hu\/gytk\/wp-json\/wp\/v2\/pages"}],"about":[{"href":"https:\/\/semmelweis.hu\/gytk\/wp-json\/wp\/v2\/types\/page"}],"author":[{"embeddable":true,"href":"https:\/\/semmelweis.hu\/gytk\/wp-json\/wp\/v2\/users\/101431"}],"replies":[{"embeddable":true,"href":"https:\/\/semmelweis.hu\/gytk\/wp-json\/wp\/v2\/comments?post=13348"}],"version-history":[{"count":5,"href":"https:\/\/semmelweis.hu\/gytk\/wp-json\/wp\/v2\/pages\/13348\/revisions"}],"predecessor-version":[{"id":13393,"href":"https:\/\/semmelweis.hu\/gytk\/wp-json\/wp\/v2\/pages\/13348\/revisions\/13393"}],"up":[{"embeddable":true,"href":"https:\/\/semmelweis.hu\/gytk\/wp-json\/wp\/v2\/pages\/5323"}],"wp:attachment":[{"href":"https:\/\/semmelweis.hu\/gytk\/wp-json\/wp\/v2\/media?parent=13348"}],"wp:term":[{"taxonomy":"category","embeddable":true,"href":"https:\/\/semmelweis.hu\/gytk\/wp-json\/wp\/v2\/categories?post=13348"},{"taxonomy":"post_tag","embeddable":true,"href":"https:\/\/semmelweis.hu\/gytk\/wp-json\/wp\/v2\/tags?post=13348"}],"curies":[{"name":"wp","href":"https:\/\/api.w.org\/{rel}","templated":true}]}}