{"id":13257,"date":"2022-09-14T11:22:56","date_gmt":"2022-09-14T09:22:56","guid":{"rendered":"https:\/\/semmelweis.hu\/gytk\/?page_id=13257"},"modified":"2025-09-01T13:39:54","modified_gmt":"2025-09-01T11:39:54","slug":"kari-tanacs-elektronikus-szavazas-2022-szeptember-9-2022-szeptember-13","status":"publish","type":"page","link":"https:\/\/semmelweis.hu\/gytk\/a-karrol\/kari-tanacs\/kari-tanacs-eloterjesztesek\/kari-tanacs-elektronikus-szavazas-2022-szeptember-9-2022-szeptember-13\/","title":{"rendered":"2022. szeptember 9-13. elektronikus szavaz\u00e1s"},"content":{"rendered":"<p style=\"text-align: center\"><strong>Kari Tan\u00e1cs elektronikus szavaz\u00e1s 2022. szeptember 9 &#8211; 2022. szeptember 13.<\/strong><\/p>\n<p><a href=\"https:\/\/semmelweis.hu\/gytk\/files\/2022\/09\/KT_elektronikus_szavazas_elrendelese_2022_09_09-2022_09_13.pdf\" target=\"_blank\" rel=\"noopener\">KT elektronikus\u00a0 szavaz\u00e1s elrendel\u00e9se<\/a><\/p>\n<p>1_napirend_<a href=\"https:\/\/semmelweis.hu\/gytk\/files\/2022\/09\/KT_Eloterjesztesa-2022_23_tanevben_ervenyes_tantargyi_kovetelmenyrendszerek_elfogadasarol-1.pdf\" target=\"_blank\" rel=\"noopener\">KT_El\u0151terjeszt\u00e9s_a_2022\/2023_tan\u00e9vben_\u00e9rv\u00e9nyes_tant\u00e1rgyi_k\u00f6vetelm\u00e9nyrendszerek _elfogad\u00e1s\u00e1r\u00f3l<\/a><\/p>\n<p>2_sz_mell\u00e9klet_I_\u00e9vfolyamra_iratkoz\u00f3_hallgat\u00f3k_r\u00e9sz\u00e9re_\u00e9rv\u00e9nyes_tant\u00e1rgyi _programok_I_II_f\u00e9l\u00e9v<\/p>\n<ul>\n<li><a href=\"https:\/\/semmelweis.hu\/gytk\/files\/2022\/09\/I.-evf.1.-felev.zip\" target=\"_blank\" rel=\"noopener\">2a_sz_mell\u00e9klet_I.\u00e9vf_2022_23_1_f\u00e9l\u00e9v_magyar<\/a><\/li>\n<li><a href=\"https:\/\/semmelweis.hu\/gytk\/files\/2022\/09\/I.-evf.2.-felev.zip\" target=\"_blank\" rel=\"noopener\">2b_sz_mell\u00e9klet_I.\u00e9vf_2022_23_2_f\u00e9l\u00e9v_magyar<\/a><\/li>\n<li><a href=\"https:\/\/semmelweis.hu\/gytk\/files\/2022\/09\/1_1.zip\" target=\"_blank\" rel=\"noopener\">2c_sz_mell\u00e9klet_I.\u00e9vf_2022_23_1_f\u00e9l\u00e9v_n\u00e9met<\/a><\/li>\n<li><a href=\"https:\/\/semmelweis.hu\/gytk\/files\/2022\/09\/1_2.zip\" target=\"_blank\" rel=\"noopener\">2d_sz_mell\u00e9klet_I.\u00e9vf_2022_23_2_f\u00e9l\u00e9v_n\u00e9met<\/a><\/li>\n<\/ul>\n<p>3_sz_mell\u00e9klet_II_\u00e9vfolyamra_iratkoz\u00f3_hallgat\u00f3k_r\u00e9sz\u00e9re_\u00e9rv\u00e9nyes_tant\u00e1rgyi _programok_I_II_f\u00e9l\u00e9v<\/p>\n<ul>\n<li><a href=\"https:\/\/semmelweis.hu\/gytk\/files\/2022\/09\/II.1.-felev.zip\" target=\"_blank\" rel=\"noopener\">3a_sz_mell\u00e9klet_II.\u00e9vf_2022_23_1_f\u00e9l\u00e9v_magyar<\/a><\/li>\n<li><a href=\"https:\/\/semmelweis.hu\/gytk\/files\/2022\/09\/II.-evf.2.-felev.zip\" target=\"_blank\" rel=\"noopener\">3b_sz_mell\u00e9klet_II.\u00e9vf_2022_23_2_f\u00e9l\u00e9v_magyar<\/a><\/li>\n<li><a href=\"https:\/\/semmelweis.hu\/gytk\/files\/2022\/09\/2_1.zip\" target=\"_blank\" rel=\"noopener\">3c_sz_mell\u00e9klet_II.\u00e9vf_2022_23_1_f\u00e9l\u00e9v_n\u00e9met<\/a><\/li>\n<li><a href=\"https:\/\/semmelweis.hu\/gytk\/files\/2022\/09\/2_2.zip\" target=\"_blank\" rel=\"noopener\">3c_sz_mell\u00e9klet_II.\u00e9vf_2022_23_2_f\u00e9l\u00e9v_n\u00e9met<\/a><\/li>\n<\/ul>\n<p>4_sz_mell\u00e9klet_III_\u00e9vfolyamra_iratkoz\u00f3_hallgat\u00f3k_r\u00e9sz\u00e9re_\u00e9rv\u00e9nyes_tant\u00e1rgyi _programok_I_II_f\u00e9l\u00e9v<\/p>\n<ul>\n<li><a href=\"https:\/\/semmelweis.hu\/gytk\/files\/2022\/09\/III.-evf.1.-felev.zip\" target=\"_blank\" rel=\"noopener\">4a_sz_mell\u00e9klet_III.\u00e9vf_2022_23_1_f\u00e9l\u00e9v_magyar<\/a><\/li>\n<li><a href=\"https:\/\/semmelweis.hu\/gytk\/files\/2022\/09\/III.-evf.2.-felev.zip\" target=\"_blank\" rel=\"noopener\">4b_sz_mell\u00e9klet_III.\u00e9vf_2022_23_2_f\u00e9l\u00e9v_magyar<\/a><\/li>\n<li><a href=\"https:\/\/semmelweis.hu\/gytk\/files\/2022\/09\/3_1.zip\" target=\"_blank\" rel=\"noopener\">4c_sz_mell\u00e9klet_III.\u00e9vf_2022_23_1_f\u00e9l\u00e9v_n\u00e9met<\/a><\/li>\n<li><a href=\"https:\/\/semmelweis.hu\/gytk\/files\/2022\/09\/3_2.zip\" target=\"_blank\" rel=\"noopener\">4d_sz_mell\u00e9klet_III.\u00e9vf_2022_23_2_f\u00e9l\u00e9v_n\u00e9met<\/a><\/li>\n<\/ul>\n<p>5_sz_mell\u00e9klet_IV_\u00e9vfolyamra_iratkoz\u00f3_hallgat\u00f3k_r\u00e9sz\u00e9re_\u00e9rv\u00e9nyes_tant\u00e1rgyi _programok_I_II_f\u00e9l\u00e9v<\/p>\n<ul>\n<li><a href=\"https:\/\/semmelweis.hu\/gytk\/files\/2022\/09\/IV.-evf.1.-felev.zip\" target=\"_blank\" rel=\"noopener\">5a_sz_mell\u00e9klet_IV.\u00e9vf_2022_23_1_f\u00e9l\u00e9v_magyar<\/a><\/li>\n<li><a href=\"https:\/\/semmelweis.hu\/gytk\/files\/2022\/09\/IV.-evf.2.-felev.zip\" target=\"_blank\" rel=\"noopener\">5b_sz_mell\u00e9klet_IV.\u00e9vf_2022_23_2_f\u00e9l\u00e9v_magyar<\/a><\/li>\n<li><a href=\"https:\/\/semmelweis.hu\/gytk\/files\/2022\/09\/4_1.zip\" target=\"_blank\" rel=\"noopener\">5c_sz_mell\u00e9klet_IV.\u00e9vf_2022_23_1_f\u00e9l\u00e9v_n\u00e9met<\/a><\/li>\n<li><a href=\"https:\/\/semmelweis.hu\/gytk\/files\/2022\/09\/4_2.zip\" target=\"_blank\" rel=\"noopener\">5d_sz_mell\u00e9klet_IV.\u00e9vf_2022_23_2_f\u00e9l\u00e9v_n\u00e9met<\/a><\/li>\n<\/ul>\n<p>6_sz_mell\u00e9klet_V_\u00e9vfolyamra_iratkoz\u00f3_hallgat\u00f3k_r\u00e9sz\u00e9re_\u00e9rv\u00e9nyes_tant\u00e1rgyi _programok_I_II_f\u00e9l\u00e9v<\/p>\n<ul>\n<li><a href=\"https:\/\/semmelweis.hu\/gytk\/files\/2022\/09\/V.-evf.1.-felev.zip\" target=\"_blank\" rel=\"noopener\">6a_sz_mell\u00e9klet_V.\u00e9vf_2022_23_1_f\u00e9l\u00e9v_magyar<\/a><\/li>\n<li><a href=\"https:\/\/semmelweis.hu\/gytk\/files\/2022\/09\/Hivatasetikai-alapok_II.docx\" target=\"_blank\" rel=\"noopener\">6b_sz_mell\u00e9klet_V.\u00e9vf_2022_23_2_f\u00e9l\u00e9v_magyar<\/a><\/li>\n<li><a href=\"https:\/\/semmelweis.hu\/gytk\/files\/2022\/09\/5_1.zip\" target=\"_blank\" rel=\"noopener\">6c_sz_mell\u00e9klet_V.\u00e9vf_2022_23_1_f\u00e9l\u00e9v_n\u00e9met<\/a><\/li>\n<\/ul>\n<p>7_sz_mell\u00e9klet_szabadon_v\u00e1laszthat\u00f3_tant\u00e1rgyak_tant\u00e1rgyi_programok<\/p>\n<ul>\n<li><a href=\"https:\/\/semmelweis.hu\/gytk\/files\/2022\/09\/Szabadon-valaszthato-targyak.zip\" target=\"_blank\" rel=\"noopener\">Szabadon v\u00e1laszthat\u00f3 tant\u00e1rgyak_magyar<\/a><\/li>\n<li><a href=\"https:\/\/semmelweis.hu\/gytk\/files\/2022\/09\/szabadon-valaszthato_nemet-1.zip\" target=\"_blank\" rel=\"noopener\">Szabadon v\u00e1laszthat\u00f3_n\u00e9met<\/a><\/li>\n<\/ul>\n<p>2_napirend_<a href=\"https:\/\/semmelweis.hu\/gytk\/files\/2022\/09\/KT_Eloterjesztes_dekanhelyettesek_szamanak_haromban_torteno_meghatarozasara.pdf\" target=\"_blank\" rel=\"noopener\">KT_El\u0151terjeszt\u00e9s_d\u00e9k\u00e1nhelyettesek_sz\u00e1m\u00e1nak_h\u00e1romban_t\u00f6rt\u00e9n\u0151_meghat\u00e1roz\u00e1s\u00e1r\u00f3l<\/a><\/p>\n<p>&nbsp;<\/p>\n<p><strong>\u00a0<\/strong><\/p>\n","protected":false},"excerpt":{"rendered":"<p>Kari Tan\u00e1cs elektronikus szavaz\u00e1s 2022. szeptember 9 &#8211; 2022. szeptember 13.<br \/>\n<a href=\"https:\/\/semmelweis.hu\/gytk\/files\/2022\/09\/KT_elektronikus_szavazas_elrendelese_2022_09_09-2022_09_13.pdf\" target=\"_blank\" rel=\"noopener\">KT elektronikus\u00a0 szavaz\u00e1s elrendel\u00e9se<\/a><br \/>\n1_napirend_<a href=\"https:\/\/semmelweis.hu\/gytk\/files\/2022\/09\/KT_Eloterjesztesa-2022_23_tanevben_ervenyes_tantargyi_kovetelmenyrendszerek_elfogadasarol-1.pdf\" target=\"_blank\" rel=\"noopener\">KT_El\u0151terjeszt\u00e9s_a_2022\/2023_tan\u00e9vben_\u00e9rv\u00e9nyes_tant\u00e1rgyi_k\u00f6vetelm\u00e9nyrendszerek _elfogad\u00e1s\u00e1r\u00f3l<\/a><br \/>\n2_sz_mell\u00e9klet_I_\u00e9vfolyamra_iratkoz\u00f3_hallgat\u00f3k_r\u00e9sz\u00e9re_\u00e9rv\u00e9nyes_tant\u00e1rgyi _programok_I_II_f\u00e9l\u00e9v<\/p>\n<p><a href=\"https:\/\/semmelweis.hu\/gytk\/files\/2022\/09\/I.-evf.1.-felev.zip\" target=\"_blank\" rel=\"noopener\">2a_sz_mell\u00e9klet_I.\u00e9vf_2022_23_1_f\u00e9l\u00e9v_magyar<\/a><br \/>\n<a href=\"https:\/\/semmelweis.hu\/gytk\/files\/2022\/09\/I.-evf.2.-felev.zip\" target=\"_blank\" rel=\"noopener\">2b_sz_mell\u00e9klet_I.\u00e9vf_2022_23_2_f\u00e9l\u00e9v_magyar<\/a><br \/>\n<a href=\"https:\/\/semmelweis.hu\/gytk\/files\/2022\/09\/1_1.zip\" target=\"_blank\" rel=\"noopener\">2c_sz_mell\u00e9klet_I.\u00e9vf_2022_23_1_f\u00e9l\u00e9v_n\u00e9met<\/a><br \/>\n<a href=\"https:\/\/semmelweis.hu\/gytk\/files\/2022\/09\/1_2.zip\" target=\"_blank\" rel=\"noopener\">2d_sz_mell\u00e9klet_I.\u00e9vf_2022_23_2_f\u00e9l\u00e9v_n\u00e9met<\/a><\/p>\n<p>3_sz_mell\u00e9klet_II_\u00e9vfolyamra_iratkoz\u00f3_hallgat\u00f3k_r\u00e9sz\u00e9re_\u00e9rv\u00e9nyes_tant\u00e1rgyi _programok_I_II_f\u00e9l\u00e9v<\/p>\n<p><a href=\"https:\/\/semmelweis.hu\/gytk\/files\/2022\/09\/II.1.-felev.zip\" target=\"_blank\" rel=\"noopener\">3a_sz_mell\u00e9klet_II.\u00e9vf_2022_23_1_f\u00e9l\u00e9v_magyar<\/a><br \/>\n<a href=\"https:\/\/semmelweis.hu\/gytk\/files\/2022\/09\/II.-evf.2.-felev.zip\" target=\"_blank\" rel=\"noopener\">3b_sz_mell\u00e9klet_II.\u00e9vf_2022_23_2_f\u00e9l\u00e9v_magyar<\/a><br \/>\n<a href=\"https:\/\/semmelweis.hu\/gytk\/files\/2022\/09\/2_1.zip\" target=\"_blank\" rel=\"noopener\">3c_sz_mell\u00e9klet_II.\u00e9vf_2022_23_1_f\u00e9l\u00e9v_n\u00e9met<\/a><br \/>\n<a href=\"https:\/\/semmelweis.hu\/gytk\/files\/2022\/09\/2_2.zip\" target=\"_blank\" rel=\"noopener\">3c_sz_mell\u00e9klet_II.\u00e9vf_2022_23_2_f\u00e9l\u00e9v_n\u00e9met<\/a><\/p>\n<p>4_sz_mell\u00e9klet_III_\u00e9vfolyamra_iratkoz\u00f3_hallgat\u00f3k_r\u00e9sz\u00e9re_\u00e9rv\u00e9nyes_tant\u00e1rgyi _programok_I_II_f\u00e9l\u00e9v<\/p>\n<p><a href=\"https:\/\/semmelweis.hu\/gytk\/files\/2022\/09\/III.-evf.1.-felev.zip\" target=\"_blank\" rel=\"noopener\">4a_sz_mell\u00e9klet_III.\u00e9vf_2022_23_1_f\u00e9l\u00e9v_magyar<\/a><br \/>\n<a href=\"https:\/\/semmelweis.hu\/gytk\/files\/2022\/09\/III.-evf.2.-felev.zip\" target=\"_blank\" rel=\"noopener\">4b_sz_mell\u00e9klet_III.\u00e9vf_2022_23_2_f\u00e9l\u00e9v_magyar<\/a><br \/>\n<a href=\"https:\/\/semmelweis.hu\/gytk\/files\/2022\/09\/3_1.zip\" target=\"_blank\" rel=\"noopener\">4c_sz_mell\u00e9klet_III.\u00e9vf_2022_23_1_f\u00e9l\u00e9v_n\u00e9met<\/a><br \/>\n<a href=\"https:\/\/semmelweis.hu\/gytk\/files\/2022\/09\/3_2.zip\" target=\"_blank\" rel=\"noopener\">4d_sz_mell\u00e9klet_III.\u00e9vf_2022_23_2_f\u00e9l\u00e9v_n\u00e9met<\/a><\/p>\n<p>5_sz_mell\u00e9klet_IV_\u00e9vfolyamra_iratkoz\u00f3_hallgat\u00f3k_r\u00e9sz\u00e9re_\u00e9rv\u00e9nyes_tant\u00e1rgyi _programok_I_II_f\u00e9l\u00e9v<\/p>\n<p><a href=\"https:\/\/semmelweis.hu\/gytk\/files\/2022\/09\/IV.-evf.1.-felev.zip\" target=\"_blank\" rel=\"noopener\">5a_sz_mell\u00e9klet_IV.\u00e9vf_2022_23_1_f\u00e9l\u00e9v_magyar<\/a><br \/>\n<a href=\"https:\/\/semmelweis.hu\/gytk\/files\/2022\/09\/IV.-evf.2.-felev.zip\" target=\"_blank\" rel=\"noopener\">5b_sz_mell\u00e9klet_IV.\u00e9vf_2022_23_2_f\u00e9l\u00e9v_magyar<\/a><br \/>\n<a href=\"https:\/\/semmelweis.hu\/gytk\/files\/2022\/09\/4_1.zip\" target=\"_blank\" rel=\"noopener\">5c_sz_mell\u00e9klet_IV.\u00e9vf_2022_23_1_f\u00e9l\u00e9v_n\u00e9met<\/a><br \/>\n<a href=\"https:\/\/semmelweis.hu\/gytk\/files\/2022\/09\/4_2.zip\" target=\"_blank\" rel=\"noopener\">5d_sz_mell\u00e9klet_IV.\u00e9vf_2022_23_2_f\u00e9l\u00e9v_n\u00e9met<\/a><\/p>\n<p>6_sz_mell\u00e9klet_V_\u00e9vfolyamra_iratkoz\u00f3_hallgat\u00f3k_r\u00e9sz\u00e9re_\u00e9rv\u00e9nyes_tant\u00e1rgyi _programok_I_II_f\u00e9l\u00e9v<\/p>\n<p><a href=\"https:\/\/semmelweis.hu\/gytk\/files\/2022\/09\/V.-evf.1.-felev.zip\" target=\"_blank\" rel=\"noopener\">6a_sz_mell\u00e9klet_V.\u00e9vf_2022_23_1_f\u00e9l\u00e9v_magyar<\/a><br \/>\n<a href=\"https:\/\/semmelweis.hu\/gytk\/files\/2022\/09\/Hivatasetikai-alapok_II.docx\" target=\"_blank\" rel=\"noopener\">6b_sz_mell\u00e9klet_V.\u00e9vf_2022_23_2_f\u00e9l\u00e9v_magyar<\/a><br \/>\n<a href=\"https:\/\/semmelweis.hu\/gytk\/files\/2022\/09\/5_1.zip\" target=\"_blank\" rel=\"noopener\">6c_sz_mell\u00e9klet_V.\u00e9vf_2022_23_1_f\u00e9l\u00e9v_n\u00e9met<\/a><\/p>\n<p>7_sz_mell\u00e9klet_szabadon_v\u00e1laszthat\u00f3_tant\u00e1rgyak_tant\u00e1rgyi_programok<\/p>\n<p><a href=\"https:\/\/semmelweis.hu\/gytk\/files\/2022\/09\/Szabadon-valaszthato-targyak.zip\" target=\"_blank\" rel=\"noopener\">Szabadon v\u00e1laszthat\u00f3 tant\u00e1rgyak_magyar<\/a><br \/>\n<a href=\"https:\/\/semmelweis.hu\/gytk\/files\/2022\/09\/szabadon-valaszthato_nemet-1.zip\" target=\"_blank\" rel=\"noopener\">Szabadon v\u00e1laszthat\u00f3_n\u00e9met<\/a><\/p>\n<p>2_napirend_<a href=\"https:\/\/semmelweis.hu\/gytk\/files\/2022\/09\/KT_Eloterjesztes_dekanhelyettesek_szamanak_haromban_torteno_meghatarozasara.pdf\" target=\"_blank\" rel=\"noopener\">KT_El\u0151terjeszt\u00e9s_d\u00e9k\u00e1nhelyettesek_sz\u00e1m\u00e1nak_h\u00e1romban_t\u00f6rt\u00e9n\u0151_meghat\u00e1roz\u00e1s\u00e1r\u00f3l<\/a><br \/>\n&nbsp;<br \/>\n\u00a0<\/p>\n","protected":false},"author":101431,"featured_media":0,"parent":5323,"menu_order":43,"comment_status":"closed","ping_status":"closed","template":"","meta":{"_acf_changed":false,"footnotes":""},"categories":[],"tags":[],"class_list":["post-13257","page","type-page","status-publish","hentry"],"acf":[],"_links":{"self":[{"href":"https:\/\/semmelweis.hu\/gytk\/wp-json\/wp\/v2\/pages\/13257","targetHints":{"allow":["GET"]}}],"collection":[{"href":"https:\/\/semmelweis.hu\/gytk\/wp-json\/wp\/v2\/pages"}],"about":[{"href":"https:\/\/semmelweis.hu\/gytk\/wp-json\/wp\/v2\/types\/page"}],"author":[{"embeddable":true,"href":"https:\/\/semmelweis.hu\/gytk\/wp-json\/wp\/v2\/users\/101431"}],"replies":[{"embeddable":true,"href":"https:\/\/semmelweis.hu\/gytk\/wp-json\/wp\/v2\/comments?post=13257"}],"version-history":[{"count":3,"href":"https:\/\/semmelweis.hu\/gytk\/wp-json\/wp\/v2\/pages\/13257\/revisions"}],"predecessor-version":[{"id":17672,"href":"https:\/\/semmelweis.hu\/gytk\/wp-json\/wp\/v2\/pages\/13257\/revisions\/17672"}],"up":[{"embeddable":true,"href":"https:\/\/semmelweis.hu\/gytk\/wp-json\/wp\/v2\/pages\/5323"}],"wp:attachment":[{"href":"https:\/\/semmelweis.hu\/gytk\/wp-json\/wp\/v2\/media?parent=13257"}],"wp:term":[{"taxonomy":"category","embeddable":true,"href":"https:\/\/semmelweis.hu\/gytk\/wp-json\/wp\/v2\/categories?post=13257"},{"taxonomy":"post_tag","embeddable":true,"href":"https:\/\/semmelweis.hu\/gytk\/wp-json\/wp\/v2\/tags?post=13257"}],"curies":[{"name":"wp","href":"https:\/\/api.w.org\/{rel}","templated":true}]}}