{"id":13048,"date":"2022-07-26T09:37:41","date_gmt":"2022-07-26T07:37:41","guid":{"rendered":"https:\/\/semmelweis.hu\/gytk\/?page_id=13048"},"modified":"2025-09-01T13:39:22","modified_gmt":"2025-09-01T11:39:22","slug":"kari-tanacs-elektronikus-szavazas-2022-julius-20-1000-2022-julius-22","status":"publish","type":"page","link":"https:\/\/semmelweis.hu\/gytk\/a-karrol\/kari-tanacs\/kari-tanacs-eloterjesztesek\/kari-tanacs-elektronikus-szavazas-2022-julius-20-1000-2022-julius-22\/","title":{"rendered":"2022. j\u00falius 20-22. elektronikus szavaz\u00e1s"},"content":{"rendered":"<p><span style=\"color: #000000\"><strong>Kari Tan\u00e1cs elektronikus szavaz\u00e1s 2022. j\u00falius 20. 10:00 &#8211; 2022. j\u00falius 22. 10:00 \u00f3r\u00e1ig.<\/strong><\/span><\/p>\n<ol>\n<li style=\"text-align: left\">napirendi pont: Mintatanterv-m\u00f3dos\u00edt\u00e1s<\/li>\n<\/ol>\n<p><a href=\"https:\/\/semmelweis.hu\/gytk\/files\/2022\/07\/1.napirend_KT_Eloterjesztes_Mintatantervmodositas_2022julius20_22-1.pdf\">KT el\u0151terjeszt\u00e9s a 2022\/2023. tan\u00e9vt\u0151l bevezetend\u0151 \u00faj mintatantervr\u0151l, valamint a hat\u00e1lyban l\u00e9v\u0151 mintatantervek m\u00f3dos\u00edt\u00e1s\u00e1r\u00f3l (II-IV. \u00e9vfolyam)<\/a><\/p>\n<ul>\n<li><a href=\"https:\/\/semmelweis.hu\/gytk\/files\/2022\/07\/MIntatanterv-I-IV.-evf.-magyar-nyelvu-kepzes.zip\">2. sz. mell\u00e9klet: Mintatantervek (I-IV. \u00e9vfolyam-magyar nyelv\u0171 k\u00e9pz\u00e9s)<\/a><\/li>\n<li><a href=\"https:\/\/semmelweis.hu\/gytk\/files\/2022\/07\/Mintatantervek-I-IV.-evf.-angol-nyelvu-kepzes.zip\">3. sz. mell\u00e9klet: Mintatantervek (I-IV. \u00e9vfolyam-angol nyelv\u0171 k\u00e9pz\u00e9s)<\/a><\/li>\n<li><a href=\"https:\/\/semmelweis.hu\/gytk\/files\/2022\/07\/Mintatantervek-I-IV.-evf.-nemet-nyelvu-kepzes.zip\">4. sz. mell\u00e9klet: Mintatantervek (I-IV. \u00e9vfolyam-n\u00e9met nyelv\u0171 k\u00e9pz\u00e9s)<\/a>\n<p>&nbsp;<\/p>\n<p>2. napirendi pont: Egyetemi tan\u00e1ri \u00e1ll\u00e1sp\u00e1ly\u00e1zat v\u00e9lem\u00e9nyez\u00e9se<\/li>\n<\/ul>\n<p><a href=\"https:\/\/semmelweis.hu\/gytk\/files\/2022\/07\/2.napirend_egyetemi_tanari_allaspalyazat_HBZ-1.pdf\">KT el\u0151terjeszt\u00e9s az Egyetemi Gy\u00f3gyszert\u00e1r Gy\u00f3gyszer\u00fcgyi Szervez\u00e9si Int\u00e9zetben meghirdetett egyetemi tan\u00e1ri \u00e1ll\u00e1shelyre be\u00e9rkezett p\u00e1ly\u00e1zat v\u00e9lem\u00e9nyez\u00e9s\u00e9hez\u00a0<\/a><\/p>\n<ul>\n<li><a href=\"https:\/\/semmelweis.hu\/gytk\/files\/2022\/07\/hanko_balazs_palyazat_hu-szukitett.pdf\">2. sz. mell\u00e9klet: P\u00e1ly\u00e1zati dokument\u00e1ci\u00f3<\/a><\/li>\n<li><a href=\"https:\/\/semmelweis.hu\/gytk\/files\/2022\/07\/Jegyzokonyv_Dr.-Hanko-Balazs-Zoltan_73093_GYEGY_2022..pdf\" target=\"_blank\" rel=\"noopener\">3. sz. mell\u00e9klet: EGYGYSZI ad hoc bizotts\u00e1g v\u00e9lem\u00e9nye<\/a><\/li>\n<\/ul>\n<p>&nbsp;<\/p>\n<p>&nbsp;<\/p>\n<p>&nbsp;<\/p>\n","protected":false},"excerpt":{"rendered":"<p>Kari Tan\u00e1cs elektronikus szavaz\u00e1s 2022. j\u00falius 20. 10:00 &#8211; 2022. j\u00falius 22. 10:00 \u00f3r\u00e1ig.<\/p>\n<p>napirendi pont: Mintatanterv-m\u00f3dos\u00edt\u00e1s<\/p>\n<p><a href=\"https:\/\/semmelweis.hu\/gytk\/files\/2022\/07\/1.napirend_KT_Eloterjesztes_Mintatantervmodositas_2022julius20_22-1.pdf\">KT el\u0151terjeszt\u00e9s a 2022\/2023. tan\u00e9vt\u0151l bevezetend\u0151 \u00faj mintatantervr\u0151l, valamint a hat\u00e1lyban l\u00e9v\u0151 mintatantervek m\u00f3dos\u00edt\u00e1s\u00e1r\u00f3l (II-IV. \u00e9vfolyam)<\/a><\/p>\n<p><a href=\"https:\/\/semmelweis.hu\/gytk\/files\/2022\/07\/MIntatanterv-I-IV.-evf.-magyar-nyelvu-kepzes.zip\">2. sz. mell\u00e9klet: Mintatantervek (I-IV. \u00e9vfolyam-magyar nyelv\u0171 k\u00e9pz\u00e9s)<\/a><br \/>\n<a href=\"https:\/\/semmelweis.hu\/gytk\/files\/2022\/07\/Mintatantervek-I-IV.-evf.-angol-nyelvu-kepzes.zip\">3. sz. mell\u00e9klet: Mintatantervek (I-IV. \u00e9vfolyam-angol nyelv\u0171 k\u00e9pz\u00e9s)<\/a><br \/>\n<a href=\"https:\/\/semmelweis.hu\/gytk\/files\/2022\/07\/Mintatantervek-I-IV.-evf.-nemet-nyelvu-kepzes.zip\">4. sz. mell\u00e9klet: Mintatantervek (I-IV. \u00e9vfolyam-n\u00e9met nyelv\u0171 k\u00e9pz\u00e9s)<\/a><br \/>\n&nbsp;<br \/>\n2. napirendi pont: Egyetemi tan\u00e1ri \u00e1ll\u00e1sp\u00e1ly\u00e1zat v\u00e9lem\u00e9nyez\u00e9se<\/p>\n<p><a href=\"https:\/\/semmelweis.hu\/gytk\/files\/2022\/07\/2.napirend_egyetemi_tanari_allaspalyazat_HBZ-1.pdf\">KT el\u0151terjeszt\u00e9s az Egyetemi Gy\u00f3gyszert\u00e1r Gy\u00f3gyszer\u00fcgyi Szervez\u00e9si Int\u00e9zetben meghirdetett egyetemi tan\u00e1ri \u00e1ll\u00e1shelyre be\u00e9rkezett p\u00e1ly\u00e1zat v\u00e9lem\u00e9nyez\u00e9s\u00e9hez\u00a0<\/a><\/p>\n<p><a href=\"https:\/\/semmelweis.hu\/gytk\/files\/2022\/07\/hanko_balazs_palyazat_hu-szukitett.pdf\">2. sz. mell\u00e9klet: P\u00e1ly\u00e1zati dokument\u00e1ci\u00f3<\/a><br \/>\n<a href=\"https:\/\/semmelweis.hu\/gytk\/files\/2022\/07\/Jegyzokonyv_Dr.-Hanko-Balazs-Zoltan_73093_GYEGY_2022..pdf\" target=\"_blank\" rel=\"noopener\">3. sz. mell\u00e9klet: EGYGYSZI ad hoc bizotts\u00e1g v\u00e9lem\u00e9nye<\/a><\/p>\n<p>&nbsp;<br \/>\n&nbsp;<br \/>\n&nbsp;<\/p>\n","protected":false},"author":101431,"featured_media":0,"parent":5323,"menu_order":42,"comment_status":"closed","ping_status":"closed","template":"","meta":{"_acf_changed":false,"footnotes":""},"categories":[],"tags":[],"class_list":["post-13048","page","type-page","status-publish","hentry"],"acf":[],"_links":{"self":[{"href":"https:\/\/semmelweis.hu\/gytk\/wp-json\/wp\/v2\/pages\/13048","targetHints":{"allow":["GET"]}}],"collection":[{"href":"https:\/\/semmelweis.hu\/gytk\/wp-json\/wp\/v2\/pages"}],"about":[{"href":"https:\/\/semmelweis.hu\/gytk\/wp-json\/wp\/v2\/types\/page"}],"author":[{"embeddable":true,"href":"https:\/\/semmelweis.hu\/gytk\/wp-json\/wp\/v2\/users\/101431"}],"replies":[{"embeddable":true,"href":"https:\/\/semmelweis.hu\/gytk\/wp-json\/wp\/v2\/comments?post=13048"}],"version-history":[{"count":3,"href":"https:\/\/semmelweis.hu\/gytk\/wp-json\/wp\/v2\/pages\/13048\/revisions"}],"predecessor-version":[{"id":17671,"href":"https:\/\/semmelweis.hu\/gytk\/wp-json\/wp\/v2\/pages\/13048\/revisions\/17671"}],"up":[{"embeddable":true,"href":"https:\/\/semmelweis.hu\/gytk\/wp-json\/wp\/v2\/pages\/5323"}],"wp:attachment":[{"href":"https:\/\/semmelweis.hu\/gytk\/wp-json\/wp\/v2\/media?parent=13048"}],"wp:term":[{"taxonomy":"category","embeddable":true,"href":"https:\/\/semmelweis.hu\/gytk\/wp-json\/wp\/v2\/categories?post=13048"},{"taxonomy":"post_tag","embeddable":true,"href":"https:\/\/semmelweis.hu\/gytk\/wp-json\/wp\/v2\/tags?post=13048"}],"curies":[{"name":"wp","href":"https:\/\/api.w.org\/{rel}","templated":true}]}}