{"id":12925,"date":"2022-06-09T16:09:15","date_gmt":"2022-06-09T14:09:15","guid":{"rendered":"https:\/\/semmelweis.hu\/gytk\/?page_id=12925"},"modified":"2022-06-09T16:10:33","modified_gmt":"2022-06-09T14:10:33","slug":"2022-junius-7-9-elektronikus-szavazas","status":"publish","type":"page","link":"https:\/\/semmelweis.hu\/gytk\/a-karrol\/kari-tanacs\/kari-tanacs-eloterjesztesek\/2022-junius-7-9-elektronikus-szavazas\/","title":{"rendered":"2022. j\u00fanius 7-9. elektronikus szavaz\u00e1s"},"content":{"rendered":"<p><span style=\"color: #000000\"><strong>Kari Tan\u00e1cs elektronikus szavaz\u00e1s 2022. j\u00fanius 7. 14:00 &#8211; 2022. j\u00fanius 9. 10:00 \u00f3r\u00e1ig.<\/strong><\/span><\/p>\n<p><a href=\"https:\/\/semmelweis.hu\/gytk\/files\/2022\/06\/KT_Eloterjesztes_uj_kriteriumkovetelmeny-_targy_bevezeteseSESzimpozium.pdf\" target=\"_blank\" rel=\"noopener\">KT_El\u0151terjeszt\u00e9s_\u00faj_krit\u00e9riumk\u00f6vetelm\u00e9ny _tant\u00e1rgy_bevezet\u00e9seSESzimp\u00f3zium<\/a><\/p>\n<ul>\n<li><a href=\"https:\/\/semmelweis.hu\/gytk\/files\/2022\/06\/2_sz_melleklet_Symposium_tantargyi_kovetelmeny_FP.pdf\" target=\"_blank\" rel=\"noopener\">2_sz_mell\u00e9klet_Symposium_tant\u00e1rgyi_k\u00f6vetelm\u00e9ny_FP<\/a><\/li>\n<\/ul>\n<p>&nbsp;<\/p>\n","protected":false},"excerpt":{"rendered":"<p>Kari Tan\u00e1cs elektronikus szavaz\u00e1s 2022. j\u00fanius 7. 14:00 &#8211; 2022. j\u00fanius 9. 10:00 \u00f3r\u00e1ig.<br \/>\n<a href=\"https:\/\/semmelweis.hu\/gytk\/files\/2022\/06\/KT_Eloterjesztes_uj_kriteriumkovetelmeny-_targy_bevezeteseSESzimpozium.pdf\" target=\"_blank\" rel=\"noopener\">KT_El\u0151terjeszt\u00e9s_\u00faj_krit\u00e9riumk\u00f6vetelm\u00e9ny _tant\u00e1rgy_bevezet\u00e9seSESzimp\u00f3zium<\/a><\/p>\n<p><a href=\"https:\/\/semmelweis.hu\/gytk\/files\/2022\/06\/2_sz_melleklet_Symposium_tantargyi_kovetelmeny_FP.pdf\" target=\"_blank\" rel=\"noopener\">2_sz_mell\u00e9klet_Symposium_tant\u00e1rgyi_k\u00f6vetelm\u00e9ny_FP<\/a><\/p>\n<p>&nbsp;<\/p>\n","protected":false},"author":101431,"featured_media":0,"parent":5323,"menu_order":41,"comment_status":"closed","ping_status":"closed","template":"","meta":{"_acf_changed":false,"footnotes":""},"categories":[],"tags":[],"class_list":["post-12925","page","type-page","status-publish","hentry"],"acf":[],"_links":{"self":[{"href":"https:\/\/semmelweis.hu\/gytk\/wp-json\/wp\/v2\/pages\/12925","targetHints":{"allow":["GET"]}}],"collection":[{"href":"https:\/\/semmelweis.hu\/gytk\/wp-json\/wp\/v2\/pages"}],"about":[{"href":"https:\/\/semmelweis.hu\/gytk\/wp-json\/wp\/v2\/types\/page"}],"author":[{"embeddable":true,"href":"https:\/\/semmelweis.hu\/gytk\/wp-json\/wp\/v2\/users\/101431"}],"replies":[{"embeddable":true,"href":"https:\/\/semmelweis.hu\/gytk\/wp-json\/wp\/v2\/comments?post=12925"}],"version-history":[{"count":3,"href":"https:\/\/semmelweis.hu\/gytk\/wp-json\/wp\/v2\/pages\/12925\/revisions"}],"predecessor-version":[{"id":12928,"href":"https:\/\/semmelweis.hu\/gytk\/wp-json\/wp\/v2\/pages\/12925\/revisions\/12928"}],"up":[{"embeddable":true,"href":"https:\/\/semmelweis.hu\/gytk\/wp-json\/wp\/v2\/pages\/5323"}],"wp:attachment":[{"href":"https:\/\/semmelweis.hu\/gytk\/wp-json\/wp\/v2\/media?parent=12925"}],"wp:term":[{"taxonomy":"category","embeddable":true,"href":"https:\/\/semmelweis.hu\/gytk\/wp-json\/wp\/v2\/categories?post=12925"},{"taxonomy":"post_tag","embeddable":true,"href":"https:\/\/semmelweis.hu\/gytk\/wp-json\/wp\/v2\/tags?post=12925"}],"curies":[{"name":"wp","href":"https:\/\/api.w.org\/{rel}","templated":true}]}}